{"id":921,"date":"2013-03-03T12:05:35","date_gmt":"2013-03-03T12:05:35","guid":{"rendered":"http:\/\/theretailer.getbowtied.com\/blank\/?page_id=921"},"modified":"2024-06-12T17:12:55","modified_gmt":"2024-06-12T15:12:55","slug":"about-v2","status":"publish","type":"page","link":"https:\/\/lemuria.it\/fr\/a-propos-de-la-v2\/","title":{"rendered":"AGENCE"},"content":{"rendered":"<div data-vc-full-width=\"true\" data-vc-full-width-init=\"false\" class=\"vc_row wpb_row vc_row-fluid vc_custom_1718187860250 vc_row-has-fill vc_row-o-content-middle vc_row-flex\"><div class=\"wpb_column vc_column_container vc_col-sm-12\"><div class=\"vc_column-inner\"><div class=\"wpb_wrapper\"><div class=\"vc_row wpb_row vc_inner vc_row-fluid vc_row-o-content-middle vc_row-flex\"><div class=\"wpb_column vc_column_container vc_col-sm-12\"><div class=\"vc_column-inner\"><div class=\"wpb_wrapper\">\n\t<div class=\"wpb_text_column wpb_content_element\" >\n\t\t<div class=\"wpb_wrapper\">\n\t\t\t<h3 style=\"color: white; font-size: 36px; text-align: right;\">Per un benessere totale&#8230;<\/h3>\n\n\t\t<\/div>\n\t<\/div>\n<\/div><\/div><\/div><\/div><\/div><\/div><\/div><\/div><div class=\"vc_row-full-width vc_clearfix\"><\/div><div class=\"vc_row wpb_row vc_row-fluid vc_custom_1428680846126\"><div class=\"wpb_column vc_column_container vc_col-sm-12\"><div class=\"vc_column-inner\"><div class=\"wpb_wrapper\"><h2 style=\"font-size: 32px;color: #249035;text-align: left;font-family:Lato;font-weight:400;font-style:normal\" class=\"vc_custom_heading\" >L\u00e9murie<\/h2><div class=\"vc_separator wpb_content_element vc_separator_align_center vc_sep_width_10 vc_sep_border_width_3 vc_sep_pos_align_left vc_separator_no_text vc_custom_1718205134353  vc_custom_1718205134353\" ><span class=\"vc_sep_holder vc_sep_holder_l\"><span  style=\"border-color:#009036;\" class=\"vc_sep_line\"><\/span><\/span><span class=\"vc_sep_holder vc_sep_holder_r\"><span  style=\"border-color:#009036;\" class=\"vc_sep_line\"><\/span><\/span>\n<\/div>\n\t<div class=\"wpb_text_column wpb_content_element\" >\n\t\t<div class=\"wpb_wrapper\">\n\t\t\t<p>Perch\u00e8 il nome <strong>L\u00e9murie<\/strong>?<\/p>\n<p><b>L\u00e9murie<\/b> C&#039;est le nom de la civilisation mythologique qui aurait exist\u00e9 avant l&#039;Atlantide. Les habitants de <b>L\u00e9murie<\/b> ils \u00e9taient conscients que tout ce qui existe est l\u2019expression d\u2019une cr\u00e9ation parfaite. Ils se consid\u00e9raient comme les h\u00e9ritiers l\u00e9gitimes du Cr\u00e9ateur. Ils se soignaient avec des herbes, vivant en harmonie avec la nature dont ils ne se sentaient pas les dominateurs mais plut\u00f4t les gardiens prudents et respectueux. De l\u00e0 est n\u00e9e la \u00ab philosophie \u00bb de l\u2019entreprise <b>L\u00e9murie\u00ae<\/b> qui entend \u0153uvrer pour le bien-\u00eatre psychophysique de l&#039;individu qui compte sur ses produits.<\/p>\n<p>&nbsp;<\/p>\n<blockquote>\n<h4><em>Traiter la plante comme un m\u00e9dicament de synth\u00e8se ne lui rend pas justice <\/em><em><em>la plante, c&#039;est la vie, elle est la fille de milliers d&#039;ann\u00e9es de travail de la Nature.<\/em><\/em><\/h4>\n<\/blockquote>\n\n\t\t<\/div>\n\t<\/div>\n<\/div><\/div><\/div><\/div><div class=\"vc_row wpb_row vc_row-fluid vc_custom_1428679899349\"><div class=\"wpb_column vc_column_container vc_col-sm-3\"><div class=\"vc_column-inner\"><div class=\"wpb_wrapper\">\n\t<div  class=\"wpb_single_image wpb_content_element vc_align_center  vc_custom_1718204933688\">\n\t\t\n\t\t<figure class=\"wpb_wrapper vc_figure\">\n\t\t\t<div class=\"vc_single_image-wrapper   vc_box_border_grey\"><img loading=\"lazy\" decoding=\"async\" width=\"150\" height=\"150\" src=\"https:\/\/lemuria.it\/wp-content\/uploads\/2013\/03\/01-IMG-azienda-RICERCA-FORMULATIVA-150x150.png\" class=\"vc_single_image-img attachment-thumbnail\" alt=\"\" srcset=\"https:\/\/lemuria.it\/wp-content\/uploads\/2013\/03\/01-IMG-azienda-RICERCA-FORMULATIVA-150x150.png 150w, https:\/\/lemuria.it\/wp-content\/uploads\/2013\/03\/01-IMG-azienda-RICERCA-FORMULATIVA-140x140.png 140w, https:\/\/lemuria.it\/wp-content\/uploads\/2013\/03\/01-IMG-azienda-RICERCA-FORMULATIVA-100x100.png 100w, https:\/\/lemuria.it\/wp-content\/uploads\/2013\/03\/01-IMG-azienda-RICERCA-FORMULATIVA-114x114.png 114w, https:\/\/lemuria.it\/wp-content\/uploads\/2013\/03\/01-IMG-azienda-RICERCA-FORMULATIVA.png 237w\" sizes=\"(max-width: 150px) 100vw, 150px\" \/><\/div>\n\t\t<\/figure>\n\t<\/div>\n\n\t<div class=\"wpb_text_column wpb_content_element\" >\n\t\t<div class=\"wpb_wrapper\">\n\t\t\t<p><b>RECHERCHE FORMULATIVE<br \/>\n<\/b>La formulation des produits <b>L\u00e9murie\u00ae<\/b> elle s&#039;acquiert en conciliant les traditions et exp\u00e9riences anciennes avec l&#039;utilisation de syst\u00e8mes modernes et innovants. Des techniques analytiques extr\u00eamement sophistiqu\u00e9es et l&#039;utilisation d&#039;excipients biodynamiques conf\u00e8rent aux produits Lemuria cette synergie de fonctionnalit\u00e9s physiodynamiques utiles au maintien de la sant\u00e9 humaine.<\/p>\n\n\t\t<\/div>\n\t<\/div>\n<\/div><\/div><\/div><div class=\"wpb_column vc_column_container vc_col-sm-3\"><div class=\"vc_column-inner\"><div class=\"wpb_wrapper\">\n\t<div  class=\"wpb_single_image wpb_content_element vc_align_center  vc_custom_1718204943018\">\n\t\t\n\t\t<figure class=\"wpb_wrapper vc_figure\">\n\t\t\t<div class=\"vc_single_image-wrapper   vc_box_border_grey\"><img loading=\"lazy\" decoding=\"async\" width=\"150\" height=\"150\" src=\"https:\/\/lemuria.it\/wp-content\/uploads\/2013\/03\/01-IMG-azienda-PROCEDIMENTI-ESTRATTIVI-150x150.png\" class=\"vc_single_image-img attachment-thumbnail\" alt=\"PROC\u00c9DURES D&#039;EXTRACTION\" srcset=\"https:\/\/lemuria.it\/wp-content\/uploads\/2013\/03\/01-IMG-azienda-PROCEDIMENTI-ESTRATTIVI-150x150.png 150w, https:\/\/lemuria.it\/wp-content\/uploads\/2013\/03\/01-IMG-azienda-PROCEDIMENTI-ESTRATTIVI-140x140.png 140w, https:\/\/lemuria.it\/wp-content\/uploads\/2013\/03\/01-IMG-azienda-PROCEDIMENTI-ESTRATTIVI-100x100.png 100w, https:\/\/lemuria.it\/wp-content\/uploads\/2013\/03\/01-IMG-azienda-PROCEDIMENTI-ESTRATTIVI-114x114.png 114w, https:\/\/lemuria.it\/wp-content\/uploads\/2013\/03\/01-IMG-azienda-PROCEDIMENTI-ESTRATTIVI.png 237w\" sizes=\"(max-width: 150px) 100vw, 150px\" \/><\/div>\n\t\t<\/figure>\n\t<\/div>\n\n\t<div class=\"wpb_text_column wpb_content_element\" >\n\t\t<div class=\"wpb_wrapper\">\n\t\t\t<p><b>PROC\u00c9DURES D&#039;EXTRACTION<br \/>\n<\/b>Convaincu de l&#039;importance d&#039;obtenir la totalit\u00e9 des principes fonctionnels de la plante, pour la cr\u00e9ation de nombreux produits, on applique un proc\u00e9d\u00e9 d&#039;extraction innovant qui permet d&#039;obtenir la majorit\u00e9 des principes fonctionnels utiles (Extraction totale <b>ET<\/b> avec \u00ab \u00e9puisement m\u00e9dicamenteux \u00bb) identifiable par des proc\u00e9dures analytiques sophistiqu\u00e9es.<\/p>\n\n\t\t<\/div>\n\t<\/div>\n<\/div><\/div><\/div><div class=\"wpb_column vc_column_container vc_col-sm-3\"><div class=\"vc_column-inner\"><div class=\"wpb_wrapper\">\n\t<div  class=\"wpb_single_image wpb_content_element vc_align_center  vc_custom_1718205017299\">\n\t\t\n\t\t<figure class=\"wpb_wrapper vc_figure\">\n\t\t\t<div class=\"vc_single_image-wrapper   vc_box_border_grey\"><img loading=\"lazy\" decoding=\"async\" width=\"150\" height=\"150\" src=\"https:\/\/lemuria.it\/wp-content\/uploads\/2013\/03\/01-IMG-azienda-PRODUZIONE-E-CONTROLLO-150x150.png\" class=\"vc_single_image-img attachment-thumbnail\" alt=\"PRODUCTION ET CONTR\u00d4LE\" srcset=\"https:\/\/lemuria.it\/wp-content\/uploads\/2013\/03\/01-IMG-azienda-PRODUZIONE-E-CONTROLLO-150x150.png 150w, https:\/\/lemuria.it\/wp-content\/uploads\/2013\/03\/01-IMG-azienda-PRODUZIONE-E-CONTROLLO-140x140.png 140w, https:\/\/lemuria.it\/wp-content\/uploads\/2013\/03\/01-IMG-azienda-PRODUZIONE-E-CONTROLLO-100x100.png 100w, https:\/\/lemuria.it\/wp-content\/uploads\/2013\/03\/01-IMG-azienda-PRODUZIONE-E-CONTROLLO-114x114.png 114w, https:\/\/lemuria.it\/wp-content\/uploads\/2013\/03\/01-IMG-azienda-PRODUZIONE-E-CONTROLLO.png 237w\" sizes=\"(max-width: 150px) 100vw, 150px\" \/><\/div>\n\t\t<\/figure>\n\t<\/div>\n\n\t<div class=\"wpb_text_column wpb_content_element  vc_custom_1718204956404\" >\n\t\t<div class=\"wpb_wrapper\">\n\t\t\t<p><b>PRODUCTION ET CONTR\u00d4LE<br \/>\n<\/b>Pour la pr\u00e9paration des produits <b>L\u00e9murie\u00ae<\/b> b\u00e9n\u00e9ficie de la collaboration de laboratoires hautement qualifi\u00e9s qui effectuent les proc\u00e9dures de production, de remplissage et de conditionnement avec un professionnalisme extr\u00eame dans des services d&#039;hygi\u00e8ne strictement contr\u00f4l\u00e9s.<\/p>\n\n\t\t<\/div>\n\t<\/div>\n<\/div><\/div><\/div><div class=\"wpb_column vc_column_container vc_col-sm-3\"><div class=\"vc_column-inner\"><div class=\"wpb_wrapper\">\n\t<div  class=\"wpb_single_image wpb_content_element vc_align_center  vc_custom_1718204995181\">\n\t\t\n\t\t<figure class=\"wpb_wrapper vc_figure\">\n\t\t\t<div class=\"vc_single_image-wrapper   vc_box_border_grey\"><img loading=\"lazy\" decoding=\"async\" width=\"150\" height=\"150\" src=\"https:\/\/lemuria.it\/wp-content\/uploads\/2013\/03\/01-IMG-azienda-INGREDIENTI-150x150.png\" class=\"vc_single_image-img attachment-thumbnail\" alt=\"INGR\u00c9DIENTS\" srcset=\"https:\/\/lemuria.it\/wp-content\/uploads\/2013\/03\/01-IMG-azienda-INGREDIENTI-150x150.png 150w, https:\/\/lemuria.it\/wp-content\/uploads\/2013\/03\/01-IMG-azienda-INGREDIENTI-140x140.png 140w, https:\/\/lemuria.it\/wp-content\/uploads\/2013\/03\/01-IMG-azienda-INGREDIENTI-100x100.png 100w, https:\/\/lemuria.it\/wp-content\/uploads\/2013\/03\/01-IMG-azienda-INGREDIENTI-114x114.png 114w, https:\/\/lemuria.it\/wp-content\/uploads\/2013\/03\/01-IMG-azienda-INGREDIENTI.png 237w\" sizes=\"(max-width: 150px) 100vw, 150px\" \/><\/div>\n\t\t<\/figure>\n\t<\/div>\n\n\t<div class=\"wpb_text_column wpb_content_element\" >\n\t\t<div class=\"wpb_wrapper\">\n\t\t\t<p><b>INGR\u00c9DIENTS<br \/>\n<\/b>Les ingr\u00e9dients fonctionnels utilis\u00e9s sont choisis \u00e0 partir de plantes rigoureusement s\u00e9lectionn\u00e9es et contr\u00f4l\u00e9es, r\u00e9colt\u00e9es au plus fort de leur p\u00e9riode balsamique. Des analyses rigoureuses certifient l\u2019int\u00e9grit\u00e9 et la qualit\u00e9 des plantes et mati\u00e8res premi\u00e8res utilis\u00e9es.<\/p>\n\n\t\t<\/div>\n\t<\/div>\n<\/div><\/div><\/div><\/div><div class=\"vc_row wpb_row vc_row-fluid\"><div class=\"wpb_column vc_column_container vc_col-sm-12\"><div class=\"vc_column-inner\"><div class=\"wpb_wrapper\"><div class=\"vc_separator wpb_content_element vc_separator_align_center vc_sep_width_100 vc_sep_pos_align_center vc_separator_no_text vc_sep_color_grey\" ><span class=\"vc_sep_holder vc_sep_holder_l\"><span  class=\"vc_sep_line\"><\/span><\/span><span class=\"vc_sep_holder vc_sep_holder_r\"><span  class=\"vc_sep_line\"><\/span><\/span>\n<\/div><div class=\"vc_empty_space\"   style=\"height: 32px\" ><span class=\"vc_empty_space_inner\"><\/span><\/div>\n<\/div><\/div><\/div><\/div><div class=\"vc_row wpb_row vc_row-fluid\"><div class=\"wpb_column vc_column_container vc_col-sm-6\"><div class=\"vc_column-inner\"><div class=\"wpb_wrapper\"><h2 style=\"font-size: 32px;color: #249035;text-align: left;font-family:Lato;font-weight:400;font-style:normal\" class=\"vc_custom_heading\" >Nos valeurs<\/h2><div class=\"vc_separator wpb_content_element vc_separator_align_center vc_sep_width_30 vc_sep_border_width_3 vc_sep_pos_align_left vc_separator_no_text vc_custom_1718205167106  vc_custom_1718205167106\" ><span class=\"vc_sep_holder vc_sep_holder_l\"><span  style=\"border-color:#009036;\" class=\"vc_sep_line\"><\/span><\/span><span class=\"vc_sep_holder vc_sep_holder_r\"><span  style=\"border-color:#009036;\" class=\"vc_sep_line\"><\/span><\/span>\n<\/div><div  class=\"vc_toggle vc_toggle_default vc_toggle_color_default  vc_toggle_size_md\">\n\t<div class=\"vc_toggle_title\"><h4>Respect de la nature<\/h4><i class=\"vc_toggle_icon\"><\/i><\/div>\n\t<div class=\"vc_toggle_content\"><p>elle doit n\u00e9cessairement \u00eatre la valeur fondamentale pour ceux qui, comme nous, visent \u00e0 rendre disponibles les principes actifs des plantes.<\/p>\n<\/div>\n<\/div>\n<div  class=\"vc_toggle vc_toggle_default vc_toggle_color_default  vc_toggle_size_md\">\n\t<div class=\"vc_toggle_title\"><h4>Qualit\u00e9<\/h4><i class=\"vc_toggle_icon\"><\/i><\/div>\n\t<div class=\"vc_toggle_content\"><p>se manifeste par une recherche minutieuse sur les plantes utilis\u00e9es, leur origine et leurs m\u00e9thodes de culture<\/p>\n<\/div>\n<\/div>\n<div  class=\"vc_toggle vc_toggle_default vc_toggle_color_default  vc_toggle_size_md\">\n\t<div class=\"vc_toggle_title\"><h4>Gravit\u00e9<\/h4><i class=\"vc_toggle_icon\"><\/i><\/div>\n\t<div class=\"vc_toggle_content\"><p>tous nos produits sont r\u00e9guli\u00e8rement notifi\u00e9s au Minist\u00e8re de la Sant\u00e9 et inscrits au registre national des compl\u00e9ments alimentaires<\/p>\n<\/div>\n<\/div>\n<div  class=\"vc_toggle vc_toggle_default vc_toggle_color_default  vc_toggle_size_md\">\n\t<div class=\"vc_toggle_title\"><h4>Culture<\/h4><i class=\"vc_toggle_icon\"><\/i><\/div>\n\t<div class=\"vc_toggle_content\"><p>les plantes sont choisies et utilis\u00e9es selon les principes d\u00e9velopp\u00e9s par la tradition herboriste r\u00e9pandue au fil des si\u00e8cles<\/p>\n<\/div>\n<\/div>\n<div  class=\"vc_toggle vc_toggle_default vc_toggle_color_default  vc_toggle_size_md\">\n\t<div class=\"vc_toggle_title\"><h4>Proc\u00e9dures d&#039;extraction<\/h4><i class=\"vc_toggle_icon\"><\/i><\/div>\n\t<div class=\"vc_toggle_content\"><p>sp\u00e9cialement con\u00e7us qui nous permettent d&#039;obtenir la majorit\u00e9 des principes fonctionnels utiles de chaque plante<\/p>\n<\/div>\n<\/div>\n<div  class=\"vc_toggle vc_toggle_default vc_toggle_color_default  vc_toggle_size_md\">\n\t<div class=\"vc_toggle_title\"><h4>Coh\u00e9rence<\/h4><i class=\"vc_toggle_icon\"><\/i><\/div>\n\t<div class=\"vc_toggle_content\"><p>nous n&#039;avons pas pour habitude de suivre &quot;la mode du moment&quot; en formulant des produits contenant des plantes sp\u00e9cifiques, \u00e0 moins d&#039;en \u00eatre absolument convaincus<\/p>\n<\/div>\n<\/div>\n<div  class=\"vc_toggle vc_toggle_default vc_toggle_color_default  vc_toggle_size_md\">\n\t<div class=\"vc_toggle_title\"><h4>Continuit\u00e9<\/h4><i class=\"vc_toggle_icon\"><\/i><\/div>\n\t<div class=\"vc_toggle_content\"><p>la validit\u00e9 de nos produits se manifeste essentiellement par la dur\u00e9e extraordinaire de leur cycle de vie et leur actualit\u00e9<\/p>\n<\/div>\n<\/div>\n<\/div><\/div><\/div><div class=\"wpb_column vc_column_container vc_col-sm-6\"><div class=\"vc_column-inner\"><div class=\"wpb_wrapper\"><h2 style=\"font-size: 32px;color: #249035;text-align: left;font-family:Lato;font-weight:400;font-style:normal\" class=\"vc_custom_heading\" >La storia<\/h2><div class=\"vc_separator wpb_content_element vc_separator_align_center vc_sep_width_30 vc_sep_border_width_3 vc_sep_pos_align_left vc_separator_no_text vc_custom_1718204675120  vc_custom_1718204675120\" ><span class=\"vc_sep_holder vc_sep_holder_l\"><span  style=\"border-color:#009036;\" class=\"vc_sep_line\"><\/span><\/span><span class=\"vc_sep_holder vc_sep_holder_r\"><span  style=\"border-color:#009036;\" class=\"vc_sep_line\"><\/span><\/span>\n<\/div>\n\t<div class=\"wpb_text_column wpb_content_element  vc_custom_1428681320104\" >\n\t\t<div class=\"wpb_wrapper\">\n\t\t\t<p><strong>L\u00c9MURIE \u00ae<\/strong> est n\u00e9e en 1990 d&#039;une intuition extraordinaire de son fondateur, Sandro Calidi, qui a eu l&#039;id\u00e9e de formuler et de produire des extraits \u00ab de plantes \u00bb hautement concentr\u00e9s et sans alcool. C&#039;\u00e9tait une id\u00e9e innovante, \u00e9tant donn\u00e9 que sur le march\u00e9 italien il y avait principalement des phytoextraits hydro-alcooliques 1:4 et des teintures m\u00e8res 1:10. Ainsi sont n\u00e9s les ET, extraits totaux 1:1, sans alcool, qui repr\u00e9sentent encore aujourd&#039;hui l&#039;\u00e9l\u00e9ment le plus caract\u00e9risant et identifiant de LEMURIA \u00ae.<\/p>\n<p>Au cours des ann\u00e9es suivantes, nous avons progressivement int\u00e9gr\u00e9 les lignes existantes, mis \u00e0 jour la formulation de certains produits et introduit de nouveaux produits sur le march\u00e9, avec des formulations toujours tr\u00e8s particuli\u00e8res, r\u00e9sultat de recherches au niveau national et international.<br \/>\nNotre grille tarifaire compte aujourd&#039;hui plus d&#039;une centaine de produits tr\u00e8s appr\u00e9ci\u00e9s de nos clients.<\/p>\n\n\t\t<\/div>\n\t<\/div>\n<\/div><\/div><\/div><\/div><div class=\"vc_row wpb_row vc_row-fluid\"><div class=\"wpb_column vc_column_container vc_col-sm-12\"><div class=\"vc_column-inner\"><div class=\"wpb_wrapper\"><div class=\"vc_empty_space\"   style=\"height: 32px\" ><span class=\"vc_empty_space_inner\"><\/span><\/div>\n<\/div><\/div><\/div><\/div>","protected":false},"excerpt":{"rendered":"Per un benessere totale... Lemuria Perch\u00e8 il nome Lemuria? Lemuria \u00e9 il nome della mitologica civilt\u00e0 che, si narra, esisteva prima di Atlantide. Gli abitanti di Lemuria erano consapevoli che tutto ci\u00f2 che esiste \u00e9 una espressione della perfetta creazione. Essi si consideravano eredi legittimi del Creatore. Si curavano con le erbe, vivendo in armonia [...]","protected":false},"author":13,"featured_media":0,"parent":0,"menu_order":0,"comment_status":"open","ping_status":"open","template":"","meta":{"_acf_changed":false,"footnotes":""},"tags":[],"acf":[],"_links":{"self":[{"href":"https:\/\/lemuria.it\/fr\/wp-json\/wp\/v2\/pages\/921"}],"collection":[{"href":"https:\/\/lemuria.it\/fr\/wp-json\/wp\/v2\/pages"}],"about":[{"href":"https:\/\/lemuria.it\/fr\/wp-json\/wp\/v2\/types\/page"}],"author":[{"embeddable":true,"href":"https:\/\/lemuria.it\/fr\/wp-json\/wp\/v2\/users\/13"}],"replies":[{"embeddable":true,"href":"https:\/\/lemuria.it\/fr\/wp-json\/wp\/v2\/comments?post=921"}],"version-history":[{"count":46,"href":"https:\/\/lemuria.it\/fr\/wp-json\/wp\/v2\/pages\/921\/revisions"}],"predecessor-version":[{"id":9697,"href":"https:\/\/lemuria.it\/fr\/wp-json\/wp\/v2\/pages\/921\/revisions\/9697"}],"wp:attachment":[{"href":"https:\/\/lemuria.it\/fr\/wp-json\/wp\/v2\/media?parent=921"}],"wp:term":[{"taxonomy":"post_tag","embeddable":true,"href":"https:\/\/lemuria.it\/fr\/wp-json\/wp\/v2\/tags?post=921"}],"curies":[{"name":"wp","href":"https:\/\/api.w.org\/{rel}","templated":true}]}}