{"id":9136,"date":"2018-06-13T12:08:40","date_gmt":"2018-06-13T10:08:40","guid":{"rendered":"https:\/\/www.lemuria.it\/?page_id=9136"},"modified":"2018-10-04T12:37:33","modified_gmt":"2018-10-04T10:37:33","slug":"promo-inverno","status":"publish","type":"page","link":"https:\/\/lemuria.it\/fr\/promotion-dhiver\/","title":{"rendered":"Promotion d&#039;hiver"},"content":{"rendered":"<div data-vc-full-width=\"true\" data-vc-full-width-init=\"false\" data-vc-stretch-content=\"true\" class=\"vc_row wpb_row vc_row-fluid vc_row-no-padding vc_row-o-content-top vc_row-flex\"><div class=\"wpb_column vc_column_container vc_col-sm-12\"><div class=\"vc_column-inner\"><div class=\"wpb_wrapper\">\n\t<div class=\"wpb_text_column wpb_content_element\" >\n\t\t<div class=\"wpb_wrapper\">\n\t\t\t<h2 style=\"text-align: center; color: #009036; max-width: 600px; margin: 0 auto; font-weight: bold;\">Voici nos produits &quot;Pr\u00e9vention et protection naturelle&quot; sur lesquels vous pouvez utiliser des bons de r\u00e9duction<\/h2>\n\n\t\t<\/div>\n\t<\/div>\n<\/div><\/div><\/div><\/div><div class=\"vc_row-full-width vc_clearfix\"><\/div><div class=\"vc_row wpb_row vc_row-fluid\"><div class=\"wpb_column vc_column_container vc_col-sm-12\"><div class=\"vc_column-inner\"><div class=\"wpb_wrapper\"><div class=\"vc_empty_space\"   style=\"height: 22px\" ><span class=\"vc_empty_space_inner\"><\/span><\/div>\n<\/div><\/div><\/div><\/div><div class=\"vc_row wpb_row vc_row-fluid\"><div class=\"wpb_column vc_column_container vc_col-sm-6\"><div class=\"vc_column-inner\"><div class=\"wpb_wrapper\">\n\t<div  class=\"wpb_single_image wpb_content_element vc_align_center\">\n\t\t\n\t\t<figure class=\"wpb_wrapper vc_figure\">\n\t\t\t<a href=\"https:\/\/lemuria.it\/fr\/categorie-de-produit\/estratti-totali-11\/\" target=\"_self\" class=\"vc_single_image-wrapper   vc_box_border_grey\"><img loading=\"lazy\" decoding=\"async\" width=\"300\" height=\"300\" src=\"https:\/\/lemuria.it\/wp-content\/uploads\/2015\/06\/et-sambuco-vegan-ok-300x300.jpg\" class=\"vc_single_image-img attachment-medium\" alt=\"a\u00een\u00e9\" srcset=\"https:\/\/lemuria.it\/wp-content\/uploads\/2015\/06\/et-sambuco-vegan-ok-300x300.jpg 300w, https:\/\/lemuria.it\/wp-content\/uploads\/2015\/06\/et-sambuco-vegan-ok-768x768.jpg 768w, https:\/\/lemuria.it\/wp-content\/uploads\/2015\/06\/et-sambuco-vegan-ok-100x100.jpg 100w, https:\/\/lemuria.it\/wp-content\/uploads\/2015\/06\/et-sambuco-vegan-ok-150x150.jpg 150w, https:\/\/lemuria.it\/wp-content\/uploads\/2015\/06\/et-sambuco-vegan-ok-480x480.jpg 480w, https:\/\/lemuria.it\/wp-content\/uploads\/2015\/06\/et-sambuco-vegan-ok-140x140.jpg 140w, https:\/\/lemuria.it\/wp-content\/uploads\/2015\/06\/et-sambuco-vegan-ok-250x250.jpg 250w, https:\/\/lemuria.it\/wp-content\/uploads\/2015\/06\/et-sambuco-vegan-ok.jpg 1000w\" sizes=\"(max-width: 300px) 100vw, 300px\" \/><\/a>\n\t\t<\/figure>\n\t<\/div>\n<\/div><\/div><\/div><div class=\"wpb_column vc_column_container vc_col-sm-6\"><div class=\"vc_column-inner\"><div class=\"wpb_wrapper\">\n\t<div class=\"wpb_text_column wpb_content_element\" >\n\t\t<div class=\"wpb_wrapper\">\n\t\t\t<h2><strong>ET<\/strong><\/h2>\n<p>Extraits totaux sans alcool adapt\u00e9s aux adultes et aux enfants. Une s\u00e9lection de plantes aux propri\u00e9t\u00e9s universellement reconnues pour garantir une pr\u00e9vention ad\u00e9quate et une protection naturelle de notre organisme. Faciles \u00e0 prendre, ils peuvent \u00eatre utilis\u00e9s individuellement ou en combinaison les uns avec les autres.<br \/>\n<strong>\u00c9CHINAC\u00c9E ET ECHINAMIXLEM<\/strong>: d\u00e9fense immunitaire<br \/>\n<strong>\u00c9RISIMO<\/strong>: bien-\u00eatre de la voix<br \/>\n<strong>PROPOLIS<\/strong>: panac\u00e9e hivernale<br \/>\n<strong>CASSIS<\/strong>: bien-\u00eatre du nez et de la gorge<br \/>\n<strong>\u00e9glantier<\/strong>: source naturelle de vitamine C<br \/>\n<strong>A\u00ceN\u00c9<\/strong>: d\u00e9fenses du corps<br \/>\n<strong>UNCARIE<\/strong>: \u00e9quilibre du syst\u00e8me immunitaire<\/p>\n\n\t\t<\/div>\n\t<\/div>\n<\/div><\/div><\/div><\/div><div class=\"vc_row wpb_row vc_row-fluid\"><div class=\"wpb_column vc_column_container vc_col-sm-6\"><div class=\"vc_column-inner\"><div class=\"wpb_wrapper\">\n\t<div  class=\"wpb_single_image wpb_content_element vc_align_center\">\n\t\t\n\t\t<figure class=\"wpb_wrapper vc_figure\">\n\t\t\t<a href=\"https:\/\/lemuria.it\/fr\/categorie-de-produit\/linea-baby\/\" target=\"_self\" class=\"vc_single_image-wrapper   vc_box_border_grey\"><img loading=\"lazy\" decoding=\"async\" width=\"300\" height=\"300\" src=\"https:\/\/lemuria.it\/wp-content\/uploads\/2015\/04\/Forza-baby-300x300.jpg\" class=\"vc_single_image-img attachment-medium\" alt=\"Ligne b\u00e9b\u00e9 - GO BABY\" srcset=\"https:\/\/lemuria.it\/wp-content\/uploads\/2015\/04\/Forza-baby-300x300.jpg 300w, https:\/\/lemuria.it\/wp-content\/uploads\/2015\/04\/Forza-baby-768x768.jpg 768w, https:\/\/lemuria.it\/wp-content\/uploads\/2015\/04\/Forza-baby-100x100.jpg 100w, https:\/\/lemuria.it\/wp-content\/uploads\/2015\/04\/Forza-baby-150x150.jpg 150w, https:\/\/lemuria.it\/wp-content\/uploads\/2015\/04\/Forza-baby-480x480.jpg 480w, https:\/\/lemuria.it\/wp-content\/uploads\/2015\/04\/Forza-baby-140x140.jpg 140w, https:\/\/lemuria.it\/wp-content\/uploads\/2015\/04\/Forza-baby-250x250.jpg 250w, https:\/\/lemuria.it\/wp-content\/uploads\/2015\/04\/Forza-baby-114x114.jpg 114w, https:\/\/lemuria.it\/wp-content\/uploads\/2015\/04\/Forza-baby.jpg 1000w\" sizes=\"(max-width: 300px) 100vw, 300px\" \/><\/a>\n\t\t<\/figure>\n\t<\/div>\n<\/div><\/div><\/div><div class=\"wpb_column vc_column_container vc_col-sm-6\"><div class=\"vc_column-inner\"><div class=\"wpb_wrapper\">\n\t<div class=\"wpb_text_column wpb_content_element\" >\n\t\t<div class=\"wpb_wrapper\">\n\t\t\t<h2><strong>B\u00c9B\u00c9<\/strong><\/h2>\n<p>Une ligne compl\u00e8te sans alcool pour le bien-\u00eatre des plus petits, pour les aider et les accompagner dans leur croissance de mani\u00e8re naturelle, avec des plantes sp\u00e9cialement s\u00e9lectionn\u00e9es<br \/>\n<strong>POUR RENFORCER LES D\u00c9FENSES NATURELLES<\/strong>: Allez b\u00e9b\u00e9 nouveau<br \/>\n<strong>POUR SOULAGER LA GORGE<\/strong>: Vaporiser B\u00e9b\u00e9<br \/>\n<strong>POUR LA TOUX<\/strong>: Smokings B\u00e9b\u00e9<br \/>\n<strong>POUR AIDE ET SOUTIEN<\/strong>: Propolis B\u00e9b\u00e9<\/p>\n\n\t\t<\/div>\n\t<\/div>\n<\/div><\/div><\/div><\/div><div class=\"vc_row wpb_row vc_row-fluid\"><div class=\"wpb_column vc_column_container vc_col-sm-6\"><div class=\"vc_column-inner\"><div class=\"wpb_wrapper\">\n\t<div  class=\"wpb_single_image wpb_content_element vc_align_center\">\n\t\t\n\t\t<figure class=\"wpb_wrapper vc_figure\">\n\t\t\t<a href=\"https:\/\/lemuria.it\/fr\/categorie-de-produit\/andres\/\" target=\"_self\" class=\"vc_single_image-wrapper   vc_box_border_grey\"><img loading=\"lazy\" decoding=\"async\" width=\"300\" height=\"300\" src=\"https:\/\/lemuria.it\/wp-content\/uploads\/2015\/04\/Andres-spray-300x300.jpg\" class=\"vc_single_image-img attachment-medium\" alt=\"SPRAY POUR LA GORGE ANDRES\" srcset=\"https:\/\/lemuria.it\/wp-content\/uploads\/2015\/04\/Andres-spray-300x300.jpg 300w, https:\/\/lemuria.it\/wp-content\/uploads\/2015\/04\/Andres-spray-768x768.jpg 768w, https:\/\/lemuria.it\/wp-content\/uploads\/2015\/04\/Andres-spray-100x100.jpg 100w, https:\/\/lemuria.it\/wp-content\/uploads\/2015\/04\/Andres-spray-150x150.jpg 150w, https:\/\/lemuria.it\/wp-content\/uploads\/2015\/04\/Andres-spray-480x480.jpg 480w, https:\/\/lemuria.it\/wp-content\/uploads\/2015\/04\/Andres-spray-140x140.jpg 140w, https:\/\/lemuria.it\/wp-content\/uploads\/2015\/04\/Andres-spray-250x250.jpg 250w, https:\/\/lemuria.it\/wp-content\/uploads\/2015\/04\/Andres-spray-114x114.jpg 114w, https:\/\/lemuria.it\/wp-content\/uploads\/2015\/04\/Andres-spray.jpg 1000w\" sizes=\"(max-width: 300px) 100vw, 300px\" \/><\/a>\n\t\t<\/figure>\n\t<\/div>\n<\/div><\/div><\/div><div class=\"wpb_column vc_column_container vc_col-sm-6\"><div class=\"vc_column-inner\"><div class=\"wpb_wrapper\">\n\t<div class=\"wpb_text_column wpb_content_element\" >\n\t\t<div class=\"wpb_wrapper\">\n\t\t\t<h2><strong>ANDRES<\/strong><\/h2>\n<p>Notre ligne pour mieux nous d\u00e9fendre. Ce sont des compos\u00e9s de plantes m\u00e9dicinales sp\u00e9cialement \u00e9tudi\u00e9s et formul\u00e9s pour offrir une r\u00e9ponse compl\u00e8te pour faire face aux maux typiques de la saison froide.<br \/>\n<strong>COUPS \u00c0 FROID<\/strong>: Andres Plus<br \/>\n<strong>TOUX<\/strong>: Andr\u00e9s Tuxs<br \/>\n<strong>GORGE<\/strong>: Andr\u00e9s Spray<br \/>\n<strong>NEZ, POITRINE, SOUFFLE<\/strong>: Andr\u00e9s Balsamico<br \/>\n<strong>POUR PR\u00c9VENIR<\/strong>: Andr\u00e9s SOS Ultra D\u00e9fenseur<br \/>\n<strong>POUR MIEUX SE D\u00c9FENDRE<\/strong>: Andr\u00e9s Phytodefender<br \/>\n<strong>RESPIRATION LIBRE<\/strong>: Andr\u00e9s Sinulem<br \/>\n<strong>NEZ<\/strong>: Spray nasal WSEP<\/p>\n\n\t\t<\/div>\n\t<\/div>\n<\/div><\/div><\/div><\/div><div class=\"vc_row wpb_row vc_row-fluid\"><div class=\"wpb_column vc_column_container vc_col-sm-12\"><div class=\"vc_column-inner\"><div class=\"wpb_wrapper\"><div class=\"vc_empty_space\"   style=\"height: 50px\" ><span class=\"vc_empty_space_inner\"><\/span><\/div>\n<\/div><\/div><\/div><\/div><div class=\"vc_row wpb_row vc_row-fluid\"><div class=\"wpb_column vc_column_container vc_col-sm-6\"><div class=\"vc_column-inner\"><div class=\"wpb_wrapper\"><div class=\"vc_empty_space\"   style=\"height: 100px\" ><span class=\"vc_empty_space_inner\"><\/span><\/div>\n\n\t<div  class=\"wpb_single_image wpb_content_element vc_align_left\">\n\t\t\n\t\t<figure class=\"wpb_wrapper vc_figure\">\n\t\t\t<div class=\"vc_single_image-wrapper   vc_box_border_grey\"><img loading=\"lazy\" decoding=\"async\" width=\"150\" height=\"90\" src=\"https:\/\/lemuria.it\/wp-content\/uploads\/2015\/04\/Logo-Lemuria-90-150x90.png\" class=\"vc_single_image-img attachment-thumbnail\" alt=\"Logo L\u00e9murien@\" \/><\/div>\n\t\t<\/figure>\n\t<\/div>\n\n\t<div class=\"wpb_text_column wpb_content_element\" >\n\t\t<div class=\"wpb_wrapper\">\n\t\t\t<p><strong>Lemuri@srl<\/strong><\/p>\n<p>Via Giusti,7<br \/>\n21019 \u2013 Somma Lombardo (VA)<br \/>\nT\u00e9l. : +39-0331-259901<br \/>\nFax.: +39-0331-259902<br \/>\n<a href=\"mailto:lemuria@lemuria.it\" target=\"_blank\" rel=\"noopener\">lemuria@lemuria.it<\/a><br \/>\n<a href=\"mailto:info@lemuria.it\" target=\"_blank\" rel=\"noopener\">info@lemuria.it<\/a><\/p>\n\n\t\t<\/div>\n\t<\/div>\n<div \tclass=\"vc_icon_element vc_icon_element-outer vc_icon_element-align-left\">\n\t<div class=\"vc_icon_element-inner vc_icon_element-color-custom vc_icon_element-size-md vc_icon_element-style- vc_icon_element-background-color-grey\">\n\t\t<span class=\"vc_icon_element-icon fa fa-facebook-square\" style=\"color:#009036 !important\"><\/span><a class=\"vc_icon_element-link\" href=\"https:\/\/www.facebook.com\/LemuriaBenessere _blank\"  title=\"https:\/\/www.facebook.com\/LemuriaBenessere _blank\" target=\"_self\"><\/a><\/div>\n<\/div>\n<\/div><\/div><\/div><div class=\"wpb_column vc_column_container vc_col-sm-6\"><div class=\"vc_column-inner\"><div class=\"wpb_wrapper\">\n\t<div class=\"wpb_text_column wpb_content_element\" >\n\t\t<div class=\"wpb_wrapper\">\n\t\t\t<h2 style=\"color: #009036; font-weight: bold;\">Remplissez le formulaire pour t\u00e9l\u00e9charger le bon de r\u00e9duction au format PDF<\/h2>\n\n\t\t<\/div>\n\t<\/div>\n[gravityform id=\u201d1\u2033 title=\u201dfalse\u201d description=\u201dfalse\u201d ajax=\u201dfalse\u201d]<\/div><\/div><\/div><\/div><div class=\"vc_row wpb_row vc_row-fluid\"><div class=\"wpb_column vc_column_container vc_col-sm-12\"><div class=\"vc_column-inner\"><div class=\"wpb_wrapper\"><div class=\"vc_empty_space\"   style=\"height: 100px\" ><span class=\"vc_empty_space_inner\"><\/span><\/div>\n<\/div><\/div><\/div><\/div><div class=\"vc_row wpb_row vc_row-fluid\"><div class=\"wpb_column vc_column_container vc_col-sm-12\"><div class=\"vc_column-inner\"><div class=\"wpb_wrapper\"><div class=\"vc_empty_space\"   style=\"height: 100px\" ><span class=\"vc_empty_space_inner\"><\/span><\/div>\n\n\t<div class=\"wpb_text_column wpb_content_element\" >\n\t\t<div class=\"wpb_wrapper\">\n\t\t\t\t<script>\n\t\t\t\/* <![CDATA[ *\/\n\t\t\tvar Store_wpress = {\n\t\t\t\t\"ajaxurl\": \"https:\/\/lemuria.it\/wp-admin\/admin-ajax.php\", \n\t\t\t\t\"plugin_url\": \"https:\/\/lemuria.it\/wp-content\/plugins\/store_locator_wpress\/\",\n\t\t\t\t\"display\": \"both\", \n\t\t\t\t\"category_id\": \"\",\n\t\t\t\t\"page_number\": 1,\n\t\t\t\t\"max_distance\": \"\",\n\t\t\t\t\"current_lat\": \"\", \"current_lng\": \"\",\n\t\t\t\t\"searched_lat\": \"\", \"searched_lng\": \"\",\n\t\t\t\t\"first_load\":\"1\",\n\t\t\t\t\"widget_nb_display\": \"\",\n\t\t\t\t\"nb_display_search\":\"10000\",\n\t\t\t\t\"nb_display_default\":\"10000\",\n\t\t\t\t\"map_type\": \"roadmap\",\n\t\t\t\t\"zoom\": 13,\n\t\t\t\t\"lat\": \"\", \"lng\": \"\",\n\t\t\t\t\"custom_marker\": \"https:\/\/lemuria.it\/wp-content\/uploads\/2015\/04\/PUNTATORE-LEMURIA.png\",\n\t\t\t\t\"closest_stores\": \"2\",\n\t\t\t\t\"zoom_detail\": 18\n\t\t\t};\n\t\t\t\/* ]]> *\/\n\t\t\t<\/script>\t<div class=\"bold_title\">\n\t\tMagasins participant \u00e0 l&#039;initiative :\n\t<\/div>\n\t<div id=\"store_list\" style=\"height: 500px; overflow-y: scroll;\">\n\t<p><form method=\"POST\" class=\"ygp_sl_form_filter\" action=\"\"><div class=\"ygp_sl_form_title\">Rechercher par adresse<\/div><input type=\"text\" id=\"store_wpress_address\" name=\"store_wpress_address\" class=\"ygp_sl_input_text\" value=\"\" \/> <input type=\"submit\" id=\"store_wpress_search_btn\" class=\"ygp_sl_input_button\" value=\"Recherche\"\/><input type=\"hidden\" name=\"trp-form-language\" value=\"fr\"\/><\/form><div class=\"pagination_box\"><span id=\"sl_nb_stores\" class=\"pagination_nb_stores\"><\/span><div style=\"float:right;\" id=\"previousNextButtons\" class=\"pagination_previous_next\"><\/div><\/div><div id=\"map\" style=\"overflow: hidden; width:; height:;\"><\/div><br><div id=\"store_locator_list\"><\/div><div id=\"previousNextButtons2\"><\/div>\t<\/div>\n\t\n\n\t\t<\/div>\n\t<\/div>\n<\/div><\/div><\/div><\/div>\n<\/p>\n<\/p>\n<\/p>\n<\/p>\n<\/p>\n<\/p><\/p>","protected":false},"excerpt":{"rendered":"Ecco i nostri prodotti per la \"Prevenzione e protezione naturale\" sui quali poter utilizzare i buoni sconto E.T. Estratti totali senz\u2019alcol adatti ad adulti e bambini. Una selezione di piante con propriet\u00e0 universalmente riconosciute per garantire un\u2019adeguata prevenzione e protezione naturale al nostro organismo. Di facile assunzione, possono essere utilizzati singolarmente o in combinazione tra [...]","protected":false},"author":13,"featured_media":0,"parent":0,"menu_order":0,"comment_status":"closed","ping_status":"closed","template":"","meta":{"_acf_changed":false,"footnotes":""},"tags":[322],"acf":[],"_links":{"self":[{"href":"https:\/\/lemuria.it\/fr\/wp-json\/wp\/v2\/pages\/9136"}],"collection":[{"href":"https:\/\/lemuria.it\/fr\/wp-json\/wp\/v2\/pages"}],"about":[{"href":"https:\/\/lemuria.it\/fr\/wp-json\/wp\/v2\/types\/page"}],"author":[{"embeddable":true,"href":"https:\/\/lemuria.it\/fr\/wp-json\/wp\/v2\/users\/13"}],"replies":[{"embeddable":true,"href":"https:\/\/lemuria.it\/fr\/wp-json\/wp\/v2\/comments?post=9136"}],"version-history":[{"count":73,"href":"https:\/\/lemuria.it\/fr\/wp-json\/wp\/v2\/pages\/9136\/revisions"}],"predecessor-version":[{"id":9320,"href":"https:\/\/lemuria.it\/fr\/wp-json\/wp\/v2\/pages\/9136\/revisions\/9320"}],"wp:attachment":[{"href":"https:\/\/lemuria.it\/fr\/wp-json\/wp\/v2\/media?parent=9136"}],"wp:term":[{"taxonomy":"post_tag","embeddable":true,"href":"https:\/\/lemuria.it\/fr\/wp-json\/wp\/v2\/tags?post=9136"}],"curies":[{"name":"wp","href":"https:\/\/api.w.org\/{rel}","templated":true}]}}