{"id":8583,"date":"2015-04-22T14:32:32","date_gmt":"2015-04-22T12:32:32","guid":{"rendered":"https:\/\/www.lemuria.it\/?page_id=8583"},"modified":"2024-06-12T11:54:13","modified_gmt":"2024-06-12T09:54:13","slug":"s-erbario","status":"publish","type":"page","link":"https:\/\/lemuria.it\/fr\/s-erbario\/","title":{"rendered":"S erbario"},"content":{"rendered":"<div class=\"vc_row wpb_row vc_row-fluid\"><div class=\"wpb_column vc_column_container vc_col-sm-12\"><div class=\"vc_column-inner\"><div class=\"wpb_wrapper\">\n\t<div class=\"wpb_text_column wpb_content_element\" >\n\t\t<div class=\"wpb_wrapper\">\n\t\t\t<p style=\"text-align: center;\">INFORMATIONS PROVENANT DE LA LITT\u00c9RATURE SCIENTIFIQUE<\/p>\n<p style=\"text-align: center;\">Qui di seguito proponiamo alcune citazioni tratte da importanti manuali di fitoterapia, da pagine web, da studi scientifici, sia italiani che stranieri.<\/p>\n<p style=\"text-align: center; font-size: 20px;\"><span class=\"st\"><a href=\"https:\/\/lemuria.it\/fr\/a-lherbier\/\">\u00c0<\/a> | <a href=\"https:\/\/lemuria.it\/fr\/b-erbario\/\">B<\/a> | <a href=\"https:\/\/lemuria.it\/fr\/c-erbario\/\">C<\/a> | <a href=\"https:\/\/lemuria.it\/fr\/d-erbario\/\">D<\/a> | <a href=\"https:\/\/lemuria.it\/fr\/e-erbario\/\">ET<\/a> | <a href=\"https:\/\/lemuria.it\/fr\/f-erbario\/\">F<\/a> | <a href=\"https:\/\/lemuria.it\/fr\/g-erbario\/\">g<\/a> | <a href=\"https:\/\/lemuria.it\/fr\/h-erbario\/\">H<\/a> | <a href=\"https:\/\/lemuria.it\/fr\/i-erbario\/\">LE<\/a> | <a href=\"https:\/\/lemuria.it\/fr\/j-erbario\/\">J.<\/a> | <a href=\"https:\/\/lemuria.it\/fr\/k-erbario\/\">K<\/a> | <a href=\"https:\/\/lemuria.it\/fr\/l-erbario\/\">L<\/a> | <a href=\"https:\/\/lemuria.it\/fr\/m-erbario\/\">M<\/a> | <a href=\"https:\/\/lemuria.it\/fr\/n-erbario\/\">Non<\/a> | <a href=\"https:\/\/lemuria.it\/fr\/o-erbario\/\">OU<\/a> | <a href=\"https:\/\/lemuria.it\/fr\/p-erbario\/\">P.<\/a> | <a href=\"https:\/\/lemuria.it\/fr\/q-erbario\/\">Q<\/a> | <a href=\"https:\/\/lemuria.it\/fr\/r-erbario\/\">R.<\/a> | <a href=\"https:\/\/lemuria.it\/fr\/s-erbario\/\">S<\/a> | <a href=\"https:\/\/lemuria.it\/fr\/t-erbario\/\">T<\/a> | <a href=\"https:\/\/lemuria.it\/fr\/u-erbario\/\">U<\/a> | <a href=\"https:\/\/lemuria.it\/fr\/v-erbario\/\">V<\/a> | <a href=\"https:\/\/lemuria.it\/fr\/w-erbario\/\">W<\/a> | <a href=\"https:\/\/lemuria.it\/fr\/x-erbario\/\">X<\/a> | <a href=\"https:\/\/lemuria.it\/fr\/y-erbario\/\">Oui<\/a> | <a href=\"https:\/\/lemuria.it\/fr\/z-erbario\/\">Z<\/a><br \/>\n<\/span><\/p>\n\n\t\t<\/div>\n\t<\/div>\n\n\t<div class=\"wpb_accordion wpb_content_element  not-column-inherit\" data-collapsible=\"\" data-vc-disable-keydown=\"false\" data-active-tab=\"1\">\n\t\t<div class=\"wpb_wrapper wpb_accordion_wrapper ui-accordion\">\n\n\n\t<div class=\"wpb_accordion_section group\">\n\t\t<h3 class=\"wpb_accordion_header ui-accordion-header\"><a href=\"#sambuco\">Sambuco<\/a><\/h3>\n\t\t<div class=\"wpb_accordion_content ui-accordion-content vc_clearfix\">\n\t\t\t\n\t<div class=\"wpb_text_column wpb_content_element\" >\n\t\t<div class=\"wpb_wrapper\">\n\t\t\t<p>Il suo uso \u00e8 approvato dalla Commissione E tedesca per il trattamento della tosse, della bronchite, febbre e rinosinusite. Favorisce la sudorazione nelle forme virali delle alte vie respiratorie febbrili.<\/p>\n<p><em>PDR pour les plantes m\u00e9dicinales. 2000. THOMSON \u00e9diteur.<\/em><\/p>\n\n\t\t<\/div>\n\t<\/div>\n\n\t\t<\/div>\n\t<\/div>\n\n\t<div class=\"wpb_accordion_section group\">\n\t\t<h3 class=\"wpb_accordion_header ui-accordion-header\"><a href=\"#semi-di-lino\">Semi di lino<\/a><\/h3>\n\t\t<div class=\"wpb_accordion_content ui-accordion-content vc_clearfix\">\n\t\t\t\n\t<div class=\"wpb_text_column wpb_content_element\" >\n\t\t<div class=\"wpb_wrapper\">\n\t\t\t<p>L&#8217;effetto lassativo \u00e8 dovuto alla presenza di sotanze mucillaginose formanti massa.<\/p>\n<p>E&#8217; suggerito dalla Commissione E tedesca come trattamento per la stipsi<\/p>\n<p><em>PDR pour les plantes m\u00e9dicinales. 2000. THOMSON \u00e9diteur.<\/em><\/p>\n\n\t\t<\/div>\n\t<\/div>\n\n\t\t<\/div>\n\t<\/div>\n\n\t<div class=\"wpb_accordion_section group\">\n\t\t<h3 class=\"wpb_accordion_header ui-accordion-header\"><a href=\"#semi-di-zucca\">Semi di zucca<\/a><\/h3>\n\t\t<div class=\"wpb_accordion_content ui-accordion-content vc_clearfix\">\n\t\t\t\n\t<div class=\"wpb_text_column wpb_content_element\" >\n\t\t<div class=\"wpb_wrapper\">\n\t\t\t<p>Funzionalita\u0300 delle vie urinarie. Funzionalita\u0300 della prostata.<\/p>\n<p>Approvata dalla Commissione E tedesca per la vescica irritabile e i disturbi della prostata.<\/p>\n<p><em>PDR pour les plantes m\u00e9dicinales. 2000. THOMSON \u00e9diteur.<\/em><\/p>\n\n\t\t<\/div>\n\t<\/div>\n\n\t\t<\/div>\n\t<\/div>\n\n\t<div class=\"wpb_accordion_section group\">\n\t\t<h3 class=\"wpb_accordion_header ui-accordion-header\"><a href=\"#senna\">Senna<\/a><\/h3>\n\t\t<div class=\"wpb_accordion_content ui-accordion-content vc_clearfix\">\n\t\t\t\n\t<div class=\"wpb_text_column wpb_content_element\" >\n\t\t<div class=\"wpb_wrapper\">\n\t\t\t<p>Trattamento di breve durata della stipsi occasionale. La dose individuale corretta \u00e8 quella minima sufficiente a produrre una facile evacuazione di feci molli.<\/p>\n<p>I lassativi stimolanti non dovrebbero essere usati per periodi superiori a 2 settimane senza consultare il medico.<\/p>\n<p><em>ESCOP The Scientific Foundation for Herbal Medicinal Products. First Edition. 2003<\/em><\/p>\n\n\t\t<\/div>\n\t<\/div>\n\n\t\t<\/div>\n\t<\/div>\n\n\t<div class=\"wpb_accordion_section group\">\n\t\t<h3 class=\"wpb_accordion_header ui-accordion-header\"><a href=\"#serenoa\">Serenoa<\/a><\/h3>\n\t\t<div class=\"wpb_accordion_content ui-accordion-content vc_clearfix\">\n\t\t\t\n\t<div class=\"wpb_text_column wpb_content_element\" >\n\t\t<div class=\"wpb_wrapper\">\n\t\t\t<p>Trattamento sintomatico dei disturbi della minzione, (disuria, pollachiuria, nicturia, ritenzione urinaria) nell\u2019iperplasia prostatica benigna di grado da lieve a moderato, ovvero agli stadi I e II secondo la definizione di Alken e II e III secondo Vahlensieck.<\/p>\n<p>Vescica irritabile.<\/p>\n<p><em>ESCOP The Scientific Foundation for Herbal Medicinal Products. Second Edition. Supplement 2009<\/em><\/p>\n<p><em>PDR pour les plantes m\u00e9dicinales. 2000. THOMSON \u00e9diteur.<\/em><\/p>\n<p>L\u2019efficacia clinica della Serenoa \u00e8 ben documentata la Commissione E riporta che la Serenoa pu\u00f2 risolvere i problemi urinari associati agli stadi I e II della IPB.<\/p>\n<p><em>Capasso F. et coll. Phytoth\u00e9rapie. Utilisation rationnelle des m\u00e9dicaments \u00e0 base de plantes. 2006. Springer.<\/em><\/p>\n<p>\u00c8 usata tradizionalmente per stimolare la crescita dei capelli.<\/p>\n<p><em>Base de donn\u00e9es compl\u00e8te sur les m\u00e9decines naturelles. Informations cliniques scientifiques impartiales sur les produits compl\u00e9mentaires, alternatifs et<\/em><\/p>\n\n\t\t<\/div>\n\t<\/div>\n\n\t\t<\/div>\n\t<\/div>\n\n\t<div class=\"wpb_accordion_section group\">\n\t\t<h3 class=\"wpb_accordion_header ui-accordion-header\"><a href=\"#soia\">Soia<\/a><\/h3>\n\t\t<div class=\"wpb_accordion_content ui-accordion-content vc_clearfix\">\n\t\t\t\n\t<div class=\"wpb_text_column wpb_content_element\" >\n\t\t<div class=\"wpb_wrapper\">\n\t\t\t<p>I supplementi dietetici a base di isoflavoni di soia sono molto pi\u00f9 efficaci del placebo nel ridurre la frequenza e la intensit\u00e0 delle vampate di calore. Servono ulteriori studi per chiarire completamente quali sono i fattori che condizionano l&#8217;efficacia dell&#8217;estratto, quali la dose, il tipo di isoflavone, la durata del trattamento.<\/p>\n<p><em>Taku K. et al.Extracted or synthesized soybean isoflavones reduce menopausal hot flash frequency and severity: systematic review and meta-analysis of randomized controlled trials. Menopause. 2012 Jul;19(7):776-90. doi: 10.1097\/gme.0b013e3182410159.<\/em><\/p>\n<p>La metanalisi mostra che i supplementi a base di isoflavoni di soia possono essere utili per ridurre il peso corporeo, e controllare i livelli di glucosio e insulina ematici. Occorrono studi pi\u00f9 ampi per confermare completamente questi risultati.<\/p>\n<p><em>Zhang Y.B.et al. Soy isoflavone supplementation could reduce body weight and improve glucose metabolism in non-Asian postmenopausal women&#8211;a meta-analysis. Nutrition. 2013 Jan;29(1):8-14. doi: 10.1016\/j.nut.2012.03.019. Epub 2012 Aug 2.<\/em><\/p>\n\n\t\t<\/div>\n\t<\/div>\n\n\t\t<\/div>\n\t<\/div>\n\n\t<div class=\"wpb_accordion_section group\">\n\t\t<h3 class=\"wpb_accordion_header ui-accordion-header\"><a href=\"#solidago\">Solidago<\/a><\/h3>\n\t\t<div class=\"wpb_accordion_content ui-accordion-content vc_clearfix\">\n\t\t\t\n\t<div class=\"wpb_text_column wpb_content_element\" >\n\t\t<div class=\"wpb_wrapper\">\n\t\t\t<p>Irrigazione del tratto urinario, soprattutto nei casi di infiammazione e renella e come supporto del trattamento delle infezioni batteriche del tratto urinario.<\/p>\n<p><em>ESCOP The Scientific Foundation for Herbal Medicinal Products. Second Edition. Supplement 2009<\/em><\/p>\n<p>Calcolosi urinaria<\/p>\n<p><em>PDR pour les plantes m\u00e9dicinales. 2000. THOMSON \u00e9diteur.<\/em><\/p>\n\n\t\t<\/div>\n\t<\/div>\n\n\t\t<\/div>\n\t<\/div>\n\n\t\t<\/div>\n\t<\/div>\n<div class=\"vc_empty_space\"   style=\"height: 32px\" ><span class=\"vc_empty_space_inner\"><\/span><\/div>\n\n\t<div class=\"wpb_text_column wpb_content_element\" >\n\t\t<div class=\"wpb_wrapper\">\n\t\t\t<p><b>Livres recommand\u00e9s\u00a0:<\/b><\/p>\n<p><strong>Textes pour l&#039;\u00e9tude scientifique de la phytoth\u00e9rapie<br \/>\n&#8211;\u00a0<\/strong>Lugli A. Conna\u00eetre les plantes m\u00e9dicinales. 40 fiches pratiques, de nombreuses curiosit\u00e9s et suggestions utiles. \u00c9ditions Aboca. 2010.<br \/>\n&#8211; Capasso F. et al. Fitoterapia. Impiego razionale delle droghe vegetali. Springer-Verlag. 2006.<br \/>\n&#8211; Campanini. Dizionario di fitoterapia e piante medicinali. Tecniche Nuove. 2012.<br \/>\n<strong>ESCOP - Coop\u00e9ration Scientifique Europ\u00e9enne en Phytoth\u00e9rapie :<br \/>\n&#8211;\u00a0<\/strong>Monographies ESCOP Les bases scientifiques des produits phytoth\u00e9rapeutiques. \u00c9dition italienne de la deuxi\u00e8me \u00e9dition anglaise \u00e9dit\u00e9e par Planta Medica Edizioni.2006.<br \/>\n<strong>version anglaise<\/strong>: Monographies Sur les usages m\u00e9dicinaux des m\u00e9dicaments v\u00e9g\u00e9taux Coop\u00e9rative Scientifique Europ\u00e9enne de Phytoth\u00e9rapie. Deuxi\u00e8me \u00e9dition 2003. Thieme.<br \/>\n&#8211; ESCOP Monographs On the medicinal uses of plants drugs\u00a0 European Scientific Cooperative on Phytotherapy. Second edition Supplement 2009. Thieme.<br \/>\n&#8211; WHO Monographs Selected medicinal plants. Vol.1-2-3-4-5. World Health Organization Geneva.<br \/>\n<strong>T\u00e9l\u00e9chargeable sur le lien<\/strong>: http:\/\/apps.who.int\/medicinedoc\/en\/d\/Js2200e\/<br \/>\n&#8211; Herbal Medicine: Expanded Commission E Monographs. American Botanical Council. 2000<br \/>\n&#8211; Blumental L. The ABC Clinical Guide to Herbs. The American Botanical Council. 2003<br \/>\n&#8211; PDR for Herbal Medicines. 2000. THOMSON editore.<\/p>\n\n\t\t<\/div>\n\t<\/div>\n<div class=\"vc_empty_space\"   style=\"height: 50px\" ><span class=\"vc_empty_space_inner\"><\/span><\/div>\n<\/div><\/div><\/div><\/div>","protected":false},"excerpt":{"rendered":"INFORMAZIONI DALLA LETTERATURA SCIENTIFICA Qui di seguito proponiamo alcune citazioni tratte da importanti manuali di fitoterapia, da pagine web, da studi scientifici, sia italiani che stranieri. A | B | C | D | E | F | G | H | I | J | K | L | M | N | O [...]","protected":false},"author":13,"featured_media":0,"parent":0,"menu_order":0,"comment_status":"open","ping_status":"open","template":"page-full.php","meta":{"_acf_changed":false,"footnotes":""},"tags":[],"acf":[],"_links":{"self":[{"href":"https:\/\/lemuria.it\/fr\/wp-json\/wp\/v2\/pages\/8583"}],"collection":[{"href":"https:\/\/lemuria.it\/fr\/wp-json\/wp\/v2\/pages"}],"about":[{"href":"https:\/\/lemuria.it\/fr\/wp-json\/wp\/v2\/types\/page"}],"author":[{"embeddable":true,"href":"https:\/\/lemuria.it\/fr\/wp-json\/wp\/v2\/users\/13"}],"replies":[{"embeddable":true,"href":"https:\/\/lemuria.it\/fr\/wp-json\/wp\/v2\/comments?post=8583"}],"version-history":[{"count":6,"href":"https:\/\/lemuria.it\/fr\/wp-json\/wp\/v2\/pages\/8583\/revisions"}],"predecessor-version":[{"id":9656,"href":"https:\/\/lemuria.it\/fr\/wp-json\/wp\/v2\/pages\/8583\/revisions\/9656"}],"wp:attachment":[{"href":"https:\/\/lemuria.it\/fr\/wp-json\/wp\/v2\/media?parent=8583"}],"wp:term":[{"taxonomy":"post_tag","embeddable":true,"href":"https:\/\/lemuria.it\/fr\/wp-json\/wp\/v2\/tags?post=8583"}],"curies":[{"name":"wp","href":"https:\/\/api.w.org\/{rel}","templated":true}]}}