{"id":8559,"date":"2015-04-22T11:49:24","date_gmt":"2015-04-22T09:49:24","guid":{"rendered":"https:\/\/www.lemuria.it\/?page_id=8559"},"modified":"2024-06-12T11:47:20","modified_gmt":"2024-06-12T09:47:20","slug":"g-erbario","status":"publish","type":"page","link":"https:\/\/lemuria.it\/fr\/g-erbario\/","title":{"rendered":"G erbario"},"content":{"rendered":"<div class=\"vc_row wpb_row vc_row-fluid\"><div class=\"wpb_column vc_column_container vc_col-sm-12\"><div class=\"vc_column-inner\"><div class=\"wpb_wrapper\">\n\t<div class=\"wpb_text_column wpb_content_element\" >\n\t\t<div class=\"wpb_wrapper\">\n\t\t\t<p style=\"text-align: center;\">INFORMATIONS PROVENANT DE LA LITT\u00c9RATURE SCIENTIFIQUE<\/p>\n<p style=\"text-align: center;\">Qui di seguito proponiamo alcune citazioni tratte da importanti manuali di fitoterapia, da pagine web, da studi scientifici, sia italiani che stranieri.<\/p>\n<p style=\"text-align: center; font-size: 20px;\"><span class=\"st\"><a href=\"https:\/\/lemuria.it\/fr\/a-lherbier\/\">\u00c0<\/a> | <a href=\"https:\/\/lemuria.it\/fr\/b-erbario\/\">B<\/a> | <a href=\"https:\/\/lemuria.it\/fr\/c-erbario\/\">C<\/a> | <a href=\"https:\/\/lemuria.it\/fr\/d-erbario\/\">D<\/a> | <a href=\"https:\/\/lemuria.it\/fr\/e-erbario\/\">ET<\/a> | <a href=\"https:\/\/lemuria.it\/fr\/f-erbario\/\">F<\/a> | <a href=\"https:\/\/lemuria.it\/fr\/g-erbario\/\">g<\/a> | <a href=\"https:\/\/lemuria.it\/fr\/h-erbario\/\">H<\/a> | <a href=\"https:\/\/lemuria.it\/fr\/i-erbario\/\">LE<\/a> | <a href=\"https:\/\/lemuria.it\/fr\/j-erbario\/\">J.<\/a> | <a href=\"https:\/\/lemuria.it\/fr\/k-erbario\/\">K<\/a> | <a href=\"https:\/\/lemuria.it\/fr\/l-erbario\/\">L<\/a> | <a href=\"https:\/\/lemuria.it\/fr\/m-erbario\/\">M<\/a> | <a href=\"https:\/\/lemuria.it\/fr\/n-erbario\/\">Non<\/a> | <a href=\"https:\/\/lemuria.it\/fr\/o-erbario\/\">OU<\/a> | <a href=\"https:\/\/lemuria.it\/fr\/p-erbario\/\">P.<\/a> | <a href=\"https:\/\/lemuria.it\/fr\/q-erbario\/\">Q<\/a> | <a href=\"https:\/\/lemuria.it\/fr\/r-erbario\/\">R.<\/a> | <a href=\"https:\/\/lemuria.it\/fr\/s-erbario\/\">S<\/a> | <a href=\"https:\/\/lemuria.it\/fr\/t-erbario\/\">T<\/a> | <a href=\"https:\/\/lemuria.it\/fr\/u-erbario\/\">U<\/a> | <a href=\"https:\/\/lemuria.it\/fr\/v-erbario\/\">V<\/a> | <a href=\"https:\/\/lemuria.it\/fr\/w-erbario\/\">W<\/a> | <a href=\"https:\/\/lemuria.it\/fr\/x-erbario\/\">X<\/a> | <a href=\"https:\/\/lemuria.it\/fr\/y-erbario\/\">Oui<\/a> | <a href=\"https:\/\/lemuria.it\/fr\/z-erbario\/\">Z<\/a><br \/>\n<\/span><\/p>\n\n\t\t<\/div>\n\t<\/div>\n\n\t<div class=\"wpb_accordion wpb_content_element  not-column-inherit\" data-collapsible=\"\" data-vc-disable-keydown=\"false\" data-active-tab=\"1\">\n\t\t<div class=\"wpb_wrapper wpb_accordion_wrapper ui-accordion\">\n\n\n\t<div class=\"wpb_accordion_section group\">\n\t\t<h3 class=\"wpb_accordion_header ui-accordion-header\"><a href=\"#galanga\">Galanga<\/a><\/h3>\n\t\t<div class=\"wpb_accordion_content ui-accordion-content vc_clearfix\">\n\t\t\t\n\t<div class=\"wpb_text_column wpb_content_element\" >\n\t\t<div class=\"wpb_wrapper\">\n\t\t\t<p>Disturbi dispeptici, inappetenza.<\/p>\n<p><em>PDR pour les plantes m\u00e9dicinales. 2000. THOMSON \u00e9diteur.<\/em><\/p>\n<p>Effetto antinfiammatorio.<\/p>\n<p><em>Lee H.J.et al-Suppression of inducible nitric oxide synthase expression by diarylheptanoids from Alpinia officinarum. Planta Med. 2006 Jan;72(1):68-71.<\/em><\/p>\n<p><em>Yadav PN1, Liu Z, Rafi MM. A diarylheptanoid from lesser galangal (Alpinia officinarum) inhibits proinflammatory mediators via inhibition of mitogen-activated protein kinase, p44\/42, and transcription factor nuclear factor-kappa B. J Pharmacol Exp Ther. 2003 Jun;305(3):925-31.<\/em><\/p>\n\n\t\t<\/div>\n\t<\/div>\n\n\t\t<\/div>\n\t<\/div>\n\n\t<div class=\"wpb_accordion_section group\">\n\t\t<h3 class=\"wpb_accordion_header ui-accordion-header\"><a href=\"#galega\">Galega<\/a><\/h3>\n\t\t<div class=\"wpb_accordion_content ui-accordion-content vc_clearfix\">\n\t\t\t\n\t<div class=\"wpb_text_column wpb_content_element\" >\n\t\t<div class=\"wpb_wrapper\">\n\t\t\t<p>All&#8217;estratto di galega tradizionalmente viene attribuita un&#8217;azione galattogena, ovvero di favorire la produzione lattea. Per questo sarebbe utile nelle prime fasi dell&#8217;allattamento.<\/p>\n<p><em>Bruni A. et al. Dizionario ragionato di Erboristeria e di Fitoterapia. PICCIN editore 2003.<\/em><\/p>\n\n\t\t<\/div>\n\t<\/div>\n\n\t\t<\/div>\n\t<\/div>\n\n\t<div class=\"wpb_accordion_section group\">\n\t\t<h3 class=\"wpb_accordion_header ui-accordion-header\"><a href=\"#genziana\">Genziana<\/a><\/h3>\n\t\t<div class=\"wpb_accordion_content ui-accordion-content vc_clearfix\">\n\t\t\t\n\t<div class=\"wpb_text_column wpb_content_element\" >\n\t\t<div class=\"wpb_wrapper\">\n\t\t\t<p>Utile nei disturbi dispeptici, inappetenza durante la convalescenza.<\/p>\n<p><em>ESCOP The Scientific Foundation for Herbal Medicinal Products. Second Edition. Supplement 2009<\/em><\/p>\n<p>Per alleviare il senso di gonfiore addominale, la flatulenza.<\/p>\n<p><em>PDR pour les plantes m\u00e9dicinales. 2000. THOMSON \u00e9diteur.<\/em><\/p>\n\n\t\t<\/div>\n\t<\/div>\n\n\t\t<\/div>\n\t<\/div>\n\n\t<div class=\"wpb_accordion_section group\">\n\t\t<h3 class=\"wpb_accordion_header ui-accordion-header\"><a href=\"#ginseng\">Ginseng<\/a><\/h3>\n\t\t<div class=\"wpb_accordion_content ui-accordion-content vc_clearfix\">\n\t\t\t\n\t<div class=\"wpb_text_column wpb_content_element\" >\n\t\t<div class=\"wpb_wrapper\">\n\t\t\t<p>Pu\u00f2 essere usato per il trattamento delle condizioni di ridotte capacit\u00e0 mentali e fisiche, quali debolezza, esaurimento, stanchezza e perdita della concentrazione, nonch\u00e9 durante la convalescenza.<\/p>\n<p><em>ESCOP The Scientific Foundation for Herbal Medicinal Products. <\/em><em>First Edition. 2003<\/em><\/p>\n\n\t\t<\/div>\n\t<\/div>\n\n\t\t<\/div>\n\t<\/div>\n\n\t<div class=\"wpb_accordion_section group\">\n\t\t<h3 class=\"wpb_accordion_header ui-accordion-header\"><a href=\"#gymnema-sylvestre\">Gymnema sylvestre<\/a><\/h3>\n\t\t<div class=\"wpb_accordion_content ui-accordion-content vc_clearfix\">\n\t\t\t\n\t<div class=\"wpb_text_column wpb_content_element\" >\n\t\t<div class=\"wpb_wrapper\">\n\t\t\t<p>L&#8217;estratto di Gimnema viene usato come supplemento alla dieta perch\u00e9 riduce il peso corporeo, i livelli di colesterolo e di trigliceridi.<\/p>\n<p><em>Tiwari P. et al. Phytochemical and pharmacological properties of Gymnema sylvestre: an important medicinal plant. Biomed Res Int. 2014;2014:830285.<\/em><\/p>\n<p>La Gimnema in studi in vivo ha confermato di essere efficace nel ridurre il peso corporeo e nel modulare positivamente il metabolismo dei lipidi.<\/p>\n<p><em>Kumar V. et al Evaluation of antiobesity and cardioprotective effect of Gymnema sylvestre extract in murine model. <\/em><em>Indian J Pharmacol. 2012 Sep-Oct;44(5):607-13.<\/em><\/p>\n\n\t\t<\/div>\n\t<\/div>\n\n\t\t<\/div>\n\t<\/div>\n\n\t<div class=\"wpb_accordion_section group\">\n\t\t<h3 class=\"wpb_accordion_header ui-accordion-header\"><a href=\"#guarana\">Guaran\u00e0<\/a><\/h3>\n\t\t<div class=\"wpb_accordion_content ui-accordion-content vc_clearfix\">\n\t\t\t\n\t<div class=\"wpb_text_column wpb_content_element\" >\n\t\t<div class=\"wpb_wrapper\">\n\t\t\t<p>Il Guaran\u00e0 ha un effetto stimolante perch\u00e9 contiene metilxantine(caffeina, teobromina, teofillina). Il Guaran\u00e0 \u00e8 usato come tonico per resistere meglio alla fatica, al senso di fame e di sete. Il suo effetto stimolante sulla circolazione, sul cuore e sulla diuresi \u00e8 dovuto probabilmente alla caffeina.<\/p>\n<p><em>PDR pour les plantes m\u00e9dicinales. 2000. THOMSON \u00e9diteur.<\/em><\/p>\n\n\t\t<\/div>\n\t<\/div>\n\n\t\t<\/div>\n\t<\/div>\n\n\t\t<\/div>\n\t<\/div>\n<div class=\"vc_empty_space\"   style=\"height: 32px\" ><span class=\"vc_empty_space_inner\"><\/span><\/div>\n\n\t<div class=\"wpb_text_column wpb_content_element\" >\n\t\t<div class=\"wpb_wrapper\">\n\t\t\t<p><b>Livres recommand\u00e9s\u00a0:<\/b><\/p>\n<p><strong>Textes pour l&#039;\u00e9tude scientifique de la phytoth\u00e9rapie<br \/>\n&#8211;\u00a0<\/strong>Lugli A. Conna\u00eetre les plantes m\u00e9dicinales. 40 fiches pratiques, de nombreuses curiosit\u00e9s et suggestions utiles. \u00c9ditions Aboca. 2010.<br \/>\n&#8211; Capasso F. et al. Fitoterapia. Impiego razionale delle droghe vegetali. Springer-Verlag. 2006.<br \/>\n&#8211; Campanini. Dizionario di fitoterapia e piante medicinali. Tecniche Nuove. 2012.<br \/>\n<strong>ESCOP - Coop\u00e9ration Scientifique Europ\u00e9enne en Phytoth\u00e9rapie :<br \/>\n&#8211;\u00a0<\/strong>Monographies ESCOP Les bases scientifiques des produits phytoth\u00e9rapeutiques. \u00c9dition italienne de la deuxi\u00e8me \u00e9dition anglaise \u00e9dit\u00e9e par Planta Medica Edizioni.2006.<br \/>\n<strong>version anglaise<\/strong>: Monographies Sur les usages m\u00e9dicinaux des m\u00e9dicaments v\u00e9g\u00e9taux Coop\u00e9rative Scientifique Europ\u00e9enne de Phytoth\u00e9rapie. Deuxi\u00e8me \u00e9dition 2003. Thieme.<br \/>\n&#8211; ESCOP Monographs On the medicinal uses of plants drugs\u00a0 European Scientific Cooperative on Phytotherapy. Second edition Supplement 2009. Thieme.<br \/>\n&#8211; WHO Monographs Selected medicinal plants. Vol.1-2-3-4-5. World Health Organization Geneva.<br \/>\n<strong>T\u00e9l\u00e9chargeable sur le lien<\/strong>: http:\/\/apps.who.int\/medicinedoc\/en\/d\/Js2200e\/<br \/>\n&#8211; Herbal Medicine: Expanded Commission E Monographs. American Botanical Council. 2000<br \/>\n&#8211; Blumental L. The ABC Clinical Guide to Herbs. The American Botanical Council. 2003<br \/>\n&#8211; PDR for Herbal Medicines. 2000. THOMSON editore.<\/p>\n\n\t\t<\/div>\n\t<\/div>\n<div class=\"vc_empty_space\"   style=\"height: 50px\" ><span class=\"vc_empty_space_inner\"><\/span><\/div>\n<\/div><\/div><\/div><\/div>","protected":false},"excerpt":{"rendered":"INFORMAZIONI DALLA LETTERATURA SCIENTIFICA Qui di seguito proponiamo alcune citazioni tratte da importanti manuali di fitoterapia, da pagine web, da studi scientifici, sia italiani che stranieri. A | B | C | D | E | F | G | H | I | J | K | L | M | N | O [...]","protected":false},"author":13,"featured_media":0,"parent":0,"menu_order":0,"comment_status":"open","ping_status":"open","template":"page-full.php","meta":{"_acf_changed":false,"footnotes":""},"tags":[],"acf":[],"_links":{"self":[{"href":"https:\/\/lemuria.it\/fr\/wp-json\/wp\/v2\/pages\/8559"}],"collection":[{"href":"https:\/\/lemuria.it\/fr\/wp-json\/wp\/v2\/pages"}],"about":[{"href":"https:\/\/lemuria.it\/fr\/wp-json\/wp\/v2\/types\/page"}],"author":[{"embeddable":true,"href":"https:\/\/lemuria.it\/fr\/wp-json\/wp\/v2\/users\/13"}],"replies":[{"embeddable":true,"href":"https:\/\/lemuria.it\/fr\/wp-json\/wp\/v2\/comments?post=8559"}],"version-history":[{"count":6,"href":"https:\/\/lemuria.it\/fr\/wp-json\/wp\/v2\/pages\/8559\/revisions"}],"predecessor-version":[{"id":9644,"href":"https:\/\/lemuria.it\/fr\/wp-json\/wp\/v2\/pages\/8559\/revisions\/9644"}],"wp:attachment":[{"href":"https:\/\/lemuria.it\/fr\/wp-json\/wp\/v2\/media?parent=8559"}],"wp:term":[{"taxonomy":"post_tag","embeddable":true,"href":"https:\/\/lemuria.it\/fr\/wp-json\/wp\/v2\/tags?post=8559"}],"curies":[{"name":"wp","href":"https:\/\/api.w.org\/{rel}","templated":true}]}}