{"id":8537,"date":"2015-04-21T15:18:23","date_gmt":"2015-04-21T13:18:23","guid":{"rendered":"https:\/\/www.lemuria.it\/?page_id=8537"},"modified":"2024-06-12T15:17:10","modified_gmt":"2024-06-12T13:17:10","slug":"a-erbario","status":"publish","type":"page","link":"https:\/\/lemuria.it\/fr\/a-lherbier\/","title":{"rendered":"\u00c0 l&#039;herbier"},"content":{"rendered":"<div class=\"vc_row wpb_row vc_row-fluid vc_custom_1718198170376\"><div class=\"wpb_column vc_column_container vc_col-sm-12\"><div class=\"vc_column-inner\"><div class=\"wpb_wrapper\">\n\t<div class=\"wpb_text_column wpb_content_element  vc_custom_1718198189481\" >\n\t\t<div class=\"wpb_wrapper\">\n\t\t\t<p style=\"text-align: center;\">INFORMATIONS PROVENANT DE LA LITT\u00c9RATURE SCIENTIFIQUE<\/p>\n<p style=\"text-align: center;\">Qui di seguito proponiamo alcune citazioni tratte da importanti manuali di fitoterapia, da pagine web, da studi scientifici, sia italiani che stranieri.<\/p>\n<p style=\"text-align: center; font-size: 20px;\"><span class=\"st\"><a href=\"https:\/\/lemuria.it\/fr\/a-lherbier\/\">\u00c0<\/a> | <a href=\"https:\/\/lemuria.it\/fr\/b-erbario\/\">B<\/a> | <a href=\"https:\/\/lemuria.it\/fr\/c-erbario\/\">C<\/a> | <a href=\"https:\/\/lemuria.it\/fr\/d-erbario\/\">D<\/a> | <a href=\"https:\/\/lemuria.it\/fr\/e-erbario\/\">ET<\/a> | <a href=\"https:\/\/lemuria.it\/fr\/f-erbario\/\">F<\/a> | <a href=\"https:\/\/lemuria.it\/fr\/g-erbario\/\">g<\/a> | <a href=\"https:\/\/lemuria.it\/fr\/h-erbario\/\">H<\/a> | <a href=\"https:\/\/lemuria.it\/fr\/i-erbario\/\">LE<\/a> | <a href=\"https:\/\/lemuria.it\/fr\/j-erbario\/\">J.<\/a> | <a href=\"https:\/\/lemuria.it\/fr\/k-erbario\/\">K<\/a> | <a href=\"https:\/\/lemuria.it\/fr\/l-erbario\/\">L<\/a> | <a href=\"https:\/\/lemuria.it\/fr\/m-erbario\/\">M<\/a> | <a href=\"https:\/\/lemuria.it\/fr\/n-erbario\/\">Non<\/a> | <a href=\"https:\/\/lemuria.it\/fr\/o-erbario\/\">OU<\/a> | <a href=\"https:\/\/lemuria.it\/fr\/p-erbario\/\">P.<\/a> | <a href=\"https:\/\/lemuria.it\/fr\/q-erbario\/\">Q<\/a> | <a href=\"https:\/\/lemuria.it\/fr\/r-erbario\/\">R.<\/a> | <a href=\"https:\/\/lemuria.it\/fr\/s-erbario\/\">S<\/a> | <a href=\"https:\/\/lemuria.it\/fr\/t-erbario\/\">T<\/a> | <a href=\"https:\/\/lemuria.it\/fr\/u-erbario\/\">U<\/a> | <a href=\"https:\/\/lemuria.it\/fr\/v-erbario\/\">V<\/a> | <a href=\"https:\/\/lemuria.it\/fr\/w-erbario\/\">W<\/a> | <a href=\"https:\/\/lemuria.it\/fr\/x-erbario\/\">X<\/a> | <a href=\"https:\/\/lemuria.it\/fr\/y-erbario\/\">Oui<\/a> | <a href=\"https:\/\/lemuria.it\/fr\/z-erbario\/\">Z<\/a><br \/>\n<\/span><\/p>\n\n\t\t<\/div>\n\t<\/div>\n\n\t<div class=\"wpb_accordion wpb_content_element  not-column-inherit\" data-collapsible=\"\" data-vc-disable-keydown=\"false\" data-active-tab=\"1\">\n\t\t<div class=\"wpb_wrapper wpb_accordion_wrapper ui-accordion\">\n\n\n\t<div class=\"wpb_accordion_section group\">\n\t\t<h3 class=\"wpb_accordion_header ui-accordion-header\"><a href=\"#acerola\">Ac\u00e9rola<\/a><\/h3>\n\t\t<div class=\"wpb_accordion_content ui-accordion-content vc_clearfix\">\n\t\t\t\n\t<div class=\"wpb_text_column wpb_content_element\" >\n\t\t<div class=\"wpb_wrapper\">\n\t\t\t<p>Il est utilis\u00e9 comme source de vitamine C.<\/p>\n<p><em>(SBruneton J. Pharmacognosie et phytochimie plantes m\u00e9dicinales. Ed. Lavoisier, Paris, 1993 Sannia A. Formulaire pratique de phytoth\u00e9rapie. Ed. Nouvelles techniques, Milan, 1994.)<\/em><\/p>\n\n\t\t<\/div>\n\t<\/div>\n\n\t\t<\/div>\n\t<\/div>\n\n\t<div class=\"wpb_accordion_section group\">\n\t\t<h3 class=\"wpb_accordion_header ui-accordion-header\"><a href=\"#achillea\">Achill\u00e9e<\/a><\/h3>\n\t\t<div class=\"wpb_accordion_content ui-accordion-content vc_clearfix\">\n\t\t\t\n\t<div class=\"wpb_text_column wpb_content_element\" >\n\t\t<div class=\"wpb_wrapper\">\n\t\t\t<p>Utile dans les troubles dyspeptiques et la perte d&#039;app\u00e9tit, les troubles du foie et de la v\u00e9sicule biliaire.<\/p>\n<p><em>PDR pour les plantes m\u00e9dicinales. 2000. THOMSON \u00e9diteur.<\/em><\/p>\n\n\t\t<\/div>\n\t<\/div>\n\n\t\t<\/div>\n\t<\/div>\n\n\t<div class=\"wpb_accordion_section group\">\n\t\t<h3 class=\"wpb_accordion_header ui-accordion-header\"><a href=\"#agar-agar\">Agar-Agar<\/a><\/h3>\n\t\t<div class=\"wpb_accordion_content ui-accordion-content vc_clearfix\">\n\t\t\t\n\t<div class=\"wpb_text_column wpb_content_element\" >\n\t\t<div class=\"wpb_wrapper\">\n\t\t\t<p>L&#039;effet laxatif est d\u00fb \u00e0 la capacit\u00e9 de l&#039;Agar-Agar \u00e0 absorber et \u00e0 retenir d&#039;abondantes quantit\u00e9s d&#039;eau en gonflant l&#039;intestin. Les substances mucilagineuses augmentent le volume de la masse f\u00e9cale en stimulant les muscles intestinaux et le p\u00e9ristaltisme.<\/p>\n<p><em>PDR pour les plantes m\u00e9dicinales. 2000. THOMSON \u00e9diteur.<\/em><\/p>\n<p>L&#039;Agara-Agar ne peut pas \u00eatre absorb\u00e9 et ne fermente pas.<\/p>\n<p><em>Capasso F. et coll. Phytoth\u00e9rapie. Utilisation rationnelle des m\u00e9dicaments \u00e0 base de plantes. 2006. Springer.<\/em><\/p>\n\n\t\t<\/div>\n\t<\/div>\n\n\t\t<\/div>\n\t<\/div>\n\n\t<div class=\"wpb_accordion_section group\">\n\t\t<h3 class=\"wpb_accordion_header ui-accordion-header\"><a href=\"#aglio\">Ail<\/a><\/h3>\n\t\t<div class=\"wpb_accordion_content ui-accordion-content vc_clearfix\">\n\t\t\t\n\t<div class=\"wpb_text_column wpb_content_element\" >\n\t\t<div class=\"wpb_wrapper\">\n\t\t\t<p>L&#039;ail exerce des effets antiath\u00e9rog\u00e8nes, hypolipid\u00e9miants, antihypertenseurs, antiagr\u00e9gants, vasodilatateurs et antioxydants. Il est utile pour la prophylaxie de l&#039;ath\u00e9roscl\u00e9rose, pour le traitement de l&#039;hyperlipid\u00e9mie qui ne r\u00e9pond pas suffisamment aux seuls changements alimentaires.<\/p>\n<p><em>ESCOP La Fondation Scientifique des Produits M\u00e9dicinaux \u00e0 base de Plantes. Premi\u00e8re \u00e9dition 2003<\/em><\/p>\n\n\t\t<\/div>\n\t<\/div>\n\n\t\t<\/div>\n\t<\/div>\n\n\t<div class=\"wpb_accordion_section group\">\n\t\t<h3 class=\"wpb_accordion_header ui-accordion-header\"><a href=\"#alchemilla\">Alch\u00e9mille<\/a><\/h3>\n\t\t<div class=\"wpb_accordion_content ui-accordion-content vc_clearfix\">\n\t\t\t\n\t<div class=\"wpb_text_column wpb_content_element\" >\n\t\t<div class=\"wpb_wrapper\">\n\t\t\t<p>Elle est traditionnellement utilis\u00e9e pour soulager les troubles de la m\u00e9nopause.<\/p>\n<p><em>PDR pour les plantes m\u00e9dicinales. 2000. THOMSON \u00e9diteur.<\/em><\/p>\n<p>Au cours des si\u00e8cles pass\u00e9s, l\u2019alch\u00e9mille \u00e9tait consid\u00e9r\u00e9e comme tr\u00e8s efficace pour le traitement des troubles f\u00e9minins.<\/p>\n<p><em>Bruneton J. Pharmacognosie. Phytochimie. Plantes m\u00e9dicinales. Lavoisier. 1999.\u00a0\u00a0\u00a0<\/em><\/p>\n\n\t\t<\/div>\n\t<\/div>\n\n\t\t<\/div>\n\t<\/div>\n\n\t<div class=\"wpb_accordion_section group\">\n\t\t<h3 class=\"wpb_accordion_header ui-accordion-header\"><a href=\"#alfa-alfa\">AlphaAlpha<\/a><\/h3>\n\t\t<div class=\"wpb_accordion_content ui-accordion-content vc_clearfix\">\n\t\t\t\n\t<div class=\"wpb_text_column wpb_content_element\" >\n\t\t<div class=\"wpb_wrapper\">\n\t\t\t<p>Il est utilis\u00e9 comme source naturelle de vitamines A, C, E et K4 ainsi que de min\u00e9raux tels que le calcium, le potassium, le phosphore et le fer.<\/p>\n<p><em>Base de donn\u00e9es compl\u00e8te sur les m\u00e9decines naturelles. Informations cliniques scientifiques impartiales sur les produits compl\u00e9mentaires, alternatifs et<\/em><\/p>\n\n\t\t<\/div>\n\t<\/div>\n\n\t\t<\/div>\n\t<\/div>\n\n\t<div class=\"wpb_accordion_section group\">\n\t\t<h3 class=\"wpb_accordion_header ui-accordion-header\"><a href=\"#alga-chlorella\">Algues chlorelles<\/a><\/h3>\n\t\t<div class=\"wpb_accordion_content ui-accordion-content vc_clearfix\">\n\t\t\t\n\t<div class=\"wpb_text_column wpb_content_element\" >\n\t\t<div class=\"wpb_wrapper\">\n\t\t\t<p>Les algues chlorella contenues dans les compl\u00e9ments alimentaires sont utilis\u00e9es comme source de nutriments tels que des prot\u00e9ines, des acides nucl\u00e9iques, des fibres, des vitamines et des min\u00e9raux.<\/p>\n\n\t\t<\/div>\n\t<\/div>\n\n\t\t<\/div>\n\t<\/div>\n\n\t<div class=\"wpb_accordion_section group\">\n\t\t<h3 class=\"wpb_accordion_header ui-accordion-header\"><a href=\"#alga-dunaliella\">Algue Dunaliella<\/a><\/h3>\n\t\t<div class=\"wpb_accordion_content ui-accordion-content vc_clearfix\">\n\t\t\t\n\t<div class=\"wpb_text_column wpb_content_element\" >\n\t\t<div class=\"wpb_wrapper\">\n\t\t\t<p>Source naturelle de -carot\u00e8ne, pr\u00e9curseur de la vitamine A.<\/p>\n<p>Dans des \u00e9tudes in vivo, les algues Dunaliella ont inhib\u00e9 l&#039;ath\u00e9rogen\u00e8se.<\/p>\n<p><em>Harari A. et l. Pr\u00e9vention de la progression de l&#039;ath\u00e9roscl\u00e9rose par l&#039;algue Dunaliella riche en 9-cis-\u03b2-carot\u00e8ne chez des souris d\u00e9ficientes en apoE. Biomed Res Int.2013\u00a0;2013\u00a0:\u00a0169517.<\/em><\/p>\n\n\t\t<\/div>\n\t<\/div>\n\n\t\t<\/div>\n\t<\/div>\n\n\t<div class=\"wpb_accordion_section group\">\n\t\t<h3 class=\"wpb_accordion_header ui-accordion-header\"><a href=\"#alga-spirulina\">Algues spiruline<\/a><\/h3>\n\t\t<div class=\"wpb_accordion_content ui-accordion-content vc_clearfix\">\n\t\t\t\n\t<div class=\"wpb_text_column wpb_content_element\" >\n\t\t<div class=\"wpb_wrapper\">\n\t\t\t<p>Les algues spiruline renforceraient la r\u00e9sistance \u00e0 l\u2019effort physique lors de la course \u00e0 pied.<\/p>\n<p><em>Kalafati M, Jamurtas AZ, Nikolaidis MG et al. Effets ergog\u00e8nes et antioxydants de la suppl\u00e9mentation en spiruline chez l&#039;homme. Exercice Med Sci Sports 2010\u00a0; 42\u00a0:\u00a0142-51.<\/em><\/p>\n\n\t\t<\/div>\n\t<\/div>\n\n\t\t<\/div>\n\t<\/div>\n\n\t<div class=\"wpb_accordion_section group\">\n\t\t<h3 class=\"wpb_accordion_header ui-accordion-header\"><a href=\"#aloe\">Alo\u00e8s<\/a><\/h3>\n\t\t<div class=\"wpb_accordion_content ui-accordion-content vc_clearfix\">\n\t\t\t\n\t<div class=\"wpb_text_column wpb_content_element\" >\n\t\t<div class=\"wpb_wrapper\">\n\t\t\t<p>Elle a une action cicatrisante, anti-inflammatoire, \u00e9molliente et hydratante.<\/p>\n<p><em>Base de donn\u00e9es compl\u00e8te sur les m\u00e9decines naturelles. Informations cliniques scientifiques impartiales sur les produits compl\u00e9mentaires, alternatifs et<\/em><\/p>\n<p>L&#039;alo\u00e8s peut stimuler la r\u00e9ponse immunitaire en augmentant l&#039;immunit\u00e9 humorale.<\/p>\n<p><em>Halder S et coll. R\u00e9ponse immunitaire humorale augment\u00e9e et diminution de l\u2019immunit\u00e9 \u00e0 m\u00e9diation cellulaire par l\u2019Aloe vera chez le rat. Inflammopharmacologie. d\u00e9cembre 2012;20(6):343-6.<\/em><\/p>\n<p>Les sujets ayant pris un suppl\u00e9ment nutritionnel \u00e0 base d&#039;alo\u00e8s ont montr\u00e9 une r\u00e9duction du TNF-\u03b1, du facteur de croissance endoth\u00e9lial et des interleukines 2 et 4.<\/p>\n<p><em>Lewis JE et coll. L&#039;effet d&#039;un complexe multinutriment d&#039;aloe polymannose sur le fonctionnement cognitif et immunitaire dans la maladie d&#039;Alzheimer. J Alzheimer Dis. 2013;33(2):393-406.<\/em><\/p>\n\n\t\t<\/div>\n\t<\/div>\n\n\t\t<\/div>\n\t<\/div>\n\n\t<div class=\"wpb_accordion_section group\">\n\t\t<h3 class=\"wpb_accordion_header ui-accordion-header\"><a href=\"#altea\">Altea<\/a><\/h3>\n\t\t<div class=\"wpb_accordion_content ui-accordion-content vc_clearfix\">\n\t\t\t\n\t<div class=\"wpb_text_column wpb_content_element\" >\n\t\t<div class=\"wpb_wrapper\">\n\t\t\t<p>Pour le traitement de la toux s\u00e8che et des irritations de la muqueuse buccale et pharyng\u00e9e.<\/p>\n<p><em>ESCOP La Fondation Scientifique des Produits M\u00e9dicinaux \u00e0 base de Plantes. Premi\u00e8re Deuxi\u00e8me \u00c9dition. 2003<\/em><\/p>\n<p>La guimauve soulage les irritations des muqueuses de la cavit\u00e9 buccale et du pharynx, a une action anti-inflammatoire et immunostimulante.<\/p>\n<p>La Commission E allemande recommande son utilisation contre la toux et la bronchite.<\/p>\n<p><em>PDR pour les plantes m\u00e9dicinales. 2000. THOMSON \u00e9diteur.<\/em><\/p>\n<p>Les racines et les feuilles contiennent des mucilages polysaccharidiques ayant un effet \u00e9mollient et protecteur sur les muqueuses.<\/p>\n<p><em>PDR pour les plantes m\u00e9dicinales. 2000. THOMSON \u00e9diteur.<\/em><\/p>\n\n\t\t<\/div>\n\t<\/div>\n\n\t\t<\/div>\n\t<\/div>\n\n\t<div class=\"wpb_accordion_section group\">\n\t\t<h3 class=\"wpb_accordion_header ui-accordion-header\"><a href=\"#ananas\">Ananas<\/a><\/h3>\n\t\t<div class=\"wpb_accordion_content ui-accordion-content vc_clearfix\">\n\t\t\t\n\t<div class=\"wpb_text_column wpb_content_element\" >\n\t\t<div class=\"wpb_wrapper\">\n\t\t\t<p>Il a des effets anti-inflammatoires, fibrinolytiques et prot\u00e9olytiques. Les enzymes prot\u00e9olytiques favorisent la cicatrisation des plaies. Une inhibition de l\u2019agr\u00e9gation plaquettaire et une meilleure absorption des antibiotiques ont \u00e9galement \u00e9t\u00e9 observ\u00e9es lors d\u2019une administration simultan\u00e9e.<\/p>\n<p>Il peut \u00eatre utilis\u00e9 pour traiter l\u2019\u0153d\u00e8me. Il a des effets anti-inflammatoires, fibrinolytiques et prot\u00e9olytiques. Les enzymes prot\u00e9olytiques favorisent la cicatrisation des plaies.<\/p>\n<p><em>PDR pour les plantes m\u00e9dicinales. 2000. THOMSON \u00e9diteur.<\/em><\/p>\n\n\t\t<\/div>\n\t<\/div>\n\n\t\t<\/div>\n\t<\/div>\n\n\t<div class=\"wpb_accordion_section group\">\n\t\t<h3 class=\"wpb_accordion_header ui-accordion-header\"><a href=\"#angelica\">Ang\u00e9lique<\/a><\/h3>\n\t\t<div class=\"wpb_accordion_content ui-accordion-content vc_clearfix\">\n\t\t\t\n\t<div class=\"wpb_text_column wpb_content_element\" >\n\t\t<div class=\"wpb_wrapper\">\n\t\t\t<p>Utile dans les troubles dyspeptiques et la perte d&#039;app\u00e9tit<\/p>\n<p><em>PDR pour les plantes m\u00e9dicinales. 2000. THOMSON \u00e9diteur.<\/em><\/p>\n\n\t\t<\/div>\n\t<\/div>\n\n\t\t<\/div>\n\t<\/div>\n\n\t<div class=\"wpb_accordion_section group\">\n\t\t<h3 class=\"wpb_accordion_header ui-accordion-header\"><a href=\"#anice\">Anis<\/a><\/h3>\n\t\t<div class=\"wpb_accordion_content ui-accordion-content vc_clearfix\">\n\t\t\t\n\t<div class=\"wpb_text_column wpb_content_element\" >\n\t\t<div class=\"wpb_wrapper\">\n\t\t\t<p>L&#039;anis est traditionnellement utilis\u00e9 pour traiter les flatulences, les coliques et comme digestif.<\/p>\n<p>La Commission E approuve son utilisation dans les troubles dyspeptiques.<\/p>\n<p><em>PDR pour les plantes m\u00e9dicinales. 2000. THOMSON \u00e9diteur.<\/em><\/p>\n<p>En m\u00e9decine traditionnelle, il est \u00e9galement utilis\u00e9 comme galactagogue.<\/p>\n<p><em>Organisation mondiale de la sant\u00e9 2007. Monographies de l&#039;OMS sur certaines plantes m\u00e9dicinales. Vol.3.<\/em><\/p>\n\n\t\t<\/div>\n\t<\/div>\n\n\t\t<\/div>\n\t<\/div>\n\n\t<div class=\"wpb_accordion_section group\">\n\t\t<h3 class=\"wpb_accordion_header ui-accordion-header\"><a href=\"#arancio-scorze\">\u00c9corces d&#039;orange<\/a><\/h3>\n\t\t<div class=\"wpb_accordion_content ui-accordion-content vc_clearfix\">\n\t\t\t\n\t<div class=\"wpb_text_column wpb_content_element\" >\n\t\t<div class=\"wpb_wrapper\">\n\t\t\t<p>Favorise la s\u00e9cr\u00e9tion des sucs gastriques. Son utilisation est indiqu\u00e9e pour traiter les troubles dyspeptiques et la perte d&#039;app\u00e9tit.<\/p>\n<p><em>PDR pour les plantes m\u00e9dicinales. 2000. THOMSON \u00e9diteur.<\/em><\/p>\n\n\t\t<\/div>\n\t<\/div>\n\n\t\t<\/div>\n\t<\/div>\n\n\t<div class=\"wpb_accordion_section group\">\n\t\t<h3 class=\"wpb_accordion_header ui-accordion-header\"><a href=\"#argilla-ventilata\">Argile Ventil\u00e9e<\/a><\/h3>\n\t\t<div class=\"wpb_accordion_content ui-accordion-content vc_clearfix\">\n\t\t\t\n\t<div class=\"wpb_text_column wpb_content_element\" >\n\t\t<div class=\"wpb_wrapper\">\n\t\t\t<p>Connu depuis l&#039;Antiquit\u00e9 pour son pouvoir adsorbant, purifiant et apaisant ; contr\u00f4le les gaz intestinaux.<\/p>\n\n\t\t<\/div>\n\t<\/div>\n\n\t\t<\/div>\n\t<\/div>\n\n\t<div class=\"wpb_accordion_section group\">\n\t\t<h3 class=\"wpb_accordion_header ui-accordion-header\"><a href=\"#astragalo\">Astragale<\/a><\/h3>\n\t\t<div class=\"wpb_accordion_content ui-accordion-content vc_clearfix\">\n\t\t\t\n\t<div class=\"wpb_text_column wpb_content_element\" >\n\t\t<div class=\"wpb_wrapper\">\n\t\t\t<p>On pense qu\u2019il stimule le syst\u00e8me immunitaire par de multiples m\u00e9canismes. Augmenter la production d&#039;immunoglobulines Iga et IgM dans les s\u00e9cr\u00e9tions nasales chez l&#039;homme, stimuler les macrophages, augmenter la phagocytose et renforcer l&#039;effet de l&#039;interf\u00e9ron, activer les lymphocytes et les cellules Natural Killer.<\/p>\n<p><em>Capasso F. et coll. Phytoth\u00e9rapie. Utilisation rationnelle des m\u00e9dicaments \u00e0 base de plantes. 2006. Springer.<\/em><\/p>\n\n\t\t<\/div>\n\t<\/div>\n\n\t\t<\/div>\n\t<\/div>\n\n\t<div class=\"wpb_accordion_section group\">\n\t\t<h3 class=\"wpb_accordion_header ui-accordion-header\"><a href=\"#avena\">Avoine<\/a><\/h3>\n\t\t<div class=\"wpb_accordion_content ui-accordion-content vc_clearfix\">\n\t\t\t\n\t<div class=\"wpb_text_column wpb_content_element\" >\n\t\t<div class=\"wpb_wrapper\">\n\t\t\t<p>Selon diverses \u00e9tudes, l\u2019avoine aurait la capacit\u00e9 de r\u00e9duire le taux de cholest\u00e9rol et d\u2019entraver la biosynth\u00e8se des prostaglandines. L\u2019effet hypocholest\u00e9rol\u00e9miant serait d\u00fb aux polysaccharides, notamment les b\u00eata-glucanes.<\/p>\n<p><em>PDR pour les plantes m\u00e9dicinales. 2000. THOMSON \u00e9diteur.<\/em><\/p>\n<p>Traditionnellement utilis\u00e9 pour le traitement des \u00e9tats aigus et chroniques d\u2019anxi\u00e9t\u00e9, de stress, de difficult\u00e9s de sommeil.<\/p>\n<p><em>PDR pour les plantes m\u00e9dicinales. 2000. THOMSON \u00e9diteur.<\/em><\/p>\n\n\t\t<\/div>\n\t<\/div>\n\n\t\t<\/div>\n\t<\/div>\n\n\t\t<\/div>\n\t<\/div>\n<div class=\"vc_empty_space\"   style=\"height: 32px\" ><span class=\"vc_empty_space_inner\"><\/span><\/div>\n\n\t<div class=\"wpb_text_column wpb_content_element\" >\n\t\t<div class=\"wpb_wrapper\">\n\t\t\t<p><b>Livres recommand\u00e9s\u00a0:<\/b><\/p>\n<p><strong>Textes pour l&#039;\u00e9tude scientifique de la phytoth\u00e9rapie<br \/>\n\u2013\u00a0<\/strong>Lugli A. Conna\u00eetre les plantes m\u00e9dicinales. 40 fiches pratiques, de nombreuses curiosit\u00e9s et suggestions utiles. \u00c9ditions Aboca. 2010.<br \/>\n\u2013 Capasso F. et al. Phytoth\u00e9rapie. Utilisation rationnelle des m\u00e9dicaments \u00e0 base de plantes. \u00c9ditions Springer. 2006.<br \/>\n- Cloches. Dictionnaire de phytoth\u00e9rapie et de plantes m\u00e9dicinales. Nouvelles techniques. 2012.<br \/>\n<strong>ESCOP - Coop\u00e9ration Scientifique Europ\u00e9enne en Phytoth\u00e9rapie :<br \/>\n\u2013\u00a0<\/strong>Monographies ESCOP Les bases scientifiques des produits phytoth\u00e9rapeutiques. \u00c9dition italienne de la deuxi\u00e8me \u00e9dition anglaise \u00e9dit\u00e9e par Planta Medica Edizioni.2006.<br \/>\n<strong>version anglaise<\/strong>: Monographies Sur les usages m\u00e9dicinaux des m\u00e9dicaments v\u00e9g\u00e9taux Coop\u00e9rative Scientifique Europ\u00e9enne de Phytoth\u00e9rapie. Deuxi\u00e8me \u00e9dition 2003. Thieme.<br \/>\n\u2013 Monographies ESCOP Sur les usages m\u00e9dicinaux des m\u00e9dicaments v\u00e9g\u00e9taux Coop\u00e9rative scientifique europ\u00e9enne de phytoth\u00e9rapie. Deuxi\u00e8me \u00e9dition Suppl\u00e9ment 2009. Thieme.<br \/>\n\u2013 Monographies de l&#039;OMS Plantes m\u00e9dicinales s\u00e9lectionn\u00e9es. Vol.1-2-3-4-5. Organisation mondiale de la sant\u00e9 Gen\u00e8ve.<br \/>\n<strong>T\u00e9l\u00e9chargeable sur le lien<\/strong>: http:\/\/apps.who.int\/medicinedoc\/en\/d\/Js2200e\/<br \/>\n\u2013 Phytoth\u00e9rapie : Monographies \u00e9largies de la Commission E. Conseil botanique am\u00e9ricain. 2000<br \/>\n\u2013 Blumental L. Le guide clinique ABC des herbes. Le Conseil botanique am\u00e9ricain. 2003<br \/>\n\u2013 PDR pour les plantes m\u00e9dicinales. 2000. THOMSON \u00e9diteur.<\/p>\n\n\t\t<\/div>\n\t<\/div>\n<div class=\"vc_empty_space\"   style=\"height: 50px\" ><span class=\"vc_empty_space_inner\"><\/span><\/div>\n<\/div><\/div><\/div><\/div>","protected":false},"excerpt":{"rendered":"INFORMAZIONI DALLA LETTERATURA SCIENTIFICA Qui di seguito proponiamo alcune citazioni tratte da importanti manuali di fitoterapia, da pagine web, da studi scientifici, sia italiani che stranieri. A | B | C | D | E | F | G | H | I | J | K | L | M | N | O [...]","protected":false},"author":13,"featured_media":0,"parent":0,"menu_order":0,"comment_status":"closed","ping_status":"closed","template":"page-full.php","meta":{"_acf_changed":false,"footnotes":""},"tags":[],"acf":[],"_links":{"self":[{"href":"https:\/\/lemuria.it\/fr\/wp-json\/wp\/v2\/pages\/8537"}],"collection":[{"href":"https:\/\/lemuria.it\/fr\/wp-json\/wp\/v2\/pages"}],"about":[{"href":"https:\/\/lemuria.it\/fr\/wp-json\/wp\/v2\/types\/page"}],"author":[{"embeddable":true,"href":"https:\/\/lemuria.it\/fr\/wp-json\/wp\/v2\/users\/13"}],"replies":[{"embeddable":true,"href":"https:\/\/lemuria.it\/fr\/wp-json\/wp\/v2\/comments?post=8537"}],"version-history":[{"count":24,"href":"https:\/\/lemuria.it\/fr\/wp-json\/wp\/v2\/pages\/8537\/revisions"}],"predecessor-version":[{"id":9682,"href":"https:\/\/lemuria.it\/fr\/wp-json\/wp\/v2\/pages\/8537\/revisions\/9682"}],"wp:attachment":[{"href":"https:\/\/lemuria.it\/fr\/wp-json\/wp\/v2\/media?parent=8537"}],"wp:term":[{"taxonomy":"post_tag","embeddable":true,"href":"https:\/\/lemuria.it\/fr\/wp-json\/wp\/v2\/tags?post=8537"}],"curies":[{"name":"wp","href":"https:\/\/api.w.org\/{rel}","templated":true}]}}