{"id":9532,"date":"2023-09-07T18:41:08","date_gmt":"2023-09-07T16:41:08","guid":{"rendered":"https:\/\/www.lemuria.it\/?post_type=product&#038;p=9532"},"modified":"2023-09-07T18:56:54","modified_gmt":"2023-09-07T16:56:54","slug":"caramelle-bio-artigianali-limone-propoli-rosa-canina","status":"publish","type":"product","link":"https:\/\/lemuria.it\/es\/producto\/caramelle-bio-artigianali-limone-propoli-rosa-canina\/","title":{"rendered":"CARAMELO ARTESANAL ORG\u00c1NICO LIM\u00d3N, PROP\u00d3LEO, ROSA MOSQUETA"},"content":{"rendered":"<p><strong>UTILI AL BENESSERE DELLE VIE RESPIRATORIE GUSTO GRADEVOLE<\/strong><\/p>\n<p>&nbsp;<\/p>\n<p>Ingredientes:<\/p>\n<p>sciroppo di riso *<strong>,\u00a0<\/strong>O.E. limone*, propoli*, rosa canina*<\/p>\n<p>*materie prime biologiche.\u00a0<strong>Senza glutine. Pu\u00f2 contenere tracce di sesamo.\u00a0<\/strong>Conservare in luogo fresco e asciutto, lontano da fonti di calore.<\/p>","protected":false},"excerpt":{"rendered":"<p><strong>UTILI AL BENESSERE DELLE VIE RESPIRATORIE GUSTO GRADEVOLE<\/strong><\/p>\n<p>&nbsp;<\/p>\n<p><strong>EMBALAJE:<\/strong><\/p>\n<p>1 KG<\/p>\n<p><strong>PRECIO:<\/strong><\/p>\n<p>\u20ac 36,00<\/p>\n<p>&nbsp;<\/p>\n<p>Consulte la ficha t\u00e9cnica a continuaci\u00f3n<\/p>","protected":false},"featured_media":9533,"comment_status":"closed","ping_status":"closed","template":"","meta":{"_acf_changed":false},"product_cat":[82,104,67],"product_tag":[331,121,125,334],"acf":[],"_links":{"self":[{"href":"https:\/\/lemuria.it\/es\/wp-json\/wp\/v2\/product\/9532"}],"collection":[{"href":"https:\/\/lemuria.it\/es\/wp-json\/wp\/v2\/product"}],"about":[{"href":"https:\/\/lemuria.it\/es\/wp-json\/wp\/v2\/types\/product"}],"replies":[{"embeddable":true,"href":"https:\/\/lemuria.it\/es\/wp-json\/wp\/v2\/comments?post=9532"}],"wp:featuredmedia":[{"embeddable":true,"href":"https:\/\/lemuria.it\/es\/wp-json\/wp\/v2\/media\/9533"}],"wp:attachment":[{"href":"https:\/\/lemuria.it\/es\/wp-json\/wp\/v2\/media?parent=9532"}],"wp:term":[{"taxonomy":"product_cat","embeddable":true,"href":"https:\/\/lemuria.it\/es\/wp-json\/wp\/v2\/product_cat?post=9532"},{"taxonomy":"product_tag","embeddable":true,"href":"https:\/\/lemuria.it\/es\/wp-json\/wp\/v2\/product_tag?post=9532"}],"curies":[{"name":"wp","href":"https:\/\/api.w.org\/{rel}","templated":true}]}}