{"id":9529,"date":"2023-09-07T17:55:31","date_gmt":"2023-09-07T15:55:31","guid":{"rendered":"https:\/\/www.lemuria.it\/?post_type=product&#038;p=9529"},"modified":"2023-09-07T18:38:09","modified_gmt":"2023-09-07T16:38:09","slug":"caramelle-bio-artigianali-propoli-eucalipto-menta-mentolo-pino-mugo-timo-bianco","status":"publish","type":"product","link":"https:\/\/lemuria.it\/es\/producto\/caramelle-bio-artigianali-propoli-eucalipto-menta-mentolo-pino-mugo-timo-bianco\/","title":{"rendered":"CARAMELO ORG\u00c1NICO ARTESANO PROP\u00d3LEO, EUCALIPTO, MENTA, MENTOL, PINO DE MONTA\u00d1A, TOMILLO BLANCO"},"content":{"rendered":"<p><strong>UTILI AL BENESSERE DELLE VIE RESPIRATORIE<\/strong><\/p>\n<p>&nbsp;<\/p>\n<p>Ingredientes:<\/p>\n<p>sciroppo di riso *<strong>,\u00a0<\/strong>propoli*, O.E. eucalipto *, mentolo*, O.E. pino mugo*, O.E.. timo bianco*, O.E. menta*.<\/p>\n<p>*materie prime biologiche.\u00a0<strong>Senza glutine. Pu\u00f2 contenere tracce di sesamo.\u00a0<\/strong>Conservare in luogo fresco e asciutto, lontano da fonti di calore.<\/p>","protected":false},"excerpt":{"rendered":"<p><strong>UTILI AL BENESSERE DELLE VIE RESPIRATORIE<\/strong><\/p>\n<p>&nbsp;<\/p>\n<p><strong>EMBALAJE:<\/strong><\/p>\n<p>1 KG<\/p>\n<p><strong>PRECIO:<\/strong><\/p>\n<p>\u20ac 36,00<\/p>\n<p>&nbsp;<\/p>\n<p>Consulte la ficha t\u00e9cnica a continuaci\u00f3n<\/p>","protected":false},"featured_media":9530,"comment_status":"closed","ping_status":"closed","template":"","meta":{"_acf_changed":false},"product_cat":[82,104,67,333],"product_tag":[331,334],"acf":[],"_links":{"self":[{"href":"https:\/\/lemuria.it\/es\/wp-json\/wp\/v2\/product\/9529"}],"collection":[{"href":"https:\/\/lemuria.it\/es\/wp-json\/wp\/v2\/product"}],"about":[{"href":"https:\/\/lemuria.it\/es\/wp-json\/wp\/v2\/types\/product"}],"replies":[{"embeddable":true,"href":"https:\/\/lemuria.it\/es\/wp-json\/wp\/v2\/comments?post=9529"}],"wp:featuredmedia":[{"embeddable":true,"href":"https:\/\/lemuria.it\/es\/wp-json\/wp\/v2\/media\/9530"}],"wp:attachment":[{"href":"https:\/\/lemuria.it\/es\/wp-json\/wp\/v2\/media?parent=9529"}],"wp:term":[{"taxonomy":"product_cat","embeddable":true,"href":"https:\/\/lemuria.it\/es\/wp-json\/wp\/v2\/product_cat?post=9529"},{"taxonomy":"product_tag","embeddable":true,"href":"https:\/\/lemuria.it\/es\/wp-json\/wp\/v2\/product_tag?post=9529"}],"curies":[{"name":"wp","href":"https:\/\/api.w.org\/{rel}","templated":true}]}}