{"id":9450,"date":"2021-03-05T10:40:01","date_gmt":"2021-03-05T09:40:01","guid":{"rendered":"https:\/\/www.lemuria.it\/?post_type=product&#038;p=9450"},"modified":"2022-01-07T18:43:30","modified_gmt":"2022-01-07T17:43:30","slug":"e-t-echinacea-100ml","status":"publish","type":"product","link":"https:\/\/lemuria.it\/es\/producto\/y-echinacea-100ml\/","title":{"rendered":"ET EQUIN\u00c1CEA 100ml"},"content":{"rendered":"<p><strong>VALENCIA FISIOL\u00d3GICA<\/strong><\/p>\n<p>La ra\u00edz de equin\u00e1cea favorece las defensas naturales del organismo.<\/p>\n<p><strong>INGREDIENTES<\/strong><\/p>\n<p>Fructosa, Agua, Equin\u00e1cea (Echinacea purpurea Moench L.). ra\u00edz, extraer (D:E=1:1). Este es un extracto total 1:1 en soluci\u00f3n de fructosa 70%.<\/p>\n<p><strong>CONSEJOS DE USO<\/strong><\/p>\n<p>Ni\u00f1os a partir de 12 a\u00f1os: 10 gotas 3 veces al d\u00eda. Ni\u00f1os a partir de 6 a\u00f1os: 6 gotas 3 veces al d\u00eda. Adultos: 20 gotas 2\/3 veces al d\u00eda. Las gotas se pueden tomar directamente en la boca o diluidas en un poco de l\u00edquido.<\/p>\n<p><strong>EMBALAJE:<br \/>\n<\/strong><\/p>\n<p>botella de 100ml<\/p>","protected":false},"excerpt":{"rendered":"<p><em><strong>Equin\u00e1cea (Echinacea Purpurea Moench)<\/strong><\/em><\/p>\n<p>La ra\u00edz de equin\u00e1cea favorece las defensas naturales del organismo.<\/p>\n<p>&nbsp;<\/p>\n<p><strong>EMBALAJE:<br \/>\n<\/strong><\/p>\n<p>botella de 100ml<\/p>\n<p><strong>PRECIO:<\/strong><\/p>\n<p>\u20ac 33,00<\/p>\n<p>&nbsp;<\/p>\n<p>COMPLEMENTO ALIMENTICIO A BASE DE PLANTAS Y DERIVADOS<\/p>\n<p>Consulte la ficha t\u00e9cnica a continuaci\u00f3n<\/p>","protected":false},"featured_media":9449,"comment_status":"open","ping_status":"closed","template":"","meta":{"_acf_changed":false},"product_cat":[69,62,84,67],"product_tag":[65,111,64],"acf":[],"_links":{"self":[{"href":"https:\/\/lemuria.it\/es\/wp-json\/wp\/v2\/product\/9450"}],"collection":[{"href":"https:\/\/lemuria.it\/es\/wp-json\/wp\/v2\/product"}],"about":[{"href":"https:\/\/lemuria.it\/es\/wp-json\/wp\/v2\/types\/product"}],"replies":[{"embeddable":true,"href":"https:\/\/lemuria.it\/es\/wp-json\/wp\/v2\/comments?post=9450"}],"wp:featuredmedia":[{"embeddable":true,"href":"https:\/\/lemuria.it\/es\/wp-json\/wp\/v2\/media\/9449"}],"wp:attachment":[{"href":"https:\/\/lemuria.it\/es\/wp-json\/wp\/v2\/media?parent=9450"}],"wp:term":[{"taxonomy":"product_cat","embeddable":true,"href":"https:\/\/lemuria.it\/es\/wp-json\/wp\/v2\/product_cat?post=9450"},{"taxonomy":"product_tag","embeddable":true,"href":"https:\/\/lemuria.it\/es\/wp-json\/wp\/v2\/product_tag?post=9450"}],"curies":[{"name":"wp","href":"https:\/\/api.w.org\/{rel}","templated":true}]}}