{"id":8934,"date":"2016-04-11T18:25:40","date_gmt":"2016-04-11T16:25:40","guid":{"rendered":"https:\/\/www.lemuria.it\/?post_type=product&#038;p=8934"},"modified":"2022-01-07T19:05:40","modified_gmt":"2022-01-07T18:05:40","slug":"lady-in-pellelem","status":"publish","type":"product","link":"https:\/\/lemuria.it\/es\/producto\/dama-en-leatherlem\/","title":{"rendered":"DAMA EN CUERO"},"content":{"rendered":"<p><strong>VALENCIA FISIOL\u00d3GICA<\/strong><\/p>\n<p>La hierba de violeta y la ra\u00edz de bardana favorecen las funciones depurativas del organismo y el bienestar de la piel.<\/p>\n<p><strong>\u00a0INGREDIENTES<\/strong><\/p>\n<p>Agua, fructosa, hierba con flores de viola (Viola tricolor L.) ex D\/E 4:1, ra\u00edz de bardana (Arctium lappa L.) ex tit. a 2% en inulina, Abedul (Betula pendula Roth.) deja tit. a 2,5% en hiper\u00f3sido, el t\u00e9 verde (Camellia sinesis (L.) Kuntze) deja tit. a 20% en polifenoles y a 5% en cafe\u00edna, frutos de cardo mariano (Silybum marianum Gaertn.) tit. al 2% en silimarina, Aromatizante, Acidulante: \u00e1cido c\u00edtrico, Conservantes: sorbato pot\u00e1sico y benzoato s\u00f3dico.<\/p>\n<p><strong>\u00a0CONSEJOS DE USO<\/strong><\/p>\n<p>Para un uso correcto se recomienda tomar 10 o 20 ml de producto al d\u00eda. El producto se puede tomar tal cual o diluido en agua.<\/p>\n<p><strong>EMBALAJE:<br \/>\n<\/strong><\/p>\n<p>botella de 200ml<\/p>","protected":false},"excerpt":{"rendered":"<p><strong>PROMUEVE LA PURIFICACI\u00d3N Y EL BIENESTAR DE LA PIEL<\/strong><\/p>\n<p>La hierba de violeta y la ra\u00edz de bardana favorecen las funciones depurativas del organismo y el bienestar de la piel.<\/p>\n<p><strong>EMBALAJE:<br \/>\n<\/strong><\/p>\n<p>botella de 200ml<\/p>\n<p><strong>PRECIO:<br \/>\n<\/strong><\/p>\n<p>\u20ac 17,50<\/p>\n<p>COMPLEMENTO ALIMENTICIO A BASE DE PLANTAS Y DERIVADOS<\/p>\n<p>&nbsp;<\/p>\n<p>Consulte la ficha t\u00e9cnica a continuaci\u00f3n<\/p>","protected":false},"featured_media":8935,"comment_status":"open","ping_status":"closed","template":"","meta":{"_acf_changed":false},"product_cat":[81,99,92,67],"product_tag":[213,299],"acf":[],"_links":{"self":[{"href":"https:\/\/lemuria.it\/es\/wp-json\/wp\/v2\/product\/8934"}],"collection":[{"href":"https:\/\/lemuria.it\/es\/wp-json\/wp\/v2\/product"}],"about":[{"href":"https:\/\/lemuria.it\/es\/wp-json\/wp\/v2\/types\/product"}],"replies":[{"embeddable":true,"href":"https:\/\/lemuria.it\/es\/wp-json\/wp\/v2\/comments?post=8934"}],"wp:featuredmedia":[{"embeddable":true,"href":"https:\/\/lemuria.it\/es\/wp-json\/wp\/v2\/media\/8935"}],"wp:attachment":[{"href":"https:\/\/lemuria.it\/es\/wp-json\/wp\/v2\/media?parent=8934"}],"wp:term":[{"taxonomy":"product_cat","embeddable":true,"href":"https:\/\/lemuria.it\/es\/wp-json\/wp\/v2\/product_cat?post=8934"},{"taxonomy":"product_tag","embeddable":true,"href":"https:\/\/lemuria.it\/es\/wp-json\/wp\/v2\/product_tag?post=8934"}],"curies":[{"name":"wp","href":"https:\/\/api.w.org\/{rel}","templated":true}]}}