{"id":8931,"date":"2016-04-11T18:15:08","date_gmt":"2016-04-11T16:15:08","guid":{"rendered":"https:\/\/www.lemuria.it\/?post_type=product&#038;p=8931"},"modified":"2022-01-07T19:07:30","modified_gmt":"2022-01-07T18:07:30","slug":"lady-in-ciclolem","status":"publish","type":"product","link":"https:\/\/lemuria.it\/es\/producto\/dama-en-ciclolem\/","title":{"rendered":"DAMA EN CICLOLEMA"},"content":{"rendered":"<p><strong>VALENCIA FISIOL\u00d3GICA<\/strong><\/p>\n<p>Los frutos del rizoma de jengibre, el hinojo y el sauzgatillo son \u00fatiles para combatir los trastornos del ciclo menstrual.<\/p>\n<p><strong>\u00a0INGREDIENTES<\/strong><\/p>\n<p>Fruto de Hinojo (Foeniculum vulgare Mill) titulado con 1% en aceite esencial, C\u00e1psula de gelatina vegetal (Hidroxipropilmetilcelulosa), Rizoma de Jengibre (Zingiber officinalis Roscoe) titulado. a 5% en gingeroles, hojas de melisa (Melissa officinalis L.) tit. a 4% en \u00e1cido rosmar\u00ednico, maltodextrina, agentes de carga: celulosa y fosfato c\u00e1lcico, sauzgatillo (Vitex agnus-castus L.) tit del fruto. a 0,5% en agnusido, Antiaglomerantes: di\u00f3xido de silicio y estearato de magnesio.<\/p>\n<p><strong>\u00a0CONSEJOS DE USO<\/strong><\/p>\n<p>Para un uso correcto se recomienda tomar de 1 a 3 c\u00e1psulas al d\u00eda, con abundante agua.<\/p>\n<p><strong>EMBALAJE:<br \/>\n<\/strong><\/p>\n<p>Frasco de 60 c\u00e1psulas<\/p>","protected":false},"excerpt":{"rendered":"<p><strong>\u00daTIL PARA LOS TRASTORNOS DEL CICLO MENSTRUAL<\/strong><\/p>\n<p>Los frutos del rizoma de jengibre, el hinojo y el sauzgatillo son \u00fatiles para combatir los trastornos del ciclo menstrual.<\/p>\n<p><strong>EMBALAJE:<br \/>\n<\/strong><\/p>\n<p>Frasco de 60 c\u00e1psulas<\/p>\n<p><strong>PRECIO:<br \/>\n<\/strong><\/p>\n<p>\u20ac 18,50<\/p>\n<p>COMPLEMENTO ALIMENTICIO A BASE DE PLANTAS Y DERIVADOS<\/p>\n<p>&nbsp;<\/p>\n<p>Consulte la ficha t\u00e9cnica a continuaci\u00f3n<\/p>","protected":false},"featured_media":8932,"comment_status":"open","ping_status":"closed","template":"","meta":{"_acf_changed":false},"product_cat":[294,87,99,67],"product_tag":[297,298,213],"acf":[],"_links":{"self":[{"href":"https:\/\/lemuria.it\/es\/wp-json\/wp\/v2\/product\/8931"}],"collection":[{"href":"https:\/\/lemuria.it\/es\/wp-json\/wp\/v2\/product"}],"about":[{"href":"https:\/\/lemuria.it\/es\/wp-json\/wp\/v2\/types\/product"}],"replies":[{"embeddable":true,"href":"https:\/\/lemuria.it\/es\/wp-json\/wp\/v2\/comments?post=8931"}],"wp:featuredmedia":[{"embeddable":true,"href":"https:\/\/lemuria.it\/es\/wp-json\/wp\/v2\/media\/8932"}],"wp:attachment":[{"href":"https:\/\/lemuria.it\/es\/wp-json\/wp\/v2\/media?parent=8931"}],"wp:term":[{"taxonomy":"product_cat","embeddable":true,"href":"https:\/\/lemuria.it\/es\/wp-json\/wp\/v2\/product_cat?post=8931"},{"taxonomy":"product_tag","embeddable":true,"href":"https:\/\/lemuria.it\/es\/wp-json\/wp\/v2\/product_tag?post=8931"}],"curies":[{"name":"wp","href":"https:\/\/api.w.org\/{rel}","templated":true}]}}