{"id":8784,"date":"2015-07-15T16:07:27","date_gmt":"2015-07-15T14:07:27","guid":{"rendered":"https:\/\/www.lemuria.it\/product\/quilia-gocce-copy\/"},"modified":"2022-01-07T19:33:17","modified_gmt":"2022-01-07T18:33:17","slug":"quilia-gocce-copy","status":"publish","type":"product","link":"https:\/\/lemuria.it\/es\/producto\/quilia-gotas-copia\/","title":{"rendered":"GOTAS DE QUILIA"},"content":{"rendered":"<p><strong>VALENCIA FISIOL\u00d3GICA<\/strong><\/p>\n<p>Las flores de lavanda, las pi\u00f1as de l\u00fapulo y la hierba Escolzia favorecen la relajaci\u00f3n y el sue\u00f1o en caso de estr\u00e9s.<\/p>\n<p>&nbsp;<\/p>\n<p>&nbsp;<\/p>\n<p><strong>INGREDIENTES<\/strong><\/p>\n<p>Fructosa, agua, extracto de: flores de pr\u00edmula (Primula officinalis Hill L.) 40%, flores de lavanda (Lavandula officinalis Chaix) 15%, conos femeninos de l\u00fapulo (Humulus lupulus L.) 15%, flores de manzanilla (Matricaria chamomilla L.) 15%, melisa ( Melissa officinalis L.) hojas 10%, Eschscholzia (Eschscholzia californica Cham.) hierba 5%. Este es un extracto total 1:1 en soluci\u00f3n de fructosa con 70%.<\/p>\n<p>&nbsp;<\/p>\n<p><strong>CONSEJOS DE USO<\/strong><\/p>\n<p>Adultos: 20 gotas 3 veces al d\u00eda. Las gotas se pueden tomar directamente en la boca o diluidas en un poco de l\u00edquido.<\/p>\n<p>&nbsp;<\/p>\n<p><strong>EMBALAJE:<br \/>\n<\/strong><\/p>\n<p>botella de 30ml<\/p>","protected":false},"excerpt":{"rendered":"<p><strong>\u00daTIL EN ESTADOS DE REPOSO<br \/>\n<\/strong><\/p>\n<p>Las flores de lavanda, las pi\u00f1as de l\u00fapulo y la hierba Escolzia favorecen la relajaci\u00f3n y el sue\u00f1o en caso de estr\u00e9s.<\/p>\n<p><strong>EMBALAJE:<br \/>\n<\/strong><\/p>\n<p>botella de 30ml<\/p>\n<p><strong>PRECIO:<\/strong><\/p>\n<p>\u20ac 16,00<\/p>\n<p>COMPLEMENTO ALIMENTICIO A BASE DE PLANTAS Y DERIVADOS<\/p>\n<p>&nbsp;<\/p>\n<p>Consulte la ficha t\u00e9cnica a continuaci\u00f3n<\/p>","protected":false},"featured_media":8835,"comment_status":"open","ping_status":"closed","template":"","meta":{"_acf_changed":false},"product_cat":[73,96,74,67],"product_tag":[170,179,178],"acf":[],"_links":{"self":[{"href":"https:\/\/lemuria.it\/es\/wp-json\/wp\/v2\/product\/8784"}],"collection":[{"href":"https:\/\/lemuria.it\/es\/wp-json\/wp\/v2\/product"}],"about":[{"href":"https:\/\/lemuria.it\/es\/wp-json\/wp\/v2\/types\/product"}],"replies":[{"embeddable":true,"href":"https:\/\/lemuria.it\/es\/wp-json\/wp\/v2\/comments?post=8784"}],"wp:featuredmedia":[{"embeddable":true,"href":"https:\/\/lemuria.it\/es\/wp-json\/wp\/v2\/media\/8835"}],"wp:attachment":[{"href":"https:\/\/lemuria.it\/es\/wp-json\/wp\/v2\/media?parent=8784"}],"wp:term":[{"taxonomy":"product_cat","embeddable":true,"href":"https:\/\/lemuria.it\/es\/wp-json\/wp\/v2\/product_cat?post=8784"},{"taxonomy":"product_tag","embeddable":true,"href":"https:\/\/lemuria.it\/es\/wp-json\/wp\/v2\/product_tag?post=8784"}],"curies":[{"name":"wp","href":"https:\/\/api.w.org\/{rel}","templated":true}]}}