{"id":8739,"date":"2015-06-22T18:08:47","date_gmt":"2015-06-22T16:08:47","guid":{"rendered":"https:\/\/www.lemuria.it\/?post_type=product&#038;p=8739"},"modified":"2022-01-07T20:15:10","modified_gmt":"2022-01-07T19:15:10","slug":"e-t-zenzero","status":"publish","type":"product","link":"https:\/\/lemuria.it\/es\/producto\/y-jengibre\/","title":{"rendered":"Y JENGIBRE"},"content":{"rendered":"<p><strong>VALENCIA FISIOL\u00d3GICA<\/strong><\/p>\n<p>El rizoma de jengibre favorece la funci\u00f3n digestiva y tiene actividad contra las n\u00e1useas. Tambi\u00e9n favorece la motilidad gastrointestinal regular y la eliminaci\u00f3n de gases. Promueve la funcionalidad del sistema cardiovascular y la funci\u00f3n articular. Finalmente, puede resultar \u00fatil para contrastar estados de tensi\u00f3n localizados.<\/p>\n<p>&nbsp;<\/p>\n<p><strong>INGREDIENTES<\/strong><\/p>\n<p>Fructosa, Agua, Jengibre (Zingiber officinale Rosc.), rizoma, extracto (D:E=1=1). Este es un extracto total 1:1 en soluci\u00f3n de fructosa 70%.<\/p>\n<p>&nbsp;<\/p>\n<p><strong>CONSEJOS DE USO<\/strong><\/p>\n<p>Para un uso correcto se recomienda tomar 20 gotas 3 veces al d\u00eda, despu\u00e9s de las comidas. O tomar 60 gotas de producto 30 minutos antes del viaje. El producto se puede tomar tal cual o diluido en agua.<\/p>\n<p>&nbsp;<\/p>\n<p><strong>EMBALAJE:<br \/>\n<\/strong><\/p>\n<p>botella de 30ml<\/p>","protected":false},"excerpt":{"rendered":"<p><strong>Jengibre (Zingiber officinale rosc.)<br \/>\n<\/strong><\/p>\n<p>El rizoma de jengibre favorece la funci\u00f3n digestiva y tiene actividad contra las n\u00e1useas. Tambi\u00e9n favorece la motilidad gastrointestinal regular y la eliminaci\u00f3n de gases. Promueve la funcionalidad del sistema cardiovascular y la funci\u00f3n articular. Finalmente, puede resultar \u00fatil para contrastar estados de tensi\u00f3n localizados.<\/p>\n<p><strong>EMBALAJE:<br \/>\n<\/strong><\/p>\n<p>botella de 30ml<\/p>\n<p><strong>PRECIO:<\/strong><\/p>\n<p>\u20ac 13,00<\/p>\n<p>COMPLEMENTO ALIMENTICIO A BASE DE PLANTAS Y DERIVADOS<\/p>\n<p>Consulte la ficha t\u00e9cnica a continuaci\u00f3n<\/p>","protected":false},"featured_media":8740,"comment_status":"open","ping_status":"closed","template":"","meta":{"_acf_changed":false},"product_cat":[79,62,80],"product_tag":[65,64,276],"acf":[],"_links":{"self":[{"href":"https:\/\/lemuria.it\/es\/wp-json\/wp\/v2\/product\/8739"}],"collection":[{"href":"https:\/\/lemuria.it\/es\/wp-json\/wp\/v2\/product"}],"about":[{"href":"https:\/\/lemuria.it\/es\/wp-json\/wp\/v2\/types\/product"}],"replies":[{"embeddable":true,"href":"https:\/\/lemuria.it\/es\/wp-json\/wp\/v2\/comments?post=8739"}],"wp:featuredmedia":[{"embeddable":true,"href":"https:\/\/lemuria.it\/es\/wp-json\/wp\/v2\/media\/8740"}],"wp:attachment":[{"href":"https:\/\/lemuria.it\/es\/wp-json\/wp\/v2\/media?parent=8739"}],"wp:term":[{"taxonomy":"product_cat","embeddable":true,"href":"https:\/\/lemuria.it\/es\/wp-json\/wp\/v2\/product_cat?post=8739"},{"taxonomy":"product_tag","embeddable":true,"href":"https:\/\/lemuria.it\/es\/wp-json\/wp\/v2\/product_tag?post=8739"}],"curies":[{"name":"wp","href":"https:\/\/api.w.org\/{rel}","templated":true}]}}