{"id":8736,"date":"2015-06-22T17:56:26","date_gmt":"2015-06-22T15:56:26","guid":{"rendered":"https:\/\/www.lemuria.it\/?post_type=product&#038;p=8736"},"modified":"2022-01-08T10:59:37","modified_gmt":"2022-01-08T09:59:37","slug":"e-t-sambuco","status":"publish","type":"product","link":"https:\/\/lemuria.it\/es\/producto\/e-t-sambuco\/","title":{"rendered":"ET ANCIANO"},"content":{"rendered":"<p><strong>VALENCIA FISIOL\u00d3GICA<\/strong><\/p>\n<p>Il sambuco favorisce la fluidit\u00e0 delle secrezioni bronchiali e la funzionalit\u00e0 delle prime vie respiratorie. Favorisce inoltre la regolarit\u00e0 del processo di sudorazione, il drenaggio dei liquidi corporei e le naturali difese dell\u2019organismo.<\/p>\n<p>&nbsp;<\/p>\n<p><strong>INGREDIENTES<\/strong><\/p>\n<p>Fruttosio, Acqua, Sambuco (Sambucus nigra L.), fiori, estratto (D:E=1=1). Trattasi di estratto totale 1:1 in fruttosio soluzione 70%.<\/p>\n<p>&nbsp;<\/p>\n<p><strong>CONSEJOS DE USO<\/strong><\/p>\n<p>Per un corretto uso si consiglia di assumere 20 gocce 3 volte al giorno, lontano dai pasti principali. Il prodotto pu\u00f2 essere assunto tal quale oppure diluito in acqua.<\/p>\n<p>&nbsp;<\/p>\n<p><strong>EMBALAJE:<br \/>\n<\/strong><\/p>\n<p>botella de 30ml<\/p>","protected":false},"excerpt":{"rendered":"<p><strong>Sambuco (Sambucus Nigra L.)<br \/>\n<\/strong><\/p>\n<p>Il sambuco favorisce la fluidit\u00e0 delle secrezioni bronchiali e la funzionalit\u00e0 delle prime vie respiratorie. Favorisce inoltre la regolarit\u00e0 del processo di sudorazione, il drenaggio dei liquidi corporei e le naturali difese dell\u2019organismo.<\/p>\n<p><strong>EMBALAJE:<br \/>\n<\/strong><\/p>\n<p>botella de 30ml<\/p>\n<p><strong>PRECIO:<\/strong><\/p>\n<p>\u20ac 13,00<\/p>\n<p>COMPLEMENTO ALIMENTICIO A BASE DE PLANTAS Y DERIVADOS<\/p>\n<p>Consulte la ficha t\u00e9cnica a continuaci\u00f3n<\/p>","protected":false},"featured_media":8737,"comment_status":"open","ping_status":"closed","template":"","meta":{"_acf_changed":false},"product_cat":[68,69,62,82,84,67],"product_tag":[65,64,275],"acf":[],"_links":{"self":[{"href":"https:\/\/lemuria.it\/es\/wp-json\/wp\/v2\/product\/8736"}],"collection":[{"href":"https:\/\/lemuria.it\/es\/wp-json\/wp\/v2\/product"}],"about":[{"href":"https:\/\/lemuria.it\/es\/wp-json\/wp\/v2\/types\/product"}],"replies":[{"embeddable":true,"href":"https:\/\/lemuria.it\/es\/wp-json\/wp\/v2\/comments?post=8736"}],"wp:featuredmedia":[{"embeddable":true,"href":"https:\/\/lemuria.it\/es\/wp-json\/wp\/v2\/media\/8737"}],"wp:attachment":[{"href":"https:\/\/lemuria.it\/es\/wp-json\/wp\/v2\/media?parent=8736"}],"wp:term":[{"taxonomy":"product_cat","embeddable":true,"href":"https:\/\/lemuria.it\/es\/wp-json\/wp\/v2\/product_cat?post=8736"},{"taxonomy":"product_tag","embeddable":true,"href":"https:\/\/lemuria.it\/es\/wp-json\/wp\/v2\/product_tag?post=8736"}],"curies":[{"name":"wp","href":"https:\/\/api.w.org\/{rel}","templated":true}]}}