{"id":8717,"date":"2015-06-22T17:01:35","date_gmt":"2015-06-22T15:01:35","guid":{"rendered":"https:\/\/www.lemuria.it\/?post_type=product&#038;p=8717"},"modified":"2022-01-08T11:13:53","modified_gmt":"2022-01-08T10:13:53","slug":"e-t-erisimo","status":"publish","type":"product","link":"https:\/\/lemuria.it\/es\/producto\/e-t-erisimo\/","title":{"rendered":"ET ERISIMO"},"content":{"rendered":"<p><strong>VALENCIA FISIOL\u00d3GICA<\/strong><\/p>\n<p>La sommit\u00e0 fiorita di erisimo favorisce la funzionalit\u00e0 della mucosa orofaringea e tono della voce con azione emolliente e lenitiva. Favorisce la funzionalit\u00e0 delle prime vie respiratorie.<\/p>\n<p>&nbsp;<\/p>\n<p><strong>INGREDIENTES<\/strong><\/p>\n<p>Fruttosio, Acqua, Erisimo (Sisymbrium officinale L.), sommit\u00e0 fiorita, estratto (D:E=1=1). Trattasi di estratto totale 1:1 in fruttosio soluzione 70%.<\/p>\n<p>&nbsp;<\/p>\n<p><strong>CONSEJOS DE USO<\/strong><\/p>\n<p>Per un corretto uso si consiglia di assumere 20 gocce 3 volte al giorno, lontano dai pasti principali. Il prodotto pu\u00f2 essere assunto tale quale oppure diluito in acqua.<\/p>\n<p>&nbsp;<\/p>\n<p><strong>EMBALAJE:<br \/>\n<\/strong><\/p>\n<p>botella de 30ml<\/p>","protected":false},"excerpt":{"rendered":"<p><strong>Erismo (Sisymbrium officinale L. Scop.)<br \/>\n<\/strong><\/p>\n<p>La sommit\u00e0 fiorita di erisimo favorisce la funzionalit\u00e0 della mucosa orofaringea e tono della voce con azione emolliente e lenitiva. Favorisce la funzionalit\u00e0 delle prime vie respiratorie.<\/p>\n<p><strong>EMBALAJE:<br \/>\n<\/strong><\/p>\n<p>botella de 30ml<\/p>\n<p><strong>PRECIO:<\/strong><\/p>\n<p>\u20ac 13,00<\/p>\n<p>COMPLEMENTO ALIMENTICIO A BASE DE PLANTAS Y DERIVADOS<\/p>\n<p>Consulte la ficha t\u00e9cnica a continuaci\u00f3n<\/p>","protected":false},"featured_media":8718,"comment_status":"open","ping_status":"closed","template":"","meta":{"_acf_changed":false},"product_cat":[62,82,84],"product_tag":[65,115,64],"acf":[],"_links":{"self":[{"href":"https:\/\/lemuria.it\/es\/wp-json\/wp\/v2\/product\/8717"}],"collection":[{"href":"https:\/\/lemuria.it\/es\/wp-json\/wp\/v2\/product"}],"about":[{"href":"https:\/\/lemuria.it\/es\/wp-json\/wp\/v2\/types\/product"}],"replies":[{"embeddable":true,"href":"https:\/\/lemuria.it\/es\/wp-json\/wp\/v2\/comments?post=8717"}],"wp:featuredmedia":[{"embeddable":true,"href":"https:\/\/lemuria.it\/es\/wp-json\/wp\/v2\/media\/8718"}],"wp:attachment":[{"href":"https:\/\/lemuria.it\/es\/wp-json\/wp\/v2\/media?parent=8717"}],"wp:term":[{"taxonomy":"product_cat","embeddable":true,"href":"https:\/\/lemuria.it\/es\/wp-json\/wp\/v2\/product_cat?post=8717"},{"taxonomy":"product_tag","embeddable":true,"href":"https:\/\/lemuria.it\/es\/wp-json\/wp\/v2\/product_tag?post=8717"}],"curies":[{"name":"wp","href":"https:\/\/api.w.org\/{rel}","templated":true}]}}