{"id":8449,"date":"2015-04-15T18:49:54","date_gmt":"2015-04-15T16:49:54","guid":{"rendered":"https:\/\/www.lemuria.it\/product\/tagemin-quilia-happy-flower\/"},"modified":"2022-01-08T11:33:34","modified_gmt":"2022-01-08T10:33:34","slug":"tagemin-quilia-happy-flower","status":"publish","type":"product","link":"https:\/\/lemuria.it\/es\/producto\/tagemin-quilia-flor-feliz\/","title":{"rendered":"TAGEMIN \u2013 QUILIA FLOR FELIZ"},"content":{"rendered":"<p>Compuesto a base de plantas medicinales capaces de actuar favorablemente sobre estados fisiol\u00f3gicos que mantienen un equilibrio psicof\u00edsico \u00f3ptimo.<\/p>\n<p>Tambi\u00e9n puede resultar \u00fatil en casos de estr\u00e9s especial.<\/p>\n<p>&nbsp;<\/p>\n<p><strong>INGREDIENTES<\/strong><\/p>\n<p>Cada c\u00e1psula de gelatina vegetal de 350 mg contiene: TAGEMIN 240 mg (mezcla registrada de fitoextractos que contiene cal\u00e9ndula (flores de Tagetes erecta L.), por ejemplo, 200 mg, ra\u00edz de rodiola (Rhodiola rosea L.), por ejemplo, 40 mg, maltodextrina, agente de carga: celulosa microcristalina, anti -agentes aglomerantes: di\u00f3xido de silicio y estearato de magnesio.<\/p>\n<p>&nbsp;<\/p>\n<p><strong>CONSEJOS DE USO<\/strong><\/p>\n<p>Tomar una c\u00e1psula (equivalente a 240 mg de la mezcla de extractos) una o dos veces al d\u00eda, entre comidas, con un poco de l\u00edquido.<\/p>\n<p>&nbsp;<\/p>\n<p><strong>EMBALAJE:<\/strong><\/p>\n<p>Frasco de 50 c\u00e1psulas<\/p>","protected":false},"excerpt":{"rendered":"<p><strong>APAT\u00cdA \u2013 MELANCOLIA<\/strong><\/p>\n<p>Compuesto a base de plantas medicinales capaces de actuar favorablemente sobre estados fisiol\u00f3gicos que mantienen un equilibrio psicof\u00edsico \u00f3ptimo.<\/p>\n<p>Tambi\u00e9n puede resultar \u00fatil en casos de estr\u00e9s especial.<\/p>\n<p><strong>EMBALAJE:<\/strong><\/p>\n<p>Frasco de 50 c\u00e1psulas<\/p>\n<p><strong>PRECIO:<\/strong><\/p>\n<p>\u20ac 26,00<\/p>\n<p>COMPLEMENTO ALIMENTICIO A BASE DE PLANTAS Y DERIVADOS<\/p>\n<p>Consulte la ficha t\u00e9cnica a continuaci\u00f3n<\/p>","protected":false},"featured_media":8897,"comment_status":"closed","ping_status":"closed","template":"","meta":{"_acf_changed":false},"product_cat":[77,103,288,67],"product_tag":[159,257,140,227],"acf":[],"_links":{"self":[{"href":"https:\/\/lemuria.it\/es\/wp-json\/wp\/v2\/product\/8449"}],"collection":[{"href":"https:\/\/lemuria.it\/es\/wp-json\/wp\/v2\/product"}],"about":[{"href":"https:\/\/lemuria.it\/es\/wp-json\/wp\/v2\/types\/product"}],"replies":[{"embeddable":true,"href":"https:\/\/lemuria.it\/es\/wp-json\/wp\/v2\/comments?post=8449"}],"wp:featuredmedia":[{"embeddable":true,"href":"https:\/\/lemuria.it\/es\/wp-json\/wp\/v2\/media\/8897"}],"wp:attachment":[{"href":"https:\/\/lemuria.it\/es\/wp-json\/wp\/v2\/media?parent=8449"}],"wp:term":[{"taxonomy":"product_cat","embeddable":true,"href":"https:\/\/lemuria.it\/es\/wp-json\/wp\/v2\/product_cat?post=8449"},{"taxonomy":"product_tag","embeddable":true,"href":"https:\/\/lemuria.it\/es\/wp-json\/wp\/v2\/product_tag?post=8449"}],"curies":[{"name":"wp","href":"https:\/\/api.w.org\/{rel}","templated":true}]}}