{"id":8442,"date":"2015-04-15T18:45:08","date_gmt":"2015-04-15T16:45:08","guid":{"rendered":"https:\/\/www.lemuria.it\/product\/prostalem-new\/"},"modified":"2022-01-08T11:38:31","modified_gmt":"2022-01-08T10:38:31","slug":"prostalem-new","status":"publish","type":"product","link":"https:\/\/lemuria.it\/es\/producto\/prostalem-nuevo\/","title":{"rendered":"PROSTALM NUEVO"},"content":{"rendered":"<p><strong>VALENCIA FISIOL\u00d3GICA<\/strong><\/p>\n<p>Es una f\u00f3rmula a base de extractos vegetales secos de semillas de Calabaza, Serenoa y Ortiga. La fruta de sereona, las semillas de calabaza, el sauce, la ra\u00edz de ortiga y las hojas de barosma promueven la funci\u00f3n de la pr\u00f3stata.<\/p>\n<p><strong>\u00a0INGREDIENTES<\/strong><\/p>\n<p>Cada c\u00e1psula de gelatina vegetal contiene: Calabaza, (Cucurbita maxima Duch.) de semilla D\/E 15:1, ; Serenoa (Serenoa Repens Small.) es de \u00e1cidos grasos 25% de frutas; Fireweed (Epilobium angustifolium L.) pasto esda D\/E 4:1; Ortiga (Urtica dioica L.) ex de ra\u00edz de s\u00edlice 2%; Barosma (Barosma betulina Bart et Wen.) ex de hoja D\/E 4:1. Maltodextrina, agentes de carga: celulosa microcristalina, antiaglomerante: estearato de magnesio.<\/p>\n<p><strong>CONSEJOS DE USO<\/strong><\/p>\n<p>Adultos: para una correcta utilizaci\u00f3n diet\u00e9tica se recomienda la toma de dos c\u00e1psulas al d\u00eda.<\/p>\n<p>&nbsp;<\/p>\n<p><strong>EMBALAJE:<\/strong><\/p>\n<p>Frasco de 60 c\u00e1psulas<\/p>","protected":false},"excerpt":{"rendered":"<p><strong>PR\u00d3STATA<\/strong><\/p>\n<p>Es una f\u00f3rmula a base de extractos vegetales secos de semillas de Calabaza, Serenoa y Ortiga. La fruta de sereona, las semillas de calabaza, el sauce, la ra\u00edz de ortiga y las hojas de barosma promueven la funci\u00f3n de la pr\u00f3stata.<\/p>\n<p><strong>EMBALAJE:<\/strong><\/p>\n<p>Frasco de 60 c\u00e1psulas<\/p>\n<p><strong>PRECIO:<br \/>\n<\/strong><\/p>\n<p>\u20ac 19,60<\/p>\n<p>COMPLEMENTO ALIMENTICIO A BASE DE PLANTAS Y DERIVADOS<\/p>\n<p>&nbsp;<\/p>\n<p>Consulte la ficha t\u00e9cnica a continuaci\u00f3n<\/p>","protected":false},"featured_media":8896,"comment_status":"closed","ping_status":"closed","template":"","meta":{"_acf_changed":false},"product_cat":[295,103,67,88],"product_tag":[253,254,227],"acf":[],"_links":{"self":[{"href":"https:\/\/lemuria.it\/es\/wp-json\/wp\/v2\/product\/8442"}],"collection":[{"href":"https:\/\/lemuria.it\/es\/wp-json\/wp\/v2\/product"}],"about":[{"href":"https:\/\/lemuria.it\/es\/wp-json\/wp\/v2\/types\/product"}],"replies":[{"embeddable":true,"href":"https:\/\/lemuria.it\/es\/wp-json\/wp\/v2\/comments?post=8442"}],"wp:featuredmedia":[{"embeddable":true,"href":"https:\/\/lemuria.it\/es\/wp-json\/wp\/v2\/media\/8896"}],"wp:attachment":[{"href":"https:\/\/lemuria.it\/es\/wp-json\/wp\/v2\/media?parent=8442"}],"wp:term":[{"taxonomy":"product_cat","embeddable":true,"href":"https:\/\/lemuria.it\/es\/wp-json\/wp\/v2\/product_cat?post=8442"},{"taxonomy":"product_tag","embeddable":true,"href":"https:\/\/lemuria.it\/es\/wp-json\/wp\/v2\/product_tag?post=8442"}],"curies":[{"name":"wp","href":"https:\/\/api.w.org\/{rel}","templated":true}]}}