{"id":8430,"date":"2015-04-15T18:32:39","date_gmt":"2015-04-15T16:32:39","guid":{"rendered":"https:\/\/www.lemuria.it\/product\/mucilem\/"},"modified":"2022-01-08T11:42:13","modified_gmt":"2022-01-08T10:42:13","slug":"mucilem","status":"publish","type":"product","link":"https:\/\/lemuria.it\/es\/producto\/mucilem\/","title":{"rendered":"MUCILEMO"},"content":{"rendered":"<p><strong>VALENCIA FISIOL\u00d3GICA<\/strong><\/p>\n<p>Mucilem es un complemento a base de sustancias funcionales naturales, especialmente ricas en muc\u00edlagos. Los muc\u00edlagos son sustancias org\u00e1nicas naturales de alto peso molecular y como tales tienen la caracter\u00edstica de formar un l\u00edquido viscoso (gel) con el agua. La caracter\u00edstica del muc\u00edlago de Malva y Malvavisco es que recubre las paredes mucosas del organismo con una capa viscosa, debido a que es altamente coloidal, ejerciendo su acci\u00f3n emoliente y calmante.<\/p>\n<p>Las hojas de malva y las ra\u00edces de Altea son \u00fatiles para la funcionalidad fisiol\u00f3gica del sistema digestivo y el tr\u00e1nsito intestinal.<\/p>\n<p><strong>\u00a0INGREDIENTES<\/strong><\/p>\n<p>Agua, Muc\u00edlago de malvavisco (Malva sylvestris L.) procedente de hojas disecadas 30%, Muc\u00edlago de malvavisco (Althea officinalis L.) procedente de ra\u00edces desecadas 30%, Ortiga macerada acuosa (Urtica dioca L.) procedente de ra\u00edces desecadas 10%, <strong>Regaliz<\/strong> macerado acuoso (Glycirrhiza glabra L.) procedente de ra\u00edces secas 10%, Macerado acuoso de menta (Menta pepperita L.) procedente de hojas secas 5% Ficus (Ficus carica L.) procedente de yemas 5%, Grosella (Ribes nigrum L.) procedente de yemas 5%, fructosa 5%. Acidulante: \u00e1cido c\u00edtrico. Conservante: sorbato de potasio.<\/p>\n<p><strong>\u00a0CONSEJOS DE USO<\/strong><\/p>\n<p>Para una correcta optimizaci\u00f3n del producto se recomienda tomar 10 ml (ver vaso dosificador) repartidos a lo largo del d\u00eda (dos\/tres tomas). En ni\u00f1os recomendamos tomar 5 ml a lo largo del d\u00eda.<\/p>\n<p>&nbsp;<\/p>\n<p><strong>EMBALAJE:<\/strong><\/p>\n<p>Frasco de 200 ml con dosificador.<\/p>\n<p>&nbsp;<\/p>\n<\/p>\n<\/p>\n<\/p>\n<\/p>\n<\/p>\n<\/p><\/p>","protected":false},"excerpt":{"rendered":"<p><strong>SISTEMA DIGESTIVO INTESTINAL<br \/>\n<\/strong><\/p>\n<p>Las hojas de malva y las ra\u00edces de Altea son \u00fatiles para la funcionalidad fisiol\u00f3gica del sistema digestivo y el tr\u00e1nsito intestinal.<\/p>\n<p><strong>EMBALAJE:<\/strong><\/p>\n<p>Frasco de 200 ml con dosificador.<\/p>\n<p><strong>PRECIO:<br \/>\n<\/strong><\/p>\n<p>\u20ac 17,90<\/p>\n<p>Soluci\u00f3n bebible<\/p>\n<p>COMPLEMENTO ALIMENTICIO A BASE DE EXTRACTOS VEGETALES<\/p>\n<p>&nbsp;<\/p>\n<p>Consulte la ficha t\u00e9cnica a continuaci\u00f3n<\/p>","protected":false},"featured_media":8432,"comment_status":"closed","ping_status":"closed","template":"","meta":{"_acf_changed":false},"product_cat":[79,80,103,67],"product_tag":[177,246,227],"acf":[],"_links":{"self":[{"href":"https:\/\/lemuria.it\/es\/wp-json\/wp\/v2\/product\/8430"}],"collection":[{"href":"https:\/\/lemuria.it\/es\/wp-json\/wp\/v2\/product"}],"about":[{"href":"https:\/\/lemuria.it\/es\/wp-json\/wp\/v2\/types\/product"}],"replies":[{"embeddable":true,"href":"https:\/\/lemuria.it\/es\/wp-json\/wp\/v2\/comments?post=8430"}],"wp:featuredmedia":[{"embeddable":true,"href":"https:\/\/lemuria.it\/es\/wp-json\/wp\/v2\/media\/8432"}],"wp:attachment":[{"href":"https:\/\/lemuria.it\/es\/wp-json\/wp\/v2\/media?parent=8430"}],"wp:term":[{"taxonomy":"product_cat","embeddable":true,"href":"https:\/\/lemuria.it\/es\/wp-json\/wp\/v2\/product_cat?post=8430"},{"taxonomy":"product_tag","embeddable":true,"href":"https:\/\/lemuria.it\/es\/wp-json\/wp\/v2\/product_tag?post=8430"}],"curies":[{"name":"wp","href":"https:\/\/api.w.org\/{rel}","templated":true}]}}