{"id":8404,"date":"2015-04-15T18:10:40","date_gmt":"2015-04-15T16:10:40","guid":{"rendered":"https:\/\/www.lemuria.it\/product\/tricolem\/"},"modified":"2022-01-08T12:47:18","modified_gmt":"2022-01-08T11:47:18","slug":"tricolem","status":"publish","type":"product","link":"https:\/\/lemuria.it\/es\/producto\/trilema\/","title":{"rendered":"TRICOLEMO"},"content":{"rendered":"<p>Cabello sano y brillante<\/p>\n<p>Contiene Serenoa. No se recomienda su uso en mujeres en edad f\u00e9rtil ni en sujetos prep\u00faberes de ambos sexos.<\/p>\n<p>&nbsp;<\/p>\n<p><strong>INGREDIENTES:<\/strong><\/p>\n<p>Cada comprimido de 400 mg contiene: Pau d&#039;Arco (Tabeluia Avellanedae Lorentz ex Griseb.) corteza est.sec. 100 mg. Hierba con flores alfa alfa (Medicago sativa L.) est.sec. 80 mg, Serenoa repens (Sabal serrulata (Bartr.) Small.) frutos est.sec. 50 mg, flores de pr\u00edmula (Primula veris L.) est.seg. 50 mg, Hojas de Aloe (Aloe vera L.) en polvo 30 mg, Tallo de Bamb\u00fa (Bambusa vulgaris L.) est.sec. 30 mg, maltodextrina, antiaglomerantes: di\u00f3xido de silicio y estearato de magnesio.<\/p>\n<p>&nbsp;<\/p>\n<p>&nbsp;<\/p>\n<p><strong>CONSEJOS DE USO:<\/strong><\/p>\n<p>Adultos: tomar dos comprimidos al d\u00eda.<\/p>\n<p><em>\u00a0<\/em><strong>EMBALAJE:<br \/>\n<\/strong><\/p>\n<div>\n<p>Frasco de 120 comprimidos<\/p>\n<\/div>","protected":false},"excerpt":{"rendered":"<p>Cabello sano y brillante<\/p>\n<p><strong>EMBALAJE:<br \/>\n<\/strong><\/p>\n<div>\n<p>\u00a0Frasco de 120 comprimidos<\/p>\n<p><strong>PRECIO:<\/strong><\/p>\n<p>\u20ac 35,00<\/p>\n<p>COMPLEMENTO ALIMENTICIO A BASE DE PLANTAS Y DERIVADOS<\/p>\n<\/div>\n<p>&nbsp;<\/p>\n<p>Consulte la ficha t\u00e9cnica a continuaci\u00f3n<\/p>","protected":false},"featured_media":8878,"comment_status":"closed","ping_status":"closed","template":"","meta":{"_acf_changed":false},"product_cat":[76,103,67,88],"product_tag":[230,227,229],"acf":[],"_links":{"self":[{"href":"https:\/\/lemuria.it\/es\/wp-json\/wp\/v2\/product\/8404"}],"collection":[{"href":"https:\/\/lemuria.it\/es\/wp-json\/wp\/v2\/product"}],"about":[{"href":"https:\/\/lemuria.it\/es\/wp-json\/wp\/v2\/types\/product"}],"replies":[{"embeddable":true,"href":"https:\/\/lemuria.it\/es\/wp-json\/wp\/v2\/comments?post=8404"}],"wp:featuredmedia":[{"embeddable":true,"href":"https:\/\/lemuria.it\/es\/wp-json\/wp\/v2\/media\/8878"}],"wp:attachment":[{"href":"https:\/\/lemuria.it\/es\/wp-json\/wp\/v2\/media?parent=8404"}],"wp:term":[{"taxonomy":"product_cat","embeddable":true,"href":"https:\/\/lemuria.it\/es\/wp-json\/wp\/v2\/product_cat?post=8404"},{"taxonomy":"product_tag","embeddable":true,"href":"https:\/\/lemuria.it\/es\/wp-json\/wp\/v2\/product_tag?post=8404"}],"curies":[{"name":"wp","href":"https:\/\/api.w.org\/{rel}","templated":true}]}}