{"id":8381,"date":"2015-04-15T17:46:52","date_gmt":"2015-04-15T15:46:52","guid":{"rendered":"https:\/\/www.lemuria.it\/product\/lady-in-48\/"},"modified":"2022-01-08T13:05:55","modified_gmt":"2022-01-08T12:05:55","slug":"lady-in-48","status":"publish","type":"product","link":"https:\/\/lemuria.it\/es\/producto\/dama-en-48\/","title":{"rendered":"DAMA EN 48 PLUS"},"content":{"rendered":"<p><strong>VALENCIA FISIOL\u00d3GICA<\/strong><\/p>\n<p>El rizoma de cimicifuga contenido en el producto se utiliza tradicionalmente para combatir los trastornos menop\u00e1usicos.<\/p>\n<p><strong>\u00a0INGREDIENTES<\/strong><\/p>\n<p>Cada comprimido de 400 mg contiene: Inulina, L\u00fapulo (Humulus lupulus) conos est.sec.25%, Cimicifuga (Cimicifuga racemosa L.) rizoma est.sec.20% (Alchemilla vulgaris L.) hierba est. segundo. 12.5%, extracto de salvado de arroz (Oryza sativa L.) 7.5%, semillas de SOJA (glicine max L.) (SIN OGM) est. sec.tit.al 40% de los cuales flavonoides 5%, ra\u00edz de maca (Lepidium Meyenii Walp) est. segundo. 5%, Maltodextrina, antiaglomerantes: di\u00f3xido de silicio y estearato de magnesio.<\/p>\n<p><strong>\u00a0CONSEJOS DE USO<\/strong><\/p>\n<p>Tomar 2-3 comprimidos al d\u00eda con las comidas. Tomar por 20 d\u00edas consecutivos, interrumpir por 10 d\u00edas y repetir al menos 3 meses seguidos.<\/p>\n<p>&nbsp;<\/p>\n<p><strong>EMBALAJE:<br \/>\n<\/strong><\/p>\n<p>Frasco de 60 comprimidos<\/p>","protected":false},"excerpt":{"rendered":"<p><strong>MENOPAUSIA<\/strong><\/p>\n<p>Durante el climat\u00e9rico la mujer suele presentar alteraciones como sofocos, sudoraci\u00f3n, palpitaciones, cambios de humor, etc.<\/p>\n<p>Algunos fitoextractos pueden ser de gran ayuda para las mujeres que deciden no someterse a una terapia de reemplazo hormonal\u2026<\/p>\n<p><strong>EMBALAJE:<br \/>\n<\/strong><\/p>\n<p>Frasco de 60 comprimidos<\/p>\n<p><strong>PRECIO:<br \/>\n<\/strong><\/p>\n<p>\u20ac 18,50<\/p>\n<p>COMPLEMENTO ALIMENTICIO A BASE DE PLANTAS Y DERIVADOS<\/p>\n<p>&nbsp;<\/p>\n<p>Consulte la ficha t\u00e9cnica a continuaci\u00f3n<\/p>","protected":false},"featured_media":8927,"comment_status":"closed","ping_status":"closed","template":"","meta":{"_acf_changed":false},"product_cat":[87,99,293,67],"product_tag":[216,213,215],"acf":[],"_links":{"self":[{"href":"https:\/\/lemuria.it\/es\/wp-json\/wp\/v2\/product\/8381"}],"collection":[{"href":"https:\/\/lemuria.it\/es\/wp-json\/wp\/v2\/product"}],"about":[{"href":"https:\/\/lemuria.it\/es\/wp-json\/wp\/v2\/types\/product"}],"replies":[{"embeddable":true,"href":"https:\/\/lemuria.it\/es\/wp-json\/wp\/v2\/comments?post=8381"}],"wp:featuredmedia":[{"embeddable":true,"href":"https:\/\/lemuria.it\/es\/wp-json\/wp\/v2\/media\/8927"}],"wp:attachment":[{"href":"https:\/\/lemuria.it\/es\/wp-json\/wp\/v2\/media?parent=8381"}],"wp:term":[{"taxonomy":"product_cat","embeddable":true,"href":"https:\/\/lemuria.it\/es\/wp-json\/wp\/v2\/product_cat?post=8381"},{"taxonomy":"product_tag","embeddable":true,"href":"https:\/\/lemuria.it\/es\/wp-json\/wp\/v2\/product_tag?post=8381"}],"curies":[{"name":"wp","href":"https:\/\/api.w.org\/{rel}","templated":true}]}}