{"id":8372,"date":"2015-04-15T17:38:17","date_gmt":"2015-04-15T15:38:17","guid":{"rendered":"https:\/\/www.lemuria.it\/product\/andres-spray\/"},"modified":"2022-01-08T13:11:40","modified_gmt":"2022-01-08T12:11:40","slug":"andres-spray","status":"publish","type":"product","link":"https:\/\/lemuria.it\/es\/producto\/andres-spray\/","title":{"rendered":"ANDRES SPRAY"},"content":{"rendered":"<p><strong>VALENCIA FISIOL\u00d3GICA:<\/strong><\/p>\n<p>Las sumidades floridas de Erisimo, los aceites esenciales de Menta y Malaleuca favorecen la funcionalidad de las v\u00edas respiratorias superiores. Las sumidades floridas de Erisimo ejercen una acci\u00f3n emoliente y calmante sobre la mucosa orofar\u00edngea.<\/p>\n<p>&nbsp;<\/p>\n<p><strong>INGREDIENTES:<\/strong><\/p>\n<p><em>Agua, miel pura de Acacia 30%, yema de aliso negro (Alnus glutinosa Gaertn L.) 3%, yema de grosella negra (Ribes nigrum L.) 3%, sumidad florida de Erysimo (Sisymbriurm officinale Scop.) 2,5%, resina de prop\u00f3leo (Propolis) 2,5% , B\u00e1lsamo de Tol\u00fa (Myroxylon balsamum L. harms) b\u00e1lsamo 0,3%, Hinojo (Foeniculum vulgare Mill.) oe 0,2% Niaouli (Malaleuca leucadendron L.) oe 0,1%, Menta (Mentha piperita L.) oe 0,1%, escoc\u00e9s pino (Pinus sylvestris L. oe 0,1%, Malaleuca (Malaleuca alternifolia cheel) oe 0,05%, conservante: sorbato pot\u00e1sico.<\/em><\/p>\n<p>&nbsp;<\/p>\n<p><strong>CONSEJOS DE USO:<\/strong><\/p>\n<p>Tres vaporizaciones varias veces, seg\u00fan necesidad, hasta 6 veces al d\u00eda. Es recomendable esperar un momento antes de tragar el producto.<\/p>\n<p>&nbsp;<\/p>\n<p><strong>EMBALAJE:<br \/>\n<\/strong><\/p>\n<p>botella de 30ml<\/p>\n<p>&nbsp;<\/p>\n<p>COMPLEMENTO ALIMENTICIO A BASE DE PLANTAS Y DERIVADOS<\/p>\n<\/p>\n<\/p>\n<\/p>\n<\/p>\n<\/p>\n<\/p><\/p>","protected":false},"excerpt":{"rendered":"<p><strong>PARA LA GARGANTA<\/strong><\/p>\n<p><strong>\u00a0<\/strong><\/p>\n<p>Las sumidades floridas de Erisimo, los aceites esenciales de Menta y Malaleuca favorecen la funcionalidad de las v\u00edas respiratorias superiores. Las sumidades floridas de Erisimo ejercen una acci\u00f3n emoliente y calmante sobre la mucosa orofar\u00edngea.<\/p>\n<p><strong>EMBALAJE:<br \/>\n<\/strong><\/p>\n<p>botella de 30ml<\/p>\n<p><strong>PRECIO:<br \/>\n<\/strong><\/p>\n<p>\u20ac 9,00<\/p>\n<p>&nbsp;<\/p>\n<p>Consulte la ficha t\u00e9cnica a continuaci\u00f3n<\/p>","protected":false},"featured_media":8373,"comment_status":"closed","ping_status":"closed","template":"","meta":{"_acf_changed":false},"product_cat":[98,82,84,67],"product_tag":[203,209,212,202],"acf":[],"_links":{"self":[{"href":"https:\/\/lemuria.it\/es\/wp-json\/wp\/v2\/product\/8372"}],"collection":[{"href":"https:\/\/lemuria.it\/es\/wp-json\/wp\/v2\/product"}],"about":[{"href":"https:\/\/lemuria.it\/es\/wp-json\/wp\/v2\/types\/product"}],"replies":[{"embeddable":true,"href":"https:\/\/lemuria.it\/es\/wp-json\/wp\/v2\/comments?post=8372"}],"wp:featuredmedia":[{"embeddable":true,"href":"https:\/\/lemuria.it\/es\/wp-json\/wp\/v2\/media\/8373"}],"wp:attachment":[{"href":"https:\/\/lemuria.it\/es\/wp-json\/wp\/v2\/media?parent=8372"}],"wp:term":[{"taxonomy":"product_cat","embeddable":true,"href":"https:\/\/lemuria.it\/es\/wp-json\/wp\/v2\/product_cat?post=8372"},{"taxonomy":"product_tag","embeddable":true,"href":"https:\/\/lemuria.it\/es\/wp-json\/wp\/v2\/product_tag?post=8372"}],"curies":[{"name":"wp","href":"https:\/\/api.w.org\/{rel}","templated":true}]}}