{"id":8354,"date":"2015-04-15T17:13:41","date_gmt":"2015-04-15T15:13:41","guid":{"rendered":"https:\/\/www.lemuria.it\/product\/andres-balsamico\/"},"modified":"2022-01-08T15:12:34","modified_gmt":"2022-01-08T14:12:34","slug":"andres-balsamico","status":"publish","type":"product","link":"https:\/\/lemuria.it\/es\/producto\/andres-balsamico\/","title":{"rendered":"ANDRES BALS\u00c1MICO"},"content":{"rendered":"<p><strong>VALENCIA FISIOL\u00d3GICA:<\/strong><\/p>\n<p>No contiene derivados del petr\u00f3leo. No contiene mentol.<br \/>\nLos aceites esenciales de Lavanda, Eucalipto, Pino, Niaouly, Neroli, Cajeput, Hisopo garantizan un amplio espectro de actividades \u00fatiles para las secuelas t\u00edpicas del resfriado.<\/p>\n<p>&nbsp;<\/p>\n<p><strong>INGREDIENTES:<\/strong><\/p>\n<p><em>Butyrospermum parkii, Vitis vinifera, Olea europea, Eucalyptol, Lavandula angustifolia, Eucalyptus globulus, Pinus sylvestris, Malaleuca viridiflora, Eucalyptus citriodora, Citrus auratium, Hyssopus officinalis, Malaleuca cajeputi, Acetato de tocoferilo.<\/em><\/p>\n<p>&nbsp;<\/p>\n<p><strong>CONSEJOS DE USO:<\/strong><\/p>\n<p>Se puede propagar en la zona del estern\u00f3n, en los senos nasales y paranasales, en la frente y cerca de las fosas nasales. En ni\u00f1os peque\u00f1os no se recomienda la aplicaci\u00f3n en el rostro, especialmente cerca de la nariz. El producto tambi\u00e9n se puede utilizar para fumigaci\u00f3n, calentando una peque\u00f1a cantidad del producto al ba\u00f1o Mar\u00eda.<\/p>\n<p>&nbsp;<\/p>\n<p><strong>EMBALAJE:<br \/>\n<\/strong><\/p>\n<p>frasco de 30ml<\/p>","protected":false},"excerpt":{"rendered":"<p><strong>NARIZ \u2013 PECHO \u2013 RESPIRACI\u00d3N<\/strong><\/p>\n<p>No contiene derivados del petr\u00f3leo. No contiene mentol.<\/p>\n<p>Los aceites esenciales de Lavanda, Eucalipto, Pino, Niaouly, Neroli, Cajeput, Hisopo garantizan un amplio espectro de actividades \u00fatiles para las secuelas t\u00edpicas del resfriado.<\/p>\n<p>&nbsp;<\/p>\n<p><strong>EMBALAJE:<br \/>\n<\/strong><\/p>\n<p>frasco de 30ml<\/p>\n<p><strong>PRECIO:<br \/>\n<\/strong><\/p>\n<p>\u20ac 9,00<\/p>\n<p>Consulte la ficha t\u00e9cnica a continuaci\u00f3n<\/p>","protected":false},"featured_media":8355,"comment_status":"closed","ping_status":"closed","template":"","meta":{"_acf_changed":false},"product_cat":[98,83,84,67],"product_tag":[203,204,205],"acf":[],"_links":{"self":[{"href":"https:\/\/lemuria.it\/es\/wp-json\/wp\/v2\/product\/8354"}],"collection":[{"href":"https:\/\/lemuria.it\/es\/wp-json\/wp\/v2\/product"}],"about":[{"href":"https:\/\/lemuria.it\/es\/wp-json\/wp\/v2\/types\/product"}],"replies":[{"embeddable":true,"href":"https:\/\/lemuria.it\/es\/wp-json\/wp\/v2\/comments?post=8354"}],"wp:featuredmedia":[{"embeddable":true,"href":"https:\/\/lemuria.it\/es\/wp-json\/wp\/v2\/media\/8355"}],"wp:attachment":[{"href":"https:\/\/lemuria.it\/es\/wp-json\/wp\/v2\/media?parent=8354"}],"wp:term":[{"taxonomy":"product_cat","embeddable":true,"href":"https:\/\/lemuria.it\/es\/wp-json\/wp\/v2\/product_cat?post=8354"},{"taxonomy":"product_tag","embeddable":true,"href":"https:\/\/lemuria.it\/es\/wp-json\/wp\/v2\/product_tag?post=8354"}],"curies":[{"name":"wp","href":"https:\/\/api.w.org\/{rel}","templated":true}]}}