{"id":8262,"date":"2015-04-14T12:39:11","date_gmt":"2015-04-14T10:39:11","guid":{"rendered":"https:\/\/www.lemuria.it\/product\/allergo-lem\/"},"modified":"2022-01-08T16:00:36","modified_gmt":"2022-01-08T15:00:36","slug":"allergo-lem","status":"publish","type":"product","link":"https:\/\/lemuria.it\/es\/producto\/tengo-alergia-a-la-lem\/","title":{"rendered":"I ALERGIA LEM"},"content":{"rendered":"<p><strong>VALENCIA FISIOL\u00d3GICA<\/strong><\/p>\n<p>Las semillas de perilla son \u00fatiles para las defensas fisiol\u00f3gicas del organismo, las hojas de grosella ayudan al bienestar natural de la nariz y la garganta.<\/p>\n<p>&nbsp;<\/p>\n<p><strong>INGREDIENTES<\/strong><\/p>\n<p><strong>Por cada vial de 10 ml:<\/strong><\/p>\n<p>Agua purificada, Fructosa, Perilla (Perilla frutescens Britton) extracto seco de semilla, Alcaparra (Capparis spinosa L.) extracto de flor, Grosella (Ribes nigrum L.) extracto seco de hoja, Pimienta negra (Piper nigrum L.) extracto de fruto , Sabor natural: c\u00edtricos. Conservante: benzoato de sodio, Regulador de acidez: \u00e1cido c\u00edtrico.<\/p>\n<p>&nbsp;<\/p>\n<p><strong>CONSEJOS DE USO<\/strong><\/p>\n<p>Para una correcta utilizaci\u00f3n diet\u00e9tica se recomienda tomar un vial al d\u00eda, o d\u00eda por medio seg\u00fan necesidad.<\/p>\n<p>&nbsp;<\/p>\n<p><strong>EMBALAJE<\/strong><\/p>\n<p>10 viales de 10 ml<\/p>","protected":false},"excerpt":{"rendered":"<p><strong>ALERGIAS<\/strong><\/p>\n<p>Las semillas de perilla son \u00fatiles para las defensas fisiol\u00f3gicas del organismo, las hojas de grosella ayudan al bienestar natural de la nariz y la garganta.<\/p>\n<p>&nbsp;<\/p>\n<p><strong>EMBALAJE:<\/strong><\/p>\n<p>10 viales de 10 ml<\/p>\n<p><strong>PRECIO:<\/strong><\/p>\n<p>\u20ac 21,50<\/p>\n<p>&nbsp;<\/p>\n<p>COMPLEMENTO ALIMENTICIO A BASE DE EXTRACTOS VEGETALES<\/p>\n<p>Producto natural a base de Perilla, Alcaparra, Grosella y Pimienta Negra.<\/p>\n<p>Soluci\u00f3n bebible en viales.<\/p>\n<p>&nbsp;<\/p>\n<p>Consulte la ficha t\u00e9cnica a continuaci\u00f3n<\/p>","protected":false},"featured_media":8823,"comment_status":"open","ping_status":"closed","template":"","meta":{"_acf_changed":false},"product_cat":[68,101,67],"product_tag":[165,163,164],"acf":[],"_links":{"self":[{"href":"https:\/\/lemuria.it\/es\/wp-json\/wp\/v2\/product\/8262"}],"collection":[{"href":"https:\/\/lemuria.it\/es\/wp-json\/wp\/v2\/product"}],"about":[{"href":"https:\/\/lemuria.it\/es\/wp-json\/wp\/v2\/types\/product"}],"replies":[{"embeddable":true,"href":"https:\/\/lemuria.it\/es\/wp-json\/wp\/v2\/comments?post=8262"}],"wp:featuredmedia":[{"embeddable":true,"href":"https:\/\/lemuria.it\/es\/wp-json\/wp\/v2\/media\/8823"}],"wp:attachment":[{"href":"https:\/\/lemuria.it\/es\/wp-json\/wp\/v2\/media?parent=8262"}],"wp:term":[{"taxonomy":"product_cat","embeddable":true,"href":"https:\/\/lemuria.it\/es\/wp-json\/wp\/v2\/product_cat?post=8262"},{"taxonomy":"product_tag","embeddable":true,"href":"https:\/\/lemuria.it\/es\/wp-json\/wp\/v2\/product_tag?post=8262"}],"curies":[{"name":"wp","href":"https:\/\/api.w.org\/{rel}","templated":true}]}}