{"id":8231,"date":"2015-04-14T10:26:51","date_gmt":"2015-04-14T08:26:51","guid":{"rendered":"https:\/\/www.lemuria.it\/product\/tuxs-baby\/"},"modified":"2022-01-08T16:43:56","modified_gmt":"2022-01-08T15:43:56","slug":"tuxs-baby","status":"publish","type":"product","link":"https:\/\/lemuria.it\/es\/producto\/esmoquin-de-bebe\/","title":{"rendered":"BEB\u00c9 DE ESMOQUIN"},"content":{"rendered":"<p><strong>VALENCIA FISIOL\u00d3GICA<\/strong><\/p>\n<p>Las flores de pr\u00edmula y malva favorecen la fluidez de las secreciones bronquiales. la ra\u00edz de <strong>regaliz<\/strong> y el malvavisco y las puntas de tomillo favorecen el bienestar de la nariz y la garganta.<\/p>\n<p>&nbsp;<\/p>\n<p><strong>INGREDIENTES<\/strong><\/p>\n<p>Agua, fructosa, miel de lima, <strong>Regaliz<\/strong> (Glycirrhiza glabra L.) ra\u00edz de tit. a 4,5% en extracto acuoso de \u00e1cido glicirr\u00edcico D:E 1:1, ra\u00edz de malvavisco (Althaaea officinalis L.) tit. a 6-8% en extracto acuoso de muc\u00edlago D:E 1:1, Malva (Malva (Malva sylvestris L.) flores y hojas tit. a 6-8% en extracto acuoso de muc\u00edlago D:E 1:1, Jugo concentrado de bayas, Pr\u00edmula (Primula officinalis Hill.) extracto acuoso de flores D:E 1:1, Tomillo (Thymus vulgaris L.) titulado superiormente a 1,2% en extracto acuoso de aceite esencial D:E 1:1, Conservante: sorbato de potasio<\/p>\n<p>&nbsp;<\/p>\n<p>&nbsp;<\/p>\n<p><strong>CONSEJOS DE USO<\/strong><\/p>\n<p>Para un uso correcto se recomienda tomar media cucharadita o 1 cucharadita, 3 o 4 veces al d\u00eda. El producto se puede tomar tal cual o diluido en agua.<\/p>\n<p>&nbsp;<\/p>\n<p><strong>EMBALAJE:<br \/>\n<\/strong><\/p>\n<p>botella de 100ml<\/p>\n<\/p>\n<\/p>\n<\/p>\n<\/p>\n<\/p>\n<\/p><\/p>","protected":false},"excerpt":{"rendered":"<p><strong>SECRECIONES BRONQUIALES<\/strong><\/p>\n<p>Las flores de pr\u00edmula y malva favorecen la fluidez de las secreciones bronquiales. la ra\u00edz de <strong>regaliz<\/strong> y el malvavisco y las puntas de tomillo favorecen el bienestar de la nariz y la garganta.<\/p>\n<p><strong>EMBALAJE:<br \/>\n<\/strong><\/p>\n<p>botella de 100ml<\/p>\n<p><strong>PRECIO:<\/strong><\/p>\n<p>\u20ac10,50<\/p>\n<p>Soluci\u00f3n bebible<\/p>\n<p><strong>SIN ALCOHOL<\/strong><\/p>\n<p>COMPLEMENTO ALIMENTICIO A BASE DE EXTRACTOS VEGETALES<\/p>\n<p>Consulte la ficha t\u00e9cnica a continuaci\u00f3n<\/p>","protected":false},"featured_media":8787,"comment_status":"open","ping_status":"closed","template":"","meta":{"_acf_changed":false},"product_cat":[85,100,84,67],"product_tag":[136,143,142,144],"acf":[],"_links":{"self":[{"href":"https:\/\/lemuria.it\/es\/wp-json\/wp\/v2\/product\/8231"}],"collection":[{"href":"https:\/\/lemuria.it\/es\/wp-json\/wp\/v2\/product"}],"about":[{"href":"https:\/\/lemuria.it\/es\/wp-json\/wp\/v2\/types\/product"}],"replies":[{"embeddable":true,"href":"https:\/\/lemuria.it\/es\/wp-json\/wp\/v2\/comments?post=8231"}],"wp:featuredmedia":[{"embeddable":true,"href":"https:\/\/lemuria.it\/es\/wp-json\/wp\/v2\/media\/8787"}],"wp:attachment":[{"href":"https:\/\/lemuria.it\/es\/wp-json\/wp\/v2\/media?parent=8231"}],"wp:term":[{"taxonomy":"product_cat","embeddable":true,"href":"https:\/\/lemuria.it\/es\/wp-json\/wp\/v2\/product_cat?post=8231"},{"taxonomy":"product_tag","embeddable":true,"href":"https:\/\/lemuria.it\/es\/wp-json\/wp\/v2\/product_tag?post=8231"}],"curies":[{"name":"wp","href":"https:\/\/api.w.org\/{rel}","templated":true}]}}