{"id":8228,"date":"2015-04-14T10:22:58","date_gmt":"2015-04-14T08:22:58","guid":{"rendered":"https:\/\/www.lemuria.it\/product\/quilia-baby\/"},"modified":"2022-01-08T16:49:04","modified_gmt":"2022-01-08T15:49:04","slug":"quilia-baby","status":"publish","type":"product","link":"https:\/\/lemuria.it\/es\/producto\/bebe-quilia\/","title":{"rendered":"BEB\u00c9 QUILIA"},"content":{"rendered":"<p><strong>VALENCIA FISIOL\u00d3GICA<\/strong><\/p>\n<p>Las flores de tilo y lavanda, los frutos de avena y la pasiflora en flor favorecen la relajaci\u00f3n (el sue\u00f1o).<\/p>\n<p>&nbsp;<\/p>\n<p><strong>INGREDIENTES<\/strong><\/p>\n<p>Agua de fructosa, Tilo (Tilia platyphyllos Scop.) flores tit. a 1% en extracto acuoso de flavonoides D:E 1:1, jugo concentrado de ar\u00e1ndanos, extracto acuoso de semillas de AVENA (Avena sativa L.) D:E 1:1, pasiflora (Passiflora incarnata L.) extracto seco de hierba en flor tit. a 1% en vitexina, Melissa (Melissa officinalis L.) deja extracto seco tit. a 4% en \u00e1cido rosmar\u00ednico, extracto acuoso de flores de Naranja (Citrus sinensis var dulcis L.) D:E 1:1, flores de Lavanda (Lavandula officinalis Chaix) tit. a 1,3% en extracto acuoso de aceite esencial D:E 1:1, conservantes: sorbato de potasio. (Al\u00e9rgenos: AVENA)<\/p>\n<p>&nbsp;<\/p>\n<p>&nbsp;<\/p>\n<p><strong>CONSEJOS DE USO<\/strong><\/p>\n<p>Para un uso correcto se recomienda tomar de 1\/2 a 3 cucharaditas aproximadamente media hora antes de acostarse por la noche. La dosis m\u00e1xima diaria tambi\u00e9n se puede dividir en dos tomas al d\u00eda. El producto se puede tomar tal cual o diluido en agua.<\/p>\n<p>&nbsp;<\/p>\n<p><strong>EMBALAJE:<br \/>\n<\/strong><\/p>\n<p>botella de 100ml<\/p>\n<p><strong>\u00a0<\/strong><\/p>\n<\/p>\n<\/p>\n<\/p>\n<\/p>\n<\/p>\n<\/p><\/p>","protected":false},"excerpt":{"rendered":"<p><strong>CUANDO LOS NI\u00d1OS EST\u00c1N INQUIETADOS<\/strong><\/p>\n<p>Las flores de tilo y lavanda, los frutos de avena y la pasiflora en flor favorecen la relajaci\u00f3n (el sue\u00f1o).<\/p>\n<p><strong>EMBALAJE:<br \/>\n<\/strong><\/p>\n<p>botella de 100ml<\/p>\n<p><strong>PRECIO:<\/strong><\/p>\n<p>\u20ac 14,50<\/p>\n<p><strong>SIN ALCOHOL<\/strong><\/p>\n<p>COMPLEMENTO ALIMENTICIO A BASE DE EXTRACTOS VEGETALES<\/p>\n<p>Consulte la ficha t\u00e9cnica a continuaci\u00f3n<\/p>","protected":false},"featured_media":8229,"comment_status":"open","ping_status":"closed","template":"","meta":{"_acf_changed":false},"product_cat":[85,100,74,67],"product_tag":[136,141,140],"acf":[],"_links":{"self":[{"href":"https:\/\/lemuria.it\/es\/wp-json\/wp\/v2\/product\/8228"}],"collection":[{"href":"https:\/\/lemuria.it\/es\/wp-json\/wp\/v2\/product"}],"about":[{"href":"https:\/\/lemuria.it\/es\/wp-json\/wp\/v2\/types\/product"}],"replies":[{"embeddable":true,"href":"https:\/\/lemuria.it\/es\/wp-json\/wp\/v2\/comments?post=8228"}],"wp:featuredmedia":[{"embeddable":true,"href":"https:\/\/lemuria.it\/es\/wp-json\/wp\/v2\/media\/8229"}],"wp:attachment":[{"href":"https:\/\/lemuria.it\/es\/wp-json\/wp\/v2\/media?parent=8228"}],"wp:term":[{"taxonomy":"product_cat","embeddable":true,"href":"https:\/\/lemuria.it\/es\/wp-json\/wp\/v2\/product_cat?post=8228"},{"taxonomy":"product_tag","embeddable":true,"href":"https:\/\/lemuria.it\/es\/wp-json\/wp\/v2\/product_tag?post=8228"}],"curies":[{"name":"wp","href":"https:\/\/api.w.org\/{rel}","templated":true}]}}