{"id":8218,"date":"2015-04-13T19:23:02","date_gmt":"2015-04-13T17:23:02","guid":{"rendered":"https:\/\/www.lemuria.it\/product\/forza-baby\/"},"modified":"2022-01-08T17:01:50","modified_gmt":"2022-01-08T16:01:50","slug":"forza-baby","status":"publish","type":"product","link":"https:\/\/lemuria.it\/es\/producto\/forza-baby\/","title":{"rendered":"VAMOS BEB\u00c9"},"content":{"rendered":"<p><strong>VALENCIA FISIOL\u00d3GICA<\/strong><\/p>\n<p>La radice di echinacea favorisce le naturali difese dell\u2019organismo e la funzionalit\u00e0 delle prive vie respiratorie. I frutti di rosa canina hanno attivit\u00e0 di sostegno e ricostituente. La radice di altea favorisce la funzionalit\u00e0 delle mucose dell\u2019apparato respiratorio ed il benessere della gola. La vitamina C contribuisce alla normale funzione del sistema immunitario.<\/p>\n<p>&nbsp;<\/p>\n<p><strong>INGREDIENTES<\/strong><\/p>\n<p>Fruttosio, Acqua, Succo di arancio, Succo di carota, Succo di limone, Echinacea (Echinacea angustifolia DC) radice e.s. tit. al 2% in echinacoside, Rosa (Rosa Canina L.) frutto e.s. tit. al 10% in acido ascorbico (Vitamina C), Altea (Althaea officinalis L.) radice e.s. D\/E 10:1, Aromi. Conservanti: potassio sorbato e sodio benzoato.<\/p>\n<p>&nbsp;<\/p>\n<p>&nbsp;<\/p>\n<p><strong>CONSEJOS DE USO<\/strong><\/p>\n<p>Per un corretto uso si consiglia di assumere 1 o 2 cucchiaini 1 o 2 volte al giorno. Il prodotto pu\u00f2 essere assunto tal quale oppure diluito in acqua.<\/p>\n<p>&nbsp;<\/p>\n<p><strong>EMBALAJE:<br \/>\n<\/strong><\/p>\n<p>botella de 100ml<\/p>\n<\/p>\n<\/p>\n<\/p>\n<\/p>\n<\/p>\n<\/p><\/p>","protected":false},"excerpt":{"rendered":"<p><strong>NATURALI DIFESE<\/strong><\/p>\n<p>La radice di echinacea favorisce le naturali difese dell\u2019organismo e la funzionalit\u00e0 delle prive vie respiratorie. I frutti di rosa canina hanno attivit\u00e0 di sostegno e ricostituente. La radice di altea favorisce la funzionalit\u00e0 delle mucose dell\u2019apparato respiratorio ed il benessere della gola. La vitamina C contribuisce alla normale funzione del sistema immunitario.<\/p>\n<p><strong>EMBALAJE:<br \/>\n<\/strong><\/p>\n<p>botella de 100ml<\/p>\n<p><strong>PRECIO:<\/strong><\/p>\n<p>\u20ac 14,50<\/p>\n<p><strong>SIN ALCOHOL<\/strong><\/p>\n<p>COMPLEMENTO ALIMENTICIO A BASE DE EXTRACTOS VEGETALES<\/p>\n<p>Consulte la ficha t\u00e9cnica a continuaci\u00f3n<\/p>","protected":false},"featured_media":8219,"comment_status":"open","ping_status":"closed","template":"","meta":{"_acf_changed":false},"product_cat":[85,69,100,84,67],"product_tag":[134,131],"acf":[],"_links":{"self":[{"href":"https:\/\/lemuria.it\/es\/wp-json\/wp\/v2\/product\/8218"}],"collection":[{"href":"https:\/\/lemuria.it\/es\/wp-json\/wp\/v2\/product"}],"about":[{"href":"https:\/\/lemuria.it\/es\/wp-json\/wp\/v2\/types\/product"}],"replies":[{"embeddable":true,"href":"https:\/\/lemuria.it\/es\/wp-json\/wp\/v2\/comments?post=8218"}],"wp:featuredmedia":[{"embeddable":true,"href":"https:\/\/lemuria.it\/es\/wp-json\/wp\/v2\/media\/8219"}],"wp:attachment":[{"href":"https:\/\/lemuria.it\/es\/wp-json\/wp\/v2\/media?parent=8218"}],"wp:term":[{"taxonomy":"product_cat","embeddable":true,"href":"https:\/\/lemuria.it\/es\/wp-json\/wp\/v2\/product_cat?post=8218"},{"taxonomy":"product_tag","embeddable":true,"href":"https:\/\/lemuria.it\/es\/wp-json\/wp\/v2\/product_tag?post=8218"}],"curies":[{"name":"wp","href":"https:\/\/api.w.org\/{rel}","templated":true}]}}