{"id":8205,"date":"2015-04-13T18:43:13","date_gmt":"2015-04-13T16:43:13","guid":{"rendered":"https:\/\/www.lemuria.it\/product\/e-t-tiglio\/"},"modified":"2022-01-08T17:12:10","modified_gmt":"2022-01-08T16:12:10","slug":"e-t-tiglio","status":"publish","type":"product","link":"https:\/\/lemuria.it\/es\/producto\/e-t-tiglio\/","title":{"rendered":"ET LIMA"},"content":{"rendered":"<p><strong>VALENCIA FISIOL\u00d3GICA<\/strong><\/p>\n<p>I fiori di tiglio favoriscono il rilassamento in caso di stress e la qualit\u00e0 del sonno.<\/p>\n<p>&nbsp;<\/p>\n<p><strong>INGREDIENTES<\/strong><\/p>\n<p>Fruttosio, Acqua, Tiglio (Tilia cordata Mill.) fiori, estratto (D:E=1:1). Trattasi di estratto totale 1:1 in fruttosio soluzione 70%.<\/p>\n<p>&nbsp;<\/p>\n<p><strong>CONSEJOS DE USO<\/strong><\/p>\n<p>Ni\u00f1os a partir de 12 a\u00f1os: 10 gotas 3 veces al d\u00eda. Ni\u00f1os a partir de 6 a\u00f1os: 6 gotas 3 veces al d\u00eda. Adultos: 20 gotas 2\/3 veces al d\u00eda. Las gotas se pueden tomar directamente en la boca o diluidas en un poco de l\u00edquido.<\/p>\n<p>&nbsp;<\/p>\n<p><strong>EMBALAJE:<br \/>\n<\/strong><\/p>\n<p>botella de 30ml<\/p>","protected":false},"excerpt":{"rendered":"<p><strong>Tiglio (Tilia cordata Mill.)<\/strong><\/p>\n<p>I fiori di tiglio favoriscono il rilassamento in caso di stress e la qualit\u00e0 del sonno.<\/p>\n<p><strong>EMBALAJE:<br \/>\n<\/strong><\/p>\n<p>botella de 30ml<\/p>\n<p><strong>PRECIO:<\/strong><\/p>\n<p>\u20ac 13,00<\/p>\n<p>COMPLEMENTO ALIMENTICIO A BASE DE PLANTAS Y DERIVADOS<\/p>\n<p>Consulte la ficha t\u00e9cnica a continuaci\u00f3n<\/p>","protected":false},"featured_media":8814,"comment_status":"open","ping_status":"closed","template":"","meta":{"_acf_changed":false},"product_cat":[62,74,67],"product_tag":[65,64,128],"acf":[],"_links":{"self":[{"href":"https:\/\/lemuria.it\/es\/wp-json\/wp\/v2\/product\/8205"}],"collection":[{"href":"https:\/\/lemuria.it\/es\/wp-json\/wp\/v2\/product"}],"about":[{"href":"https:\/\/lemuria.it\/es\/wp-json\/wp\/v2\/types\/product"}],"replies":[{"embeddable":true,"href":"https:\/\/lemuria.it\/es\/wp-json\/wp\/v2\/comments?post=8205"}],"wp:featuredmedia":[{"embeddable":true,"href":"https:\/\/lemuria.it\/es\/wp-json\/wp\/v2\/media\/8814"}],"wp:attachment":[{"href":"https:\/\/lemuria.it\/es\/wp-json\/wp\/v2\/media?parent=8205"}],"wp:term":[{"taxonomy":"product_cat","embeddable":true,"href":"https:\/\/lemuria.it\/es\/wp-json\/wp\/v2\/product_cat?post=8205"},{"taxonomy":"product_tag","embeddable":true,"href":"https:\/\/lemuria.it\/es\/wp-json\/wp\/v2\/product_tag?post=8205"}],"curies":[{"name":"wp","href":"https:\/\/api.w.org\/{rel}","templated":true}]}}