{"id":8190,"date":"2015-04-13T18:30:11","date_gmt":"2015-04-13T16:30:11","guid":{"rendered":"https:\/\/www.lemuria.it\/product\/e-t-ribes-nero\/"},"modified":"2022-01-08T17:21:25","modified_gmt":"2022-01-08T16:21:25","slug":"e-t-ribes-nero","status":"publish","type":"product","link":"https:\/\/lemuria.it\/es\/producto\/e-t-ribes-nero\/","title":{"rendered":"Y GROSELLA NEGRA"},"content":{"rendered":"<p><strong>VALENCIA FISIOL\u00d3GICA<\/strong><\/p>\n<p>Le foglie di ribes nero favoriscono il benessere di naso e gola.<\/p>\n<p>&nbsp;<\/p>\n<p><strong>INGREDIENTES<\/strong><\/p>\n<p>Fruttosio, Acqua, Ribes nero (Ribes nigrum L.) foglie, estratto (D:E=1=1). Trattasi di estratto totale 1:1 in fruttosio soluzione 70%.<\/p>\n<p>&nbsp;<\/p>\n<p><strong>CONSEJOS DE USO<\/strong><\/p>\n<p>Ni\u00f1os a partir de 12 a\u00f1os: 10 gotas 3 veces al d\u00eda. Ni\u00f1os a partir de 6 a\u00f1os: 6 gotas 3 veces al d\u00eda. Adultos: 20 gotas 2\/3 veces al d\u00eda. Las gotas se pueden tomar directamente en la boca o diluidas en un poco de l\u00edquido.<\/p>\n<p>&nbsp;<\/p>\n<p><strong>EMBALAJE:<br \/>\n<\/strong><\/p>\n<p>botella de 30ml<\/p>","protected":false},"excerpt":{"rendered":"<p><em><strong>Ribes nero (Ribes nigrum L.)<\/strong><\/em><\/p>\n<p>Le foglie di ribes nero favoriscono il benessere di naso e gola.<\/p>\n<p><strong>EMBALAJE:<br \/>\n<\/strong><\/p>\n<p>botella de 30ml<\/p>\n<p><strong>PRECIO:<\/strong><\/p>\n<p>\u20ac 13,00<\/p>\n<p>COMPLEMENTO ALIMENTICIO A BASE DE PLANTAS Y DERIVADOS<\/p>\n<p>Consulte la ficha t\u00e9cnica a continuaci\u00f3n<\/p>","protected":false},"featured_media":8808,"comment_status":"open","ping_status":"closed","template":"","meta":{"_acf_changed":false},"product_cat":[68,62,82,84,67],"product_tag":[65,64,124],"acf":[],"_links":{"self":[{"href":"https:\/\/lemuria.it\/es\/wp-json\/wp\/v2\/product\/8190"}],"collection":[{"href":"https:\/\/lemuria.it\/es\/wp-json\/wp\/v2\/product"}],"about":[{"href":"https:\/\/lemuria.it\/es\/wp-json\/wp\/v2\/types\/product"}],"replies":[{"embeddable":true,"href":"https:\/\/lemuria.it\/es\/wp-json\/wp\/v2\/comments?post=8190"}],"wp:featuredmedia":[{"embeddable":true,"href":"https:\/\/lemuria.it\/es\/wp-json\/wp\/v2\/media\/8808"}],"wp:attachment":[{"href":"https:\/\/lemuria.it\/es\/wp-json\/wp\/v2\/media?parent=8190"}],"wp:term":[{"taxonomy":"product_cat","embeddable":true,"href":"https:\/\/lemuria.it\/es\/wp-json\/wp\/v2\/product_cat?post=8190"},{"taxonomy":"product_tag","embeddable":true,"href":"https:\/\/lemuria.it\/es\/wp-json\/wp\/v2\/product_tag?post=8190"}],"curies":[{"name":"wp","href":"https:\/\/api.w.org\/{rel}","templated":true}]}}