{"id":8185,"date":"2015-04-13T18:25:48","date_gmt":"2015-04-13T16:25:48","guid":{"rendered":"https:\/\/www.lemuria.it\/product\/e-t-propolone\/"},"modified":"2022-01-08T17:25:39","modified_gmt":"2022-01-08T16:25:39","slug":"e-t-propolone","status":"publish","type":"product","link":"https:\/\/lemuria.it\/es\/producto\/y-propolon\/","title":{"rendered":"ET PROPOL\u00d3N"},"content":{"rendered":"<p><strong>INGREDIENTES<\/strong><\/p>\n<p>Fructosa, Agua, Prop\u00f3leo (Propolis) desparafinado y purificado \u2013 extracto (D:E=1=1). Este es un extracto total 1:1.<\/p>\n<p>&nbsp;<\/p>\n<p><strong>CONSEJOS DE USO<\/strong><\/p>\n<p>Ni\u00f1os a partir de 12 a\u00f1os: media cucharadita dos veces al d\u00eda. Ni\u00f1os a partir de 6 a\u00f1os: un cuarto de cucharadita dos veces al d\u00eda.<\/p>\n<p>&nbsp;<\/p>\n<p><strong>EMBALAJE:<br \/>\n<\/strong><\/p>\n<p>botella de 100ml<\/p>","protected":false},"excerpt":{"rendered":"<p>PROP\u00d3LEO SIN ALCOHOL<\/p>\n<p><strong>Ingredientes: <\/strong>Fructosa, Agua, Prop\u00f3leo (Propolis) desparafinado y purificado \u2013 extracto (D:E=1=1). Este es un extracto total 1:1.<\/p>\n<p><strong>EMBALAJE:<br \/>\n<\/strong><\/p>\n<p>botella de 100ml<\/p>\n<p><strong>PRECIO:<\/strong><\/p>\n<p>\u20ac 28,00<\/p>\n<p>COMPLEMENTO ALIMENTICIO A BASE DE PROP\u00d3LEO<\/p>\n<p>Consulte la ficha t\u00e9cnica a continuaci\u00f3n<\/p>","protected":false},"featured_media":8186,"comment_status":"closed","ping_status":"closed","template":"","meta":{"_acf_changed":false},"product_cat":[62,97,67],"product_tag":[65,64,121,122],"acf":[],"_links":{"self":[{"href":"https:\/\/lemuria.it\/es\/wp-json\/wp\/v2\/product\/8185"}],"collection":[{"href":"https:\/\/lemuria.it\/es\/wp-json\/wp\/v2\/product"}],"about":[{"href":"https:\/\/lemuria.it\/es\/wp-json\/wp\/v2\/types\/product"}],"replies":[{"embeddable":true,"href":"https:\/\/lemuria.it\/es\/wp-json\/wp\/v2\/comments?post=8185"}],"wp:featuredmedia":[{"embeddable":true,"href":"https:\/\/lemuria.it\/es\/wp-json\/wp\/v2\/media\/8186"}],"wp:attachment":[{"href":"https:\/\/lemuria.it\/es\/wp-json\/wp\/v2\/media?parent=8185"}],"wp:term":[{"taxonomy":"product_cat","embeddable":true,"href":"https:\/\/lemuria.it\/es\/wp-json\/wp\/v2\/product_cat?post=8185"},{"taxonomy":"product_tag","embeddable":true,"href":"https:\/\/lemuria.it\/es\/wp-json\/wp\/v2\/product_tag?post=8185"}],"curies":[{"name":"wp","href":"https:\/\/api.w.org\/{rel}","templated":true}]}}