{"id":8182,"date":"2015-04-13T18:22:31","date_gmt":"2015-04-13T16:22:31","guid":{"rendered":"https:\/\/www.lemuria.it\/product\/e-t-propoli\/"},"modified":"2022-01-08T17:27:20","modified_gmt":"2022-01-08T16:27:20","slug":"e-t-propoli","status":"publish","type":"product","link":"https:\/\/lemuria.it\/es\/producto\/e-t-propoli\/","title":{"rendered":"Y PROP\u00d3LEO"},"content":{"rendered":"<p><strong>INGREDIENTES<\/strong><\/p>\n<p>Fructosa, Agua, Prop\u00f3leo (Propolis) desparafinado y purificado \u2013 extracto (D:E=1=1). Este es un extracto total 1:1.<\/p>\n<p>&nbsp;<\/p>\n<p>&nbsp;<\/p>\n<p><strong>CONSEJOS DE USO<\/strong><\/p>\n<p>Ni\u00f1os a partir de 12 a\u00f1os: 10 gotas 3 veces al d\u00eda. Ni\u00f1os a partir de 6 a\u00f1os: 6 gotas 3 veces al d\u00eda. Adultos: 20 gotas 2\/3 veces al d\u00eda. Las gotas se pueden tomar directamente en la boca o diluidas en un poco de l\u00edquido.<\/p>\n<p>&nbsp;<\/p>\n<p><strong>EMBALAJE:<br \/>\n<\/strong><\/p>\n<p>botella de 30ml<\/p>","protected":false},"excerpt":{"rendered":"<p><strong>Propoli<\/strong><\/p>\n<p><strong>Ingredienti<\/strong>: Fruttosio, Acqua, Propoli (Propolis) decerata e purificata \u2013 estratto (D:E=1=1). Trattasi di estratto totale 1:1.<\/p>\n<p><strong>EMBALAJE:<br \/>\n<\/strong><\/p>\n<p>botella de 30ml<\/p>\n<p><strong>PRECIO:<\/strong><\/p>\n<p>\u20ac 13,00<\/p>\n<p>COMPLEMENTO ALIMENTICIO A BASE DE PROP\u00d3LEO<\/p>\n<p>Consulte la ficha t\u00e9cnica a continuaci\u00f3n<\/p>","protected":false},"featured_media":8183,"comment_status":"open","ping_status":"closed","template":"","meta":{"_acf_changed":false},"product_cat":[62,82,97,84,67],"product_tag":[65,64,121],"acf":[],"_links":{"self":[{"href":"https:\/\/lemuria.it\/es\/wp-json\/wp\/v2\/product\/8182"}],"collection":[{"href":"https:\/\/lemuria.it\/es\/wp-json\/wp\/v2\/product"}],"about":[{"href":"https:\/\/lemuria.it\/es\/wp-json\/wp\/v2\/types\/product"}],"replies":[{"embeddable":true,"href":"https:\/\/lemuria.it\/es\/wp-json\/wp\/v2\/comments?post=8182"}],"wp:featuredmedia":[{"embeddable":true,"href":"https:\/\/lemuria.it\/es\/wp-json\/wp\/v2\/media\/8183"}],"wp:attachment":[{"href":"https:\/\/lemuria.it\/es\/wp-json\/wp\/v2\/media?parent=8182"}],"wp:term":[{"taxonomy":"product_cat","embeddable":true,"href":"https:\/\/lemuria.it\/es\/wp-json\/wp\/v2\/product_cat?post=8182"},{"taxonomy":"product_tag","embeddable":true,"href":"https:\/\/lemuria.it\/es\/wp-json\/wp\/v2\/product_tag?post=8182"}],"curies":[{"name":"wp","href":"https:\/\/api.w.org\/{rel}","templated":true}]}}