{"id":8173,"date":"2015-04-13T18:16:22","date_gmt":"2015-04-13T16:16:22","guid":{"rendered":"https:\/\/www.lemuria.it\/product\/e-t-melissa\/"},"modified":"2022-01-08T17:34:39","modified_gmt":"2022-01-08T16:34:39","slug":"e-t-melissa","status":"publish","type":"product","link":"https:\/\/lemuria.it\/es\/producto\/y-balsamo-de-limon\/","title":{"rendered":"Y MELISSA"},"content":{"rendered":"<p><strong>VALENCIA FISIOL\u00d3GICA<\/strong><\/p>\n<p>La hierba con flores de melisa favorece la motilidad gastrointestinal regular y la eliminaci\u00f3n de gases. Tambi\u00e9n favorece la relajaci\u00f3n y el bienestar mental, as\u00ed como un estado de \u00e1nimo normal.<\/p>\n<p>&nbsp;<\/p>\n<p><strong>INGREDIENTES<\/strong><\/p>\n<p>Fructosa, agua, melisa (Melissa officinalis L.), hierba con flores, extracto (D:E=1=1). Este es un extracto total 1:1 en soluci\u00f3n de fructosa 70%.<\/p>\n<p>&nbsp;<\/p>\n<p><strong>CONSEJOS DE USO<\/strong><\/p>\n<p>Adultos: 20 gotas 3 veces al d\u00eda. Las gotas se pueden tomar directamente en la boca o diluidas en un poco de l\u00edquido.<\/p>\n<p>&nbsp;<\/p>\n<p><strong>EMBALAJE:<br \/>\n<\/strong><\/p>\n<p>botella de 30ml<\/p>","protected":false},"excerpt":{"rendered":"<p><em><strong>Melisa (Melissa officinalis L.)<\/strong><\/em><\/p>\n<p>La hierba con flores de melisa favorece la motilidad gastrointestinal regular y la eliminaci\u00f3n de gases. Tambi\u00e9n favorece la relajaci\u00f3n y el bienestar mental, as\u00ed como un estado de \u00e1nimo normal.<\/p>\n<p><strong>EMBALAJE:<br \/>\n<\/strong><\/p>\n<p>botella de 30ml<\/p>\n<p><strong>PRECIO:<\/strong><\/p>\n<p>\u20ac 13,00<\/p>\n<p>COMPLEMENTO ALIMENTICIO A BASE DE PLANTAS Y DERIVADOS<\/p>\n<p>Consulte la ficha t\u00e9cnica a continuaci\u00f3n<\/p>","protected":false},"featured_media":8805,"comment_status":"open","ping_status":"closed","template":"","meta":{"_acf_changed":false},"product_cat":[73,62,80,74,67],"product_tag":[65,64,118],"acf":[],"_links":{"self":[{"href":"https:\/\/lemuria.it\/es\/wp-json\/wp\/v2\/product\/8173"}],"collection":[{"href":"https:\/\/lemuria.it\/es\/wp-json\/wp\/v2\/product"}],"about":[{"href":"https:\/\/lemuria.it\/es\/wp-json\/wp\/v2\/types\/product"}],"replies":[{"embeddable":true,"href":"https:\/\/lemuria.it\/es\/wp-json\/wp\/v2\/comments?post=8173"}],"wp:featuredmedia":[{"embeddable":true,"href":"https:\/\/lemuria.it\/es\/wp-json\/wp\/v2\/media\/8805"}],"wp:attachment":[{"href":"https:\/\/lemuria.it\/es\/wp-json\/wp\/v2\/media?parent=8173"}],"wp:term":[{"taxonomy":"product_cat","embeddable":true,"href":"https:\/\/lemuria.it\/es\/wp-json\/wp\/v2\/product_cat?post=8173"},{"taxonomy":"product_tag","embeddable":true,"href":"https:\/\/lemuria.it\/es\/wp-json\/wp\/v2\/product_tag?post=8173"}],"curies":[{"name":"wp","href":"https:\/\/api.w.org\/{rel}","templated":true}]}}