{"id":8152,"date":"2015-04-13T17:47:34","date_gmt":"2015-04-13T15:47:34","guid":{"rendered":"https:\/\/www.lemuria.it\/product\/e-t-echinacea\/"},"modified":"2022-01-08T17:47:49","modified_gmt":"2022-01-08T16:47:49","slug":"e-t-echinacea","status":"publish","type":"product","link":"https:\/\/lemuria.it\/es\/producto\/y-equinacea\/","title":{"rendered":"ET EQUIN\u00c1CEA"},"content":{"rendered":"<p><strong>VALENCIA FISIOL\u00d3GICA<\/strong><\/p>\n<p>La ra\u00edz de equin\u00e1cea favorece las defensas naturales del organismo.<\/p>\n<p>&nbsp;<\/p>\n<p><strong>INGREDIENTES<\/strong><\/p>\n<p>Fructosa, Agua, Equin\u00e1cea (Echinacea purpurea Moench L.). ra\u00edz, extraer (D:E=1:1). Este es un extracto total 1:1 en soluci\u00f3n de fructosa 70%.<\/p>\n<p>&nbsp;<\/p>\n<p>&nbsp;<\/p>\n<p><strong>CONSEJOS DE USO<\/strong><\/p>\n<p>Ni\u00f1os a partir de 12 a\u00f1os: 10 gotas 3 veces al d\u00eda. Ni\u00f1os a partir de 6 a\u00f1os: 6 gotas 3 veces al d\u00eda. Adultos: 20 gotas 2\/3 veces al d\u00eda. Las gotas se pueden tomar directamente en la boca o diluidas en un poco de l\u00edquido.<\/p>\n<p><strong>EMBALAJE:<br \/>\n<\/strong><\/p>\n<p>botella de 30ml<\/p>","protected":false},"excerpt":{"rendered":"<p><em><strong>Equin\u00e1cea (Echinacea Purpurea Moench)<\/strong><\/em><\/p>\n<p>La ra\u00edz de equin\u00e1cea favorece las defensas naturales del organismo.<\/p>\n<p>&nbsp;<\/p>\n<p><strong>EMBALAJE:<br \/>\n<\/strong><\/p>\n<p>botella de 30ml<\/p>\n<p><strong>PRECIO:<\/strong><\/p>\n<p>\u20ac 17,00<\/p>\n<p>&nbsp;<\/p>\n<p>COMPLEMENTO ALIMENTICIO A BASE DE PLANTAS Y DERIVADOS<\/p>\n<p>Consulte la ficha t\u00e9cnica a continuaci\u00f3n<\/p>","protected":false},"featured_media":8797,"comment_status":"open","ping_status":"closed","template":"","meta":{"_acf_changed":false},"product_cat":[69,62,84,67],"product_tag":[65,111,64],"acf":[],"_links":{"self":[{"href":"https:\/\/lemuria.it\/es\/wp-json\/wp\/v2\/product\/8152"}],"collection":[{"href":"https:\/\/lemuria.it\/es\/wp-json\/wp\/v2\/product"}],"about":[{"href":"https:\/\/lemuria.it\/es\/wp-json\/wp\/v2\/types\/product"}],"replies":[{"embeddable":true,"href":"https:\/\/lemuria.it\/es\/wp-json\/wp\/v2\/comments?post=8152"}],"wp:featuredmedia":[{"embeddable":true,"href":"https:\/\/lemuria.it\/es\/wp-json\/wp\/v2\/media\/8797"}],"wp:attachment":[{"href":"https:\/\/lemuria.it\/es\/wp-json\/wp\/v2\/media?parent=8152"}],"wp:term":[{"taxonomy":"product_cat","embeddable":true,"href":"https:\/\/lemuria.it\/es\/wp-json\/wp\/v2\/product_cat?post=8152"},{"taxonomy":"product_tag","embeddable":true,"href":"https:\/\/lemuria.it\/es\/wp-json\/wp\/v2\/product_tag?post=8152"}],"curies":[{"name":"wp","href":"https:\/\/api.w.org\/{rel}","templated":true}]}}