{"id":921,"date":"2013-03-03T12:05:35","date_gmt":"2013-03-03T12:05:35","guid":{"rendered":"http:\/\/theretailer.getbowtied.com\/blank\/?page_id=921"},"modified":"2024-06-12T17:12:55","modified_gmt":"2024-06-12T15:12:55","slug":"about-v2","status":"publish","type":"page","link":"https:\/\/lemuria.it\/es\/acerca-de-v2\/","title":{"rendered":"AGENCIA"},"content":{"rendered":"<div data-vc-full-width=\"true\" data-vc-full-width-init=\"false\" class=\"vc_row wpb_row vc_row-fluid vc_custom_1718187860250 vc_row-has-fill vc_row-o-content-middle vc_row-flex\"><div class=\"wpb_column vc_column_container vc_col-sm-12\"><div class=\"vc_column-inner\"><div class=\"wpb_wrapper\"><div class=\"vc_row wpb_row vc_inner vc_row-fluid vc_row-o-content-middle vc_row-flex\"><div class=\"wpb_column vc_column_container vc_col-sm-12\"><div class=\"vc_column-inner\"><div class=\"wpb_wrapper\">\n\t<div class=\"wpb_text_column wpb_content_element\" >\n\t\t<div class=\"wpb_wrapper\">\n\t\t\t<h3 style=\"color: white; font-size: 36px; text-align: right;\">Per un benessere totale&#8230;<\/h3>\n\n\t\t<\/div>\n\t<\/div>\n<\/div><\/div><\/div><\/div><\/div><\/div><\/div><\/div><div class=\"vc_row-full-width vc_clearfix\"><\/div><div class=\"vc_row wpb_row vc_row-fluid vc_custom_1428680846126\"><div class=\"wpb_column vc_column_container vc_col-sm-12\"><div class=\"vc_column-inner\"><div class=\"wpb_wrapper\"><h2 style=\"font-size: 32px;color: #249035;text-align: left;font-family:Lato;font-weight:400;font-style:normal\" class=\"vc_custom_heading\" >Lemuria<\/h2><div class=\"vc_separator wpb_content_element vc_separator_align_center vc_sep_width_10 vc_sep_border_width_3 vc_sep_pos_align_left vc_separator_no_text vc_custom_1718205134353  vc_custom_1718205134353\" ><span class=\"vc_sep_holder vc_sep_holder_l\"><span  style=\"border-color:#009036;\" class=\"vc_sep_line\"><\/span><\/span><span class=\"vc_sep_holder vc_sep_holder_r\"><span  style=\"border-color:#009036;\" class=\"vc_sep_line\"><\/span><\/span>\n<\/div>\n\t<div class=\"wpb_text_column wpb_content_element\" >\n\t\t<div class=\"wpb_wrapper\">\n\t\t\t<p>Perch\u00e8 il nome <strong>Lemuria<\/strong>?<\/p>\n<p><b>Lemuria<\/b> Es el nombre de la civilizaci\u00f3n mitol\u00f3gica que, se dice, existi\u00f3 antes de la Atl\u00e1ntida. los habitantes de <b>Lemuria<\/b> estaban conscientes de que todo lo que existe es expresi\u00f3n de la creaci\u00f3n perfecta. Se consideraban herederos leg\u00edtimos del Creador. Se cuidaban con hierbas, viv\u00edan en armon\u00eda con la naturaleza, de la que se sent\u00edan no dominadores sino guardianes prudentes y respetuosos. De aqu\u00ed naci\u00f3 la &quot;filosof\u00eda&quot; de la empresa. <b>Lemuria\u00ae<\/b> que pretende trabajar por el bienestar psicof\u00edsico del individuo que conf\u00eda en sus productos.<\/p>\n<p>&nbsp;<\/p>\n<blockquote>\n<h4><em>Tratar la planta como una medicina sint\u00e9tica no le hace justicia <\/em><em><em>la planta es vida, es hija de miles de a\u00f1os de trabajo de la Naturaleza.<\/em><\/em><\/h4>\n<\/blockquote>\n\n\t\t<\/div>\n\t<\/div>\n<\/div><\/div><\/div><\/div><div class=\"vc_row wpb_row vc_row-fluid vc_custom_1428679899349\"><div class=\"wpb_column vc_column_container vc_col-sm-3\"><div class=\"vc_column-inner\"><div class=\"wpb_wrapper\">\n\t<div  class=\"wpb_single_image wpb_content_element vc_align_center  vc_custom_1718204933688\">\n\t\t\n\t\t<figure class=\"wpb_wrapper vc_figure\">\n\t\t\t<div class=\"vc_single_image-wrapper   vc_box_border_grey\"><img loading=\"lazy\" decoding=\"async\" width=\"150\" height=\"150\" src=\"https:\/\/lemuria.it\/wp-content\/uploads\/2013\/03\/01-IMG-azienda-RICERCA-FORMULATIVA-150x150.png\" class=\"vc_single_image-img attachment-thumbnail\" alt=\"\" srcset=\"https:\/\/lemuria.it\/wp-content\/uploads\/2013\/03\/01-IMG-azienda-RICERCA-FORMULATIVA-150x150.png 150w, https:\/\/lemuria.it\/wp-content\/uploads\/2013\/03\/01-IMG-azienda-RICERCA-FORMULATIVA-140x140.png 140w, https:\/\/lemuria.it\/wp-content\/uploads\/2013\/03\/01-IMG-azienda-RICERCA-FORMULATIVA-100x100.png 100w, https:\/\/lemuria.it\/wp-content\/uploads\/2013\/03\/01-IMG-azienda-RICERCA-FORMULATIVA-114x114.png 114w, https:\/\/lemuria.it\/wp-content\/uploads\/2013\/03\/01-IMG-azienda-RICERCA-FORMULATIVA.png 237w\" sizes=\"(max-width: 150px) 100vw, 150px\" \/><\/div>\n\t\t<\/figure>\n\t<\/div>\n\n\t<div class=\"wpb_text_column wpb_content_element\" >\n\t\t<div class=\"wpb_wrapper\">\n\t\t\t<p><b>INVESTIGACI\u00d3N FORMULATIVA<br \/>\n<\/b>La formulaci\u00f3n de los productos. <b>Lemuria\u00ae<\/b> se adquiere conciliando tradiciones y experiencias antiguas con el uso de sistemas modernos e innovadores. T\u00e9cnicas anal\u00edticas extremadamente sofisticadas y el uso de excipientes biodin\u00e1micos confieren a los productos Lemuria esa sinergia de funcionalidad fisiodin\u00e1mica \u00fatil para mantener la salud humana.<\/p>\n\n\t\t<\/div>\n\t<\/div>\n<\/div><\/div><\/div><div class=\"wpb_column vc_column_container vc_col-sm-3\"><div class=\"vc_column-inner\"><div class=\"wpb_wrapper\">\n\t<div  class=\"wpb_single_image wpb_content_element vc_align_center  vc_custom_1718204943018\">\n\t\t\n\t\t<figure class=\"wpb_wrapper vc_figure\">\n\t\t\t<div class=\"vc_single_image-wrapper   vc_box_border_grey\"><img loading=\"lazy\" decoding=\"async\" width=\"150\" height=\"150\" src=\"https:\/\/lemuria.it\/wp-content\/uploads\/2013\/03\/01-IMG-azienda-PROCEDIMENTI-ESTRATTIVI-150x150.png\" class=\"vc_single_image-img attachment-thumbnail\" alt=\"PROCEDIMIENTOS DE EXTRACCI\u00d3N\" srcset=\"https:\/\/lemuria.it\/wp-content\/uploads\/2013\/03\/01-IMG-azienda-PROCEDIMENTI-ESTRATTIVI-150x150.png 150w, https:\/\/lemuria.it\/wp-content\/uploads\/2013\/03\/01-IMG-azienda-PROCEDIMENTI-ESTRATTIVI-140x140.png 140w, https:\/\/lemuria.it\/wp-content\/uploads\/2013\/03\/01-IMG-azienda-PROCEDIMENTI-ESTRATTIVI-100x100.png 100w, https:\/\/lemuria.it\/wp-content\/uploads\/2013\/03\/01-IMG-azienda-PROCEDIMENTI-ESTRATTIVI-114x114.png 114w, https:\/\/lemuria.it\/wp-content\/uploads\/2013\/03\/01-IMG-azienda-PROCEDIMENTI-ESTRATTIVI.png 237w\" sizes=\"(max-width: 150px) 100vw, 150px\" \/><\/div>\n\t\t<\/figure>\n\t<\/div>\n\n\t<div class=\"wpb_text_column wpb_content_element\" >\n\t\t<div class=\"wpb_wrapper\">\n\t\t\t<p><b>PROCEDIMIENTOS DE EXTRACCI\u00d3N<br \/>\n<\/b>Convencidos de la importancia de obtener la totalidad de los principios funcionales de la planta, para la creaci\u00f3n de muchos productos se aplica un innovador procedimiento de extracci\u00f3n que permite obtener la mayor\u00eda de los principios funcionales \u00fatiles (Extracci\u00f3n total <b>hora del este<\/b> con \u201cagotamiento de las drogas\u201d) identificable con procedimientos anal\u00edticos sofisticados.<\/p>\n\n\t\t<\/div>\n\t<\/div>\n<\/div><\/div><\/div><div class=\"wpb_column vc_column_container vc_col-sm-3\"><div class=\"vc_column-inner\"><div class=\"wpb_wrapper\">\n\t<div  class=\"wpb_single_image wpb_content_element vc_align_center  vc_custom_1718205017299\">\n\t\t\n\t\t<figure class=\"wpb_wrapper vc_figure\">\n\t\t\t<div class=\"vc_single_image-wrapper   vc_box_border_grey\"><img loading=\"lazy\" decoding=\"async\" width=\"150\" height=\"150\" src=\"https:\/\/lemuria.it\/wp-content\/uploads\/2013\/03\/01-IMG-azienda-PRODUZIONE-E-CONTROLLO-150x150.png\" class=\"vc_single_image-img attachment-thumbnail\" alt=\"PRODUCCI\u00d3N Y CONTROL\" srcset=\"https:\/\/lemuria.it\/wp-content\/uploads\/2013\/03\/01-IMG-azienda-PRODUZIONE-E-CONTROLLO-150x150.png 150w, https:\/\/lemuria.it\/wp-content\/uploads\/2013\/03\/01-IMG-azienda-PRODUZIONE-E-CONTROLLO-140x140.png 140w, https:\/\/lemuria.it\/wp-content\/uploads\/2013\/03\/01-IMG-azienda-PRODUZIONE-E-CONTROLLO-100x100.png 100w, https:\/\/lemuria.it\/wp-content\/uploads\/2013\/03\/01-IMG-azienda-PRODUZIONE-E-CONTROLLO-114x114.png 114w, https:\/\/lemuria.it\/wp-content\/uploads\/2013\/03\/01-IMG-azienda-PRODUZIONE-E-CONTROLLO.png 237w\" sizes=\"(max-width: 150px) 100vw, 150px\" \/><\/div>\n\t\t<\/figure>\n\t<\/div>\n\n\t<div class=\"wpb_text_column wpb_content_element  vc_custom_1718204956404\" >\n\t\t<div class=\"wpb_wrapper\">\n\t\t\t<p><b>PRODUCCI\u00d3N Y CONTROL<br \/>\n<\/b>Para la preparaci\u00f3n de los productos. <b>Lemuria\u00ae<\/b> cuenta con la colaboraci\u00f3n de laboratorios altamente cualificados que llevan a cabo los procedimientos de producci\u00f3n, llenado y envasado con extrema profesionalidad en departamentos de higiene estrictamente controlados.<\/p>\n\n\t\t<\/div>\n\t<\/div>\n<\/div><\/div><\/div><div class=\"wpb_column vc_column_container vc_col-sm-3\"><div class=\"vc_column-inner\"><div class=\"wpb_wrapper\">\n\t<div  class=\"wpb_single_image wpb_content_element vc_align_center  vc_custom_1718204995181\">\n\t\t\n\t\t<figure class=\"wpb_wrapper vc_figure\">\n\t\t\t<div class=\"vc_single_image-wrapper   vc_box_border_grey\"><img loading=\"lazy\" decoding=\"async\" width=\"150\" height=\"150\" src=\"https:\/\/lemuria.it\/wp-content\/uploads\/2013\/03\/01-IMG-azienda-INGREDIENTI-150x150.png\" class=\"vc_single_image-img attachment-thumbnail\" alt=\"INGREDIENTES\" srcset=\"https:\/\/lemuria.it\/wp-content\/uploads\/2013\/03\/01-IMG-azienda-INGREDIENTI-150x150.png 150w, https:\/\/lemuria.it\/wp-content\/uploads\/2013\/03\/01-IMG-azienda-INGREDIENTI-140x140.png 140w, https:\/\/lemuria.it\/wp-content\/uploads\/2013\/03\/01-IMG-azienda-INGREDIENTI-100x100.png 100w, https:\/\/lemuria.it\/wp-content\/uploads\/2013\/03\/01-IMG-azienda-INGREDIENTI-114x114.png 114w, https:\/\/lemuria.it\/wp-content\/uploads\/2013\/03\/01-IMG-azienda-INGREDIENTI.png 237w\" sizes=\"(max-width: 150px) 100vw, 150px\" \/><\/div>\n\t\t<\/figure>\n\t<\/div>\n\n\t<div class=\"wpb_text_column wpb_content_element\" >\n\t\t<div class=\"wpb_wrapper\">\n\t\t\t<p><b>INGREDIENTES<br \/>\n<\/b>Los ingredientes funcionales utilizados se eligen a partir de plantas rigurosamente seleccionadas y controladas, recolectadas en pleno per\u00edodo bals\u00e1mico. Rigurosos an\u00e1lisis certifican la integridad y calidad de las plantas y materias primas utilizadas.<\/p>\n\n\t\t<\/div>\n\t<\/div>\n<\/div><\/div><\/div><\/div><div class=\"vc_row wpb_row vc_row-fluid\"><div class=\"wpb_column vc_column_container vc_col-sm-12\"><div class=\"vc_column-inner\"><div class=\"wpb_wrapper\"><div class=\"vc_separator wpb_content_element vc_separator_align_center vc_sep_width_100 vc_sep_pos_align_center vc_separator_no_text vc_sep_color_grey\" ><span class=\"vc_sep_holder vc_sep_holder_l\"><span  class=\"vc_sep_line\"><\/span><\/span><span class=\"vc_sep_holder vc_sep_holder_r\"><span  class=\"vc_sep_line\"><\/span><\/span>\n<\/div><div class=\"vc_empty_space\"   style=\"height: 32px\" ><span class=\"vc_empty_space_inner\"><\/span><\/div>\n<\/div><\/div><\/div><\/div><div class=\"vc_row wpb_row vc_row-fluid\"><div class=\"wpb_column vc_column_container vc_col-sm-6\"><div class=\"vc_column-inner\"><div class=\"wpb_wrapper\"><h2 style=\"font-size: 32px;color: #249035;text-align: left;font-family:Lato;font-weight:400;font-style:normal\" class=\"vc_custom_heading\" >Nuestros valores<\/h2><div class=\"vc_separator wpb_content_element vc_separator_align_center vc_sep_width_30 vc_sep_border_width_3 vc_sep_pos_align_left vc_separator_no_text vc_custom_1718205167106  vc_custom_1718205167106\" ><span class=\"vc_sep_holder vc_sep_holder_l\"><span  style=\"border-color:#009036;\" class=\"vc_sep_line\"><\/span><\/span><span class=\"vc_sep_holder vc_sep_holder_r\"><span  style=\"border-color:#009036;\" class=\"vc_sep_line\"><\/span><\/span>\n<\/div><div  class=\"vc_toggle vc_toggle_default vc_toggle_color_default  vc_toggle_size_md\">\n\t<div class=\"vc_toggle_title\"><h4>Respeto por la naturaleza<\/h4><i class=\"vc_toggle_icon\"><\/i><\/div>\n\t<div class=\"vc_toggle_content\"><p>debe ser necesariamente el valor fundamental para quienes, como nosotros, aspiran a poner a disposici\u00f3n los principios activos de las plantas.<\/p>\n<\/div>\n<\/div>\n<div  class=\"vc_toggle vc_toggle_default vc_toggle_color_default  vc_toggle_size_md\">\n\t<div class=\"vc_toggle_title\"><h4>Calidad<\/h4><i class=\"vc_toggle_icon\"><\/i><\/div>\n\t<div class=\"vc_toggle_content\"><p>se manifiesta a trav\u00e9s de una cuidadosa investigaci\u00f3n sobre las plantas utilizadas, su origen y m\u00e9todos de cultivo.<\/p>\n<\/div>\n<\/div>\n<div  class=\"vc_toggle vc_toggle_default vc_toggle_color_default  vc_toggle_size_md\">\n\t<div class=\"vc_toggle_title\"><h4>Gravedad<\/h4><i class=\"vc_toggle_icon\"><\/i><\/div>\n\t<div class=\"vc_toggle_content\"><p>Todos nuestros productos son notificados peri\u00f3dicamente al Ministerio de Salud y incluidos en el registro nacional de suplementos.<\/p>\n<\/div>\n<\/div>\n<div  class=\"vc_toggle vc_toggle_default vc_toggle_color_default  vc_toggle_size_md\">\n\t<div class=\"vc_toggle_title\"><h4>Cultura<\/h4><i class=\"vc_toggle_icon\"><\/i><\/div>\n\t<div class=\"vc_toggle_content\"><p>Las plantas se eligen y utilizan seg\u00fan los principios desarrollados por la tradici\u00f3n herbaria difundida a lo largo de los siglos.<\/p>\n<\/div>\n<\/div>\n<div  class=\"vc_toggle vc_toggle_default vc_toggle_color_default  vc_toggle_size_md\">\n\t<div class=\"vc_toggle_title\"><h4>Procedimientos de extracci\u00f3n<\/h4><i class=\"vc_toggle_icon\"><\/i><\/div>\n\t<div class=\"vc_toggle_content\"><p>especialmente dise\u00f1ados que nos permiten obtener la mayor\u00eda de principios funcionales \u00fatiles de cada planta<\/p>\n<\/div>\n<\/div>\n<div  class=\"vc_toggle vc_toggle_default vc_toggle_color_default  vc_toggle_size_md\">\n\t<div class=\"vc_toggle_title\"><h4>Consistencia<\/h4><i class=\"vc_toggle_icon\"><\/i><\/div>\n\t<div class=\"vc_toggle_content\"><p>No tenemos la costumbre de seguir &quot;las modas del momento&quot; formulando productos que contienen plantas espec\u00edficas, a menos que estemos absolutamente convencidos.<\/p>\n<\/div>\n<\/div>\n<div  class=\"vc_toggle vc_toggle_default vc_toggle_color_default  vc_toggle_size_md\">\n\t<div class=\"vc_toggle_title\"><h4>Continuidad<\/h4><i class=\"vc_toggle_icon\"><\/i><\/div>\n\t<div class=\"vc_toggle_content\"><p>La validez de nuestros productos se manifiesta esencialmente en la extraordinaria duraci\u00f3n de su ciclo de vida y su puntualidad.<\/p>\n<\/div>\n<\/div>\n<\/div><\/div><\/div><div class=\"wpb_column vc_column_container vc_col-sm-6\"><div class=\"vc_column-inner\"><div class=\"wpb_wrapper\"><h2 style=\"font-size: 32px;color: #249035;text-align: left;font-family:Lato;font-weight:400;font-style:normal\" class=\"vc_custom_heading\" >La storia<\/h2><div class=\"vc_separator wpb_content_element vc_separator_align_center vc_sep_width_30 vc_sep_border_width_3 vc_sep_pos_align_left vc_separator_no_text vc_custom_1718204675120  vc_custom_1718204675120\" ><span class=\"vc_sep_holder vc_sep_holder_l\"><span  style=\"border-color:#009036;\" class=\"vc_sep_line\"><\/span><\/span><span class=\"vc_sep_holder vc_sep_holder_r\"><span  style=\"border-color:#009036;\" class=\"vc_sep_line\"><\/span><\/span>\n<\/div>\n\t<div class=\"wpb_text_column wpb_content_element  vc_custom_1428681320104\" >\n\t\t<div class=\"wpb_wrapper\">\n\t\t\t<p><strong>LEMURIA\u00ae<\/strong> naci\u00f3 en 1990 de una extraordinaria intuici\u00f3n de su fundador, Sandro Calidi, quien tuvo la idea de formular y producir extractos &quot;herbales&quot; altamente concentrados y sin alcohol. Fue una idea innovadora, ya que en el mercado italiano se comercializaban principalmente fitoextractos hidroalcoh\u00f3licos 1:4 y tinturas madre 1:10. As\u00ed nacieron ET, extractos totales 1:1, sin alcohol, que a\u00fan hoy representan el elemento m\u00e1s caracter\u00edstico e identificativo de LEMURIA \u00ae.<\/p>\n<p>En los a\u00f1os siguientes integramos progresivamente las l\u00edneas existentes, actualizamos la formulaci\u00f3n de algunos productos e introdujimos en el mercado nuevos productos, con formulaciones siempre muy particulares, fruto de investigaciones a nivel nacional e internacional.<br \/>\nHoy nuestra lista de precios cuenta con m\u00e1s de cien productos, muy apreciados por nuestros clientes.<\/p>\n\n\t\t<\/div>\n\t<\/div>\n<\/div><\/div><\/div><\/div><div class=\"vc_row wpb_row vc_row-fluid\"><div class=\"wpb_column vc_column_container vc_col-sm-12\"><div class=\"vc_column-inner\"><div class=\"wpb_wrapper\"><div class=\"vc_empty_space\"   style=\"height: 32px\" ><span class=\"vc_empty_space_inner\"><\/span><\/div>\n<\/div><\/div><\/div><\/div>","protected":false},"excerpt":{"rendered":"Per un benessere totale... Lemuria Perch\u00e8 il nome Lemuria? Lemuria \u00e9 il nome della mitologica civilt\u00e0 che, si narra, esisteva prima di Atlantide. Gli abitanti di Lemuria erano consapevoli che tutto ci\u00f2 che esiste \u00e9 una espressione della perfetta creazione. Essi si consideravano eredi legittimi del Creatore. Si curavano con le erbe, vivendo in armonia [...]","protected":false},"author":13,"featured_media":0,"parent":0,"menu_order":0,"comment_status":"open","ping_status":"open","template":"","meta":{"_acf_changed":false,"footnotes":""},"tags":[],"acf":[],"_links":{"self":[{"href":"https:\/\/lemuria.it\/es\/wp-json\/wp\/v2\/pages\/921"}],"collection":[{"href":"https:\/\/lemuria.it\/es\/wp-json\/wp\/v2\/pages"}],"about":[{"href":"https:\/\/lemuria.it\/es\/wp-json\/wp\/v2\/types\/page"}],"author":[{"embeddable":true,"href":"https:\/\/lemuria.it\/es\/wp-json\/wp\/v2\/users\/13"}],"replies":[{"embeddable":true,"href":"https:\/\/lemuria.it\/es\/wp-json\/wp\/v2\/comments?post=921"}],"version-history":[{"count":46,"href":"https:\/\/lemuria.it\/es\/wp-json\/wp\/v2\/pages\/921\/revisions"}],"predecessor-version":[{"id":9697,"href":"https:\/\/lemuria.it\/es\/wp-json\/wp\/v2\/pages\/921\/revisions\/9697"}],"wp:attachment":[{"href":"https:\/\/lemuria.it\/es\/wp-json\/wp\/v2\/media?parent=921"}],"wp:term":[{"taxonomy":"post_tag","embeddable":true,"href":"https:\/\/lemuria.it\/es\/wp-json\/wp\/v2\/tags?post=921"}],"curies":[{"name":"wp","href":"https:\/\/api.w.org\/{rel}","templated":true}]}}