{"id":9136,"date":"2018-06-13T12:08:40","date_gmt":"2018-06-13T10:08:40","guid":{"rendered":"https:\/\/www.lemuria.it\/?page_id=9136"},"modified":"2018-10-04T12:37:33","modified_gmt":"2018-10-04T10:37:33","slug":"promo-inverno","status":"publish","type":"page","link":"https:\/\/lemuria.it\/es\/promocion-de-invierno\/","title":{"rendered":"Promoci\u00f3n de invierno"},"content":{"rendered":"<div data-vc-full-width=\"true\" data-vc-full-width-init=\"false\" data-vc-stretch-content=\"true\" class=\"vc_row wpb_row vc_row-fluid vc_row-no-padding vc_row-o-content-top vc_row-flex\"><div class=\"wpb_column vc_column_container vc_col-sm-12\"><div class=\"vc_column-inner\"><div class=\"wpb_wrapper\">\n\t<div class=\"wpb_text_column wpb_content_element\" >\n\t\t<div class=\"wpb_wrapper\">\n\t\t\t<h2 style=\"text-align: center; color: #009036; max-width: 600px; margin: 0 auto; font-weight: bold;\">Aqu\u00ed tienes nuestros productos de &quot;Prevenci\u00f3n y protecci\u00f3n natural&quot; en los que puedes utilizar vales descuento<\/h2>\n\n\t\t<\/div>\n\t<\/div>\n<\/div><\/div><\/div><\/div><div class=\"vc_row-full-width vc_clearfix\"><\/div><div class=\"vc_row wpb_row vc_row-fluid\"><div class=\"wpb_column vc_column_container vc_col-sm-12\"><div class=\"vc_column-inner\"><div class=\"wpb_wrapper\"><div class=\"vc_empty_space\"   style=\"height: 22px\" ><span class=\"vc_empty_space_inner\"><\/span><\/div>\n<\/div><\/div><\/div><\/div><div class=\"vc_row wpb_row vc_row-fluid\"><div class=\"wpb_column vc_column_container vc_col-sm-6\"><div class=\"vc_column-inner\"><div class=\"wpb_wrapper\">\n\t<div  class=\"wpb_single_image wpb_content_element vc_align_center\">\n\t\t\n\t\t<figure class=\"wpb_wrapper vc_figure\">\n\t\t\t<a href=\"https:\/\/lemuria.it\/es\/categoria-de-producto\/estratti-totali-11\/\" target=\"_self\" class=\"vc_single_image-wrapper   vc_box_border_grey\"><img loading=\"lazy\" decoding=\"async\" width=\"300\" height=\"300\" src=\"https:\/\/lemuria.it\/wp-content\/uploads\/2015\/06\/et-sambuco-vegan-ok-300x300.jpg\" class=\"vc_single_image-img attachment-medium\" alt=\"mayor\" srcset=\"https:\/\/lemuria.it\/wp-content\/uploads\/2015\/06\/et-sambuco-vegan-ok-300x300.jpg 300w, https:\/\/lemuria.it\/wp-content\/uploads\/2015\/06\/et-sambuco-vegan-ok-768x768.jpg 768w, https:\/\/lemuria.it\/wp-content\/uploads\/2015\/06\/et-sambuco-vegan-ok-100x100.jpg 100w, https:\/\/lemuria.it\/wp-content\/uploads\/2015\/06\/et-sambuco-vegan-ok-150x150.jpg 150w, https:\/\/lemuria.it\/wp-content\/uploads\/2015\/06\/et-sambuco-vegan-ok-480x480.jpg 480w, https:\/\/lemuria.it\/wp-content\/uploads\/2015\/06\/et-sambuco-vegan-ok-140x140.jpg 140w, https:\/\/lemuria.it\/wp-content\/uploads\/2015\/06\/et-sambuco-vegan-ok-250x250.jpg 250w, https:\/\/lemuria.it\/wp-content\/uploads\/2015\/06\/et-sambuco-vegan-ok.jpg 1000w\" sizes=\"(max-width: 300px) 100vw, 300px\" \/><\/a>\n\t\t<\/figure>\n\t<\/div>\n<\/div><\/div><\/div><div class=\"wpb_column vc_column_container vc_col-sm-6\"><div class=\"vc_column-inner\"><div class=\"wpb_wrapper\">\n\t<div class=\"wpb_text_column wpb_content_element\" >\n\t\t<div class=\"wpb_wrapper\">\n\t\t\t<h2><strong>hora del este<\/strong><\/h2>\n<p>Extractos totales sin alcohol aptos para adultos y ni\u00f1os. Una selecci\u00f3n de plantas con propiedades universalmente reconocidas para garantizar una adecuada prevenci\u00f3n y protecci\u00f3n natural de nuestro organismo. F\u00e1ciles de tomar, se pueden utilizar individualmente o combinados entre s\u00ed.<br \/>\n<strong>EQUIN\u00c1CEA Y EQUINAMIXLEM<\/strong>: defensa inmune<br \/>\n<strong>ERISIMO<\/strong>: bienestar de la voz<br \/>\n<strong>PROP\u00d3LEOS<\/strong>: panacea de invierno<br \/>\n<strong>GROSELLA NEGRA<\/strong>: bienestar de nariz y garganta<br \/>\n<strong>rosa mosqueta<\/strong>: fuente natural de vitamina C<br \/>\n<strong>MAYOR<\/strong>: defensas del cuerpo<br \/>\n<strong>UNCARIA<\/strong>: equilibrio del sistema inmunol\u00f3gico<\/p>\n\n\t\t<\/div>\n\t<\/div>\n<\/div><\/div><\/div><\/div><div class=\"vc_row wpb_row vc_row-fluid\"><div class=\"wpb_column vc_column_container vc_col-sm-6\"><div class=\"vc_column-inner\"><div class=\"wpb_wrapper\">\n\t<div  class=\"wpb_single_image wpb_content_element vc_align_center\">\n\t\t\n\t\t<figure class=\"wpb_wrapper vc_figure\">\n\t\t\t<a href=\"https:\/\/lemuria.it\/es\/categoria-de-producto\/linea-baby\/\" target=\"_self\" class=\"vc_single_image-wrapper   vc_box_border_grey\"><img loading=\"lazy\" decoding=\"async\" width=\"300\" height=\"300\" src=\"https:\/\/lemuria.it\/wp-content\/uploads\/2015\/04\/Forza-baby-300x300.jpg\" class=\"vc_single_image-img attachment-medium\" alt=\"L\u00ednea beb\u00e9 - GO BABY\" srcset=\"https:\/\/lemuria.it\/wp-content\/uploads\/2015\/04\/Forza-baby-300x300.jpg 300w, https:\/\/lemuria.it\/wp-content\/uploads\/2015\/04\/Forza-baby-768x768.jpg 768w, https:\/\/lemuria.it\/wp-content\/uploads\/2015\/04\/Forza-baby-100x100.jpg 100w, https:\/\/lemuria.it\/wp-content\/uploads\/2015\/04\/Forza-baby-150x150.jpg 150w, https:\/\/lemuria.it\/wp-content\/uploads\/2015\/04\/Forza-baby-480x480.jpg 480w, https:\/\/lemuria.it\/wp-content\/uploads\/2015\/04\/Forza-baby-140x140.jpg 140w, https:\/\/lemuria.it\/wp-content\/uploads\/2015\/04\/Forza-baby-250x250.jpg 250w, https:\/\/lemuria.it\/wp-content\/uploads\/2015\/04\/Forza-baby-114x114.jpg 114w, https:\/\/lemuria.it\/wp-content\/uploads\/2015\/04\/Forza-baby.jpg 1000w\" sizes=\"(max-width: 300px) 100vw, 300px\" \/><\/a>\n\t\t<\/figure>\n\t<\/div>\n<\/div><\/div><\/div><div class=\"wpb_column vc_column_container vc_col-sm-6\"><div class=\"vc_column-inner\"><div class=\"wpb_wrapper\">\n\t<div class=\"wpb_text_column wpb_content_element\" >\n\t\t<div class=\"wpb_wrapper\">\n\t\t\t<h2><strong>BEB\u00c9<\/strong><\/h2>\n<p>Una l\u00ednea completa sin alcohol para el bienestar de los m\u00e1s peque\u00f1os, para ayudarlos y apoyarlos en su crecimiento de forma natural, con plantas especialmente seleccionadas.<br \/>\n<strong>PARA FORTALECER LAS DEFENSAS NATURALES<\/strong>: Vaya beb\u00e9 nuevo<br \/>\n<strong>PARA DAR ALIVIO A LA GARGANTA<\/strong>: Rociar beb\u00e9<br \/>\n<strong>PARA LA TOS<\/strong>: Tuxs Beb\u00e9<br \/>\n<strong>PARA AYUDAR Y APOYAR<\/strong>: Prop\u00f3leo Beb\u00e9<\/p>\n\n\t\t<\/div>\n\t<\/div>\n<\/div><\/div><\/div><\/div><div class=\"vc_row wpb_row vc_row-fluid\"><div class=\"wpb_column vc_column_container vc_col-sm-6\"><div class=\"vc_column-inner\"><div class=\"wpb_wrapper\">\n\t<div  class=\"wpb_single_image wpb_content_element vc_align_center\">\n\t\t\n\t\t<figure class=\"wpb_wrapper vc_figure\">\n\t\t\t<a href=\"https:\/\/lemuria.it\/es\/categoria-de-producto\/andres\/\" target=\"_self\" class=\"vc_single_image-wrapper   vc_box_border_grey\"><img loading=\"lazy\" decoding=\"async\" width=\"300\" height=\"300\" src=\"https:\/\/lemuria.it\/wp-content\/uploads\/2015\/04\/Andres-spray-300x300.jpg\" class=\"vc_single_image-img attachment-medium\" alt=\"ANDRES SPRAY PARA LA GARGANTA\" srcset=\"https:\/\/lemuria.it\/wp-content\/uploads\/2015\/04\/Andres-spray-300x300.jpg 300w, https:\/\/lemuria.it\/wp-content\/uploads\/2015\/04\/Andres-spray-768x768.jpg 768w, https:\/\/lemuria.it\/wp-content\/uploads\/2015\/04\/Andres-spray-100x100.jpg 100w, https:\/\/lemuria.it\/wp-content\/uploads\/2015\/04\/Andres-spray-150x150.jpg 150w, https:\/\/lemuria.it\/wp-content\/uploads\/2015\/04\/Andres-spray-480x480.jpg 480w, https:\/\/lemuria.it\/wp-content\/uploads\/2015\/04\/Andres-spray-140x140.jpg 140w, https:\/\/lemuria.it\/wp-content\/uploads\/2015\/04\/Andres-spray-250x250.jpg 250w, https:\/\/lemuria.it\/wp-content\/uploads\/2015\/04\/Andres-spray-114x114.jpg 114w, https:\/\/lemuria.it\/wp-content\/uploads\/2015\/04\/Andres-spray.jpg 1000w\" sizes=\"(max-width: 300px) 100vw, 300px\" \/><\/a>\n\t\t<\/figure>\n\t<\/div>\n<\/div><\/div><\/div><div class=\"wpb_column vc_column_container vc_col-sm-6\"><div class=\"vc_column-inner\"><div class=\"wpb_wrapper\">\n\t<div class=\"wpb_text_column wpb_content_element\" >\n\t\t<div class=\"wpb_wrapper\">\n\t\t\t<h2><strong>ANDR\u00c9S<\/strong><\/h2>\n<p>Nuestra l\u00ednea para defendernos mejor. Se trata de compuestos de plantas medicinales especialmente estudiados y formulados para ofrecer una respuesta completa para hacer frente a las dolencias t\u00edpicas de la estaci\u00f3n fr\u00eda.<br \/>\n<strong>Golpes de fr\u00edo<\/strong>: Andr\u00e9s M\u00e1s<br \/>\n<strong>TOS<\/strong>: Andr\u00e9s Tuxs<br \/>\n<strong>GARGANTA<\/strong>: Andr\u00e9s Spray<br \/>\n<strong>NARIZ, PECHO, RESPIRACI\u00d3N<\/strong>: Andr\u00e9s Bals\u00e1mico<br \/>\n<strong>PARA PREVENIR<\/strong>: Andr\u00e9s SOS Ultra Defensor<br \/>\n<strong>PARA DEFENDERME MEJOR<\/strong>: Andr\u00e9s Phytodefender<br \/>\n<strong>RESPIRACI\u00d3N LIBRE<\/strong>: Andr\u00e9s Sinulem<br \/>\n<strong>NARIZ<\/strong>: aerosol nasal WSEP<\/p>\n\n\t\t<\/div>\n\t<\/div>\n<\/div><\/div><\/div><\/div><div class=\"vc_row wpb_row vc_row-fluid\"><div class=\"wpb_column vc_column_container vc_col-sm-12\"><div class=\"vc_column-inner\"><div class=\"wpb_wrapper\"><div class=\"vc_empty_space\"   style=\"height: 50px\" ><span class=\"vc_empty_space_inner\"><\/span><\/div>\n<\/div><\/div><\/div><\/div><div class=\"vc_row wpb_row vc_row-fluid\"><div class=\"wpb_column vc_column_container vc_col-sm-6\"><div class=\"vc_column-inner\"><div class=\"wpb_wrapper\"><div class=\"vc_empty_space\"   style=\"height: 100px\" ><span class=\"vc_empty_space_inner\"><\/span><\/div>\n\n\t<div  class=\"wpb_single_image wpb_content_element vc_align_left\">\n\t\t\n\t\t<figure class=\"wpb_wrapper vc_figure\">\n\t\t\t<div class=\"vc_single_image-wrapper   vc_box_border_grey\"><img loading=\"lazy\" decoding=\"async\" width=\"150\" height=\"90\" src=\"https:\/\/lemuria.it\/wp-content\/uploads\/2015\/04\/Logo-Lemuria-90-150x90.png\" class=\"vc_single_image-img attachment-thumbnail\" alt=\"Logotipo de Lemuri@\" \/><\/div>\n\t\t<\/figure>\n\t<\/div>\n\n\t<div class=\"wpb_text_column wpb_content_element\" >\n\t\t<div class=\"wpb_wrapper\">\n\t\t\t<p><strong>Lemuri@srl<\/strong><\/p>\n<p>Via Giusti, 7<br \/>\n21019 \u2013 Somma Lombardo (VA)<br \/>\nTel.: +39-0331-259901<br \/>\nFax.: +39-0331-259902<br \/>\n<a href=\"mailto:lemuria@lemuria.it\" target=\"_blank\" rel=\"noopener\">lemuria@lemuria.it<\/a><br \/>\n<a href=\"mailto:info@lemuria.it\" target=\"_blank\" rel=\"noopener\">info@lemuria.it<\/a><\/p>\n\n\t\t<\/div>\n\t<\/div>\n<div \tclass=\"vc_icon_element vc_icon_element-outer vc_icon_element-align-left\">\n\t<div class=\"vc_icon_element-inner vc_icon_element-color-custom vc_icon_element-size-md vc_icon_element-style- vc_icon_element-background-color-grey\">\n\t\t<span class=\"vc_icon_element-icon fa fa-facebook-square\" style=\"color:#009036 !important\"><\/span><a class=\"vc_icon_element-link\" href=\"https:\/\/www.facebook.com\/LemuriaBenessere _blank\"  title=\"https:\/\/www.facebook.com\/LemuriaBenessere _blank\" target=\"_self\"><\/a><\/div>\n<\/div>\n<\/div><\/div><\/div><div class=\"wpb_column vc_column_container vc_col-sm-6\"><div class=\"vc_column-inner\"><div class=\"wpb_wrapper\">\n\t<div class=\"wpb_text_column wpb_content_element\" >\n\t\t<div class=\"wpb_wrapper\">\n\t\t\t<h2 style=\"color: #009036; font-weight: bold;\">Rellena el formulario para descargar el bono descuento en formato PDF<\/h2>\n\n\t\t<\/div>\n\t<\/div>\n[id de forma de gravedad =\u201d1\u2033 t\u00edtulo =\u201dfalso\u201d descripci\u00f3n =\u201dfalso\u201d ajax =\u201dfalso\u201d]<\/div><\/div><\/div><\/div><div class=\"vc_row wpb_row vc_row-fluid\"><div class=\"wpb_column vc_column_container vc_col-sm-12\"><div class=\"vc_column-inner\"><div class=\"wpb_wrapper\"><div class=\"vc_empty_space\"   style=\"height: 100px\" ><span class=\"vc_empty_space_inner\"><\/span><\/div>\n<\/div><\/div><\/div><\/div><div class=\"vc_row wpb_row vc_row-fluid\"><div class=\"wpb_column vc_column_container vc_col-sm-12\"><div class=\"vc_column-inner\"><div class=\"wpb_wrapper\"><div class=\"vc_empty_space\"   style=\"height: 100px\" ><span class=\"vc_empty_space_inner\"><\/span><\/div>\n\n\t<div class=\"wpb_text_column wpb_content_element\" >\n\t\t<div class=\"wpb_wrapper\">\n\t\t\t\t<script>\n\t\t\t\/* <![CDATA[ *\/\n\t\t\tvar Store_wpress = {\n\t\t\t\t\"ajaxurl\": \"https:\/\/lemuria.it\/wp-admin\/admin-ajax.php\", \n\t\t\t\t\"plugin_url\": \"https:\/\/lemuria.it\/wp-content\/plugins\/store_locator_wpress\/\",\n\t\t\t\t\"display\": \"both\", \n\t\t\t\t\"category_id\": \"\",\n\t\t\t\t\"page_number\": 1,\n\t\t\t\t\"max_distance\": \"\",\n\t\t\t\t\"current_lat\": \"\", \"current_lng\": \"\",\n\t\t\t\t\"searched_lat\": \"\", \"searched_lng\": \"\",\n\t\t\t\t\"first_load\":\"1\",\n\t\t\t\t\"widget_nb_display\": \"\",\n\t\t\t\t\"nb_display_search\":\"10000\",\n\t\t\t\t\"nb_display_default\":\"10000\",\n\t\t\t\t\"map_type\": \"roadmap\",\n\t\t\t\t\"zoom\": 13,\n\t\t\t\t\"lat\": \"\", \"lng\": \"\",\n\t\t\t\t\"custom_marker\": \"https:\/\/lemuria.it\/wp-content\/uploads\/2015\/04\/PUNTATORE-LEMURIA.png\",\n\t\t\t\t\"closest_stores\": \"2\",\n\t\t\t\t\"zoom_detail\": 18\n\t\t\t};\n\t\t\t\/* ]]> *\/\n\t\t\t<\/script>\t<div class=\"bold_title\">\n\t\tTiendas participantes en la iniciativa:\n\t<\/div>\n\t<div id=\"store_list\" style=\"height: 500px; overflow-y: scroll;\">\n\t<p><form method=\"POST\" class=\"ygp_sl_form_filter\" action=\"\"><div class=\"ygp_sl_form_title\">Buscar por direcci\u00f3n<\/div><input type=\"text\" id=\"store_wpress_address\" name=\"store_wpress_address\" class=\"ygp_sl_input_text\" value=\"\" \/> <input type=\"submit\" id=\"store_wpress_search_btn\" class=\"ygp_sl_input_button\" value=\"Buscar\"\/><input type=\"hidden\" name=\"trp-form-language\" value=\"es\"\/><\/form><div class=\"pagination_box\"><span id=\"sl_nb_stores\" class=\"pagination_nb_stores\"><\/span><div style=\"float:right;\" id=\"previousNextButtons\" class=\"pagination_previous_next\"><\/div><\/div><div id=\"map\" style=\"overflow: hidden; width:; height:;\"><\/div><br><div id=\"store_locator_list\"><\/div><div id=\"previousNextButtons2\"><\/div>\t<\/div>\n\t\n\n\t\t<\/div>\n\t<\/div>\n<\/div><\/div><\/div><\/div>\n<\/p>\n<\/p>\n<\/p>\n<\/p>\n<\/p>\n<\/p><\/p>","protected":false},"excerpt":{"rendered":"Ecco i nostri prodotti per la \"Prevenzione e protezione naturale\" sui quali poter utilizzare i buoni sconto E.T. Estratti totali senz\u2019alcol adatti ad adulti e bambini. Una selezione di piante con propriet\u00e0 universalmente riconosciute per garantire un\u2019adeguata prevenzione e protezione naturale al nostro organismo. Di facile assunzione, possono essere utilizzati singolarmente o in combinazione tra [...]","protected":false},"author":13,"featured_media":0,"parent":0,"menu_order":0,"comment_status":"closed","ping_status":"closed","template":"","meta":{"_acf_changed":false,"footnotes":""},"tags":[322],"acf":[],"_links":{"self":[{"href":"https:\/\/lemuria.it\/es\/wp-json\/wp\/v2\/pages\/9136"}],"collection":[{"href":"https:\/\/lemuria.it\/es\/wp-json\/wp\/v2\/pages"}],"about":[{"href":"https:\/\/lemuria.it\/es\/wp-json\/wp\/v2\/types\/page"}],"author":[{"embeddable":true,"href":"https:\/\/lemuria.it\/es\/wp-json\/wp\/v2\/users\/13"}],"replies":[{"embeddable":true,"href":"https:\/\/lemuria.it\/es\/wp-json\/wp\/v2\/comments?post=9136"}],"version-history":[{"count":73,"href":"https:\/\/lemuria.it\/es\/wp-json\/wp\/v2\/pages\/9136\/revisions"}],"predecessor-version":[{"id":9320,"href":"https:\/\/lemuria.it\/es\/wp-json\/wp\/v2\/pages\/9136\/revisions\/9320"}],"wp:attachment":[{"href":"https:\/\/lemuria.it\/es\/wp-json\/wp\/v2\/media?parent=9136"}],"wp:term":[{"taxonomy":"post_tag","embeddable":true,"href":"https:\/\/lemuria.it\/es\/wp-json\/wp\/v2\/tags?post=9136"}],"curies":[{"name":"wp","href":"https:\/\/api.w.org\/{rel}","templated":true}]}}