{"id":886,"date":"2013-03-02T16:45:47","date_gmt":"2013-03-02T16:45:47","guid":{"rendered":"http:\/\/theretailer.getbowtied.com\/blank\/?page_id=886"},"modified":"2024-06-12T15:20:55","modified_gmt":"2024-06-12T13:20:55","slug":"faqs","status":"publish","type":"page","link":"https:\/\/lemuria.it\/es\/preguntas-frecuentes\/","title":{"rendered":"Preguntas frecuentes"},"content":{"rendered":"<div data-vc-full-width=\"true\" data-vc-full-width-init=\"false\" class=\"vc_row wpb_row vc_row-fluid vc_custom_1718187983788 vc_row-has-fill vc_row-o-content-middle vc_row-flex\"><div class=\"wpb_column vc_column_container vc_col-sm-12\"><div class=\"vc_column-inner\"><div class=\"wpb_wrapper\"><div class=\"vc_row wpb_row vc_inner vc_row-fluid vc_custom_1718183492665\"><div class=\"wpb_column vc_column_container vc_col-sm-12\"><div class=\"vc_column-inner\"><div class=\"wpb_wrapper\">\n\t<div class=\"wpb_text_column wpb_content_element\" >\n\t\t<div class=\"wpb_wrapper\">\n\t\t\t<p style=\"color: white; font-size: 36px; text-align: center;\">Domande frequenti<\/p>\n\n\t\t<\/div>\n\t<\/div>\n<\/div><\/div><\/div><\/div><\/div><\/div><\/div><\/div><div class=\"vc_row-full-width vc_clearfix\"><\/div><div class=\"vc_row wpb_row vc_row-fluid accordion-faq vc_custom_1718198401445\"><div class=\"wpb_column vc_column_container vc_col-sm-3\"><div class=\"vc_column-inner\"><div class=\"wpb_wrapper\">\n\t<div class=\"wpb_text_column wpb_content_element\" >\n\t\t<div class=\"wpb_wrapper\">\n\t\t\t<p style=\"color:#249035; font-size:20px\">Ni\u00f1os y ET (Extractos Totales):<\/p>\n\n\t\t<\/div>\n\t<\/div>\n<\/div><\/div><\/div><div class=\"wpb_column vc_column_container vc_col-sm-9\"><div class=\"vc_column-inner\"><div class=\"wpb_wrapper\">\n\t<div class=\"wpb_accordion wpb_content_element  not-column-inherit\" data-collapsible=\"yes\" data-vc-disable-keydown=\"false\" data-active-tab=\"false\">\n\t\t<div class=\"wpb_wrapper wpb_accordion_wrapper ui-accordion\">\n\n\n\t<div class=\"wpb_accordion_section group\">\n\t\t<h3 class=\"wpb_accordion_header ui-accordion-header\"><a href=\"#e-t-ribes-nero-per-le-allergie-dei-bambini\">ET Grosella negra para las alergias infantiles.<\/a><\/h3>\n\t\t<div class=\"wpb_accordion_content ui-accordion-content vc_clearfix\">\n\t\t\t\n\t<div class=\"wpb_text_column wpb_content_element\" >\n\t\t<div class=\"wpb_wrapper\">\n\t\t\t<p>La pregunta: \u201cBuenos d\u00edas. Compr\u00e9 su producto en gotas y sin alcohol Grosella ET para las alergias de mi hijo (8 a\u00f1os). Las dosis reportadas son para ni\u00f1os de 6 y 12 a\u00f1os; No hay detalles para los de 8 a\u00f1os. Por el momento les estoy dando 7-8 gtt 3 veces al d\u00eda. Quer\u00eda preguntarte si esta podr\u00eda ser la dosis correcta\u201d.<\/p>\n<p><strong>Nuestro Ribes est\u00e1 recetado por muchos pediatras por su eficacia y porque no contiene alcohol. La dosis es perfecta. Si es necesario, tambi\u00e9n se puede aumentar. <\/strong><\/p>\n\n\t\t<\/div>\n\t<\/div>\n\n\t\t<\/div>\n\t<\/div>\n\n\t<div class=\"wpb_accordion_section group\">\n\t\t<h3 class=\"wpb_accordion_header ui-accordion-header\"><a href=\"#e-t-ribes-nero-per-le-allergie-dei-bambini\">ET Grosella negra para las alergias infantiles.<\/a><\/h3>\n\t\t<div class=\"wpb_accordion_content ui-accordion-content vc_clearfix\">\n\t\t\t\n\t<div class=\"wpb_text_column wpb_content_element\" >\n\t\t<div class=\"wpb_wrapper\">\n\t\t\t<p>La pregunta: \u201cNi\u00f1os de grosella negra: el producto me parece muy eficaz, de momento el ni\u00f1o incluso ha dejado de tomar spray de cortisona para su rinitis. Quer\u00eda preguntarte: las gotas se pueden tomar siempre durante el periodo pol\u00ednico (en este mes hasta octubre por ejemplo aqu\u00ed tenemos Ambrosia, mientras que de marzo a julio tenemos gram\u00edneas... todos los inhalantes que causan alergia), o las gotas \u00bfTiene alguna sustancia alg\u00fan l\u00edmite que deba respetarse en cuanto a los tiempos de contrataci\u00f3n?<\/p>\n<p><strong>Nos alegra que las gotas est\u00e9n haciendo efecto y que tu beb\u00e9 est\u00e9 mejor. Las gotas de grosella negra tambi\u00e9n se pueden tomar durante periodos prolongados. Quiz\u00e1s interrumpiendo durante dos semanas cada dos\/tres meses. Intente escalonar las interrupciones durante los per\u00edodos menos &quot;peligrosos&quot;.<\/strong><\/p>\n\n\t\t<\/div>\n\t<\/div>\n\n\t\t<\/div>\n\t<\/div>\n\n\t<div class=\"wpb_accordion_section group\">\n\t\t<h3 class=\"wpb_accordion_header ui-accordion-header\"><a href=\"#e-t-rosa-canina-e-propoli-per-bimbi-piccoli\">ET Rosa Mosqueta y Prop\u00f3leo para ni\u00f1os peque\u00f1os<\/a><\/h3>\n\t\t<div class=\"wpb_accordion_content ui-accordion-content vc_clearfix\">\n\t\t\t\n\t<div class=\"wpb_text_column wpb_content_element\" >\n\t\t<div class=\"wpb_wrapper\">\n\t\t\t<p>La pregunta: Buenas noches, uso rosa mosqueta y prop\u00f3leo ET para mis ni\u00f1as de 6 a\u00f1os pero quisiera saber si hay algo para ni\u00f1as de 3 a\u00f1os o si es suficiente para reducir la dosis de los que ya uso.<\/p>\n<p><strong>Precisamente los dos extractos que elegiste para tus ni\u00f1as son los productos m\u00e1s recomendados durante la temporada de fr\u00edo. Los pediatras que prescriben nuestra TE a sus pacientes j\u00f3venes no hacen m\u00e1s que reducir la dosis (como usted ya estaba pensando hacer, se\u00f1ora). <\/strong><\/p>\n\n\t\t<\/div>\n\t<\/div>\n\n\t\t<\/div>\n\t<\/div>\n\n\t<div class=\"wpb_accordion_section group\">\n\t\t<h3 class=\"wpb_accordion_header ui-accordion-header\"><a href=\"#e-t-ribes-nero-utilizzato-nei-bimbi-sotto-i-2-anni\">ET Grosella negra utilizada en ni\u00f1os menores de 2 a\u00f1os<\/a><\/h3>\n\t\t<div class=\"wpb_accordion_content ui-accordion-content vc_clearfix\">\n\t\t\t\n\t<div class=\"wpb_text_column wpb_content_element\" >\n\t\t<div class=\"wpb_wrapper\">\n\t\t\t<p>La pregunta: \u201cBuenas noches, quisiera se\u00f1alar que tambi\u00e9n he escuchado la opini\u00f3n del pediatra y en cualquier caso tambi\u00e9n me gustar\u00eda conocer su opini\u00f3n sobre la administraci\u00f3n de grosellas negras. Mi hija de 20 meses ya lleva dos meses tomando escaramujo como preventivo (8 gotas por la ma\u00f1ana), en los \u00faltimos d\u00edas ha contra\u00eddo un resfriado por lo que tambi\u00e9n me recomendaron grosellas y me gustar\u00eda su opini\u00f3n sobre el dosis para un tratamiento de choque, duraci\u00f3n de la terapia y mantenimiento de ambos extractos\u201d.<\/p>\n<p><strong>Respecto a su solicitud, confirmamos que la administraci\u00f3n prescrita por su pediatra es la correcta. <\/strong><\/p>\n<p><strong>En cualquier caso, siempre es el pediatra quien mejor sabe evaluar la situaci\u00f3n; sigue sus instrucciones con calma... <\/strong><\/p>\n\n\t\t<\/div>\n\t<\/div>\n\n\t\t<\/div>\n\t<\/div>\n\n\t<div class=\"wpb_accordion_section group\">\n\t\t<h3 class=\"wpb_accordion_header ui-accordion-header\"><a href=\"#e-t-conservazione-e-somministrazione-al-bambino\">Almacenamiento y administraci\u00f3n de ET al ni\u00f1o.<\/a><\/h3>\n\t\t<div class=\"wpb_accordion_content ui-accordion-content vc_clearfix\">\n\t\t\t\n\t<div class=\"wpb_text_column wpb_content_element\" >\n\t\t<div class=\"wpb_wrapper\">\n\t\t\t<p>La pregunta: \u201c\u00a1Buenos d\u00edas! Estoy comprando algunos de sus Extractos Totales (Propolis, Grosella Negra, Equin\u00e1cea) y Equilibre Rosa para mi hijo; Me gustar\u00eda saber si es mejor conservar estos productos en el frigor\u00edfico o si est\u00e1n bien a temperatura ambiente (algunos me duran incluso mes y medio, \u00a1porque se los doy al beb\u00e9 por turnos!).\u201d<\/p>\n<p><strong>Nuestros extractos totales de ET se pueden almacenar bien cerrados, incluso a temperatura ambiente. En cualquier caso, si lo prefieres, tambi\u00e9n puedes guardarlas en el frigor\u00edfico.<\/strong><\/p>\n\n\t\t<\/div>\n\t<\/div>\n\n\t\t<\/div>\n\t<\/div>\n\n\t<div class=\"wpb_accordion_section group\">\n\t\t<h3 class=\"wpb_accordion_header ui-accordion-header\"><a href=\"#e-t-rosa-canina-ai-bambini\">ET Rosa Canina para ni\u00f1os<\/a><\/h3>\n\t\t<div class=\"wpb_accordion_content ui-accordion-content vc_clearfix\">\n\t\t\t\n\t<div class=\"wpb_text_column wpb_content_element\" >\n\t\t<div class=\"wpb_wrapper\">\n\t\t\t<p>La pregunta: \u201cLe escribo para obtener informaci\u00f3n sobre Rosa Canina: tengo la intenci\u00f3n de administr\u00e1rsela al ni\u00f1o como prevenci\u00f3n contra los peligros del invierno. \u00bfCu\u00e1l es la dosis sugerida? \u00bfCu\u00e1l es el tiempo y m\u00e9todos de administraci\u00f3n? \u00bfSiendo un sujeto al\u00e9rgico puede ser un elemento fitoterap\u00e9utico sin contraindicaciones?\u201d<\/p>\n<p><strong>Respecto a tu solicitud, a continuaci\u00f3n te enviamos la dosis promedio utilizada por ni\u00f1os de tu misma edad, como preparaci\u00f3n para los peligros del invierno. <\/strong><\/p>\n<p><strong>Tomar 10 gotas de Rosa Mosqueta dos veces al d\u00eda durante periodos de uno o dos meses. Luego se detiene. Si es necesario, el ciclo se puede repetir despu\u00e9s de un descanso de dos semanas. Dado que el sabor del producto es muy agradable, las gotas tambi\u00e9n se pueden tomar directamente en la boca. En cuanto a posibles alergias, nunca es posible excluir completamente este riesgo; Siempre depende del tema individual.<\/strong><\/p>\n\n\t\t<\/div>\n\t<\/div>\n\n\t\t<\/div>\n\t<\/div>\n\n\t\t<\/div>\n\t<\/div>\n<\/div><\/div><\/div><\/div><div class=\"vc_row wpb_row vc_row-fluid vc_custom_1428771774359\"><div class=\"wpb_column vc_column_container vc_col-sm-12\"><div class=\"vc_column-inner\"><div class=\"wpb_wrapper\"><div class=\"vc_separator wpb_content_element vc_separator_align_center vc_sep_width_100 vc_sep_pos_align_center vc_separator_no_text vc_sep_color_grey\" ><span class=\"vc_sep_holder vc_sep_holder_l\"><span  class=\"vc_sep_line\"><\/span><\/span><span class=\"vc_sep_holder vc_sep_holder_r\"><span  class=\"vc_sep_line\"><\/span><\/span>\n<\/div><\/div><\/div><\/div><\/div><div class=\"vc_row wpb_row vc_row-fluid accordion-faq vc_custom_1718198410320\"><div class=\"wpb_column vc_column_container vc_col-sm-3\"><div class=\"vc_column-inner\"><div class=\"wpb_wrapper\">\n\t<div class=\"wpb_text_column wpb_content_element\" >\n\t\t<div class=\"wpb_wrapper\">\n\t\t\t<p style=\"color:#249035; font-size:20px\">hora del Este para todos:<\/p>\n\n\t\t<\/div>\n\t<\/div>\n<\/div><\/div><\/div><div class=\"wpb_column vc_column_container vc_col-sm-9\"><div class=\"vc_column-inner\"><div class=\"wpb_wrapper\">\n\t<div class=\"wpb_accordion wpb_content_element  not-column-inherit\" data-collapsible=\"yes\" data-vc-disable-keydown=\"false\" data-active-tab=\"false\">\n\t\t<div class=\"wpb_wrapper wpb_accordion_wrapper ui-accordion\">\n\n\n\t<div class=\"wpb_accordion_section group\">\n\t\t<h3 class=\"wpb_accordion_header ui-accordion-header\"><a href=\"#e-t-echinacea\">ET Equin\u00e1cea<\/a><\/h3>\n\t\t<div class=\"wpb_accordion_content ui-accordion-content vc_clearfix\">\n\t\t\t\n\t<div class=\"wpb_text_column wpb_content_element\" >\n\t\t<div class=\"wpb_wrapper\">\n\t\t\t<p><em>La pregunta:<\/em> Compr\u00e9 extracto puro de equin\u00e1cea VS. La dosis para ni\u00f1os se muestra en el paquete, pero no la de adultos. Me gustar\u00eda saber la dosis a tomar para adultos.<\/p>\n<p><strong>Respecto a tu petici\u00f3n, te recomendamos tomar 20 gotas dos veces al d\u00eda.<\/strong><\/p>\n\n\t\t<\/div>\n\t<\/div>\n\n\t\t<\/div>\n\t<\/div>\n\n\t<div class=\"wpb_accordion_section group\">\n\t\t<h3 class=\"wpb_accordion_header ui-accordion-header\"><a href=\"#e-t-ribes-nero-per-il-raffreddore\">ET Grosella negra para resfriados<\/a><\/h3>\n\t\t<div class=\"wpb_accordion_content ui-accordion-content vc_clearfix\">\n\t\t\t\n\t<div class=\"wpb_text_column wpb_content_element\" >\n\t\t<div class=\"wpb_wrapper\">\n\t\t\t<p><em>La pregunta:<\/em> Estoy usando ET de grosella negra para los resfriados, la dosis que figura en el paquete es solo para ni\u00f1os. \u00bfQu\u00e9 dosis recomienda para adultos?<\/p>\n<p><strong>La dosis promedio de grosella negra para adultos es de 20 gotas dos o tres veces al d\u00eda.<\/strong><\/p>\n\n\t\t<\/div>\n\t<\/div>\n\n\t\t<\/div>\n\t<\/div>\n\n\t<div class=\"wpb_accordion_section group\">\n\t\t<h3 class=\"wpb_accordion_header ui-accordion-header\"><a href=\"#e-t-propoli-per-tutti\">ET Prop\u00f3leos para todos<\/a><\/h3>\n\t\t<div class=\"wpb_accordion_content ui-accordion-content vc_clearfix\">\n\t\t\t\n\t<div class=\"wpb_text_column wpb_content_element\" >\n\t\t<div class=\"wpb_wrapper\">\n\t\t\t<p><em>La pregunta:<\/em> Buenos d\u00edas, soy madre de una ni\u00f1a de 4 a\u00f1os. Quer\u00eda estimular sus defensas inmunes y en la farmacia me recomendaron el suyo: &quot;Extracto Total 1:1 - prop\u00f3leo&quot;. Las indicaciones s\u00f3lo indican la posolog\u00eda para ni\u00f1os de 12 y 6 a\u00f1os. \u00bfPodr\u00eda indicarme la dosis para mi hija de 4 a\u00f1os y tambi\u00e9n para adultos (45 a\u00f1os y 70 a\u00f1os) y para una abuela de 84 a\u00f1os?<\/p>\n<p><strong>En cuanto a su consulta, no podemos responderle con precisi\u00f3n: s\u00f3lo el pediatra puede, despu\u00e9s de una visita al ni\u00f1o, indicar si es adecuado tomar prop\u00f3leo ET y s\u00f3lo \u00e9l podr\u00e1 indicar la dosis correcta. En cualquier caso creemos que podemos indicar una ingesta media de 4 gotas dos o tres veces al d\u00eda. En cuanto a la posolog\u00eda para adultos, recomendamos tomar 25 gotas dos o tres veces al d\u00eda.<\/strong><\/p>\n\n\t\t<\/div>\n\t<\/div>\n\n\t\t<\/div>\n\t<\/div>\n\n\t\t<\/div>\n\t<\/div>\n<\/div><\/div><\/div><\/div><div class=\"vc_row wpb_row vc_row-fluid vc_custom_1428771785100\"><div class=\"wpb_column vc_column_container vc_col-sm-12\"><div class=\"vc_column-inner\"><div class=\"wpb_wrapper\"><div class=\"vc_separator wpb_content_element vc_separator_align_center vc_sep_width_100 vc_sep_pos_align_center vc_separator_no_text vc_sep_color_grey\" ><span class=\"vc_sep_holder vc_sep_holder_l\"><span  class=\"vc_sep_line\"><\/span><\/span><span class=\"vc_sep_holder vc_sep_holder_r\"><span  class=\"vc_sep_line\"><\/span><\/span>\n<\/div><\/div><\/div><\/div><\/div><div class=\"vc_row wpb_row vc_row-fluid accordion-faq vc_custom_1718198418454\"><div class=\"wpb_column vc_column_container vc_col-sm-3\"><div class=\"vc_column-inner\"><div class=\"wpb_wrapper\">\n\t<div class=\"wpb_text_column wpb_content_element\" >\n\t\t<div class=\"wpb_wrapper\">\n\t\t\t<p style=\"color:#249035; font-size:20px\">ET para animales:<\/p>\n\n\t\t<\/div>\n\t<\/div>\n<\/div><\/div><\/div><div class=\"wpb_column vc_column_container vc_col-sm-9\"><div class=\"vc_column-inner\"><div class=\"wpb_wrapper\">\n\t<div class=\"wpb_accordion wpb_content_element  not-column-inherit\" data-collapsible=\"yes\" data-vc-disable-keydown=\"false\" data-active-tab=\"false\">\n\t\t<div class=\"wpb_wrapper wpb_accordion_wrapper ui-accordion\">\n\n\n\t<div class=\"wpb_accordion_section group\">\n\t\t<h3 class=\"wpb_accordion_header ui-accordion-header\"><a href=\"#e-t-propoli-per-il-gatto\">ET Prop\u00f3leo para gatos<\/a><\/h3>\n\t\t<div class=\"wpb_accordion_content ui-accordion-content vc_clearfix\">\n\t\t\t\n\t<div class=\"wpb_text_column wpb_content_element\" >\n\t\t<div class=\"wpb_wrapper\">\n\t\t\t<p><em>La pregunta:<\/em> Hola, tom\u00e9 tu prop\u00f3leo para mi gato de 19 a\u00f1os que pesa casi 4kg. \u00bfCu\u00e1ntas gotas se deben administrar al d\u00eda?<\/p>\n<p><strong>Confirmamos que nuestro ET puede ser de gran ayuda espec\u00edficamente para los gatos; especialmente el prop\u00f3leo y la grosella negra son los extractos favoritos. Para un gato como el tuyo, la dosis media es de tres gotas dos veces al d\u00eda, directamente en la boca.<\/strong><\/p>\n\n\t\t<\/div>\n\t<\/div>\n\n\t\t<\/div>\n\t<\/div>\n\n\t<div class=\"wpb_accordion_section group\">\n\t\t<h3 class=\"wpb_accordion_header ui-accordion-header\"><a href=\"#e-t-echinacea-per-il-gatto\">ET Equin\u00e1cea para el gato<\/a><\/h3>\n\t\t<div class=\"wpb_accordion_content ui-accordion-content vc_clearfix\">\n\t\t\t\n\t<div class=\"wpb_text_column wpb_content_element\" >\n\t\t<div class=\"wpb_wrapper\">\n\t\t\t<p><em>La pregunta:<\/em> Buen d\u00eda. Me gustar\u00eda hacer una pregunta: mi gato sufre una forma de rinitis cr\u00f3nica recurrente. Mi veterinario me recomend\u00f3 tomar tratamientos de prop\u00f3leo y equin\u00e1cea, pero no pudo decirme la dosis ni la duraci\u00f3n del tratamiento para un gato que pesa alrededor de tres kilos. \u00bfSer\u00eda tan amable de darme alg\u00fan consejo sobre esto?<\/p>\n<p><strong>Confirmamos que muchos veterinarios ofrecen nuestros ET (Extractos Totales sin alcohol) para sus gatos. La dosis adecuada para tu gato es de cinco gotas de Pr\u00f3polis y cinco gotas de Equin\u00e1cea al d\u00eda, durante un periodo m\u00ednimo de dos meses.<\/strong><\/p>\n\n\t\t<\/div>\n\t<\/div>\n\n\t\t<\/div>\n\t<\/div>\n\n\t<div class=\"wpb_accordion_section group\">\n\t\t<h3 class=\"wpb_accordion_header ui-accordion-header\"><a href=\"#e-t-ai-gatti-con-quale-frequenza-somministrarli\">ET a gatos con qu\u00e9 frecuencia administrarlos<\/a><\/h3>\n\t\t<div class=\"wpb_accordion_content ui-accordion-content vc_clearfix\">\n\t\t\t\n\t<div class=\"wpb_text_column wpb_content_element\" >\n\t\t<div class=\"wpb_wrapper\">\n\t\t\t<p><em>La pregunta:<\/em> \u00a1Utilizo sus productos que encuentro excepcionales! Como algunos no contienen alcohol, tambi\u00e9n se los doy al gato. Al respecto les pregunto por cuanto tiempo puedo administrarlo y si puedo hacer ciclos. \u00bfPuede recomendar algunas medicinas a base de hierbas sin alcohol para el hipertiroidismo para administrar al gato y en qu\u00e9 cantidades?<\/p>\n<p><strong>Hemos notado que \u00faltimamente muchos de nuestros clientes han estado administrando nuestra ET a sus gatos, con gran satisfacci\u00f3n. \u00a1A los gatos les encantan los extraterrestres y los codician! (el m\u00edo tambi\u00e9n\u2026) Confirmamos que nuestro ET sin alcohol se puede administrar a gatos sin ning\u00fan problema. Sin embargo, incluso en el caso de los gatos, los extractos se administran en ciclos, de dos o tres meses cada vez. Lamentablemente no disponemos de un extracto espec\u00edfico para el hipertiroidismo. Lamentamos no poder satisfacerte...<\/strong><\/p>\n\n\t\t<\/div>\n\t<\/div>\n\n\t\t<\/div>\n\t<\/div>\n\n\t<div class=\"wpb_accordion_section group\">\n\t\t<h3 class=\"wpb_accordion_header ui-accordion-header\"><a href=\"#equilibre-rosa-per-i-mici-troppo-nervosi\">Pink Equilibre para gatos demasiado nerviosos<\/a><\/h3>\n\t\t<div class=\"wpb_accordion_content ui-accordion-content vc_clearfix\">\n\t\t\t\n\t<div class=\"wpb_text_column wpb_content_element\" >\n\t\t<div class=\"wpb_wrapper\">\n\t\t\t<p><em>La pregunta:<\/em> Mi gato tendra mas o menos 4 meses y es un gato que sigue haciendo travesuras y luego causa destrozos en la casa. Podr\u00eda darle el balance rosa pero \u00bfcu\u00e1ntas gotas y cuantas veces al d\u00eda para relajarlo un momento?<\/p>\n<p><strong>Varios Equilibre pueden ser adecuados para su gato demasiado nervioso. Tambi\u00e9n depende de la causa de su nerviosismo: si tiene miedo, el n\u00famero 5 est\u00e1 bien, si est\u00e1 deprimido, el n\u00famero 7 est\u00e1 bien, si se queda mucho tiempo solo en casa, el n\u00famero 2 est\u00e1 bien. entiende la causa, dale el Equilibre para los m\u00e1s peque\u00f1os, el Equilibre rosa.<\/strong><br \/>\n<strong>Si le resulta dif\u00edcil aplicar las gotas directamente en la boca, puede poner una docena en el recipiente con agua. Ver\u00e1s que tu gato se calmar\u00e1.<\/strong><\/p>\n\n\t\t<\/div>\n\t<\/div>\n\n\t\t<\/div>\n\t<\/div>\n\n\t<div class=\"wpb_accordion_section group\">\n\t\t<h3 class=\"wpb_accordion_header ui-accordion-header\"><a href=\"#e-t-ribes-nero-per-il-cane\">ET Grosella negra para el perro<\/a><\/h3>\n\t\t<div class=\"wpb_accordion_content ui-accordion-content vc_clearfix\">\n\t\t\t\n\t<div class=\"wpb_text_column wpb_content_element\" >\n\t\t<div class=\"wpb_wrapper\">\n\t\t\t<p><em>La pregunta:<\/em> Hola, te escribo porque necesito informaci\u00f3n sobre el uso del extracto total de Ribes Nigrum. Se compr\u00f3 para administrarlo a un perro (Bulldog franc\u00e9s que pesa aproximadamente 13 kg) que padec\u00eda diversas alergias. \u00bfPuede darme alguna orientaci\u00f3n sobre cu\u00e1nto administrar, cu\u00e1ndo (\u00bfcon el est\u00f3mago vac\u00edo?) y con qu\u00e9 frecuencia. \u00bfTiene tambi\u00e9n alg\u00fan comentario sobre las contraindicaciones que podr\u00eda tener?<\/p>\n<p><strong>No es la primera vez que respondemos a solicitudes como la suya: nuestro Ribes se administra frecuentemente a perros y gatos, con excelentes resultados (y un gran placer para los animales, a quienes les gusta mucho su sabor!!!) Para tu perro te recomendamos 10\/15 gotas por la ma\u00f1ana y 10\/15 gotas a primera hora de la tarde; no importa si antes o despu\u00e9s de la comida. Si pones las gotas en una cucharadita, tu perro podr\u00e1 lamerlas directamente. En caso contrario, administrarlos de la forma habitual para los animales: directamente en la boca con una jeringa, de la que evidentemente se ha retirado la aguja. En este caso lo mejor es diluir las gotas con un poco de agua. No existen contraindicaciones, precisamente porque las gotas no contienen alcohol.<\/strong><\/p>\n\n\t\t<\/div>\n\t<\/div>\n\n\t\t<\/div>\n\t<\/div>\n\n\t<div class=\"wpb_accordion_section group\">\n\t\t<h3 class=\"wpb_accordion_header ui-accordion-header\"><a href=\"#e-t-ribes-nero-per-il-gatto\">ET Grosella negra para el gato<\/a><\/h3>\n\t\t<div class=\"wpb_accordion_content ui-accordion-content vc_clearfix\">\n\t\t\t\n\t<div class=\"wpb_text_column wpb_content_element\" >\n\t\t<div class=\"wpb_wrapper\">\n\t\t\t<p><em>La pregunta:<\/em> Buenos d\u00edas, me gustar\u00eda utilizar su Ribes Nigrum ET para mi gato anciano (17 a\u00f1os) que sufre de rinitis. \u00bfPuedes decirme la dosis?<\/p>\n<p><strong>Confirmamos que muchos veterinarios ofrecen nuestros ET (Extractos Totales sin alcohol) para sus gatos. La dosis adecuada para su gato es de cinco gotas de Grosella Negra ET al d\u00eda.<\/strong><\/p>\n\n\t\t<\/div>\n\t<\/div>\n\n\t\t<\/div>\n\t<\/div>\n\n\t\t<\/div>\n\t<\/div>\n<\/div><\/div><\/div><\/div><div class=\"vc_row wpb_row vc_row-fluid vc_custom_1428771774359\"><div class=\"wpb_column vc_column_container vc_col-sm-12\"><div class=\"vc_column-inner\"><div class=\"wpb_wrapper\"><div class=\"vc_separator wpb_content_element vc_separator_align_center vc_sep_width_100 vc_sep_pos_align_center vc_separator_no_text vc_sep_color_grey\" ><span class=\"vc_sep_holder vc_sep_holder_l\"><span  class=\"vc_sep_line\"><\/span><\/span><span class=\"vc_sep_holder vc_sep_holder_r\"><span  class=\"vc_sep_line\"><\/span><\/span>\n<\/div><\/div><\/div><\/div><\/div><div class=\"vc_row wpb_row vc_row-fluid accordion-faq vc_custom_1718198424509\"><div class=\"wpb_column vc_column_container vc_col-sm-3\"><div class=\"vc_column-inner\"><div class=\"wpb_wrapper\">\n\t<div class=\"wpb_text_column wpb_content_element\" >\n\t\t<div class=\"wpb_wrapper\">\n\t\t\t<p style=\"color:#249035; font-size:20px\">L\u00ednea Henerga<\/p>\n\n\t\t<\/div>\n\t<\/div>\n<\/div><\/div><\/div><div class=\"wpb_column vc_column_container vc_col-sm-9\"><div class=\"vc_column-inner\"><div class=\"wpb_wrapper\">\n\t<div class=\"wpb_accordion wpb_content_element  not-column-inherit\" data-collapsible=\"yes\" data-vc-disable-keydown=\"false\" data-active-tab=\"false\">\n\t\t<div class=\"wpb_wrapper wpb_accordion_wrapper ui-accordion\">\n\n\n\t<div class=\"wpb_accordion_section group\">\n\t\t<h3 class=\"wpb_accordion_header ui-accordion-header\"><a href=\"#henerga-per-i-ragazzi\">Henerga para ni\u00f1os<\/a><\/h3>\n\t\t<div class=\"wpb_accordion_content ui-accordion-content vc_clearfix\">\n\t\t\t\n\t<div class=\"wpb_text_column wpb_content_element\" >\n\t\t<div class=\"wpb_wrapper\">\n\t\t\t<p><em>La pregunta:<\/em> Hola, compr\u00e9 un paquete de Henerga nutrici\u00f3n 10 viales para mi hijo de 11 a\u00f1os que empieza a sufrir fatiga escolar (\u00a1\u00a1\u00a1sexto grado!!!). Diluyo el producto en zumo de frutas por la ma\u00f1ana y afortunadamente lo bebe sin problemas. Parece que le gusta y se siente mejor al menos por la ma\u00f1ana. Aprovecho para preguntar: el herbolario me aconsej\u00f3 darle un frasco entero al d\u00eda. \u00bfEst\u00e1 bien o es demasiado? \u00bfEstar\u00eda bien la misma dosis para un adulto? Tanto mi marido como yo nos sentimos especialmente cansados durante este per\u00edodo, por lo que tambi\u00e9n quisimos utilizar un suplemento.<\/p>\n<p><strong>De hecho, Henerga Nutrimmuno es excelente para ni\u00f1os cansados y convalecientes, especialmente durante los cambios estacionales. La dosis de un vial al d\u00eda para un ni\u00f1o de 11 a\u00f1os est\u00e1 bien; para ingestas m\u00e1s prolongadas, medio vial es suficiente. Los adultos tambi\u00e9n pueden tomar este producto: uno o dos viales al d\u00eda. O pueden elegir otro producto de la l\u00ednea Henerga.<\/strong><\/p>\n\n\t\t<\/div>\n\t<\/div>\n\n\t\t<\/div>\n\t<\/div>\n\n\t\t<\/div>\n\t<\/div>\n<\/div><\/div><\/div><\/div><div class=\"vc_row wpb_row vc_row-fluid vc_custom_1428771774359\"><div class=\"wpb_column vc_column_container vc_col-sm-12\"><div class=\"vc_column-inner\"><div class=\"wpb_wrapper\"><div class=\"vc_separator wpb_content_element vc_separator_align_center vc_sep_width_100 vc_sep_pos_align_center vc_separator_no_text vc_sep_color_grey\" ><span class=\"vc_sep_holder vc_sep_holder_l\"><span  class=\"vc_sep_line\"><\/span><\/span><span class=\"vc_sep_holder vc_sep_holder_r\"><span  class=\"vc_sep_line\"><\/span><\/span>\n<\/div><\/div><\/div><\/div><\/div>","protected":false},"excerpt":{"rendered":"Domande frequenti Bambini ed E.T. (Estratti Totali): E.T. Ribes Nero per le allergie dei bambini La domanda: \"Buongiorno. Ho comprato il vostro prodotto in gocce e senza alcool Ribes nero ET per le allergie di mio figlio (8 anni). Le dosi riportate sono per bimbi di 6 e 12 anni ; nessuna specifica per quelli [...]","protected":false},"author":13,"featured_media":0,"parent":0,"menu_order":0,"comment_status":"open","ping_status":"open","template":"","meta":{"_acf_changed":false,"footnotes":""},"tags":[],"acf":[],"_links":{"self":[{"href":"https:\/\/lemuria.it\/es\/wp-json\/wp\/v2\/pages\/886"}],"collection":[{"href":"https:\/\/lemuria.it\/es\/wp-json\/wp\/v2\/pages"}],"about":[{"href":"https:\/\/lemuria.it\/es\/wp-json\/wp\/v2\/types\/page"}],"author":[{"embeddable":true,"href":"https:\/\/lemuria.it\/es\/wp-json\/wp\/v2\/users\/13"}],"replies":[{"embeddable":true,"href":"https:\/\/lemuria.it\/es\/wp-json\/wp\/v2\/comments?post=886"}],"version-history":[{"count":27,"href":"https:\/\/lemuria.it\/es\/wp-json\/wp\/v2\/pages\/886\/revisions"}],"predecessor-version":[{"id":9684,"href":"https:\/\/lemuria.it\/es\/wp-json\/wp\/v2\/pages\/886\/revisions\/9684"}],"wp:attachment":[{"href":"https:\/\/lemuria.it\/es\/wp-json\/wp\/v2\/media?parent=886"}],"wp:term":[{"taxonomy":"post_tag","embeddable":true,"href":"https:\/\/lemuria.it\/es\/wp-json\/wp\/v2\/tags?post=886"}],"curies":[{"name":"wp","href":"https:\/\/api.w.org\/{rel}","templated":true}]}}