{"id":8581,"date":"2015-04-22T12:57:29","date_gmt":"2015-04-22T10:57:29","guid":{"rendered":"https:\/\/www.lemuria.it\/?page_id=8581"},"modified":"2024-06-12T11:53:56","modified_gmt":"2024-06-12T09:53:56","slug":"r-erbario","status":"publish","type":"page","link":"https:\/\/lemuria.it\/es\/r-erbario\/","title":{"rendered":"R erbario"},"content":{"rendered":"<div class=\"vc_row wpb_row vc_row-fluid\"><div class=\"wpb_column vc_column_container vc_col-sm-12\"><div class=\"vc_column-inner\"><div class=\"wpb_wrapper\">\n\t<div class=\"wpb_text_column wpb_content_element\" >\n\t\t<div class=\"wpb_wrapper\">\n\t\t\t<p style=\"text-align: center;\">INFORMACI\u00d3N DE LA LITERATURA CIENT\u00cdFICA<\/p>\n<p style=\"text-align: center;\">Qui di seguito proponiamo alcune citazioni tratte da importanti manuali di fitoterapia, da pagine web, da studi scientifici, sia italiani che stranieri.<\/p>\n<p style=\"text-align: center; font-size: 20px;\"><span class=\"st\"><a href=\"https:\/\/lemuria.it\/es\/al-herbario\/\">A<\/a> | <a href=\"https:\/\/lemuria.it\/es\/b-erbario\/\">B<\/a> | <a href=\"https:\/\/lemuria.it\/es\/c-erbario\/\">C<\/a> | <a href=\"https:\/\/lemuria.it\/es\/d-erbario\/\">D<\/a> | <a href=\"https:\/\/lemuria.it\/es\/e-erbario\/\">Y<\/a> | <a href=\"https:\/\/lemuria.it\/es\/f-erbario\/\">F<\/a> | <a href=\"https:\/\/lemuria.it\/es\/g-erbario\/\">GRAMO<\/a> | <a href=\"https:\/\/lemuria.it\/es\/h-erbario\/\">h<\/a> | <a href=\"https:\/\/lemuria.it\/es\/i-erbario\/\">EL<\/a> | <a href=\"https:\/\/lemuria.it\/es\/j-erbario\/\">j<\/a> | <a href=\"https:\/\/lemuria.it\/es\/k-erbario\/\">k<\/a> | <a href=\"https:\/\/lemuria.it\/es\/l-erbario\/\">l<\/a> | <a href=\"https:\/\/lemuria.it\/es\/m-erbario\/\">METRO<\/a> | <a href=\"https:\/\/lemuria.it\/es\/n-erbario\/\">No<\/a> | <a href=\"https:\/\/lemuria.it\/es\/o-erbario\/\">O<\/a> | <a href=\"https:\/\/lemuria.it\/es\/p-erbario\/\">PAG<\/a> | <a href=\"https:\/\/lemuria.it\/es\/q-erbario\/\">q<\/a> | <a href=\"https:\/\/lemuria.it\/es\/r-erbario\/\">R<\/a> | <a href=\"https:\/\/lemuria.it\/es\/s-erbario\/\">S<\/a> | <a href=\"https:\/\/lemuria.it\/es\/t-erbario\/\">t<\/a> | <a href=\"https:\/\/lemuria.it\/es\/u-erbario\/\">Ud.<\/a> | <a href=\"https:\/\/lemuria.it\/es\/v-erbario\/\">V<\/a> | <a href=\"https:\/\/lemuria.it\/es\/w-erbario\/\">W.<\/a> | <a href=\"https:\/\/lemuria.it\/es\/x-erbario\/\">X<\/a> | <a href=\"https:\/\/lemuria.it\/es\/y-erbario\/\">Y<\/a> | <a href=\"https:\/\/lemuria.it\/es\/z-erbario\/\">z<\/a><br \/>\n<\/span><\/p>\n\n\t\t<\/div>\n\t<\/div>\n\n\t<div class=\"wpb_accordion wpb_content_element  not-column-inherit\" data-collapsible=\"\" data-vc-disable-keydown=\"false\" data-active-tab=\"1\">\n\t\t<div class=\"wpb_wrapper wpb_accordion_wrapper ui-accordion\">\n\n\n\t<div class=\"wpb_accordion_section group\">\n\t\t<h3 class=\"wpb_accordion_header ui-accordion-header\"><a href=\"#rabarbaro\">Rabarbaro<\/a><\/h3>\n\t\t<div class=\"wpb_accordion_content ui-accordion-content vc_clearfix\">\n\t\t\t\n\t<div class=\"wpb_text_column wpb_content_element\" >\n\t\t<div class=\"wpb_wrapper\">\n\t\t\t<p>Trattamento di breve durata della stipsi occasionale. La dose individuale corretta \u00e8 quella minima sufficiente a produrre una facile evacuazione di feci molli. I lassativi stimolanti non dovrebbero essere usati per periodi superiori a 2 settimane senza consultare il medico.<\/p>\n<p><em>ESCOP The Scientific Foundation for Herbal Medicinal Products. First Edition. 2003<\/em><\/p>\n<p>Contiene sostanze ad attivit\u00e0 antiflogistica (lindleina, isolindleina, catechina).<\/p>\n<p><em>Capasso F. et al. Fitoterapia. Uso racional de medicamentos a base de hierbas. 2006. Saltador.<\/em><\/p>\n<p>Il rabarbaro possiede antivit\u00e0 antivirale e antinfiammatoria.<\/p>\n<p><em>Chang SJ. et al.Antiviral activity of Rheum palmatum methanol extract and chrysophanol against Japanese encephalitis virus. Arch Pharm Res. 2014 Jan 7. [Epub ahead of print]<\/em><\/p>\n<p><em>Zhu S. et al. Emodin inhibits ATP-induced IL-1\u03b2 secretion, ROS production and phagocytosis attenuation in rat peritoneal macrophages via antagonizing P2X\u2087 receptor.Pharm Biol. 2014 Jan;52(1):51-7.<\/em><\/p>\n\n\t\t<\/div>\n\t<\/div>\n\n\t\t<\/div>\n\t<\/div>\n\n\t<div class=\"wpb_accordion_section group\">\n\t\t<h3 class=\"wpb_accordion_header ui-accordion-header\"><a href=\"#ribes-gemme\">Ribes gemme<\/a><\/h3>\n\t\t<div class=\"wpb_accordion_content ui-accordion-content vc_clearfix\">\n\t\t\t\n\t<div class=\"wpb_text_column wpb_content_element\" >\n\t\t<div class=\"wpb_wrapper\">\n\t\t\t<p>\u00c8 usato come fonte di Vitamina C.<\/p>\n<p><em>PDR para medicamentos herbarios. 2000. Editorial THOMSON.<\/em><\/p>\n\n\t\t<\/div>\n\t<\/div>\n\n\t\t<\/div>\n\t<\/div>\n\n\t<div class=\"wpb_accordion_section group\">\n\t\t<h3 class=\"wpb_accordion_header ui-accordion-header\"><a href=\"#ribes-nero\">Ribes nero<\/a><\/h3>\n\t\t<div class=\"wpb_accordion_content ui-accordion-content vc_clearfix\">\n\t\t\t\n\t<div class=\"wpb_text_column wpb_content_element\" >\n\t\t<div class=\"wpb_wrapper\">\n\t\t\t<p>Nella medicina tradizionale viene usato per alleviare raffreddore, raucedine e tosse.\u00c8 anche usato come fonte di Vitamina C.<\/p>\n<p><em>PDR para medicamentos herbarios. 2000. Editorial THOMSON.<\/em><\/p>\n<p>Coadiuvante nel trattamento dei disturbi reumatici.<\/p>\n<p><em>ESCOP The Scientific Foundation for Herbal Medicinal Products. Second Edition. 2003.<\/em><\/p>\n<p>Azione antinfiammatoria, antidolorifica e antiallergica<\/p>\n<p><em>Bruneton J. Pharmacognosie et phytochimie plantes medicinales. Ed. Lavoisier, Paris, 1993.<\/em><\/p>\n<p><em>Alcaraz M.J. et Jimenez M.J. Flavonoids as anti-inflammatory agents. Fitoterapia 59, 25-38, 1988<\/em><\/p>\n<p>Azione antinfiammatoria, antidolorifica e antiallergica<\/p>\n<p><em>Bruneton J. Pharmacognosie et phytochimie plantes medicinales. Ed. Lavoisier, Paris, 1993. Alcaraz M.J. et Jimenez M.J. Flavonoids as anti-inflammatory agents. Fitoterapia 59, 25-38, 1988<\/em><\/p>\n\n\t\t<\/div>\n\t<\/div>\n\n\t\t<\/div>\n\t<\/div>\n\n\t<div class=\"wpb_accordion_section group\">\n\t\t<h3 class=\"wpb_accordion_header ui-accordion-header\"><a href=\"#rhodiola-rosea\">Rhodiola rosea<\/a><\/h3>\n\t\t<div class=\"wpb_accordion_content ui-accordion-content vc_clearfix\">\n\t\t\t\n\t<div class=\"wpb_text_column wpb_content_element\" >\n\t\t<div class=\"wpb_wrapper\">\n\t\t\t<p>La maggior parte degli studi ha evidenziato effetti benefici della rodiola nel ridurre la fatica mentale, nel migliorare lo stato fisico e lo stato di benessere generale.<\/p>\n<p><em>Capasso F. et al. Fitoterapia. Uso racional de medicamentos a base de hierbas. 2006. Saltador.<\/em><\/p>\n<p>Ricerche preliminari hanno dimostrato che la rodiola pu\u00f2 ridurre il senso di fatica in situazioni stressanti. In uno studio preliminare un estratto di rodiola 50 mg per due volte al giorno hanno ridotto la fatica mentale e il senso soggettivo di benessere in studenti durante una periodo di esami.<\/p>\n<p><em>Spasov A.A. et al. A double-blind, placebo-controlled pilot study of the stimulating and adaptogenic effect of Rhodiola rosea SHR-5 extract on the fatigue of students caused by stress during an examination period with a repeated low-dose regimen. Phytomedicine 2000;7:85-89.<\/em><\/p>\n\n\t\t<\/div>\n\t<\/div>\n\n\t\t<\/div>\n\t<\/div>\n\n\t<div class=\"wpb_accordion_section group\">\n\t\t<h3 class=\"wpb_accordion_header ui-accordion-header\"><a href=\"#rosa-canina\">Rosa canina<\/a><\/h3>\n\t\t<div class=\"wpb_accordion_content ui-accordion-content vc_clearfix\">\n\t\t\t\n\t<div class=\"wpb_text_column wpb_content_element\" >\n\t\t<div class=\"wpb_wrapper\">\n\t\t\t<p>Nota per la sua ricchezza in vitamina C. Tradizionalmente usata per il trattamento delle condizioni febbrili, il raffreddore e le forme reumatiche.<\/p>\n<p><em>PDR para medicamentos herbarios. 2000. Editorial THOMSON.<\/em><\/p>\n<p>Indicata come coadiuvante per alleviare il dolore e la rigidit\u00e0 causata alle osteoartriti.<\/p>\n<p><em>ESCOP The Scientific Foundation for Herbal Medicinal Products. <\/em><em>Second Edition. 2003. <\/em><\/p>\n<p>La ricchezza in flavonoidi e Vitamina C sono responsabili della azione antiossidante della rosa canina.<\/p>\n<p><em>Tumbas V.T. Effect of rosehip (Rosa canina L.) phytochemicals on stable free radicals and human cancer cells. J Sci Food Agric. 2012 Apr;92(6):1273-81.<\/em><\/p>\n<p><em>Natural Medicines Comprehensive database. Unbiased, Scientific Clinical Information on Complementary, Alternative, and Integrative Therapies. http:\/\/naturaldatabase.therapeuticresearch.com\/home.aspx?cs=&amp;s=ND\u00a0\u00a0\u00a0\u00a0\u00a0\u00a0\u00a0\u00a0\u00a0\u00a0\u00a0\u00a0<\/em><\/p>\n<p><em>Davis D.R. Some algae are potentially adequate sources of vitamin B-12 for vegans (letter, comment). J Nutr 1997;127:378,380.<\/em><\/p>\n\n\t\t<\/div>\n\t<\/div>\n\n\t\t<\/div>\n\t<\/div>\n\n\t<div class=\"wpb_accordion_section group\">\n\t\t<h3 class=\"wpb_accordion_header ui-accordion-header\"><a href=\"#rosmarino\">Rosmarino<\/a><\/h3>\n\t\t<div class=\"wpb_accordion_content ui-accordion-content vc_clearfix\">\n\t\t\t\n\t<div class=\"wpb_text_column wpb_content_element\" >\n\t\t<div class=\"wpb_wrapper\">\n\t\t\t<p>Pu\u00f2 avere effetto inotropo positivo sul cuore e aumentare il flusso coronarico.<\/p>\n<p><em>Blumenthal M, ed. The Complete German Commission E Monographs: Therapeutic Guide to Herbal Medicines. Trans. S. Klein. Boston, MA: American Botanical Council, 1998.<\/em><\/p>\n<p>Problemi della pressione arteriosa, disturbi dispeptici, inappetenza, reumatismi.<\/p>\n<p><em>PDR para medicamentos herbarios. 2000. Editorial THOMSON.<\/em><\/p>\n<p><em>Fern\u00e1ndez LF, Palomino OM, Frutos G. Effectiveness of Rosmarinus officinalis essential oil as antihypotensive agent in primary hypotensive patients and its influence on health-related quality of life. J Ethnopharmacol. 2014 Jan 10;151(1):509-16. doi: 10.1016\/j.jep.2013.11.006.<\/em><\/p>\n\n\t\t<\/div>\n\t<\/div>\n\n\t\t<\/div>\n\t<\/div>\n\n\t<div class=\"wpb_accordion_section group\">\n\t\t<h3 class=\"wpb_accordion_header ui-accordion-header\"><a href=\"#rusco\">Rusco<\/a><\/h3>\n\t\t<div class=\"wpb_accordion_content ui-accordion-content vc_clearfix\">\n\t\t\t\n\t<div class=\"wpb_text_column wpb_content_element\" >\n\t\t<div class=\"wpb_wrapper\">\n\t\t\t<p>Trattamento coadiuvante dei sintomi associati all\u2019insufficienza venosa cronica, quali dolori, senso di stanchezza e pesantezza alle gambe, formicolio e gonfiore.<\/p>\n<p><em>ESCOP The Scientific Foundation for Herbal Medicinal Products. First Edition. 2003<\/em><\/p>\n\n\t\t<\/div>\n\t<\/div>\n\n\t\t<\/div>\n\t<\/div>\n\n\t\t<\/div>\n\t<\/div>\n<div class=\"vc_empty_space\"   style=\"height: 32px\" ><span class=\"vc_empty_space_inner\"><\/span><\/div>\n\n\t<div class=\"wpb_text_column wpb_content_element\" >\n\t\t<div class=\"wpb_wrapper\">\n\t\t\t<p><b>Libros recomendados:<\/b><\/p>\n<p><strong>Textos para el estudio cient\u00edfico de la fitoterapia.<br \/>\n&#8211;\u00a0<\/strong>Lugli A. Conociendo las plantas medicinales. 40 fichas pr\u00e1cticas, muchas curiosidades y sugerencias \u00fatiles. Ediciones Aboca. 2010.<br \/>\n&#8211; Capasso F. et al. Fitoterapia. Impiego razionale delle droghe vegetali. Springer-Verlag. 2006.<br \/>\n&#8211; Campanini. Dizionario di fitoterapia e piante medicinali. Tecniche Nuove. 2012.<br \/>\n<strong>ESCOP - Cooperaci\u00f3n cient\u00edfica europea en fitoterapia:<br \/>\n&#8211;\u00a0<\/strong>ESCOP Monograf\u00edas La base cient\u00edfica de los productos fitoterap\u00e9uticos. Edici\u00f3n italiana de la segunda edici\u00f3n en ingl\u00e9s editada por Planta Medica Edizioni.2006.<br \/>\n<strong>versi\u00f3n inglesa<\/strong>: Monograf\u00edas Sobre los usos medicinales de las plantas medicinales Cooperativa Cient\u00edfica Europea de Fitoterapia. Segunda edici\u00f3n 2003. Thieme.<br \/>\n&#8211; ESCOP Monographs On the medicinal uses of plants drugs\u00a0 European Scientific Cooperative on Phytotherapy. Second edition Supplement 2009. Thieme.<br \/>\n&#8211; WHO Monographs Selected medicinal plants. Vol.1-2-3-4-5. World Health Organization Geneva.<br \/>\n<strong>Descargable en el enlace<\/strong>: http:\/\/apps.who.int\/medicinedoc\/en\/d\/Js2200e\/<br \/>\n&#8211; Herbal Medicine: Expanded Commission E Monographs. American Botanical Council. 2000<br \/>\n&#8211; Blumental L. The ABC Clinical Guide to Herbs. The American Botanical Council. 2003<br \/>\n&#8211; PDR for Herbal Medicines. 2000. THOMSON editore.<\/p>\n\n\t\t<\/div>\n\t<\/div>\n<div class=\"vc_empty_space\"   style=\"height: 50px\" ><span class=\"vc_empty_space_inner\"><\/span><\/div>\n<\/div><\/div><\/div><\/div>","protected":false},"excerpt":{"rendered":"INFORMAZIONI DALLA LETTERATURA SCIENTIFICA Qui di seguito proponiamo alcune citazioni tratte da importanti manuali di fitoterapia, da pagine web, da studi scientifici, sia italiani che stranieri. A | B | C | D | E | F | G | H | I | J | K | L | M | N | O [...]","protected":false},"author":13,"featured_media":0,"parent":0,"menu_order":0,"comment_status":"open","ping_status":"open","template":"page-full.php","meta":{"_acf_changed":false,"footnotes":""},"tags":[],"acf":[],"_links":{"self":[{"href":"https:\/\/lemuria.it\/es\/wp-json\/wp\/v2\/pages\/8581"}],"collection":[{"href":"https:\/\/lemuria.it\/es\/wp-json\/wp\/v2\/pages"}],"about":[{"href":"https:\/\/lemuria.it\/es\/wp-json\/wp\/v2\/types\/page"}],"author":[{"embeddable":true,"href":"https:\/\/lemuria.it\/es\/wp-json\/wp\/v2\/users\/13"}],"replies":[{"embeddable":true,"href":"https:\/\/lemuria.it\/es\/wp-json\/wp\/v2\/comments?post=8581"}],"version-history":[{"count":6,"href":"https:\/\/lemuria.it\/es\/wp-json\/wp\/v2\/pages\/8581\/revisions"}],"predecessor-version":[{"id":9655,"href":"https:\/\/lemuria.it\/es\/wp-json\/wp\/v2\/pages\/8581\/revisions\/9655"}],"wp:attachment":[{"href":"https:\/\/lemuria.it\/es\/wp-json\/wp\/v2\/media?parent=8581"}],"wp:term":[{"taxonomy":"post_tag","embeddable":true,"href":"https:\/\/lemuria.it\/es\/wp-json\/wp\/v2\/tags?post=8581"}],"curies":[{"name":"wp","href":"https:\/\/api.w.org\/{rel}","templated":true}]}}