{"id":8577,"date":"2015-04-22T12:47:36","date_gmt":"2015-04-22T10:47:36","guid":{"rendered":"https:\/\/www.lemuria.it\/?page_id=8577"},"modified":"2024-06-12T11:53:13","modified_gmt":"2024-06-12T09:53:13","slug":"p-erbario","status":"publish","type":"page","link":"https:\/\/lemuria.it\/es\/p-erbario\/","title":{"rendered":"P erbario"},"content":{"rendered":"<div class=\"vc_row wpb_row vc_row-fluid\"><div class=\"wpb_column vc_column_container vc_col-sm-12\"><div class=\"vc_column-inner\"><div class=\"wpb_wrapper\">\n\t<div class=\"wpb_text_column wpb_content_element\" >\n\t\t<div class=\"wpb_wrapper\">\n\t\t\t<p style=\"text-align: center;\">INFORMACI\u00d3N DE LA LITERATURA CIENT\u00cdFICA<\/p>\n<p style=\"text-align: center;\">Qui di seguito proponiamo alcune citazioni tratte da importanti manuali di fitoterapia, da pagine web, da studi scientifici, sia italiani che stranieri.<\/p>\n<p style=\"text-align: center; font-size: 20px;\"><span class=\"st\"><a href=\"https:\/\/lemuria.it\/es\/al-herbario\/\">A<\/a> | <a href=\"https:\/\/lemuria.it\/es\/b-erbario\/\">B<\/a> | <a href=\"https:\/\/lemuria.it\/es\/c-erbario\/\">C<\/a> | <a href=\"https:\/\/lemuria.it\/es\/d-erbario\/\">D<\/a> | <a href=\"https:\/\/lemuria.it\/es\/e-erbario\/\">Y<\/a> | <a href=\"https:\/\/lemuria.it\/es\/f-erbario\/\">F<\/a> | <a href=\"https:\/\/lemuria.it\/es\/g-erbario\/\">GRAMO<\/a> | <a href=\"https:\/\/lemuria.it\/es\/h-erbario\/\">h<\/a> | <a href=\"https:\/\/lemuria.it\/es\/i-erbario\/\">EL<\/a> | <a href=\"https:\/\/lemuria.it\/es\/j-erbario\/\">j<\/a> | <a href=\"https:\/\/lemuria.it\/es\/k-erbario\/\">k<\/a> | <a href=\"https:\/\/lemuria.it\/es\/l-erbario\/\">l<\/a> | <a href=\"https:\/\/lemuria.it\/es\/m-erbario\/\">METRO<\/a> | <a href=\"https:\/\/lemuria.it\/es\/n-erbario\/\">No<\/a> | <a href=\"https:\/\/lemuria.it\/es\/o-erbario\/\">O<\/a> | <a href=\"https:\/\/lemuria.it\/es\/p-erbario\/\">PAG<\/a> | <a href=\"https:\/\/lemuria.it\/es\/q-erbario\/\">q<\/a> | <a href=\"https:\/\/lemuria.it\/es\/r-erbario\/\">R<\/a> | <a href=\"https:\/\/lemuria.it\/es\/s-erbario\/\">S<\/a> | <a href=\"https:\/\/lemuria.it\/es\/t-erbario\/\">t<\/a> | <a href=\"https:\/\/lemuria.it\/es\/u-erbario\/\">Ud.<\/a> | <a href=\"https:\/\/lemuria.it\/es\/v-erbario\/\">V<\/a> | <a href=\"https:\/\/lemuria.it\/es\/w-erbario\/\">W.<\/a> | <a href=\"https:\/\/lemuria.it\/es\/x-erbario\/\">X<\/a> | <a href=\"https:\/\/lemuria.it\/es\/y-erbario\/\">Y<\/a> | <a href=\"https:\/\/lemuria.it\/es\/z-erbario\/\">z<\/a><br \/>\n<\/span><\/p>\n\n\t\t<\/div>\n\t<\/div>\n\n\t<div class=\"wpb_accordion wpb_content_element  not-column-inherit\" data-collapsible=\"\" data-vc-disable-keydown=\"false\" data-active-tab=\"1\">\n\t\t<div class=\"wpb_wrapper wpb_accordion_wrapper ui-accordion\">\n\n\n\t<div class=\"wpb_accordion_section group\">\n\t\t<h3 class=\"wpb_accordion_header ui-accordion-header\"><a href=\"#papaya\">Papaya<\/a><\/h3>\n\t\t<div class=\"wpb_accordion_content ui-accordion-content vc_clearfix\">\n\t\t\t\n\t<div class=\"wpb_text_column wpb_content_element\" >\n\t\t<div class=\"wpb_wrapper\">\n\t\t\t<p>Uno studio sperimentale in vivo condotto per dimostrare l\u2019azione antiossidante e immunostimolante della Papaya ha dimostrato che l\u2019estratto di fruttodi Carica papaya ha la potenzialit\u00e0 di aumentare significativamente le funzioni immunitarie.<\/p>\n<p><em>Mohamed Sadek K.Antioxidant and immunostimulant effect of carica papaya linn. Aqueous extract in acrylamide intoxicated rats. Acta Inform Med. 2012 Sep;20(3):180-5.<\/em><\/p>\n\n\t\t<\/div>\n\t<\/div>\n\n\t\t<\/div>\n\t<\/div>\n\n\t<div class=\"wpb_accordion_section group\">\n\t\t<h3 class=\"wpb_accordion_header ui-accordion-header\"><a href=\"#papavero-rosso\">Papavero Rosso<\/a><\/h3>\n\t\t<div class=\"wpb_accordion_content ui-accordion-content vc_clearfix\">\n\t\t\t\n\t<div class=\"wpb_text_column wpb_content_element\" >\n\t\t<div class=\"wpb_wrapper\">\n\t\t\t<p>Nella medicina popolare viene usato per l\u2019insonnia e come sedativo.<\/p>\n<p><em>PDR for Herbal Medicines. 2000. THOMSON editore<\/em><\/p>\n\n\t\t<\/div>\n\t<\/div>\n\n\t\t<\/div>\n\t<\/div>\n\n\t<div class=\"wpb_accordion_section group\">\n\t\t<h3 class=\"wpb_accordion_header ui-accordion-header\"><a href=\"#pappa-reale\">Pappa reale<\/a><\/h3>\n\t\t<div class=\"wpb_accordion_content ui-accordion-content vc_clearfix\">\n\t\t\t\n\t<div class=\"wpb_text_column wpb_content_element\" >\n\t\t<div class=\"wpb_wrapper\">\n\t\t\t<p>I pochi studi sull&#8217;uomo fanno emergere delle propriet\u00e0 salutistiche di tipo tonico-ricostituente: miglioramento della condizione generale di salute, sensazione di maggiore energia, migliore resistenza alla fatica e migliori prestazioni intellettuali (cognitive e di memorizzazione). Alcuni di questi effetti sono stati confermati da studi sperimentali .<\/p>\n<p>Tradizionalmente usata nelle varie et\u00e0 della vita, dal bambino pi\u00f9 piccolo all\u2019anziano.<\/p>\n<p><em>Food and Agriculture Organization of the United Nations Rome 1996. VALUE-ADDED PRODUCTS FROM BEEKEEPING.\u00a0 FAO AGRICULTURAL SERVICES BULLETIN No. 124 http:\/\/www.fao.org\/docrep\/w0076E\/w0076e16.htm (sito attivo 10-04-2011)<\/em><\/p>\n\n\t\t<\/div>\n\t<\/div>\n\n\t\t<\/div>\n\t<\/div>\n\n\t<div class=\"wpb_accordion_section group\">\n\t\t<h3 class=\"wpb_accordion_header ui-accordion-header\"><a href=\"#passiflora\">Passiflora<\/a><\/h3>\n\t\t<div class=\"wpb_accordion_content ui-accordion-content vc_clearfix\">\n\t\t\t\n\t<div class=\"wpb_text_column wpb_content_element\" >\n\t\t<div class=\"wpb_wrapper\">\n\t\t\t<p>Indicata per il trattamento degli stati di tensione nervosa, irrequietezza e irritabilit\u00e0 con difficolt\u00e0 ad addormentarsi.<\/p>\n<p><em>ESCOP The Scientific Foundation for Herbal Medicinal Products. First Edition. 2003<\/em><\/p>\n\n\t\t<\/div>\n\t<\/div>\n\n\t\t<\/div>\n\t<\/div>\n\n\t<div class=\"wpb_accordion_section group\">\n\t\t<h3 class=\"wpb_accordion_header ui-accordion-header\"><a href=\"#pau-darco\">Pau d\u2019arco<\/a><\/h3>\n\t\t<div class=\"wpb_accordion_content ui-accordion-content vc_clearfix\">\n\t\t\t\n\t<div class=\"wpb_text_column wpb_content_element\" >\n\t\t<div class=\"wpb_wrapper\">\n\t\t\t<p>La cortecciacontiene una grande quantit\u00e0 di sostanze bioattive, tra queste la lapachina aumenta in modo significativo l\u2019apportodi ossigeno ai vari organi e distretti dell\u2019organismo. Ha spiccataazione antinfiammatoria.<\/p>\n<p><em>Sch\u00f6nfelder. Das neue Handbuch del Heilpflanzen. Editore WVG KOSMOS. Pag. 434<\/em><\/p>\n<p>Gli estratti della pianta hanno potenti effetti antiossidanti.<\/p>\n<p><em>Park B.S. et.al. Antioxidant activity and characterization of volatile constituents of Taheebo (Tabebuia impetiginosa Martius ex DC). J Agric Food Chem. 2003 Jan 1;51(1):295-300.<\/em><\/p>\n\n\t\t<\/div>\n\t<\/div>\n\n\t\t<\/div>\n\t<\/div>\n\n\t<div class=\"wpb_accordion_section group\">\n\t\t<h3 class=\"wpb_accordion_header ui-accordion-header\"><a href=\"#pepe-nero\">Pepe nero<\/a><\/h3>\n\t\t<div class=\"wpb_accordion_content ui-accordion-content vc_clearfix\">\n\t\t\t\n\t<div class=\"wpb_text_column wpb_content_element\" >\n\t\t<div class=\"wpb_wrapper\">\n\t\t\t<p>La piperina e il pepe nero in studi sperimentali hanno dimostrato di possedere propriet\u00e0 antiossidanti, antinfiammatorie, immunomodulanti e antiasmatiche.<\/p>\n<p><em>Meghwal M. et al.. Piper nigrum and piperine: an update. Phytother Res. 2013 Aug;27(8):1121-30.<\/em><\/p>\n<p>In uno studio sperimentale, un estratto di pepe nero ha inibito in maniera significativa il rilascio di istamina dalle mastcellule.<\/p>\n<p><em>Hirata N. et al. Histamine release inhibitory activity of Piper nigrum leaf. Biol Pharm Bull. 2008 Oct;31(10):1973-<\/em><\/p>\n\n\t\t<\/div>\n\t<\/div>\n\n\t\t<\/div>\n\t<\/div>\n\n\t<div class=\"wpb_accordion_section group\">\n\t\t<h3 class=\"wpb_accordion_header ui-accordion-header\"><a href=\"#perilla\">Perilla<\/a><\/h3>\n\t\t<div class=\"wpb_accordion_content ui-accordion-content vc_clearfix\">\n\t\t\t\n\t<div class=\"wpb_text_column wpb_content_element\" >\n\t\t<div class=\"wpb_wrapper\">\n\t\t\t<p>Azione antiallergica.<\/p>\n<p>La Perilla contiene potenti inibitori della lipossigenasi e potrebbe avere un ruolo nella prevenzione delle risposte infiammatorie e allergiche dell&#8217;organismo.<\/p>\n<p><em>YamamotoH. Inhibitors of Arachidonate Lipoxygenase from defatted Perilla seed. J.Agric. Food Chem., 1998, 46, 862-865.<\/em><\/p>\n<p>La Perilla \u00e8 usata nella medicina tradizionale cinese per trattare il raffreddore e le forme influenzali con febbre, la tosse, e l&#8217;infiammazione delle mucose nasali.<\/p>\n<p><em>PDR para medicamentos herbarios. 2000. Editorial THOMSON.<\/em><\/p>\n\n\t\t<\/div>\n\t<\/div>\n\n\t\t<\/div>\n\t<\/div>\n\n\t<div class=\"wpb_accordion_section group\">\n\t\t<h3 class=\"wpb_accordion_header ui-accordion-header\"><a href=\"#pilosella\">Pilosella<\/a><\/h3>\n\t\t<div class=\"wpb_accordion_content ui-accordion-content vc_clearfix\">\n\t\t\t\n\t<div class=\"wpb_text_column wpb_content_element\" >\n\t\t<div class=\"wpb_wrapper\">\n\t\t\t<p>Tradizionalmente usato per favorire la diuresi.<\/p>\n<p><em>Natural Medicines Comprehensive database. Unbiased, Scientific Clinical Information on Complementary, Alternative, and Integrative Therapies. http:\/\/naturaldatabase.therapeuticresearch.com\/home.aspx?cs=&amp;s=ND\u00a0\u00a0\u00a0\u00a0\u00a0\u00a0\u00a0\u00a0\u00a0\u00a0\u00a0\u00a0<\/em><\/p>\n<p>Antiossidante.<\/p>\n<p><em>Stanojevi\u0107 L. et al. Antioxidant Activity and Total Phenolic and Flavonoid Contents of Hieracium pilosella L. Extracts. Sensors (Basel). 2009;9(7):5702-14. doi: 10.3390\/s90705702. Epub 2009 Jul 16.<\/em><\/p>\n\n\t\t<\/div>\n\t<\/div>\n\n\t\t<\/div>\n\t<\/div>\n\n\t<div class=\"wpb_accordion_section group\">\n\t\t<h3 class=\"wpb_accordion_header ui-accordion-header\"><a href=\"#pino\">Pino<\/a><\/h3>\n\t\t<div class=\"wpb_accordion_content ui-accordion-content vc_clearfix\">\n\t\t\t\n\t<div class=\"wpb_text_column wpb_content_element\" >\n\t\t<div class=\"wpb_wrapper\">\n\t\t\t<p>L&#8217;olio essenziale ha effetto secretolitico e antisettico. Si usa per trattare i disturbi catarrali delle alte e basse vie respiratorie. Il suo uso \u00e8 approvato dalla Commissione E tedesca per il trattamento della tosse e della bronchite.<\/p>\n<p><em>PDR para medicamentos herbarios. 2000. Editorial THOMSON.<\/em><\/p>\n<p>Le gemme di pino hanno effetto secretolitico e antisettico (lieve). Si usano per trattare i disturbi catarrali delle alte e basse vie respiratorie. Il loro uso \u00e8 approvato dalla Commissione E tedesca per il trattamento della rinosinusite, delle infiammazioni della bocca e del faringe, della tosse e della bronchite.<\/p>\n<p><em>PDR para medicamentos herbarios. 2000. Editorial THOMSON.<\/em><\/p>\n\n\t\t<\/div>\n\t<\/div>\n\n\t\t<\/div>\n\t<\/div>\n\n\t<div class=\"wpb_accordion_section group\">\n\t\t<h3 class=\"wpb_accordion_header ui-accordion-header\"><a href=\"#primula\">Primula<\/a><\/h3>\n\t\t<div class=\"wpb_accordion_content ui-accordion-content vc_clearfix\">\n\t\t\t\n\t<div class=\"wpb_text_column wpb_content_element\" >\n\t\t<div class=\"wpb_wrapper\">\n\t\t\t<p>Nella medicina popolare \u00e8 usata per l&#8217;insonnia, gli stati di ansia e irritabilit\u00e0 oltre che come cardiotonico.<\/p>\n<p><em>PDR para medicamentos herbarios. 2000. Editorial THOMSON.<\/em><\/p>\n<p>Il contenuto in saponine attribuisce alla droga propriet\u00e0 espettoranti e diuretiche. Il suo uso \u00e8 approvato dalla Commissione E tedesca per il trattamento della tosse e della bronchite.<\/p>\n<p><em>PDR para medicamentos herbarios. 2000. Editorial THOMSON.<\/em><\/p>\n\n\t\t<\/div>\n\t<\/div>\n\n\t\t<\/div>\n\t<\/div>\n\n\t<div class=\"wpb_accordion_section group\">\n\t\t<h3 class=\"wpb_accordion_header ui-accordion-header\"><a href=\"#propoli\">Propoli<\/a><\/h3>\n\t\t<div class=\"wpb_accordion_content ui-accordion-content vc_clearfix\">\n\t\t\t\n\t<div class=\"wpb_text_column wpb_content_element\" >\n\t\t<div class=\"wpb_wrapper\">\n\t\t\t<p>La propoli possiede propriet\u00e0 antinfiammatorie e antibatteriche che possono contribuire alla sua efficacia negli stati infiammatori del cavo orale. Le propriet\u00e0 antibatteriche sono state testate in vitro e in vivo su numerosi ceppi batterici. La propoli (in particolare i composti fenolici e flavonoidi) ha attivit\u00e0 antiossidante, riepitelizzante, cicatrizzante ed anestetica locale, quest&#8217;ultima attribuita prevalentemente ai componenti dell&#8217;olio essenziale.<\/p>\n<p><em>Capasso F. et al. Fitoterapia. Uso racional de medicamentos a base de hierbas. 2006. Saltador.<\/em><\/p>\n\n\t\t<\/div>\n\t<\/div>\n\n\t\t<\/div>\n\t<\/div>\n\n\t<div class=\"wpb_accordion_section group\">\n\t\t<h3 class=\"wpb_accordion_header ui-accordion-header\"><a href=\"#psillio\">Psillio<\/a><\/h3>\n\t\t<div class=\"wpb_accordion_content ui-accordion-content vc_clearfix\">\n\t\t\t\n\t<div class=\"wpb_text_column wpb_content_element\" >\n\t\t<div class=\"wpb_wrapper\">\n\t\t\t<p>Trattamento della stipsi occasionale. Condizioni in cui sia consigliabile una defecazione agevole con feci morbide, ad es. in caso di ragadi ed emorroidi, dopo interventi di chirurgia rettale o anale e in gravidanza.<\/p>\n<p><em>ESCOP The Scientific Foundation for Herbal Medicinal Products. First Edition. 2003<\/em><\/p>\n\n\t\t<\/div>\n\t<\/div>\n\n\t\t<\/div>\n\t<\/div>\n\n\t\t<\/div>\n\t<\/div>\n<div class=\"vc_empty_space\"   style=\"height: 32px\" ><span class=\"vc_empty_space_inner\"><\/span><\/div>\n\n\t<div class=\"wpb_text_column wpb_content_element\" >\n\t\t<div class=\"wpb_wrapper\">\n\t\t\t<p><b>Libros recomendados:<\/b><\/p>\n<p><strong>Textos para el estudio cient\u00edfico de la fitoterapia.<br \/>\n&#8211;\u00a0<\/strong>Lugli A. Conociendo las plantas medicinales. 40 fichas pr\u00e1cticas, muchas curiosidades y sugerencias \u00fatiles. Ediciones Aboca. 2010.<br \/>\n&#8211; Capasso F. et al. Fitoterapia. Impiego razionale delle droghe vegetali. Springer-Verlag. 2006.<br \/>\n&#8211; Campanini. Dizionario di fitoterapia e piante medicinali. Tecniche Nuove. 2012.<br \/>\n<strong>ESCOP - Cooperaci\u00f3n cient\u00edfica europea en fitoterapia:<br \/>\n&#8211;\u00a0<\/strong>ESCOP Monograf\u00edas La base cient\u00edfica de los productos fitoterap\u00e9uticos. Edici\u00f3n italiana de la segunda edici\u00f3n en ingl\u00e9s editada por Planta Medica Edizioni.2006.<br \/>\n<strong>versi\u00f3n inglesa<\/strong>: Monograf\u00edas Sobre los usos medicinales de las plantas medicinales Cooperativa Cient\u00edfica Europea de Fitoterapia. Segunda edici\u00f3n 2003. Thieme.<br \/>\n&#8211; ESCOP Monographs On the medicinal uses of plants drugs\u00a0 European Scientific Cooperative on Phytotherapy. Second edition Supplement 2009. Thieme.<br \/>\n&#8211; WHO Monographs Selected medicinal plants. Vol.1-2-3-4-5. World Health Organization Geneva.<br \/>\n<strong>Descargable en el enlace<\/strong>: http:\/\/apps.who.int\/medicinedoc\/en\/d\/Js2200e\/<br \/>\n&#8211; Herbal Medicine: Expanded Commission E Monographs. American Botanical Council. 2000<br \/>\n&#8211; Blumental L. The ABC Clinical Guide to Herbs. The American Botanical Council. 2003<br \/>\n&#8211; PDR for Herbal Medicines. 2000. THOMSON editore.<\/p>\n\n\t\t<\/div>\n\t<\/div>\n<div class=\"vc_empty_space\"   style=\"height: 50px\" ><span class=\"vc_empty_space_inner\"><\/span><\/div>\n<\/div><\/div><\/div><\/div>","protected":false},"excerpt":{"rendered":"INFORMAZIONI DALLA LETTERATURA SCIENTIFICA Qui di seguito proponiamo alcune citazioni tratte da importanti manuali di fitoterapia, da pagine web, da studi scientifici, sia italiani che stranieri. A | B | C | D | E | F | G | H | I | J | K | L | M | N | O [...]","protected":false},"author":13,"featured_media":0,"parent":0,"menu_order":0,"comment_status":"open","ping_status":"open","template":"page-full.php","meta":{"_acf_changed":false,"footnotes":""},"tags":[],"acf":[],"_links":{"self":[{"href":"https:\/\/lemuria.it\/es\/wp-json\/wp\/v2\/pages\/8577"}],"collection":[{"href":"https:\/\/lemuria.it\/es\/wp-json\/wp\/v2\/pages"}],"about":[{"href":"https:\/\/lemuria.it\/es\/wp-json\/wp\/v2\/types\/page"}],"author":[{"embeddable":true,"href":"https:\/\/lemuria.it\/es\/wp-json\/wp\/v2\/users\/13"}],"replies":[{"embeddable":true,"href":"https:\/\/lemuria.it\/es\/wp-json\/wp\/v2\/comments?post=8577"}],"version-history":[{"count":6,"href":"https:\/\/lemuria.it\/es\/wp-json\/wp\/v2\/pages\/8577\/revisions"}],"predecessor-version":[{"id":9653,"href":"https:\/\/lemuria.it\/es\/wp-json\/wp\/v2\/pages\/8577\/revisions\/9653"}],"wp:attachment":[{"href":"https:\/\/lemuria.it\/es\/wp-json\/wp\/v2\/media?parent=8577"}],"wp:term":[{"taxonomy":"post_tag","embeddable":true,"href":"https:\/\/lemuria.it\/es\/wp-json\/wp\/v2\/tags?post=8577"}],"curies":[{"name":"wp","href":"https:\/\/api.w.org\/{rel}","templated":true}]}}