{"id":8563,"date":"2015-04-22T11:58:12","date_gmt":"2015-04-22T09:58:12","guid":{"rendered":"https:\/\/www.lemuria.it\/?page_id=8563"},"modified":"2024-06-12T11:47:58","modified_gmt":"2024-06-12T09:47:58","slug":"i-erbario","status":"publish","type":"page","link":"https:\/\/lemuria.it\/es\/i-erbario\/","title":{"rendered":"I erbario"},"content":{"rendered":"<div class=\"vc_row wpb_row vc_row-fluid\"><div class=\"wpb_column vc_column_container vc_col-sm-12\"><div class=\"vc_column-inner\"><div class=\"wpb_wrapper\">\n\t<div class=\"wpb_text_column wpb_content_element\" >\n\t\t<div class=\"wpb_wrapper\">\n\t\t\t<p style=\"text-align: center;\">INFORMACI\u00d3N DE LA LITERATURA CIENT\u00cdFICA<\/p>\n<p style=\"text-align: center;\">Qui di seguito proponiamo alcune citazioni tratte da importanti manuali di fitoterapia, da pagine web, da studi scientifici, sia italiani che stranieri.<\/p>\n<p style=\"text-align: center; font-size: 20px;\"><span class=\"st\"><a href=\"https:\/\/lemuria.it\/es\/al-herbario\/\">A<\/a> | <a href=\"https:\/\/lemuria.it\/es\/b-erbario\/\">B<\/a> | <a href=\"https:\/\/lemuria.it\/es\/c-erbario\/\">C<\/a> | <a href=\"https:\/\/lemuria.it\/es\/d-erbario\/\">D<\/a> | <a href=\"https:\/\/lemuria.it\/es\/e-erbario\/\">Y<\/a> | <a href=\"https:\/\/lemuria.it\/es\/f-erbario\/\">F<\/a> | <a href=\"https:\/\/lemuria.it\/es\/g-erbario\/\">GRAMO<\/a> | <a href=\"https:\/\/lemuria.it\/es\/h-erbario\/\">h<\/a> | <a href=\"https:\/\/lemuria.it\/es\/i-erbario\/\">EL<\/a> | <a href=\"https:\/\/lemuria.it\/es\/j-erbario\/\">j<\/a> | <a href=\"https:\/\/lemuria.it\/es\/k-erbario\/\">k<\/a> | <a href=\"https:\/\/lemuria.it\/es\/l-erbario\/\">l<\/a> | <a href=\"https:\/\/lemuria.it\/es\/m-erbario\/\">METRO<\/a> | <a href=\"https:\/\/lemuria.it\/es\/n-erbario\/\">No<\/a> | <a href=\"https:\/\/lemuria.it\/es\/o-erbario\/\">O<\/a> | <a href=\"https:\/\/lemuria.it\/es\/p-erbario\/\">PAG<\/a> | <a href=\"https:\/\/lemuria.it\/es\/q-erbario\/\">q<\/a> | <a href=\"https:\/\/lemuria.it\/es\/r-erbario\/\">R<\/a> | <a href=\"https:\/\/lemuria.it\/es\/s-erbario\/\">S<\/a> | <a href=\"https:\/\/lemuria.it\/es\/t-erbario\/\">t<\/a> | <a href=\"https:\/\/lemuria.it\/es\/u-erbario\/\">Ud.<\/a> | <a href=\"https:\/\/lemuria.it\/es\/v-erbario\/\">V<\/a> | <a href=\"https:\/\/lemuria.it\/es\/w-erbario\/\">W.<\/a> | <a href=\"https:\/\/lemuria.it\/es\/x-erbario\/\">X<\/a> | <a href=\"https:\/\/lemuria.it\/es\/y-erbario\/\">Y<\/a> | <a href=\"https:\/\/lemuria.it\/es\/z-erbario\/\">z<\/a><br \/>\n<\/span><\/p>\n\n\t\t<\/div>\n\t<\/div>\n\n\t<div class=\"wpb_accordion wpb_content_element  not-column-inherit\" data-collapsible=\"\" data-vc-disable-keydown=\"false\" data-active-tab=\"1\">\n\t\t<div class=\"wpb_wrapper wpb_accordion_wrapper ui-accordion\">\n\n\n\t<div class=\"wpb_accordion_section group\">\n\t\t<h3 class=\"wpb_accordion_header ui-accordion-header\"><a href=\"#imperatoria\">Imperatoria<\/a><\/h3>\n\t\t<div class=\"wpb_accordion_content ui-accordion-content vc_clearfix\">\n\t\t\t\n\t<div class=\"wpb_text_column wpb_content_element\" >\n\t\t<div class=\"wpb_wrapper\">\n\t\t\t<p>I composti attivi della Imperatoria hanno azione radical scavenger.<\/p>\n<p><em>Sevastre et. al. Peucedanum oreoselinum l. Moench effect in ehrlich ascitic carcinoma.<\/em><\/p>\n<p><em>Bulletin UASVM, Veterinary Medicine 65(1)\/2008<\/em><\/p>\n\n\t\t<\/div>\n\t<\/div>\n\n\t\t<\/div>\n\t<\/div>\n\n\t<div class=\"wpb_accordion_section group\">\n\t\t<h3 class=\"wpb_accordion_header ui-accordion-header\"><a href=\"#inulina\">Inulina <\/a><\/h3>\n\t\t<div class=\"wpb_accordion_content ui-accordion-content vc_clearfix\">\n\t\t\t\n\t<div class=\"wpb_text_column wpb_content_element\" >\n\t\t<div class=\"wpb_wrapper\">\n\t\t\t<p>Le fibre solubili in acqua come l&#8217;inulina ingerite con abbondante acqua, formano un gel voluminoso e denso che attenua il senso di fame per riempimento dello stomaco. La distensione gastrica e il rallentamento dello svuotamento dello stomaco contribuiscono a dare senso di sazieta\u0300. La massa vischiosa riduce l\u2019assorbimento di zuccheri e grassi inglobando e trattenendo una parte degli alimenti o per effetto barriera. Queste fibre sembra migliorino la tolleranza glucidica e riducano la secrezione insulinica. Vantano anche un effetto sulla riduzione del colesterolo e sull\u2019assorbimento degli zuccheri.<\/p>\n<p><em>Redazione di Dialogo sui Farmaci. DOSSIER: cosa vorremmo sapere sui dimagranti&#8230; e non osiamo chiedere. n. 3 \u2022 Maggio-Giugno 2002. http:\/\/www.dialogosuifarmaci.it\/rivista\/pdf\/CO-200205-3_707.pdf<\/em><\/p>\n<p>La somministrazione orale di inulina riduce il colesterolo totale, LDL, VLDL e i livelli di trigliceridi in soggetti dislipidemici ed obesi.<\/p>\n<p><em>Balcazar-Munoz B.R. et al M Effect of oral inulin administration on lipid profile and insulin sensitivity in subjects with obesity and dyslipidemia &#8211; PubMed: Rev Med Chil. 2003 Jun;131(6):597-604.<\/em><\/p>\n\n\t\t<\/div>\n\t<\/div>\n\n\t\t<\/div>\n\t<\/div>\n\n\t<div class=\"wpb_accordion_section group\">\n\t\t<h3 class=\"wpb_accordion_header ui-accordion-header\"><a href=\"#issopo\">Issopo<\/a><\/h3>\n\t\t<div class=\"wpb_accordion_content ui-accordion-content vc_clearfix\">\n\t\t\t\n\t<div class=\"wpb_text_column wpb_content_element\" >\n\t\t<div class=\"wpb_wrapper\">\n\t\t\t<p>Pu\u00f2 essere considerato una fonte importante di polifenoli con propriet\u00e0 antiossidanti e antimicrobiche.<\/p>\n<p><em>Vlase L. et al. Evaluation of Antioxidant and Antimicrobial Activities and Phenolic Profile for Hyssopus officinalis, Ocimum basilicum and Teucrium chamaedrys. Molecules. 2014 Apr 28;19(5):5490-507.<\/em><\/p>\n\n\t\t<\/div>\n\t<\/div>\n\n\t\t<\/div>\n\t<\/div>\n\n\t\t<\/div>\n\t<\/div>\n<div class=\"vc_empty_space\"   style=\"height: 32px\" ><span class=\"vc_empty_space_inner\"><\/span><\/div>\n\n\t<div class=\"wpb_text_column wpb_content_element\" >\n\t\t<div class=\"wpb_wrapper\">\n\t\t\t<p><b>Libros recomendados:<\/b><\/p>\n<p><strong>Textos para el estudio cient\u00edfico de la fitoterapia.<br \/>\n&#8211;\u00a0<\/strong>Lugli A. Conociendo las plantas medicinales. 40 fichas pr\u00e1cticas, muchas curiosidades y sugerencias \u00fatiles. Ediciones Aboca. 2010.<br \/>\n&#8211; Capasso F. et al. Fitoterapia. Impiego razionale delle droghe vegetali. Springer-Verlag. 2006.<br \/>\n&#8211; Campanini. Dizionario di fitoterapia e piante medicinali. Tecniche Nuove. 2012.<br \/>\n<strong>ESCOP - Cooperaci\u00f3n cient\u00edfica europea en fitoterapia:<br \/>\n&#8211;\u00a0<\/strong>ESCOP Monograf\u00edas La base cient\u00edfica de los productos fitoterap\u00e9uticos. Edici\u00f3n italiana de la segunda edici\u00f3n en ingl\u00e9s editada por Planta Medica Edizioni.2006.<br \/>\n<strong>versi\u00f3n inglesa<\/strong>: Monograf\u00edas Sobre los usos medicinales de las plantas medicinales Cooperativa Cient\u00edfica Europea de Fitoterapia. Segunda edici\u00f3n 2003. Thieme.<br \/>\n&#8211; ESCOP Monographs On the medicinal uses of plants drugs\u00a0 European Scientific Cooperative on Phytotherapy. Second edition Supplement 2009. Thieme.<br \/>\n&#8211; WHO Monographs Selected medicinal plants. Vol.1-2-3-4-5. World Health Organization Geneva.<br \/>\n<strong>Descargable en el enlace<\/strong>: http:\/\/apps.who.int\/medicinedoc\/en\/d\/Js2200e\/<br \/>\n&#8211; Herbal Medicine: Expanded Commission E Monographs. American Botanical Council. 2000<br \/>\n&#8211; Blumental L. The ABC Clinical Guide to Herbs. The American Botanical Council. 2003<br \/>\n&#8211; PDR for Herbal Medicines. 2000. THOMSON editore.<\/p>\n\n\t\t<\/div>\n\t<\/div>\n<div class=\"vc_empty_space\"   style=\"height: 50px\" ><span class=\"vc_empty_space_inner\"><\/span><\/div>\n<\/div><\/div><\/div><\/div>","protected":false},"excerpt":{"rendered":"INFORMAZIONI DALLA LETTERATURA SCIENTIFICA Qui di seguito proponiamo alcune citazioni tratte da importanti manuali di fitoterapia, da pagine web, da studi scientifici, sia italiani che stranieri. A | B | C | D | E | F | G | H | I | J | K | L | M | N | O [...]","protected":false},"author":13,"featured_media":0,"parent":0,"menu_order":0,"comment_status":"open","ping_status":"open","template":"page-full.php","meta":{"_acf_changed":false,"footnotes":""},"tags":[],"acf":[],"_links":{"self":[{"href":"https:\/\/lemuria.it\/es\/wp-json\/wp\/v2\/pages\/8563"}],"collection":[{"href":"https:\/\/lemuria.it\/es\/wp-json\/wp\/v2\/pages"}],"about":[{"href":"https:\/\/lemuria.it\/es\/wp-json\/wp\/v2\/types\/page"}],"author":[{"embeddable":true,"href":"https:\/\/lemuria.it\/es\/wp-json\/wp\/v2\/users\/13"}],"replies":[{"embeddable":true,"href":"https:\/\/lemuria.it\/es\/wp-json\/wp\/v2\/comments?post=8563"}],"version-history":[{"count":6,"href":"https:\/\/lemuria.it\/es\/wp-json\/wp\/v2\/pages\/8563\/revisions"}],"predecessor-version":[{"id":9646,"href":"https:\/\/lemuria.it\/es\/wp-json\/wp\/v2\/pages\/8563\/revisions\/9646"}],"wp:attachment":[{"href":"https:\/\/lemuria.it\/es\/wp-json\/wp\/v2\/media?parent=8563"}],"wp:term":[{"taxonomy":"post_tag","embeddable":true,"href":"https:\/\/lemuria.it\/es\/wp-json\/wp\/v2\/tags?post=8563"}],"curies":[{"name":"wp","href":"https:\/\/api.w.org\/{rel}","templated":true}]}}