{"id":8537,"date":"2015-04-21T15:18:23","date_gmt":"2015-04-21T13:18:23","guid":{"rendered":"https:\/\/www.lemuria.it\/?page_id=8537"},"modified":"2024-06-12T15:17:10","modified_gmt":"2024-06-12T13:17:10","slug":"a-erbario","status":"publish","type":"page","link":"https:\/\/lemuria.it\/es\/al-herbario\/","title":{"rendered":"en herbario"},"content":{"rendered":"<div class=\"vc_row wpb_row vc_row-fluid vc_custom_1718198170376\"><div class=\"wpb_column vc_column_container vc_col-sm-12\"><div class=\"vc_column-inner\"><div class=\"wpb_wrapper\">\n\t<div class=\"wpb_text_column wpb_content_element  vc_custom_1718198189481\" >\n\t\t<div class=\"wpb_wrapper\">\n\t\t\t<p style=\"text-align: center;\">INFORMACI\u00d3N DE LA LITERATURA CIENT\u00cdFICA<\/p>\n<p style=\"text-align: center;\">Qui di seguito proponiamo alcune citazioni tratte da importanti manuali di fitoterapia, da pagine web, da studi scientifici, sia italiani che stranieri.<\/p>\n<p style=\"text-align: center; font-size: 20px;\"><span class=\"st\"><a href=\"https:\/\/lemuria.it\/es\/al-herbario\/\">A<\/a> | <a href=\"https:\/\/lemuria.it\/es\/b-erbario\/\">B<\/a> | <a href=\"https:\/\/lemuria.it\/es\/c-erbario\/\">C<\/a> | <a href=\"https:\/\/lemuria.it\/es\/d-erbario\/\">D<\/a> | <a href=\"https:\/\/lemuria.it\/es\/e-erbario\/\">Y<\/a> | <a href=\"https:\/\/lemuria.it\/es\/f-erbario\/\">F<\/a> | <a href=\"https:\/\/lemuria.it\/es\/g-erbario\/\">GRAMO<\/a> | <a href=\"https:\/\/lemuria.it\/es\/h-erbario\/\">h<\/a> | <a href=\"https:\/\/lemuria.it\/es\/i-erbario\/\">EL<\/a> | <a href=\"https:\/\/lemuria.it\/es\/j-erbario\/\">j<\/a> | <a href=\"https:\/\/lemuria.it\/es\/k-erbario\/\">k<\/a> | <a href=\"https:\/\/lemuria.it\/es\/l-erbario\/\">l<\/a> | <a href=\"https:\/\/lemuria.it\/es\/m-erbario\/\">METRO<\/a> | <a href=\"https:\/\/lemuria.it\/es\/n-erbario\/\">No<\/a> | <a href=\"https:\/\/lemuria.it\/es\/o-erbario\/\">O<\/a> | <a href=\"https:\/\/lemuria.it\/es\/p-erbario\/\">PAG<\/a> | <a href=\"https:\/\/lemuria.it\/es\/q-erbario\/\">q<\/a> | <a href=\"https:\/\/lemuria.it\/es\/r-erbario\/\">R<\/a> | <a href=\"https:\/\/lemuria.it\/es\/s-erbario\/\">S<\/a> | <a href=\"https:\/\/lemuria.it\/es\/t-erbario\/\">t<\/a> | <a href=\"https:\/\/lemuria.it\/es\/u-erbario\/\">Ud.<\/a> | <a href=\"https:\/\/lemuria.it\/es\/v-erbario\/\">V<\/a> | <a href=\"https:\/\/lemuria.it\/es\/w-erbario\/\">W.<\/a> | <a href=\"https:\/\/lemuria.it\/es\/x-erbario\/\">X<\/a> | <a href=\"https:\/\/lemuria.it\/es\/y-erbario\/\">Y<\/a> | <a href=\"https:\/\/lemuria.it\/es\/z-erbario\/\">z<\/a><br \/>\n<\/span><\/p>\n\n\t\t<\/div>\n\t<\/div>\n\n\t<div class=\"wpb_accordion wpb_content_element  not-column-inherit\" data-collapsible=\"\" data-vc-disable-keydown=\"false\" data-active-tab=\"1\">\n\t\t<div class=\"wpb_wrapper wpb_accordion_wrapper ui-accordion\">\n\n\n\t<div class=\"wpb_accordion_section group\">\n\t\t<h3 class=\"wpb_accordion_header ui-accordion-header\"><a href=\"#acerola\">acerola<\/a><\/h3>\n\t\t<div class=\"wpb_accordion_content ui-accordion-content vc_clearfix\">\n\t\t\t\n\t<div class=\"wpb_text_column wpb_content_element\" >\n\t\t<div class=\"wpb_wrapper\">\n\t\t\t<p>Se utiliza como fuente de vitamina C.<\/p>\n<p><em>(SBruneton J. Pharmacognosie et phytochimie plantes medicinales. Ed. Lavoisier, Par\u00eds, 1993 Sannia A. Formulario pr\u00e1ctico de fitoterapia. Ed. Nuevas t\u00e9cnicas, Mil\u00e1n, 1994.)<\/em><\/p>\n\n\t\t<\/div>\n\t<\/div>\n\n\t\t<\/div>\n\t<\/div>\n\n\t<div class=\"wpb_accordion_section group\">\n\t\t<h3 class=\"wpb_accordion_header ui-accordion-header\"><a href=\"#achillea\">Milenrama<\/a><\/h3>\n\t\t<div class=\"wpb_accordion_content ui-accordion-content vc_clearfix\">\n\t\t\t\n\t<div class=\"wpb_text_column wpb_content_element\" >\n\t\t<div class=\"wpb_wrapper\">\n\t\t\t<p>\u00datil en trastornos disp\u00e9pticos y p\u00e9rdida de apetito, trastornos hep\u00e1ticos y de ves\u00edcula biliar.<\/p>\n<p><em>PDR para medicamentos herbarios. 2000. Editorial THOMSON.<\/em><\/p>\n\n\t\t<\/div>\n\t<\/div>\n\n\t\t<\/div>\n\t<\/div>\n\n\t<div class=\"wpb_accordion_section group\">\n\t\t<h3 class=\"wpb_accordion_header ui-accordion-header\"><a href=\"#agar-agar\">Agar agar<\/a><\/h3>\n\t\t<div class=\"wpb_accordion_content ui-accordion-content vc_clearfix\">\n\t\t\t\n\t<div class=\"wpb_text_column wpb_content_element\" >\n\t\t<div class=\"wpb_wrapper\">\n\t\t\t<p>El efecto laxante se debe a la capacidad del Agar-Agar de absorber y retener abundantes cantidades de agua mediante la hinchaz\u00f3n del intestino. Las sustancias mucilaginosas aumentan el volumen de la masa fecal estimulando los m\u00fasculos intestinales y la peristalsis.<\/p>\n<p><em>PDR para medicamentos herbarios. 2000. Editorial THOMSON.<\/em><\/p>\n<p>Agara-Agar no se puede absorber y no fermenta.<\/p>\n<p><em>Capasso F. et al. Fitoterapia. Uso racional de medicamentos a base de hierbas. 2006. Saltador.<\/em><\/p>\n\n\t\t<\/div>\n\t<\/div>\n\n\t\t<\/div>\n\t<\/div>\n\n\t<div class=\"wpb_accordion_section group\">\n\t\t<h3 class=\"wpb_accordion_header ui-accordion-header\"><a href=\"#aglio\">Ajo<\/a><\/h3>\n\t\t<div class=\"wpb_accordion_content ui-accordion-content vc_clearfix\">\n\t\t\t\n\t<div class=\"wpb_text_column wpb_content_element\" >\n\t\t<div class=\"wpb_wrapper\">\n\t\t\t<p>El ajo ejerce efectos antiaterog\u00e9nicos, hipolipemiantes, antihipertensivos, antiagregantes, vasodilatadores y antioxidantes. Es \u00fatil para la profilaxis de la aterosclerosis, para el tratamiento de la hiperlipidemia que no responde suficientemente a los cambios diet\u00e9ticos por s\u00ed solos.<\/p>\n<p><em>ESCOP La Fundaci\u00f3n Cient\u00edfica para los Productos Medicinales a Base de Plantas. Primera edici\u00f3n 2003<\/em><\/p>\n\n\t\t<\/div>\n\t<\/div>\n\n\t\t<\/div>\n\t<\/div>\n\n\t<div class=\"wpb_accordion_section group\">\n\t\t<h3 class=\"wpb_accordion_header ui-accordion-header\"><a href=\"#alchemilla\">Alquimilla<\/a><\/h3>\n\t\t<div class=\"wpb_accordion_content ui-accordion-content vc_clearfix\">\n\t\t\t\n\t<div class=\"wpb_text_column wpb_content_element\" >\n\t\t<div class=\"wpb_wrapper\">\n\t\t\t<p>Se utiliza tradicionalmente para aliviar los trastornos menop\u00e1usicos.<\/p>\n<p><em>PDR para medicamentos herbarios. 2000. Editorial THOMSON.<\/em><\/p>\n<p>En siglos pasados, el manto de dama se consideraba muy eficaz para el tratamiento de los trastornos femeninos.<\/p>\n<p><em>Bruneton J. Farmacognosia. Fitoqu\u00edmica. Plantas medicinales. Lavoisier. 1999.\u00a0\u00a0\u00a0<\/em><\/p>\n\n\t\t<\/div>\n\t<\/div>\n\n\t\t<\/div>\n\t<\/div>\n\n\t<div class=\"wpb_accordion_section group\">\n\t\t<h3 class=\"wpb_accordion_header ui-accordion-header\"><a href=\"#alfa-alfa\">Alfa Alfa<\/a><\/h3>\n\t\t<div class=\"wpb_accordion_content ui-accordion-content vc_clearfix\">\n\t\t\t\n\t<div class=\"wpb_text_column wpb_content_element\" >\n\t\t<div class=\"wpb_wrapper\">\n\t\t\t<p>Se utiliza como fuente natural de vitaminas A, C, E y K4, as\u00ed como de minerales como calcio, potasio, f\u00f3sforo y hierro.<\/p>\n<p><em>Base de datos completa de medicamentos naturales. Informaci\u00f3n cl\u00ednica cient\u00edfica e imparcial sobre productos complementarios, alternativos y<\/em><\/p>\n\n\t\t<\/div>\n\t<\/div>\n\n\t\t<\/div>\n\t<\/div>\n\n\t<div class=\"wpb_accordion_section group\">\n\t\t<h3 class=\"wpb_accordion_header ui-accordion-header\"><a href=\"#alga-chlorella\">alga clorela<\/a><\/h3>\n\t\t<div class=\"wpb_accordion_content ui-accordion-content vc_clearfix\">\n\t\t\t\n\t<div class=\"wpb_text_column wpb_content_element\" >\n\t\t<div class=\"wpb_wrapper\">\n\t\t\t<p>El alga Chlorella en complementos alimenticios se utiliza como fuente de nutrientes como prote\u00ednas, \u00e1cidos nucleicos, fibra, vitaminas y minerales.<\/p>\n\n\t\t<\/div>\n\t<\/div>\n\n\t\t<\/div>\n\t<\/div>\n\n\t<div class=\"wpb_accordion_section group\">\n\t\t<h3 class=\"wpb_accordion_header ui-accordion-header\"><a href=\"#alga-dunaliella\">Alga Dunaliella<\/a><\/h3>\n\t\t<div class=\"wpb_accordion_content ui-accordion-content vc_clearfix\">\n\t\t\t\n\t<div class=\"wpb_text_column wpb_content_element\" >\n\t\t<div class=\"wpb_wrapper\">\n\t\t\t<p>Fuente natural de -caroteno, precursor de la vitamina A.<\/p>\n<p>En estudios in vivo, el alga Dunaliella inhibi\u00f3 la aterog\u00e9nesis.<\/p>\n<p><em>Harari A. y l. Prevenci\u00f3n de la progresi\u00f3n de la aterosclerosis mediante el alga Dunaliella rica en 9-cis-\u03b2-caroteno en ratones con deficiencia de apoE. Biomed Res Int. 2013;2013:169517.<\/em><\/p>\n\n\t\t<\/div>\n\t<\/div>\n\n\t\t<\/div>\n\t<\/div>\n\n\t<div class=\"wpb_accordion_section group\">\n\t\t<h3 class=\"wpb_accordion_header ui-accordion-header\"><a href=\"#alga-spirulina\">Alga espirulina<\/a><\/h3>\n\t\t<div class=\"wpb_accordion_content ui-accordion-content vc_clearfix\">\n\t\t\t\n\t<div class=\"wpb_text_column wpb_content_element\" >\n\t\t<div class=\"wpb_wrapper\">\n\t\t\t<p>El alga espirulina mejorar\u00eda la resistencia al esfuerzo f\u00edsico durante la carrera.<\/p>\n<p><em>Kalafati M, Jamurtas AZ, Nikolaidis MG, et al. Efectos ergog\u00e9nicos y antioxidantes de la suplementaci\u00f3n con espirulina en humanos. Ejercicio deportivo de ciencia m\u00e9dica 2010;42:142-51.<\/em><\/p>\n\n\t\t<\/div>\n\t<\/div>\n\n\t\t<\/div>\n\t<\/div>\n\n\t<div class=\"wpb_accordion_section group\">\n\t\t<h3 class=\"wpb_accordion_header ui-accordion-header\"><a href=\"#aloe\">\u00c1loe<\/a><\/h3>\n\t\t<div class=\"wpb_accordion_content ui-accordion-content vc_clearfix\">\n\t\t\t\n\t<div class=\"wpb_text_column wpb_content_element\" >\n\t\t<div class=\"wpb_wrapper\">\n\t\t\t<p>Tiene acci\u00f3n cicatrizante, antiinflamatoria, emoliente e hidratante.<\/p>\n<p><em>Base de datos completa de medicamentos naturales. Informaci\u00f3n cl\u00ednica cient\u00edfica e imparcial sobre productos complementarios, alternativos y<\/em><\/p>\n<p>El aloe puede estimular la respuesta inmune aumentando la inmunidad humoral.<\/p>\n<p><em>Halder S et al. Aumento de la respuesta inmune humoral y disminuci\u00f3n de la inmunidad mediada por c\u00e9lulas por Aloe vera en ratas. Inflamofarmacolog\u00eda. Diciembre de 2012; 20 (6): 343-6.<\/em><\/p>\n<p>Los sujetos que tomaron un suplemento nutricional a base de aloe mostraron una reducci\u00f3n del TNF-\u03b1, del factor de crecimiento endotelial y de las interleucinas 2 y 4.<\/p>\n<p><em>Lewis JE et al. El efecto de un complejo multinutriente de aloe polimanosa sobre el funcionamiento cognitivo e inmunol\u00f3gico en la enfermedad de Alzheimer. J Enfermedad de Alzheimer. 2013;33(2):393-406.<\/em><\/p>\n\n\t\t<\/div>\n\t<\/div>\n\n\t\t<\/div>\n\t<\/div>\n\n\t<div class=\"wpb_accordion_section group\">\n\t\t<h3 class=\"wpb_accordion_header ui-accordion-header\"><a href=\"#altea\">Altea<\/a><\/h3>\n\t\t<div class=\"wpb_accordion_content ui-accordion-content vc_clearfix\">\n\t\t\t\n\t<div class=\"wpb_text_column wpb_content_element\" >\n\t\t<div class=\"wpb_wrapper\">\n\t\t\t<p>Para el tratamiento de la tos seca y las irritaciones de la mucosa oral y far\u00edngea.<\/p>\n<p><em>ESCOP La Fundaci\u00f3n Cient\u00edfica para los Productos Medicinales a Base de Plantas. Primera Segunda Edici\u00f3n. 2003<\/em><\/p>\n<p>El malvavisco alivia la irritaci\u00f3n de las membranas mucosas de la cavidad bucal y faringe, tiene acci\u00f3n antiinflamatoria e inmunoestimulante.<\/p>\n<p>La Comisi\u00f3n E alemana recomienda su uso para la tos y la bronquitis.<\/p>\n<p><em>PDR para medicamentos herbarios. 2000. Editorial THOMSON.<\/em><\/p>\n<p>Las ra\u00edces y hojas contienen muc\u00edlagos polisac\u00e1ridos con efecto emoliente y protector de las mucosas.<\/p>\n<p><em>PDR para medicamentos herbarios. 2000. Editorial THOMSON.<\/em><\/p>\n\n\t\t<\/div>\n\t<\/div>\n\n\t\t<\/div>\n\t<\/div>\n\n\t<div class=\"wpb_accordion_section group\">\n\t\t<h3 class=\"wpb_accordion_header ui-accordion-header\"><a href=\"#ananas\">Pi\u00f1a<\/a><\/h3>\n\t\t<div class=\"wpb_accordion_content ui-accordion-content vc_clearfix\">\n\t\t\t\n\t<div class=\"wpb_text_column wpb_content_element\" >\n\t\t<div class=\"wpb_wrapper\">\n\t\t\t<p>Tiene efectos antiinflamatorios, fibrinol\u00edticos y proteol\u00edticos. Las enzimas proteol\u00edticas promueven la cicatrizaci\u00f3n de heridas. Tambi\u00e9n se observ\u00f3 una inhibici\u00f3n de la agregaci\u00f3n plaquetaria y una mejor absorci\u00f3n de los antibi\u00f3ticos cuando se administraron simult\u00e1neamente.<\/p>\n<p>Puede usarse para tratar el edema. Tiene efectos antiinflamatorios, fibrinol\u00edticos y proteol\u00edticos. Las enzimas proteol\u00edticas promueven la cicatrizaci\u00f3n de heridas.<\/p>\n<p><em>PDR para medicamentos herbarios. 2000. Editorial THOMSON.<\/em><\/p>\n\n\t\t<\/div>\n\t<\/div>\n\n\t\t<\/div>\n\t<\/div>\n\n\t<div class=\"wpb_accordion_section group\">\n\t\t<h3 class=\"wpb_accordion_header ui-accordion-header\"><a href=\"#angelica\">Ang\u00e9lica<\/a><\/h3>\n\t\t<div class=\"wpb_accordion_content ui-accordion-content vc_clearfix\">\n\t\t\t\n\t<div class=\"wpb_text_column wpb_content_element\" >\n\t\t<div class=\"wpb_wrapper\">\n\t\t\t<p>\u00datil en trastornos disp\u00e9pticos y p\u00e9rdida de apetito.<\/p>\n<p><em>PDR para medicamentos herbarios. 2000. Editorial THOMSON.<\/em><\/p>\n\n\t\t<\/div>\n\t<\/div>\n\n\t\t<\/div>\n\t<\/div>\n\n\t<div class=\"wpb_accordion_section group\">\n\t\t<h3 class=\"wpb_accordion_header ui-accordion-header\"><a href=\"#anice\">An\u00eds<\/a><\/h3>\n\t\t<div class=\"wpb_accordion_content ui-accordion-content vc_clearfix\">\n\t\t\t\n\t<div class=\"wpb_text_column wpb_content_element\" >\n\t\t<div class=\"wpb_wrapper\">\n\t\t\t<p>El an\u00eds se utiliza tradicionalmente para tratar las flatulencias, los dolores de c\u00f3licos y como digestivo.<\/p>\n<p>La Comisi\u00f3n E aprueba su uso en trastornos disp\u00e9pticos.<\/p>\n<p><em>PDR para medicamentos herbarios. 2000. Editorial THOMSON.<\/em><\/p>\n<p>En la medicina tradicional tambi\u00e9n se utiliza como galactagogo.<\/p>\n<p><em>Organizaci\u00f3n Mundial de la Salud 2007. Monograf\u00edas de la OMS sobre plantas medicinales seleccionadas. Vol. 3.<\/em><\/p>\n\n\t\t<\/div>\n\t<\/div>\n\n\t\t<\/div>\n\t<\/div>\n\n\t<div class=\"wpb_accordion_section group\">\n\t\t<h3 class=\"wpb_accordion_header ui-accordion-header\"><a href=\"#arancio-scorze\">c\u00e1scaras de naranja<\/a><\/h3>\n\t\t<div class=\"wpb_accordion_content ui-accordion-content vc_clearfix\">\n\t\t\t\n\t<div class=\"wpb_text_column wpb_content_element\" >\n\t\t<div class=\"wpb_wrapper\">\n\t\t\t<p>Favorece la secreci\u00f3n de jugos g\u00e1stricos. Su uso est\u00e1 indicado para tratar trastornos disp\u00e9pticos y p\u00e9rdida de apetito.<\/p>\n<p><em>PDR para medicamentos herbarios. 2000. Editorial THOMSON.<\/em><\/p>\n\n\t\t<\/div>\n\t<\/div>\n\n\t\t<\/div>\n\t<\/div>\n\n\t<div class=\"wpb_accordion_section group\">\n\t\t<h3 class=\"wpb_accordion_header ui-accordion-header\"><a href=\"#argilla-ventilata\">Arcilla Ventilada<\/a><\/h3>\n\t\t<div class=\"wpb_accordion_content ui-accordion-content vc_clearfix\">\n\t\t\t\n\t<div class=\"wpb_text_column wpb_content_element\" >\n\t\t<div class=\"wpb_wrapper\">\n\t\t\t<p>Conocido desde la antig\u00fcedad por su poder adsorbente, purificante y calmante; Controla los gases intestinales.<\/p>\n\n\t\t<\/div>\n\t<\/div>\n\n\t\t<\/div>\n\t<\/div>\n\n\t<div class=\"wpb_accordion_section group\">\n\t\t<h3 class=\"wpb_accordion_header ui-accordion-header\"><a href=\"#astragalo\">Astr\u00e1galo<\/a><\/h3>\n\t\t<div class=\"wpb_accordion_content ui-accordion-content vc_clearfix\">\n\t\t\t\n\t<div class=\"wpb_text_column wpb_content_element\" >\n\t\t<div class=\"wpb_wrapper\">\n\t\t\t<p>Se cree que estimula el sistema inmunol\u00f3gico a trav\u00e9s de m\u00faltiples mecanismos. Incrementando la producci\u00f3n de inmunoglobulinas Iga e IgM en las secreciones nasales en humanos, estimulando los macr\u00f3fagos, aumentando la fagocitosis y potenciando el efecto del interfer\u00f3n, activando los linfocitos y las c\u00e9lulas Natural Killer.<\/p>\n<p><em>Capasso F. et al. Fitoterapia. Uso racional de medicamentos a base de hierbas. 2006. Saltador.<\/em><\/p>\n\n\t\t<\/div>\n\t<\/div>\n\n\t\t<\/div>\n\t<\/div>\n\n\t<div class=\"wpb_accordion_section group\">\n\t\t<h3 class=\"wpb_accordion_header ui-accordion-header\"><a href=\"#avena\">Avena<\/a><\/h3>\n\t\t<div class=\"wpb_accordion_content ui-accordion-content vc_clearfix\">\n\t\t\t\n\t<div class=\"wpb_text_column wpb_content_element\" >\n\t\t<div class=\"wpb_wrapper\">\n\t\t\t<p>Seg\u00fan diversos estudios, la avena tiene la capacidad de reducir los niveles de colesterol y dificultar la bios\u00edntesis de prostaglandinas. El efecto reductor del colesterol se deber\u00eda a los polisac\u00e1ridos, en particular a los betaglucanos.<\/p>\n<p><em>PDR para medicamentos herbarios. 2000. Editorial THOMSON.<\/em><\/p>\n<p>Utilizado tradicionalmente para el tratamiento de estados agudos y cr\u00f3nicos de ansiedad, estr\u00e9s, dificultades para dormir.<\/p>\n<p><em>PDR para medicamentos herbarios. 2000. Editorial THOMSON.<\/em><\/p>\n\n\t\t<\/div>\n\t<\/div>\n\n\t\t<\/div>\n\t<\/div>\n\n\t\t<\/div>\n\t<\/div>\n<div class=\"vc_empty_space\"   style=\"height: 32px\" ><span class=\"vc_empty_space_inner\"><\/span><\/div>\n\n\t<div class=\"wpb_text_column wpb_content_element\" >\n\t\t<div class=\"wpb_wrapper\">\n\t\t\t<p><b>Libros recomendados:<\/b><\/p>\n<p><strong>Textos para el estudio cient\u00edfico de la fitoterapia.<br \/>\n\u2013\u00a0<\/strong>Lugli A. Conociendo las plantas medicinales. 40 fichas pr\u00e1cticas, muchas curiosidades y sugerencias \u00fatiles. Ediciones Aboca. 2010.<br \/>\n\u2013 Capasso F. et al. Fitoterapia. Uso racional de medicamentos a base de hierbas. Springer Verlag. 2006.<br \/>\n\u2013 Campanas. Diccionario de fitoterapia y plantas medicinales. Nuevas t\u00e9cnicas. 2012.<br \/>\n<strong>ESCOP - Cooperaci\u00f3n cient\u00edfica europea en fitoterapia:<br \/>\n\u2013\u00a0<\/strong>ESCOP Monograf\u00edas La base cient\u00edfica de los productos fitoterap\u00e9uticos. Edici\u00f3n italiana de la segunda edici\u00f3n en ingl\u00e9s editada por Planta Medica Edizioni.2006.<br \/>\n<strong>versi\u00f3n inglesa<\/strong>: Monograf\u00edas Sobre los usos medicinales de las plantas medicinales Cooperativa Cient\u00edfica Europea de Fitoterapia. Segunda edici\u00f3n 2003. Thieme.<br \/>\n\u2013 ESCOP Monograf\u00edas Sobre los usos medicinales de los f\u00e1rmacos vegetales Cooperativa Cient\u00edfica Europea en Fitoterapia. Suplemento segunda edici\u00f3n 2009. Thieme.<br \/>\n\u2013 Monograf\u00edas de la OMS Plantas medicinales seleccionadas. Vol.1-2-3-4-5. Organizaci\u00f3n Mundial de la Salud Ginebra.<br \/>\n<strong>Descargable en el enlace<\/strong>: http:\/\/apps.who.int\/medicinedoc\/en\/d\/Js2200e\/<br \/>\n\u2013 Medicina herbaria: Monograf\u00edas ampliadas de la Comisi\u00f3n E. Consejo Bot\u00e1nico Americano. 2000<br \/>\n\u2013 Blumental L. La gu\u00eda cl\u00ednica ABC de hierbas. El Consejo Bot\u00e1nico Americano. 2003<br \/>\n\u2013 PDR para medicamentos herbarios. 2000. Editorial THOMSON.<\/p>\n\n\t\t<\/div>\n\t<\/div>\n<div class=\"vc_empty_space\"   style=\"height: 50px\" ><span class=\"vc_empty_space_inner\"><\/span><\/div>\n<\/div><\/div><\/div><\/div>","protected":false},"excerpt":{"rendered":"INFORMAZIONI DALLA LETTERATURA SCIENTIFICA Qui di seguito proponiamo alcune citazioni tratte da importanti manuali di fitoterapia, da pagine web, da studi scientifici, sia italiani che stranieri. A | B | C | D | E | F | G | H | I | J | K | L | M | N | O [...]","protected":false},"author":13,"featured_media":0,"parent":0,"menu_order":0,"comment_status":"closed","ping_status":"closed","template":"page-full.php","meta":{"_acf_changed":false,"footnotes":""},"tags":[],"acf":[],"_links":{"self":[{"href":"https:\/\/lemuria.it\/es\/wp-json\/wp\/v2\/pages\/8537"}],"collection":[{"href":"https:\/\/lemuria.it\/es\/wp-json\/wp\/v2\/pages"}],"about":[{"href":"https:\/\/lemuria.it\/es\/wp-json\/wp\/v2\/types\/page"}],"author":[{"embeddable":true,"href":"https:\/\/lemuria.it\/es\/wp-json\/wp\/v2\/users\/13"}],"replies":[{"embeddable":true,"href":"https:\/\/lemuria.it\/es\/wp-json\/wp\/v2\/comments?post=8537"}],"version-history":[{"count":24,"href":"https:\/\/lemuria.it\/es\/wp-json\/wp\/v2\/pages\/8537\/revisions"}],"predecessor-version":[{"id":9682,"href":"https:\/\/lemuria.it\/es\/wp-json\/wp\/v2\/pages\/8537\/revisions\/9682"}],"wp:attachment":[{"href":"https:\/\/lemuria.it\/es\/wp-json\/wp\/v2\/media?parent=8537"}],"wp:term":[{"taxonomy":"post_tag","embeddable":true,"href":"https:\/\/lemuria.it\/es\/wp-json\/wp\/v2\/tags?post=8537"}],"curies":[{"name":"wp","href":"https:\/\/api.w.org\/{rel}","templated":true}]}}