{"id":8508,"date":"2015-04-16T12:13:16","date_gmt":"2015-04-16T10:13:16","guid":{"rendered":"https:\/\/www.lemuria.it\/?page_id=8508"},"modified":"2016-11-02T19:37:40","modified_gmt":"2016-11-02T18:37:40","slug":"informativa-sulla-privacy","status":"publish","type":"page","link":"https:\/\/lemuria.it\/es\/politica-de-privacidad\/","title":{"rendered":"pol\u00edtica de privacidad"},"content":{"rendered":"<div class=\"vc_row wpb_row vc_row-fluid\"><div class=\"wpb_column vc_column_container vc_col-sm-12\"><div class=\"vc_column-inner\"><div class=\"wpb_wrapper\">\n\t<div class=\"wpb_text_column wpb_content_element\" >\n\t\t<div class=\"wpb_wrapper\">\n\t\t\t<section class=\"entry\"><strong>Informaci\u00f3n de privacidad de conformidad con el Art. 13 Decreto Legislativo 196\/2003<\/strong><\/section>\n<p>Le informamos que sus datos personales, adquiridos o por adquirir por nosotros, ser\u00e1n objeto de tratamiento cumpliendo con las exigencias legales y los derechos que la ley le reconoce como interesados.<\/p>\n<p><strong> Controlador de datos<\/strong><br \/>\nLemuri@ srl \u2013 Via Giusti 7 -21019 Somma Lombardo (VA), info@lemuria.it<\/p>\n<p><strong> Tipos de datos recopilados<\/strong><br \/>\nEntre los Datos Personales que recopila esta Aplicaci\u00f3n, de forma independiente o a trav\u00e9s de terceros, se encuentran: Nombre, Apellidos y Correo Electr\u00f3nico.<br \/>\nOtros Datos Personales recogidos podr\u00e1n indicarse en otros apartados de esta pol\u00edtica de privacidad o a trav\u00e9s de textos informativos mostrados junto con la recogida de los propios Datos.<br \/>\nLos Datos Personales pueden ser ingresados voluntariamente por el Usuario o recopilados autom\u00e1ticamente durante el uso de esta Aplicaci\u00f3n.<br \/>\nCualquier uso de Cookies (u otras herramientas de seguimiento) por parte de esta Aplicaci\u00f3n o por los propietarios de servicios de terceros utilizados por esta Aplicaci\u00f3n, a menos que se especifique lo contrario, tiene como objetivo identificar al Usuario y registrar las preferencias pertinentes para fines estrictamente vinculados a la prestaci\u00f3n. del servicio solicitado por el Usuario.<br \/>\nEl hecho de que el Usuario no proporcione algunos Datos Personales puede impedir que esta Aplicaci\u00f3n proporcione sus servicios.<br \/>\nEl Usuario asume la responsabilidad por los Datos Personales de terceros publicados o compartidos a trav\u00e9s de esta Aplicaci\u00f3n y garantiza que tiene derecho a comunicarlos o difundirlos, liberando al Titular de cualquier responsabilidad frente a terceros.<\/p>\n<p><strong> M\u00e9todo y lugar de procesamiento de los datos recopilados.<\/strong><br \/>\n<strong> M\u00e9todos de tratamiento<\/strong><br \/>\nEl Titular procesa los Datos Personales de los Usuarios adoptando medidas de seguridad adecuadas encaminadas a evitar el acceso no autorizado, la divulgaci\u00f3n, modificaci\u00f3n o destrucci\u00f3n de los Datos Personales.<br \/>\nEl tratamiento se realiza mediante herramientas inform\u00e1ticas y\/o telem\u00e1ticas, con m\u00e9todos organizativos y con una l\u00f3gica estrictamente relacionada con las finalidades indicadas. Adem\u00e1s del Responsable del tratamiento, en algunos casos, categor\u00edas de personas responsables involucradas en la organizaci\u00f3n del sitio (administrativos, comerciales, de marketing, legales, administradores de sistemas) o partes externas (como terceros proveedores de servicios t\u00e9cnicos, mensajeros postales , proveedores de hosting, empresas de TI, agencias de comunicaci\u00f3n) tambi\u00e9n designados, si es necesario, como Encargados del tratamiento por el Responsable del tratamiento. La lista actualizada de Responsables siempre podr\u00e1 solicitarse al Responsable del Tratamiento.<\/p>\n<p><strong>Lugar<\/strong><br \/>\nLos Datos son tratados en las oficinas operativas del Titular y en cualquier otro lugar donde se encuentren las partes involucradas en el tratamiento. Para m\u00e1s informaci\u00f3n contacte con el Propietario.<\/p>\n<p><strong>Veces<\/strong><br \/>\nLos Datos son tratados durante el tiempo necesario para llevar a cabo el servicio solicitado por el Usuario, o requerido por las finalidades descritas en este documento, pudiendo el Usuario siempre solicitar la interrupci\u00f3n del Tratamiento o la supresi\u00f3n de los Datos.<\/p>\n<p><strong> Finalidad del tratamiento de los datos recopilados<\/strong><br \/>\nLos Datos del Usuario se recogen para permitir que la aplicaci\u00f3n preste sus servicios, as\u00ed como para las siguientes finalidades: Contactar con el Usuario.<br \/>\nLos tipos de Datos Personales utilizados para cada finalidad se indican en los apartados espec\u00edficos de este documento.<\/p>\n<p><strong> Detalles sobre el procesamiento de Datos Personales<\/strong><br \/>\nLos Datos Personales se recopilan para las siguientes finalidades y utilizando los siguientes servicios:<br \/>\nCONTACTAR AL USUARIO<br \/>\nEnv\u00edo de promociones o noticias relacionadas con los contenidos del sitio.<br \/>\nEnv\u00edo de material promocional.<\/p>\n<p><strong> Obtenga m\u00e1s informaci\u00f3n sobre el tratamiento.<\/strong><\/p>\n<p><strong> defensa en la corte<\/strong><br \/>\nLos Datos Personales del Usuario podr\u00e1n ser utilizados para la defensa por el Titular ante tribunales o en las etapas preparatorias de su posible establecimiento, contra abusos en el uso de los mismos o servicios relacionados por parte del Usuario.<br \/>\nEl Usuario es consciente de que el Titular puede verse obligado a revelar los Datos a petici\u00f3n de las autoridades p\u00fablicas.<\/p>\n<p><strong> Informaci\u00f3n espec\u00edfica<\/strong><br \/>\nA solicitud del Usuario, adem\u00e1s de la informaci\u00f3n contenida en esta pol\u00edtica de privacidad, esta Aplicaci\u00f3n puede proporcionar al Usuario informaci\u00f3n adicional y contextual sobre servicios espec\u00edficos, o la recopilaci\u00f3n y procesamiento de Datos Personales.<\/p>\n<p><strong> Registros y mantenimiento del sistema<\/strong><br \/>\nPara necesidades relacionadas con la operaci\u00f3n y el mantenimiento, esta Aplicaci\u00f3n y cualquier servicio de terceros utilizado por ella pueden recopilar registros del sistema, es decir, archivos que registran interacciones y que tambi\u00e9n pueden contener Datos personales, como la direcci\u00f3n IP del Usuario.<\/p>\n<p><strong> Informaci\u00f3n no contenida en esta pol\u00edtica<\/strong><br \/>\nSe puede solicitar m\u00e1s informaci\u00f3n en relaci\u00f3n con el procesamiento de Datos personales en cualquier momento al Controlador de datos utilizando la informaci\u00f3n de contacto.<\/p>\n<p><strong> Ejercicio de derechos por parte de los Usuarios<\/strong><br \/>\nLos sujetos a quienes se refieren los Datos Personales tienen derecho en cualquier momento a obtener del Responsable del tratamiento confirmaci\u00f3n de la existencia o no de los mismos, a conocer su contenido y origen, a verificar su exactitud o solicitar su integraci\u00f3n, cancelaci\u00f3n, actualizaci\u00f3n. , rectificaci\u00f3n, transformaci\u00f3n en forma an\u00f3nima o bloqueo de Datos Personales tratados en violaci\u00f3n de la ley, as\u00ed como oponerse en cualquier caso, por motivos leg\u00edtimos, a su tratamiento. Las solicitudes deben dirigirse al Responsable del tratamiento.<\/p>\n<p><strong> Cambios en esta pol\u00edtica de privacidad<\/strong><br \/>\nEl Responsable del tratamiento se reserva el derecho de realizar cambios en esta pol\u00edtica de privacidad en cualquier momento public\u00e1ndolos a los Usuarios en esta p\u00e1gina. Por lo tanto, consulte esta p\u00e1gina con frecuencia, tomando como referencia la fecha de la \u00faltima modificaci\u00f3n indicada en la parte inferior. En caso de no aceptaci\u00f3n de los cambios realizados a esta pol\u00edtica de privacidad, el Usuario deber\u00e1 dejar de utilizar esta Aplicaci\u00f3n y podr\u00e1 solicitar al Responsable del Tratamiento la eliminaci\u00f3n de sus Datos Personales. A menos que se especifique lo contrario, la pol\u00edtica de privacidad anterior seguir\u00e1 aplic\u00e1ndose a los Datos Personales recopilados hasta ese momento.<\/p>\n<p><strong> Definiciones y referencias legales<\/strong><br \/>\n<strong> Datos personales (o datos)<\/strong><br \/>\nCualquier informaci\u00f3n relativa a una persona f\u00edsica, identificada o identificable, incluso indirectamente, por referencia a cualquier otra informaci\u00f3n, incluido un n\u00famero de identificaci\u00f3n personal, constituye dato personal.<\/p>\n<p><strong> Datos de uso<\/strong><br \/>\nSe trata de datos personales recogidos autom\u00e1ticamente por la Aplicaci\u00f3n (o por las aplicaciones de terceros que utiliza), entre ellos: las direcciones IP o nombres de dominio de los ordenadores utilizados por el Usuario que se conecta a la Aplicaci\u00f3n, las direcciones en URI (Identificador Uniforme de Recursos) notaci\u00f3n, la hora de la solicitud, el m\u00e9todo utilizado para enviar la solicitud al servidor, el tama\u00f1o del archivo obtenido en respuesta, el c\u00f3digo num\u00e9rico que indica el estado de la respuesta del servidor (exitosa, error, etc.). ) el pa\u00eds de origen, las caracter\u00edsticas del navegador y del sistema operativo utilizado por el visitante, las distintas connotaciones temporales de la visita (por ejemplo, el tiempo transcurrido en cada p\u00e1gina) y los detalles relativos al itinerario seguido dentro de la Aplicaci\u00f3n, con especial referencia a la secuencia de p\u00e1ginas consultadas, a los par\u00e1metros relativos al sistema operativo y al entorno inform\u00e1tico del Usuario.<\/p>\n<p><strong>Usuario<\/strong><br \/>\nLa persona f\u00edsica que utilice esta Aplicaci\u00f3n, quien deber\u00e1 coincidir con el interesado o estar autorizada por \u00e9ste y cuyos Datos Personales est\u00e9n siendo tratados.<\/p>\n<p><strong>Interesado<\/strong><br \/>\nLa persona natural o jur\u00eddica a quien se refieren los Datos Personales.<\/p>\n<p><strong> Controlador de datos (o administrador)<\/strong><br \/>\nLa persona f\u00edsica, persona jur\u00eddica, administraci\u00f3n p\u00fablica y cualquier otro organismo, asociaci\u00f3n u organizaci\u00f3n designada por el Responsable del Tratamiento para tratar Datos Personales, seg\u00fan lo establecido en esta pol\u00edtica de privacidad.<\/p>\n<p><strong> Controlador de datos (o Controlador de datos)<\/strong><br \/>\nLa persona f\u00edsica, persona jur\u00eddica, administraci\u00f3n p\u00fablica y cualquier otro organismo, asociaci\u00f3n u organizaci\u00f3n que sea responsable, incluso conjuntamente con otro titular, de las decisiones relativas a los fines, m\u00e9todos de procesamiento de datos personales y las herramientas utilizadas, incluido el perfil de seguridad. , en relaci\u00f3n con el funcionamiento y uso de esta Aplicaci\u00f3n. El Responsable del tratamiento, salvo que se especifique lo contrario, es el propietario de esta Aplicaci\u00f3n.<\/p>\n<p><strong> Esta aplicaci\u00f3n<\/strong><br \/>\nLa herramienta de hardware o software a trav\u00e9s de la cual se recopilan los Datos Personales de los Usuarios.<\/p>\n<p>________________________________________<\/p>\n<p><strong>Referencias legales<\/strong><br \/>\nAviso a los Usuarios europeos: esta pol\u00edtica de privacidad ha sido redactada cumpliendo con las obligaciones establecidas en el Art. 10 de la Directiva n\u00fam. 95\/46\/CE, as\u00ed como lo dispuesto en la Directiva 2002\/58\/CE, actualizada por la Directiva 2009\/136\/CE, en materia de Cookies.<\/p>\n<p>16\/04\/2015 \u2013 Lemuri@<\/p>\n\n\t\t<\/div>\n\t<\/div>\n<\/div><\/div><\/div><\/div>\n<\/p>\n<\/p>\n<\/p>\n<\/p>\n<\/p><\/p>","protected":false},"excerpt":{"rendered":"Informativa sulla privacy ex Art. 13 D. Lgs. 196\/2003 Vi informiamo che i Vs. dati personali, da noi acquisiti o acquisendi, saranno soggetti a trattamento nel rispetto dei requisiti di legge e dei diritti a Voi riconosciuti dalla legge quali interessati Titolare del Trattamento dei Dati Lemuri@ s.r.l. \u2013 Via Giusti 7 -21019 Somma Lombardo [...]","protected":false},"author":13,"featured_media":0,"parent":0,"menu_order":0,"comment_status":"open","ping_status":"open","template":"","meta":{"_acf_changed":false,"footnotes":""},"tags":[],"acf":[],"_links":{"self":[{"href":"https:\/\/lemuria.it\/es\/wp-json\/wp\/v2\/pages\/8508"}],"collection":[{"href":"https:\/\/lemuria.it\/es\/wp-json\/wp\/v2\/pages"}],"about":[{"href":"https:\/\/lemuria.it\/es\/wp-json\/wp\/v2\/types\/page"}],"author":[{"embeddable":true,"href":"https:\/\/lemuria.it\/es\/wp-json\/wp\/v2\/users\/13"}],"replies":[{"embeddable":true,"href":"https:\/\/lemuria.it\/es\/wp-json\/wp\/v2\/comments?post=8508"}],"version-history":[{"count":2,"href":"https:\/\/lemuria.it\/es\/wp-json\/wp\/v2\/pages\/8508\/revisions"}],"predecessor-version":[{"id":9015,"href":"https:\/\/lemuria.it\/es\/wp-json\/wp\/v2\/pages\/8508\/revisions\/9015"}],"wp:attachment":[{"href":"https:\/\/lemuria.it\/es\/wp-json\/wp\/v2\/media?parent=8508"}],"wp:term":[{"taxonomy":"post_tag","embeddable":true,"href":"https:\/\/lemuria.it\/es\/wp-json\/wp\/v2\/tags?post=8508"}],"curies":[{"name":"wp","href":"https:\/\/api.w.org\/{rel}","templated":true}]}}