{"id":921,"date":"2013-03-03T12:05:35","date_gmt":"2013-03-03T12:05:35","guid":{"rendered":"http:\/\/theretailer.getbowtied.com\/blank\/?page_id=921"},"modified":"2024-06-12T17:12:55","modified_gmt":"2024-06-12T15:12:55","slug":"about-v2","status":"publish","type":"page","link":"https:\/\/lemuria.it\/en\/about-v2\/","title":{"rendered":"COMPANY"},"content":{"rendered":"<div data-vc-full-width=\"true\" data-vc-full-width-init=\"false\" class=\"vc_row wpb_row vc_row-fluid vc_custom_1718187860250 vc_row-has-fill vc_row-o-content-middle vc_row-flex\"><div class=\"wpb_column vc_column_container vc_col-sm-12\"><div class=\"vc_column-inner\"><div class=\"wpb_wrapper\"><div class=\"vc_row wpb_row vc_inner vc_row-fluid vc_row-o-content-middle vc_row-flex\"><div class=\"wpb_column vc_column_container vc_col-sm-12\"><div class=\"vc_column-inner\"><div class=\"wpb_wrapper\">\n\t<div class=\"wpb_text_column wpb_content_element\" >\n\t\t<div class=\"wpb_wrapper\">\n\t\t\t<h3 style=\"color: white; font-size: 36px; text-align: right;\">Per un benessere totale&#8230;<\/h3>\n\n\t\t<\/div>\n\t<\/div>\n<\/div><\/div><\/div><\/div><\/div><\/div><\/div><\/div><div class=\"vc_row-full-width vc_clearfix\"><\/div><div class=\"vc_row wpb_row vc_row-fluid vc_custom_1428680846126\"><div class=\"wpb_column vc_column_container vc_col-sm-12\"><div class=\"vc_column-inner\"><div class=\"wpb_wrapper\"><h2 style=\"font-size: 32px;color: #249035;text-align: left;font-family:Lato;font-weight:400;font-style:normal\" class=\"vc_custom_heading\" >Lemuria<\/h2><div class=\"vc_separator wpb_content_element vc_separator_align_center vc_sep_width_10 vc_sep_border_width_3 vc_sep_pos_align_left vc_separator_no_text vc_custom_1718205134353  vc_custom_1718205134353\" ><span class=\"vc_sep_holder vc_sep_holder_l\"><span  style=\"border-color:#009036;\" class=\"vc_sep_line\"><\/span><\/span><span class=\"vc_sep_holder vc_sep_holder_r\"><span  style=\"border-color:#009036;\" class=\"vc_sep_line\"><\/span><\/span>\n<\/div>\n\t<div class=\"wpb_text_column wpb_content_element\" >\n\t\t<div class=\"wpb_wrapper\">\n\t\t\t<p>Perch\u00e8 il nome <strong>Lemuria<\/strong>?<\/p>\n<p><b>Lemuria<\/b> is the name of the mythological civilization that is said to have existed before Atlantis. The inhabitants of <b>Lemuria<\/b> were aware that everything that exists is an expression of perfect creation. They considered themselves the legitimate heirs of the Creator. They cared for themselves with herbs, living in harmony with nature, of which they felt not as rulers but as careful and respectful guardians. This is the origin of the \"philosophy\" of the company <b>Lemuria\u00ae<\/b> which intends to work for the psychophysical well-being of the individual who relies on its products.<\/p>\n<p>&nbsp;<\/p>\n<blockquote>\n<h4><em>Treating the plant like a synthetic medicine doesn't do it justice. <\/em><em><em>the plant is life, it is the child of thousands of years of Nature's work.<\/em><\/em><\/h4>\n<\/blockquote>\n\n\t\t<\/div>\n\t<\/div>\n<\/div><\/div><\/div><\/div><div class=\"vc_row wpb_row vc_row-fluid vc_custom_1428679899349\"><div class=\"wpb_column vc_column_container vc_col-sm-3\"><div class=\"vc_column-inner\"><div class=\"wpb_wrapper\">\n\t<div  class=\"wpb_single_image wpb_content_element vc_align_center  vc_custom_1718204933688\">\n\t\t\n\t\t<figure class=\"wpb_wrapper vc_figure\">\n\t\t\t<div class=\"vc_single_image-wrapper   vc_box_border_grey\"><img loading=\"lazy\" decoding=\"async\" width=\"150\" height=\"150\" src=\"https:\/\/lemuria.it\/wp-content\/uploads\/2013\/03\/01-IMG-azienda-RICERCA-FORMULATIVA-150x150.png\" class=\"vc_single_image-img attachment-thumbnail\" alt=\"\" srcset=\"https:\/\/lemuria.it\/wp-content\/uploads\/2013\/03\/01-IMG-azienda-RICERCA-FORMULATIVA-150x150.png 150w, https:\/\/lemuria.it\/wp-content\/uploads\/2013\/03\/01-IMG-azienda-RICERCA-FORMULATIVA-140x140.png 140w, https:\/\/lemuria.it\/wp-content\/uploads\/2013\/03\/01-IMG-azienda-RICERCA-FORMULATIVA-100x100.png 100w, https:\/\/lemuria.it\/wp-content\/uploads\/2013\/03\/01-IMG-azienda-RICERCA-FORMULATIVA-114x114.png 114w, https:\/\/lemuria.it\/wp-content\/uploads\/2013\/03\/01-IMG-azienda-RICERCA-FORMULATIVA.png 237w\" sizes=\"(max-width: 150px) 100vw, 150px\" \/><\/div>\n\t\t<\/figure>\n\t<\/div>\n\n\t<div class=\"wpb_text_column wpb_content_element\" >\n\t\t<div class=\"wpb_wrapper\">\n\t\t\t<p><b>FORMULATION RESEARCH<br \/>\n<\/b>Product formulation <b>Lemuria\u00ae<\/b> is acquired by combining ancient traditions and experience with the use of modern and innovative systems. Extremely sophisticated analytical techniques and the use of biodynamic excipients give Lemuria\u00b4s products that synergy of physiodynamic functionality that is useful for maintaining human health.<\/p>\n\n\t\t<\/div>\n\t<\/div>\n<\/div><\/div><\/div><div class=\"wpb_column vc_column_container vc_col-sm-3\"><div class=\"vc_column-inner\"><div class=\"wpb_wrapper\">\n\t<div  class=\"wpb_single_image wpb_content_element vc_align_center  vc_custom_1718204943018\">\n\t\t\n\t\t<figure class=\"wpb_wrapper vc_figure\">\n\t\t\t<div class=\"vc_single_image-wrapper   vc_box_border_grey\"><img loading=\"lazy\" decoding=\"async\" width=\"150\" height=\"150\" src=\"https:\/\/lemuria.it\/wp-content\/uploads\/2013\/03\/01-IMG-azienda-PROCEDIMENTI-ESTRATTIVI-150x150.png\" class=\"vc_single_image-img attachment-thumbnail\" alt=\"MINING PROCESSES\" srcset=\"https:\/\/lemuria.it\/wp-content\/uploads\/2013\/03\/01-IMG-azienda-PROCEDIMENTI-ESTRATTIVI-150x150.png 150w, https:\/\/lemuria.it\/wp-content\/uploads\/2013\/03\/01-IMG-azienda-PROCEDIMENTI-ESTRATTIVI-140x140.png 140w, https:\/\/lemuria.it\/wp-content\/uploads\/2013\/03\/01-IMG-azienda-PROCEDIMENTI-ESTRATTIVI-100x100.png 100w, https:\/\/lemuria.it\/wp-content\/uploads\/2013\/03\/01-IMG-azienda-PROCEDIMENTI-ESTRATTIVI-114x114.png 114w, https:\/\/lemuria.it\/wp-content\/uploads\/2013\/03\/01-IMG-azienda-PROCEDIMENTI-ESTRATTIVI.png 237w\" sizes=\"(max-width: 150px) 100vw, 150px\" \/><\/div>\n\t\t<\/figure>\n\t<\/div>\n\n\t<div class=\"wpb_text_column wpb_content_element\" >\n\t\t<div class=\"wpb_wrapper\">\n\t\t\t<p><b>MINING PROCESSES<br \/>\n<\/b>Convinced of the importance of obtaining the totum of the functional principles of the plant, for the realization of many products is applied an innovative procedure of extraction that allows you to obtain the most of the functional principles useful (Total Extraction <b>E.T.<\/b> with \"drug exhaustion\") identifiable by sophisticated analytical procedures.<\/p>\n\n\t\t<\/div>\n\t<\/div>\n<\/div><\/div><\/div><div class=\"wpb_column vc_column_container vc_col-sm-3\"><div class=\"vc_column-inner\"><div class=\"wpb_wrapper\">\n\t<div  class=\"wpb_single_image wpb_content_element vc_align_center  vc_custom_1718205017299\">\n\t\t\n\t\t<figure class=\"wpb_wrapper vc_figure\">\n\t\t\t<div class=\"vc_single_image-wrapper   vc_box_border_grey\"><img loading=\"lazy\" decoding=\"async\" width=\"150\" height=\"150\" src=\"https:\/\/lemuria.it\/wp-content\/uploads\/2013\/03\/01-IMG-azienda-PRODUZIONE-E-CONTROLLO-150x150.png\" class=\"vc_single_image-img attachment-thumbnail\" alt=\"PRODUCTION AND CONTROL\" srcset=\"https:\/\/lemuria.it\/wp-content\/uploads\/2013\/03\/01-IMG-azienda-PRODUZIONE-E-CONTROLLO-150x150.png 150w, https:\/\/lemuria.it\/wp-content\/uploads\/2013\/03\/01-IMG-azienda-PRODUZIONE-E-CONTROLLO-140x140.png 140w, https:\/\/lemuria.it\/wp-content\/uploads\/2013\/03\/01-IMG-azienda-PRODUZIONE-E-CONTROLLO-100x100.png 100w, https:\/\/lemuria.it\/wp-content\/uploads\/2013\/03\/01-IMG-azienda-PRODUZIONE-E-CONTROLLO-114x114.png 114w, https:\/\/lemuria.it\/wp-content\/uploads\/2013\/03\/01-IMG-azienda-PRODUZIONE-E-CONTROLLO.png 237w\" sizes=\"(max-width: 150px) 100vw, 150px\" \/><\/div>\n\t\t<\/figure>\n\t<\/div>\n\n\t<div class=\"wpb_text_column wpb_content_element  vc_custom_1718204956404\" >\n\t\t<div class=\"wpb_wrapper\">\n\t\t\t<p><b>PRODUCTION AND CONTROL<br \/>\n<\/b>For the preparation of the products the <b>Lemuria\u00ae<\/b> makes use of the collaboration of highly qualified laboratories that carry out the production, filling and packaging processes with extreme professionalism in strictly controlled hygiene departments.<\/p>\n\n\t\t<\/div>\n\t<\/div>\n<\/div><\/div><\/div><div class=\"wpb_column vc_column_container vc_col-sm-3\"><div class=\"vc_column-inner\"><div class=\"wpb_wrapper\">\n\t<div  class=\"wpb_single_image wpb_content_element vc_align_center  vc_custom_1718204995181\">\n\t\t\n\t\t<figure class=\"wpb_wrapper vc_figure\">\n\t\t\t<div class=\"vc_single_image-wrapper   vc_box_border_grey\"><img loading=\"lazy\" decoding=\"async\" width=\"150\" height=\"150\" src=\"https:\/\/lemuria.it\/wp-content\/uploads\/2013\/03\/01-IMG-azienda-INGREDIENTI-150x150.png\" class=\"vc_single_image-img attachment-thumbnail\" alt=\"INGREDIENTS\" srcset=\"https:\/\/lemuria.it\/wp-content\/uploads\/2013\/03\/01-IMG-azienda-INGREDIENTI-150x150.png 150w, https:\/\/lemuria.it\/wp-content\/uploads\/2013\/03\/01-IMG-azienda-INGREDIENTI-140x140.png 140w, https:\/\/lemuria.it\/wp-content\/uploads\/2013\/03\/01-IMG-azienda-INGREDIENTI-100x100.png 100w, https:\/\/lemuria.it\/wp-content\/uploads\/2013\/03\/01-IMG-azienda-INGREDIENTI-114x114.png 114w, https:\/\/lemuria.it\/wp-content\/uploads\/2013\/03\/01-IMG-azienda-INGREDIENTI.png 237w\" sizes=\"(max-width: 150px) 100vw, 150px\" \/><\/div>\n\t\t<\/figure>\n\t<\/div>\n\n\t<div class=\"wpb_text_column wpb_content_element\" >\n\t\t<div class=\"wpb_wrapper\">\n\t\t\t<p><b>INGREDIENTS<br \/>\n<\/b>The functional principles used are chosen from rigorously selected and controlled plants, harvested at the height of their balsamic period. Rigorous analyses certify the integrity and quality of the plants and raw materials used.<\/p>\n\n\t\t<\/div>\n\t<\/div>\n<\/div><\/div><\/div><\/div><div class=\"vc_row wpb_row vc_row-fluid\"><div class=\"wpb_column vc_column_container vc_col-sm-12\"><div class=\"vc_column-inner\"><div class=\"wpb_wrapper\"><div class=\"vc_separator wpb_content_element vc_separator_align_center vc_sep_width_100 vc_sep_pos_align_center vc_separator_no_text vc_sep_color_grey\" ><span class=\"vc_sep_holder vc_sep_holder_l\"><span  class=\"vc_sep_line\"><\/span><\/span><span class=\"vc_sep_holder vc_sep_holder_r\"><span  class=\"vc_sep_line\"><\/span><\/span>\n<\/div><div class=\"vc_empty_space\"   style=\"height: 32px\" ><span class=\"vc_empty_space_inner\"><\/span><\/div>\n<\/div><\/div><\/div><\/div><div class=\"vc_row wpb_row vc_row-fluid\"><div class=\"wpb_column vc_column_container vc_col-sm-6\"><div class=\"vc_column-inner\"><div class=\"wpb_wrapper\"><h2 style=\"font-size: 32px;color: #249035;text-align: left;font-family:Lato;font-weight:400;font-style:normal\" class=\"vc_custom_heading\" >Our values<\/h2><div class=\"vc_separator wpb_content_element vc_separator_align_center vc_sep_width_30 vc_sep_border_width_3 vc_sep_pos_align_left vc_separator_no_text vc_custom_1718205167106  vc_custom_1718205167106\" ><span class=\"vc_sep_holder vc_sep_holder_l\"><span  style=\"border-color:#009036;\" class=\"vc_sep_line\"><\/span><\/span><span class=\"vc_sep_holder vc_sep_holder_r\"><span  style=\"border-color:#009036;\" class=\"vc_sep_line\"><\/span><\/span>\n<\/div><div  class=\"vc_toggle vc_toggle_default vc_toggle_color_default  vc_toggle_size_md\">\n\t<div class=\"vc_toggle_title\"><h4>Respect for nature<\/h4><i class=\"vc_toggle_icon\"><\/i><\/div>\n\t<div class=\"vc_toggle_content\"><p>must necessarily be the fundamental value for those who, like us, aim to make the active ingredients of plants available.<\/p>\n<\/div>\n<\/div>\n<div  class=\"vc_toggle vc_toggle_default vc_toggle_color_default  vc_toggle_size_md\">\n\t<div class=\"vc_toggle_title\"><h4>Quality<\/h4><i class=\"vc_toggle_icon\"><\/i><\/div>\n\t<div class=\"vc_toggle_content\"><p>is manifested through a careful research of the plants used, their origin and methods of cultivation.<\/p>\n<\/div>\n<\/div>\n<div  class=\"vc_toggle vc_toggle_default vc_toggle_color_default  vc_toggle_size_md\">\n\t<div class=\"vc_toggle_title\"><h4>Seriousness<\/h4><i class=\"vc_toggle_icon\"><\/i><\/div>\n\t<div class=\"vc_toggle_content\"><p>all our products are regularly notified to the Ministry of Health and included in the National Register of Supplements<\/p>\n<\/div>\n<\/div>\n<div  class=\"vc_toggle vc_toggle_default vc_toggle_color_default  vc_toggle_size_md\">\n\t<div class=\"vc_toggle_title\"><h4>Culture<\/h4><i class=\"vc_toggle_icon\"><\/i><\/div>\n\t<div class=\"vc_toggle_content\"><p>the plants are chosen and used according to the principles developed by the herbalist tradition spread over the centuries<\/p>\n<\/div>\n<\/div>\n<div  class=\"vc_toggle vc_toggle_default vc_toggle_color_default  vc_toggle_size_md\">\n\t<div class=\"vc_toggle_title\"><h4>Mining procedures<\/h4><i class=\"vc_toggle_icon\"><\/i><\/div>\n\t<div class=\"vc_toggle_content\"><p>Specially designed to extract from each plant most of the useful functional principles.<\/p>\n<\/div>\n<\/div>\n<div  class=\"vc_toggle vc_toggle_default vc_toggle_color_default  vc_toggle_size_md\">\n\t<div class=\"vc_toggle_title\"><h4>Consistency<\/h4><i class=\"vc_toggle_icon\"><\/i><\/div>\n\t<div class=\"vc_toggle_content\"><p>we are not in the habit of following \"the fashions of the moment\" by formulating products containing specific plants, unless we are absolutely convinced.<\/p>\n<\/div>\n<\/div>\n<div  class=\"vc_toggle vc_toggle_default vc_toggle_color_default  vc_toggle_size_md\">\n\t<div class=\"vc_toggle_title\"><h4>Continuity<\/h4><i class=\"vc_toggle_icon\"><\/i><\/div>\n\t<div class=\"vc_toggle_content\"><p>the validity of our products is essentially manifested in the extraordinary duration of their life cycle and their timeliness<\/p>\n<\/div>\n<\/div>\n<\/div><\/div><\/div><div class=\"wpb_column vc_column_container vc_col-sm-6\"><div class=\"vc_column-inner\"><div class=\"wpb_wrapper\"><h2 style=\"font-size: 32px;color: #249035;text-align: left;font-family:Lato;font-weight:400;font-style:normal\" class=\"vc_custom_heading\" >La storia<\/h2><div class=\"vc_separator wpb_content_element vc_separator_align_center vc_sep_width_30 vc_sep_border_width_3 vc_sep_pos_align_left vc_separator_no_text vc_custom_1718204675120  vc_custom_1718204675120\" ><span class=\"vc_sep_holder vc_sep_holder_l\"><span  style=\"border-color:#009036;\" class=\"vc_sep_line\"><\/span><\/span><span class=\"vc_sep_holder vc_sep_holder_r\"><span  style=\"border-color:#009036;\" class=\"vc_sep_line\"><\/span><\/span>\n<\/div>\n\t<div class=\"wpb_text_column wpb_content_element  vc_custom_1428681320104\" >\n\t\t<div class=\"wpb_wrapper\">\n\t\t\t<p><strong>LEMURIA \u00ae<\/strong> was born in 1990 from an extraordinary intuition of its founder, Sandro Calidi, who had the idea of formulating and producing \"herbal\" extracts, highly concentrated, without alcohol. It was an innovative idea, given that on the Italian market there were mainly hydro-alcoholic phytoextracts 1:4 and mother tinctures 1:10. Thus were born the E.T., total extracts 1:1, without alcohol, which still represent the most characterizing and identifying element of LEMURIA \u00ae.<\/p>\n<p>In the following years we have progressively integrated the existing lines, updated the formulation of some products and introduced new products to the market, always with very special formulations, the result of national and international research.<br \/>\nToday our list presents more than a hundred products, very appreciated by our customers.<\/p>\n\n\t\t<\/div>\n\t<\/div>\n<\/div><\/div><\/div><\/div><div class=\"vc_row wpb_row vc_row-fluid\"><div class=\"wpb_column vc_column_container vc_col-sm-12\"><div class=\"vc_column-inner\"><div class=\"wpb_wrapper\"><div class=\"vc_empty_space\"   style=\"height: 32px\" ><span class=\"vc_empty_space_inner\"><\/span><\/div>\n<\/div><\/div><\/div><\/div>","protected":false},"excerpt":{"rendered":"Per un benessere totale... Lemuria Perch\u00e8 il nome Lemuria? Lemuria \u00e9 il nome della mitologica civilt\u00e0 che, si narra, esisteva prima di Atlantide. Gli abitanti di Lemuria erano consapevoli che tutto ci\u00f2 che esiste \u00e9 una espressione della perfetta creazione. Essi si consideravano eredi legittimi del Creatore. Si curavano con le erbe, vivendo in armonia [...]","protected":false},"author":13,"featured_media":0,"parent":0,"menu_order":0,"comment_status":"open","ping_status":"open","template":"","meta":{"_acf_changed":false,"footnotes":""},"tags":[],"acf":[],"_links":{"self":[{"href":"https:\/\/lemuria.it\/en\/wp-json\/wp\/v2\/pages\/921"}],"collection":[{"href":"https:\/\/lemuria.it\/en\/wp-json\/wp\/v2\/pages"}],"about":[{"href":"https:\/\/lemuria.it\/en\/wp-json\/wp\/v2\/types\/page"}],"author":[{"embeddable":true,"href":"https:\/\/lemuria.it\/en\/wp-json\/wp\/v2\/users\/13"}],"replies":[{"embeddable":true,"href":"https:\/\/lemuria.it\/en\/wp-json\/wp\/v2\/comments?post=921"}],"version-history":[{"count":46,"href":"https:\/\/lemuria.it\/en\/wp-json\/wp\/v2\/pages\/921\/revisions"}],"predecessor-version":[{"id":9697,"href":"https:\/\/lemuria.it\/en\/wp-json\/wp\/v2\/pages\/921\/revisions\/9697"}],"wp:attachment":[{"href":"https:\/\/lemuria.it\/en\/wp-json\/wp\/v2\/media?parent=921"}],"wp:term":[{"taxonomy":"post_tag","embeddable":true,"href":"https:\/\/lemuria.it\/en\/wp-json\/wp\/v2\/tags?post=921"}],"curies":[{"name":"wp","href":"https:\/\/api.w.org\/{rel}","templated":true}]}}