{"id":9453,"date":"2021-03-05T11:36:11","date_gmt":"2021-03-05T10:36:11","guid":{"rendered":"https:\/\/www.lemuria.it\/?post_type=product&#038;p=9453"},"modified":"2022-01-07T18:38:03","modified_gmt":"2022-01-07T17:38:03","slug":"e-t-rosa-canina-100ml","status":"publish","type":"product","link":"https:\/\/lemuria.it\/de\/produkt\/e-t-rosa-canina-100ml\/","title":{"rendered":"ET ROSA CANINA 100ml"},"content":{"rendered":"<p><strong>PHYSIOLOGISCHE VALENZ<\/strong><\/p>\n<p>Hagebuttenfr\u00fcchte f\u00f6rdern eine unterst\u00fctzende und regenerierende Wirkung auf den K\u00f6rper.<\/p>\n<p>&nbsp;<\/p>\n<p><strong>ZUTATEN<\/strong><\/p>\n<p>Fruktose, Wasser, Hagebutte (Rosa canina L.). Fr\u00fcchte, Extrakt (D:E=1=1). Dies ist ein 1:1 Gesamtextrakt in Fruktosel\u00f6sung 70%.<\/p>\n<p>&nbsp;<\/p>\n<p><strong>TIPPS F\u00dcR DEN GEBRAUCH<\/strong><\/p>\n<p>Kinder ab 12 Jahren: 10 Tropfen 3-mal t\u00e4glich. Kinder ab 6 Jahren: 6 Tropfen 3-mal t\u00e4glich. Erwachsene: 20 Tropfen 2\/3 mal t\u00e4glich. Die Tropfen k\u00f6nnen direkt in den Mund eingenommen oder in etwas Fl\u00fcssigkeit verd\u00fcnnt werden.<\/p>\n<p>&nbsp;<\/p>\n<p><strong>VERPACKUNG:<br \/>\n<\/strong><\/p>\n<p>100 ml Flasche<\/p>","protected":false},"excerpt":{"rendered":"<p><em><strong>Heckenrose (Rosa canina L.)<\/strong><\/em><\/p>\n<p>Hagebuttenfr\u00fcchte f\u00f6rdern eine unterst\u00fctzende und regenerierende Wirkung auf den K\u00f6rper.<\/p>\n<p><strong>VERPACKUNG:<br \/>\n<\/strong><\/p>\n<p>100 ml Flasche<\/p>\n<p><strong>PREIS:<\/strong><\/p>\n<p>\u20ac 28,00<\/p>\n<p>NAHRUNGSERG\u00c4NZUNGSMITTEL AUF BASIS VON PFLANZEN UND DERIVATEN<\/p>\n<p>Siehe das technische Datenblatt unten<\/p>","protected":false},"featured_media":9454,"comment_status":"open","ping_status":"closed","template":"","meta":{"_acf_changed":false},"product_cat":[62,82,84,67],"product_tag":[65,64,125],"acf":[],"_links":{"self":[{"href":"https:\/\/lemuria.it\/de\/wp-json\/wp\/v2\/product\/9453"}],"collection":[{"href":"https:\/\/lemuria.it\/de\/wp-json\/wp\/v2\/product"}],"about":[{"href":"https:\/\/lemuria.it\/de\/wp-json\/wp\/v2\/types\/product"}],"replies":[{"embeddable":true,"href":"https:\/\/lemuria.it\/de\/wp-json\/wp\/v2\/comments?post=9453"}],"wp:featuredmedia":[{"embeddable":true,"href":"https:\/\/lemuria.it\/de\/wp-json\/wp\/v2\/media\/9454"}],"wp:attachment":[{"href":"https:\/\/lemuria.it\/de\/wp-json\/wp\/v2\/media?parent=9453"}],"wp:term":[{"taxonomy":"product_cat","embeddable":true,"href":"https:\/\/lemuria.it\/de\/wp-json\/wp\/v2\/product_cat?post=9453"},{"taxonomy":"product_tag","embeddable":true,"href":"https:\/\/lemuria.it\/de\/wp-json\/wp\/v2\/product_tag?post=9453"}],"curies":[{"name":"wp","href":"https:\/\/api.w.org\/{rel}","templated":true}]}}