{"id":8937,"date":"2016-04-11T18:34:22","date_gmt":"2016-04-11T16:34:22","guid":{"rendered":"https:\/\/www.lemuria.it\/?post_type=product&#038;p=8937"},"modified":"2022-01-07T19:02:08","modified_gmt":"2022-01-07T18:02:08","slug":"lady-in-cystilem","status":"publish","type":"product","link":"https:\/\/lemuria.it\/de\/produkt\/dame-im-zystilem\/","title":{"rendered":"DAME IM CYSTILEM"},"content":{"rendered":"<p><strong>PHYSIOLOGISCHE VALENZ<\/strong><\/p>\n<p>B\u00e4rentrauben- und Brennnesselbl\u00e4tter, Cranberryfr\u00fcchte und das Bl\u00fctenkraut Solidago f\u00f6rdern die Funktionsf\u00e4higkeit der Harnwege und den Abfluss von K\u00f6rperfl\u00fcssigkeiten.<\/p>\n<p><strong>\u00a0ZUTATEN<\/strong><\/p>\n<p>B\u00e4rentraube (Arctostaphylos uva-ursi (L.) Spreng.) verl\u00e4sst Meise. bei 10% in Arbutin, Cranberry-Fruchtmeise (Vaccinium Macrocarpum Aiton). bei 36% in Proanthocyanidinen, pflanzliche Gelatinekapsel (Hydroxypropylmethylcellulose), Bl\u00fctenmeise Solidago (Solidago virgaurea L.). bei 0,51 TP3T in Flavonoiden verl\u00e4sst die Brennnessel (Urtica dioica L.) die Meise. bis 2% in Kiesels\u00e4ure, Maltodextrin, Trennmittel: Siliziumdioxid und Magnesiumstearat.<\/p>\n<p><strong>\u00a0TIPPS F\u00dcR DEN GEBRAUCH<\/strong><\/p>\n<p>F\u00fcr eine korrekte Anwendung wird empfohlen, t\u00e4glich 3 Kapseln mit viel Wasser einzunehmen.<\/p>\n<p><strong>VERPACKUNG:<br \/>\n<\/strong><\/p>\n<p>Flasche mit 60 Kapseln<\/p>","protected":false},"excerpt":{"rendered":"<p><strong>N\u00dcTZLICH F\u00dcR DIE FUNKTIONALIT\u00c4T DER HARNWEGE<\/strong><\/p>\n<p>B\u00e4rentrauben- und Brennnesselbl\u00e4tter, Cranberryfr\u00fcchte und das Bl\u00fctenkraut Solidago f\u00f6rdern die Funktionsf\u00e4higkeit der Harnwege und den Abfluss von K\u00f6rperfl\u00fcssigkeiten.<\/p>\n<p><strong>VERPACKUNG:<br \/>\n<\/strong><\/p>\n<p>Flasche mit 60 Kapseln<\/p>\n<p><strong>PREIS:<br \/>\n<\/strong><\/p>\n<p>\u20ac 18,50<\/p>\n<p>NAHRUNGSERG\u00c4NZUNGSMITTEL AUF BASIS VON PFLANZEN UND DERIVATEN<\/p>\n<p>&nbsp;<\/p>\n<p>Siehe das technische Datenblatt unten<\/p>","protected":false},"featured_media":8938,"comment_status":"open","ping_status":"closed","template":"","meta":{"_acf_changed":false},"product_cat":[87,99,67,289],"product_tag":[300,213],"acf":[],"_links":{"self":[{"href":"https:\/\/lemuria.it\/de\/wp-json\/wp\/v2\/product\/8937"}],"collection":[{"href":"https:\/\/lemuria.it\/de\/wp-json\/wp\/v2\/product"}],"about":[{"href":"https:\/\/lemuria.it\/de\/wp-json\/wp\/v2\/types\/product"}],"replies":[{"embeddable":true,"href":"https:\/\/lemuria.it\/de\/wp-json\/wp\/v2\/comments?post=8937"}],"wp:featuredmedia":[{"embeddable":true,"href":"https:\/\/lemuria.it\/de\/wp-json\/wp\/v2\/media\/8938"}],"wp:attachment":[{"href":"https:\/\/lemuria.it\/de\/wp-json\/wp\/v2\/media?parent=8937"}],"wp:term":[{"taxonomy":"product_cat","embeddable":true,"href":"https:\/\/lemuria.it\/de\/wp-json\/wp\/v2\/product_cat?post=8937"},{"taxonomy":"product_tag","embeddable":true,"href":"https:\/\/lemuria.it\/de\/wp-json\/wp\/v2\/product_tag?post=8937"}],"curies":[{"name":"wp","href":"https:\/\/api.w.org\/{rel}","templated":true}]}}