{"id":8934,"date":"2016-04-11T18:25:40","date_gmt":"2016-04-11T16:25:40","guid":{"rendered":"https:\/\/www.lemuria.it\/?post_type=product&#038;p=8934"},"modified":"2022-01-07T19:05:40","modified_gmt":"2022-01-07T18:05:40","slug":"lady-in-pellelem","status":"publish","type":"product","link":"https:\/\/lemuria.it\/de\/produkt\/dame-in-lederlem\/","title":{"rendered":"DAME AUS LEDER"},"content":{"rendered":"<p><strong>PHYSIOLOGISCHE VALENZ<\/strong><\/p>\n<p>Das violette Bl\u00fctenkraut und die Klettenwurzel f\u00f6rdern die Reinigungsfunktionen des K\u00f6rpers und das Wohlbefinden der Haut.<\/p>\n<p><strong>\u00a0ZUTATEN<\/strong><\/p>\n<p>Wasser, Fruktose, Bl\u00fctenkraut der Veilchen (Viola tricolor L.) ex D\/E 4:1, Klettenwurzel (Arctium lappa L.) ex tit. zu 2% in Inulin, Birke (Betula pendula Roth.) verl\u00e4sst Meise. bei 2,5% in Hyperosid verl\u00e4sst Gr\u00fcner Tee (Camellia sinesis (L.) Kuntze) Meise. bis 20% in Polyphenolen und bis 5% in Koffein, Mariendistel (Silybum marianum Gaertn.) Fr\u00fcchte Meise. al 2% in Silymarin, Aroma, S\u00e4uerungsmittel: Zitronens\u00e4ure, Konservierungsmittel: Kaliumsorbat und Natriumbenzoat.<\/p>\n<p><strong>\u00a0TIPPS F\u00dcR DEN GEBRAUCH<\/strong><\/p>\n<p>F\u00fcr eine korrekte Anwendung wird die Einnahme von 10 oder 20 ml Produkt pro Tag empfohlen. Das Produkt kann pur eingenommen oder in Wasser verd\u00fcnnt werden.<\/p>\n<p><strong>VERPACKUNG:<br \/>\n<\/strong><\/p>\n<p>200 ml Flasche<\/p>","protected":false},"excerpt":{"rendered":"<p><strong>F\u00f6rdert die Reinigung und das Wohlbefinden der Haut<\/strong><\/p>\n<p>Das violette Bl\u00fctenkraut und die Klettenwurzel f\u00f6rdern die Reinigungsfunktionen des K\u00f6rpers und das Wohlbefinden der Haut.<\/p>\n<p><strong>VERPACKUNG:<br \/>\n<\/strong><\/p>\n<p>200 ml Flasche<\/p>\n<p><strong>PREIS:<br \/>\n<\/strong><\/p>\n<p>\u20ac 17,50<\/p>\n<p>NAHRUNGSERG\u00c4NZUNGSMITTEL AUF BASIS VON PFLANZEN UND DERIVATEN<\/p>\n<p>&nbsp;<\/p>\n<p>Siehe das technische Datenblatt unten<\/p>","protected":false},"featured_media":8935,"comment_status":"open","ping_status":"closed","template":"","meta":{"_acf_changed":false},"product_cat":[81,99,92,67],"product_tag":[213,299],"acf":[],"_links":{"self":[{"href":"https:\/\/lemuria.it\/de\/wp-json\/wp\/v2\/product\/8934"}],"collection":[{"href":"https:\/\/lemuria.it\/de\/wp-json\/wp\/v2\/product"}],"about":[{"href":"https:\/\/lemuria.it\/de\/wp-json\/wp\/v2\/types\/product"}],"replies":[{"embeddable":true,"href":"https:\/\/lemuria.it\/de\/wp-json\/wp\/v2\/comments?post=8934"}],"wp:featuredmedia":[{"embeddable":true,"href":"https:\/\/lemuria.it\/de\/wp-json\/wp\/v2\/media\/8935"}],"wp:attachment":[{"href":"https:\/\/lemuria.it\/de\/wp-json\/wp\/v2\/media?parent=8934"}],"wp:term":[{"taxonomy":"product_cat","embeddable":true,"href":"https:\/\/lemuria.it\/de\/wp-json\/wp\/v2\/product_cat?post=8934"},{"taxonomy":"product_tag","embeddable":true,"href":"https:\/\/lemuria.it\/de\/wp-json\/wp\/v2\/product_tag?post=8934"}],"curies":[{"name":"wp","href":"https:\/\/api.w.org\/{rel}","templated":true}]}}