{"id":8784,"date":"2015-07-15T16:07:27","date_gmt":"2015-07-15T14:07:27","guid":{"rendered":"https:\/\/www.lemuria.it\/product\/quilia-gocce-copy\/"},"modified":"2022-01-07T19:33:17","modified_gmt":"2022-01-07T18:33:17","slug":"quilia-gocce-copy","status":"publish","type":"product","link":"https:\/\/lemuria.it\/de\/produkt\/quilia-lasst-kopie-fallen\/","title":{"rendered":"QUILIA TROPFEN"},"content":{"rendered":"<p><strong>PHYSIOLOGISCHE VALENZ<\/strong><\/p>\n<p>Lavendelbl\u00fcten, Hopfenzapfen und Escolzia-Kraut f\u00f6rdern Entspannung und Schlaf bei Stress.<\/p>\n<p>&nbsp;<\/p>\n<p>&nbsp;<\/p>\n<p><strong>ZUTATEN<\/strong><\/p>\n<p>Fruktose, Wasser, Extrakt aus: Primelbl\u00fcten (Primula officinalis Hill L.) 40%, Lavendelbl\u00fcten (Lavandula officinalis Chaix) 15%, Hopfenbl\u00fcten (Humulus lupulus L.) weibliche Zapfen 15%, Kamillenbl\u00fcten (Matricaria chamomilla L.) 15%, Melisse ( Melissa officinalis L.) Bl\u00e4tter 10%, Eschscholzia (Eschscholzia californica Cham.) Kraut 5%. Dies ist ein 1:1 Gesamtextrakt in Fruktosel\u00f6sung mit 70%.<\/p>\n<p>&nbsp;<\/p>\n<p><strong>TIPPS F\u00dcR DEN GEBRAUCH<\/strong><\/p>\n<p>Erwachsene: 3-mal t\u00e4glich 20 Tropfen. Die Tropfen k\u00f6nnen direkt in den Mund eingenommen oder in etwas Fl\u00fcssigkeit verd\u00fcnnt werden.<\/p>\n<p>&nbsp;<\/p>\n<p><strong>VERPACKUNG:<br \/>\n<\/strong><\/p>\n<p>30 ml Flasche<\/p>","protected":false},"excerpt":{"rendered":"<p><strong>N\u00dcTZLICH IN RUHEZUSTANDEN<br \/>\n<\/strong><\/p>\n<p>Lavendelbl\u00fcten, Hopfenzapfen und Escolzia-Kraut f\u00f6rdern Entspannung und Schlaf bei Stress.<\/p>\n<p><strong>VERPACKUNG:<br \/>\n<\/strong><\/p>\n<p>30 ml Flasche<\/p>\n<p><strong>PREIS:<\/strong><\/p>\n<p>\u20ac 16,00<\/p>\n<p>NAHRUNGSERG\u00c4NZUNGSMITTEL AUF BASIS VON PFLANZEN UND DERIVATEN<\/p>\n<p>&nbsp;<\/p>\n<p>Siehe das technische Datenblatt unten<\/p>","protected":false},"featured_media":8835,"comment_status":"open","ping_status":"closed","template":"","meta":{"_acf_changed":false},"product_cat":[73,96,74,67],"product_tag":[170,179,178],"acf":[],"_links":{"self":[{"href":"https:\/\/lemuria.it\/de\/wp-json\/wp\/v2\/product\/8784"}],"collection":[{"href":"https:\/\/lemuria.it\/de\/wp-json\/wp\/v2\/product"}],"about":[{"href":"https:\/\/lemuria.it\/de\/wp-json\/wp\/v2\/types\/product"}],"replies":[{"embeddable":true,"href":"https:\/\/lemuria.it\/de\/wp-json\/wp\/v2\/comments?post=8784"}],"wp:featuredmedia":[{"embeddable":true,"href":"https:\/\/lemuria.it\/de\/wp-json\/wp\/v2\/media\/8835"}],"wp:attachment":[{"href":"https:\/\/lemuria.it\/de\/wp-json\/wp\/v2\/media?parent=8784"}],"wp:term":[{"taxonomy":"product_cat","embeddable":true,"href":"https:\/\/lemuria.it\/de\/wp-json\/wp\/v2\/product_cat?post=8784"},{"taxonomy":"product_tag","embeddable":true,"href":"https:\/\/lemuria.it\/de\/wp-json\/wp\/v2\/product_tag?post=8784"}],"curies":[{"name":"wp","href":"https:\/\/api.w.org\/{rel}","templated":true}]}}