{"id":8750,"date":"2015-06-23T18:46:18","date_gmt":"2015-06-23T16:46:18","guid":{"rendered":"https:\/\/www.lemuria.it\/?post_type=product&#038;p=8750"},"modified":"2022-01-07T19:38:37","modified_gmt":"2022-01-07T18:38:37","slug":"equilibre-b","status":"publish","type":"product","link":"https:\/\/lemuria.it\/de\/produkt\/equilibre-b\/","title":{"rendered":"EQUILIBRE\u00ae B"},"content":{"rendered":"<p><strong>COSTRIZIONE AD AZIONI NON DESIDERATE\u00a0\u2013 DIPENDENZE<br \/>\n<\/strong><\/p>\n<p>Contains some flower essences as: Pine, Sweet Chestnut, Walnut, White Chestnut<\/p>\n<p>&nbsp;<\/p>\n<p><strong>ZUTATEN<\/strong><\/p>\n<p>Acqua, Fruttosio, Incenso (Boswelia serrata Roxb.) resina e.s. 2%, Cardo Marianum (Sylybum marianum (L.) Gaertn.) foglie e frutti e.s. (tit.5% silimarina) 1%, infuso aromatico di Castagno (Castanea sativa Mill.) fiori 0,21%, Ippocastano (Aesculum hippocastanum L.) fiori 0,21%, Noce (Juglans regia L.) fiori 0,21% Pino (Pinus sylvestris L.) fiori 0,21%.<\/p>\n<p>&nbsp;<\/p>\n<p><strong>TIPPS F\u00dcR DEN GEBRAUCH<\/strong><\/p>\n<p>6 Tropfen 4-mal t\u00e4glich. Die Tropfen k\u00f6nnen direkt in den Mund eingenommen oder in etwas Fl\u00fcssigkeit verd\u00fcnnt werden.<\/p>\n<p>&nbsp;<\/p>\n<p><strong>VERPACKUNG<\/strong><\/p>\n<p>Nettomenge 30 ml<\/p>","protected":false},"excerpt":{"rendered":"<p><strong>COSTRIZIONE AD AZIONI NON DESIDERATE\u00a0\u2013 DIPENDENZE<\/strong><\/p>\n<p>Contains some flower essences as: Pine, Sweet Chestnut, Walnut, White Chestnut<\/p>\n<p><strong>VERPACKUNG:<\/strong><\/p>\n<p>Nettomenge 30 ml<\/p>\n<p><strong>PREIS:<\/strong><\/p>\n<p>\u20ac 16,00<\/p>\n<p>NAHRUNGSERG\u00c4NZUNGSMITTEL AUF BASIS VON PFLANZEN UND DERIVATEN<\/p>\n<p>Trinkbare L\u00f6sung in Tropfenform<\/p>\n<p>&nbsp;<\/p>\n<p>Siehe das technische Datenblatt unten<\/p>","protected":false},"featured_media":8751,"comment_status":"open","ping_status":"closed","template":"","meta":{"_acf_changed":false},"product_cat":[93,72],"product_tag":[280,279],"acf":[],"_links":{"self":[{"href":"https:\/\/lemuria.it\/de\/wp-json\/wp\/v2\/product\/8750"}],"collection":[{"href":"https:\/\/lemuria.it\/de\/wp-json\/wp\/v2\/product"}],"about":[{"href":"https:\/\/lemuria.it\/de\/wp-json\/wp\/v2\/types\/product"}],"replies":[{"embeddable":true,"href":"https:\/\/lemuria.it\/de\/wp-json\/wp\/v2\/comments?post=8750"}],"wp:featuredmedia":[{"embeddable":true,"href":"https:\/\/lemuria.it\/de\/wp-json\/wp\/v2\/media\/8751"}],"wp:attachment":[{"href":"https:\/\/lemuria.it\/de\/wp-json\/wp\/v2\/media?parent=8750"}],"wp:term":[{"taxonomy":"product_cat","embeddable":true,"href":"https:\/\/lemuria.it\/de\/wp-json\/wp\/v2\/product_cat?post=8750"},{"taxonomy":"product_tag","embeddable":true,"href":"https:\/\/lemuria.it\/de\/wp-json\/wp\/v2\/product_tag?post=8750"}],"curies":[{"name":"wp","href":"https:\/\/api.w.org\/{rel}","templated":true}]}}