{"id":8748,"date":"2015-06-23T18:39:25","date_gmt":"2015-06-23T16:39:25","guid":{"rendered":"https:\/\/www.lemuria.it\/?post_type=product&#038;p=8748"},"modified":"2022-01-07T19:42:20","modified_gmt":"2022-01-07T18:42:20","slug":"equilibre-a","status":"publish","type":"product","link":"https:\/\/lemuria.it\/de\/produkt\/equilibre-a\/","title":{"rendered":"EQUILIBRE\u00ae A"},"content":{"rendered":"<p><strong>MISCELA DI BASE \u2013 RIEQUILIBRIO GENERALE<\/strong><\/p>\n<p>Se assunto prima delle altre composizioni Equilibre , ne facilita l\u2019azione. Se assunto da solo, effettua un\u2019attivit\u00e0 di riequilibrio generale.<\/p>\n<p>Contains some flower essences as: Mustard, Wilde Rose<\/p>\n<p>&nbsp;<\/p>\n<p><strong>\u00a0ZUTATEN<\/strong><\/p>\n<p>Fruttosio, acqua, Incenso (Boswellia serrata Roxb.) resina e.s. 2%, Melissa (Melissa officinalis L.) foglie e.s.1%, infuso aromatico di Senape (Sinapis arvensis L.) fiori 0,21%, Rosa canina (Rosa canina L.) fiori 0,21%.<\/p>\n<p><strong>\u00a0TIPPS F\u00dcR DEN GEBRAUCH<\/strong><\/p>\n<p>6 Tropfen 4-mal t\u00e4glich. Die Tropfen k\u00f6nnen direkt in den Mund eingenommen oder in etwas Fl\u00fcssigkeit verd\u00fcnnt werden.<\/p>\n<p>&nbsp;<\/p>\n<p><strong>VERPACKUNG<\/strong><\/p>\n<p>Nettomenge 30 ml<\/p>","protected":false},"excerpt":{"rendered":"<p><strong>MISCELA DI BASE \u2013 RIEQUILIBRIO GENERALE<\/strong><\/p>\n<p>Se assunto prima delle altre composizioni Equilibre , ne facilita l\u2019azione. Se assunto da solo, effettua un\u2019attivit\u00e0 di riequilibrio generale.<\/p>\n<p>Contains some flower essences as: Mustard, Wilde Rose<\/p>\n<p><strong>VERPACKUNG:<\/strong><\/p>\n<p>Nettomenge 30 ml<\/p>\n<p><strong>PREIS:<\/strong><\/p>\n<p>\u20ac 16,00<\/p>\n<p>NAHRUNGSERG\u00c4NZUNGSMITTEL AUF BASIS VON PFLANZEN UND DERIVATEN<\/p>\n<p>Trinkbare L\u00f6sung in Tropfenform<\/p>\n<p>&nbsp;<\/p>\n<p>Siehe das technische Datenblatt unten<\/p>","protected":false},"featured_media":8749,"comment_status":"open","ping_status":"closed","template":"","meta":{"_acf_changed":false},"product_cat":[93,72],"product_tag":[145,278],"acf":[],"_links":{"self":[{"href":"https:\/\/lemuria.it\/de\/wp-json\/wp\/v2\/product\/8748"}],"collection":[{"href":"https:\/\/lemuria.it\/de\/wp-json\/wp\/v2\/product"}],"about":[{"href":"https:\/\/lemuria.it\/de\/wp-json\/wp\/v2\/types\/product"}],"replies":[{"embeddable":true,"href":"https:\/\/lemuria.it\/de\/wp-json\/wp\/v2\/comments?post=8748"}],"wp:featuredmedia":[{"embeddable":true,"href":"https:\/\/lemuria.it\/de\/wp-json\/wp\/v2\/media\/8749"}],"wp:attachment":[{"href":"https:\/\/lemuria.it\/de\/wp-json\/wp\/v2\/media?parent=8748"}],"wp:term":[{"taxonomy":"product_cat","embeddable":true,"href":"https:\/\/lemuria.it\/de\/wp-json\/wp\/v2\/product_cat?post=8748"},{"taxonomy":"product_tag","embeddable":true,"href":"https:\/\/lemuria.it\/de\/wp-json\/wp\/v2\/product_tag?post=8748"}],"curies":[{"name":"wp","href":"https:\/\/api.w.org\/{rel}","templated":true}]}}