{"id":8742,"date":"2015-06-22T18:23:25","date_gmt":"2015-06-22T16:23:25","guid":{"rendered":"https:\/\/www.lemuria.it\/?post_type=product&#038;p=8742"},"modified":"2022-01-07T20:16:50","modified_gmt":"2022-01-07T19:16:50","slug":"e-t-ficus-carica","status":"publish","type":"product","link":"https:\/\/lemuria.it\/de\/produkt\/e-t-ficus-carica\/","title":{"rendered":"FICUS CARICA GEMMOTOTALE"},"content":{"rendered":"<p><strong>GEMMO TOTALE<\/strong><\/p>\n<p><strong>ZUTATEN<\/strong><\/p>\n<p>Fruttosio, Acqua, Fico (Ficus carica L.) gemme 33%. Gemmototale: un\u2019esclusiva concezione del gemmoderivato.<\/p>\n<p>&nbsp;<\/p>\n<p><strong>TIPPS F\u00dcR DEN GEBRAUCH<\/strong><\/p>\n<p>Erwachsene: 3-mal t\u00e4glich 20 Tropfen. Die Tropfen k\u00f6nnen direkt in den Mund eingenommen oder in etwas Fl\u00fcssigkeit verd\u00fcnnt werden.<\/p>\n<p>&nbsp;<\/p>\n<p><strong>VERPACKUNG:<br \/>\n<\/strong><\/p>\n<p>Flacone da\u00a050 ml<\/p>","protected":false},"excerpt":{"rendered":"<p><strong>Ficus carica<br \/>\n<\/strong><\/p>\n<p>Gemmo Totale<\/p>\n<p><strong>VERPACKUNG:<br \/>\n<\/strong><\/p>\n<p>Flacone da\u00a050 ml<\/p>\n<p><strong>PREIS:<\/strong><\/p>\n<p>\u20ac 14,00<\/p>\n<p>NAHRUNGSERG\u00c4NZUNGSMITTEL AUF BASIS VON PFLANZEN UND DERIVATEN<\/p>\n<p>Siehe das technische Datenblatt unten<\/p>","protected":false},"featured_media":8743,"comment_status":"open","ping_status":"closed","template":"","meta":{"_acf_changed":false},"product_cat":[79,62],"product_tag":[65,64,277],"acf":[],"_links":{"self":[{"href":"https:\/\/lemuria.it\/de\/wp-json\/wp\/v2\/product\/8742"}],"collection":[{"href":"https:\/\/lemuria.it\/de\/wp-json\/wp\/v2\/product"}],"about":[{"href":"https:\/\/lemuria.it\/de\/wp-json\/wp\/v2\/types\/product"}],"replies":[{"embeddable":true,"href":"https:\/\/lemuria.it\/de\/wp-json\/wp\/v2\/comments?post=8742"}],"wp:featuredmedia":[{"embeddable":true,"href":"https:\/\/lemuria.it\/de\/wp-json\/wp\/v2\/media\/8743"}],"wp:attachment":[{"href":"https:\/\/lemuria.it\/de\/wp-json\/wp\/v2\/media?parent=8742"}],"wp:term":[{"taxonomy":"product_cat","embeddable":true,"href":"https:\/\/lemuria.it\/de\/wp-json\/wp\/v2\/product_cat?post=8742"},{"taxonomy":"product_tag","embeddable":true,"href":"https:\/\/lemuria.it\/de\/wp-json\/wp\/v2\/product_tag?post=8742"}],"curies":[{"name":"wp","href":"https:\/\/api.w.org\/{rel}","templated":true}]}}