{"id":8739,"date":"2015-06-22T18:08:47","date_gmt":"2015-06-22T16:08:47","guid":{"rendered":"https:\/\/www.lemuria.it\/?post_type=product&#038;p=8739"},"modified":"2022-01-07T20:15:10","modified_gmt":"2022-01-07T19:15:10","slug":"e-t-zenzero","status":"publish","type":"product","link":"https:\/\/lemuria.it\/de\/produkt\/und-ingwer-2\/","title":{"rendered":"UND INGWER"},"content":{"rendered":"<p><strong>PHYSIOLOGISCHE VALENZ<\/strong><\/p>\n<p>Das Ingwer-Rhizom f\u00f6rdert die Verdauungsfunktion und wirkt gegen \u00dcbelkeit. Es f\u00f6rdert auch die regelm\u00e4\u00dfige Beweglichkeit des Magen-Darm-Trakts und die Beseitigung von Bl\u00e4hungen. Es f\u00f6rdert die Funktionalit\u00e4t des Herz-Kreislauf-Systems und der Gelenkfunktion. Schlie\u00dflich kann es bei der Kontrastierung lokalisierter Spannungszust\u00e4nde n\u00fctzlich sein.<\/p>\n<p>&nbsp;<\/p>\n<p><strong>ZUTATEN<\/strong><\/p>\n<p>Fruktose, Wasser, Ingwer (Zingiber officinale Rosc.), Rhizom, Extrakt (D:E=1=1). Dies ist ein 1:1 Gesamtextrakt in Fruktosel\u00f6sung 70%.<\/p>\n<p>&nbsp;<\/p>\n<p><strong>TIPPS F\u00dcR DEN GEBRAUCH<\/strong><\/p>\n<p>F\u00fcr eine korrekte Anwendung wird die Einnahme von 20 Tropfen dreimal t\u00e4glich nach den Mahlzeiten empfohlen. Oder nehmen Sie 30 Minuten vor der Reise 60 Tropfen des Produkts ein. Das Produkt kann pur eingenommen oder in Wasser verd\u00fcnnt werden.<\/p>\n<p>&nbsp;<\/p>\n<p><strong>VERPACKUNG:<br \/>\n<\/strong><\/p>\n<p>30 ml Flasche<\/p>","protected":false},"excerpt":{"rendered":"<p><strong>Ingwer (Zingiber officinale rosc.)<br \/>\n<\/strong><\/p>\n<p>Das Ingwer-Rhizom f\u00f6rdert die Verdauungsfunktion und wirkt gegen \u00dcbelkeit. Es f\u00f6rdert auch die regelm\u00e4\u00dfige Beweglichkeit des Magen-Darm-Trakts und die Beseitigung von Bl\u00e4hungen. Es f\u00f6rdert die Funktionalit\u00e4t des Herz-Kreislauf-Systems und der Gelenkfunktion. Schlie\u00dflich kann es bei der Kontrastierung lokalisierter Spannungszust\u00e4nde n\u00fctzlich sein.<\/p>\n<p><strong>VERPACKUNG:<br \/>\n<\/strong><\/p>\n<p>30 ml Flasche<\/p>\n<p><strong>PREIS:<\/strong><\/p>\n<p>\u20ac 13,00<\/p>\n<p>NAHRUNGSERG\u00c4NZUNGSMITTEL AUF BASIS VON PFLANZEN UND DERIVATEN<\/p>\n<p>Siehe das technische Datenblatt unten<\/p>","protected":false},"featured_media":8740,"comment_status":"open","ping_status":"closed","template":"","meta":{"_acf_changed":false},"product_cat":[79,62,80],"product_tag":[65,64,276],"acf":[],"_links":{"self":[{"href":"https:\/\/lemuria.it\/de\/wp-json\/wp\/v2\/product\/8739"}],"collection":[{"href":"https:\/\/lemuria.it\/de\/wp-json\/wp\/v2\/product"}],"about":[{"href":"https:\/\/lemuria.it\/de\/wp-json\/wp\/v2\/types\/product"}],"replies":[{"embeddable":true,"href":"https:\/\/lemuria.it\/de\/wp-json\/wp\/v2\/comments?post=8739"}],"wp:featuredmedia":[{"embeddable":true,"href":"https:\/\/lemuria.it\/de\/wp-json\/wp\/v2\/media\/8740"}],"wp:attachment":[{"href":"https:\/\/lemuria.it\/de\/wp-json\/wp\/v2\/media?parent=8739"}],"wp:term":[{"taxonomy":"product_cat","embeddable":true,"href":"https:\/\/lemuria.it\/de\/wp-json\/wp\/v2\/product_cat?post=8739"},{"taxonomy":"product_tag","embeddable":true,"href":"https:\/\/lemuria.it\/de\/wp-json\/wp\/v2\/product_tag?post=8739"}],"curies":[{"name":"wp","href":"https:\/\/api.w.org\/{rel}","templated":true}]}}