{"id":8730,"date":"2015-06-22T17:40:00","date_gmt":"2015-06-22T15:40:00","guid":{"rendered":"https:\/\/www.lemuria.it\/?post_type=product&#038;p=8730"},"modified":"2022-01-08T11:03:28","modified_gmt":"2022-01-08T10:03:28","slug":"e-t-rosmarino","status":"publish","type":"product","link":"https:\/\/lemuria.it\/de\/produkt\/und-rosmarin\/","title":{"rendered":"UND ROSMARIN"},"content":{"rendered":"<p><strong>PHYSIOLOGISCHE VALENZ<\/strong><\/p>\n<p>Rosmarinbl\u00e4tter f\u00f6rdern die Verdauungsfunktion, die Leberfunktion, die regelm\u00e4\u00dfige Magen-Darm-Motilit\u00e4t und die Beseitigung von Darmgasen. Sie sind auch n\u00fctzlich, um die regelm\u00e4\u00dfige Funktion des Herz-Kreislauf-Systems zu unterst\u00fctzen.<\/p>\n<p>&nbsp;<\/p>\n<p><strong>ZUTATEN<\/strong><\/p>\n<p>Fruktose, Wasser, Rosmarin (Rosmarinum officinalis L.), Bl\u00e4tter, Extrakt (D:E=1=1). Dies ist ein 1:1 Gesamtextrakt in Fruktosel\u00f6sung 70%.<\/p>\n<p>&nbsp;<\/p>\n<p><strong>TIPPS F\u00dcR DEN GEBRAUCH<\/strong><\/p>\n<p>F\u00fcr eine korrekte Anwendung wird empfohlen, dreimal t\u00e4glich 20 Tropfen unabh\u00e4ngig von den Hauptmahlzeiten einzunehmen. Das Produkt kann pur eingenommen oder in Wasser verd\u00fcnnt werden.<\/p>\n<p>&nbsp;<\/p>\n<p><strong>VERPACKUNG:<br \/>\n<\/strong><\/p>\n<p>30 ml Flasche<\/p>","protected":false},"excerpt":{"rendered":"<p><strong>Rosmarin (Rosmarinum Officinalis L.)<br \/>\n<\/strong><\/p>\n<p>Rosmarinbl\u00e4tter f\u00f6rdern die Verdauungsfunktion, die Leberfunktion, die regelm\u00e4\u00dfige Magen-Darm-Motilit\u00e4t und die Beseitigung von Darmgasen. Sie sind auch n\u00fctzlich, um die regelm\u00e4\u00dfige Funktion des Herz-Kreislauf-Systems zu unterst\u00fctzen.<\/p>\n<p><strong>VERPACKUNG:<br \/>\n<\/strong><\/p>\n<p>30 ml Flasche<\/p>\n<p><strong>PREIS:<\/strong><\/p>\n<p>\u20ac 13,00<\/p>\n<p>NAHRUNGSERG\u00c4NZUNGSMITTEL AUF BASIS VON PFLANZEN UND DERIVATEN<\/p>\n<p>Siehe das technische Datenblatt unten<\/p>","protected":false},"featured_media":8731,"comment_status":"open","ping_status":"closed","template":"","meta":{"_acf_changed":false},"product_cat":[287,62,290,291,71],"product_tag":[65,64,273],"acf":[],"_links":{"self":[{"href":"https:\/\/lemuria.it\/de\/wp-json\/wp\/v2\/product\/8730"}],"collection":[{"href":"https:\/\/lemuria.it\/de\/wp-json\/wp\/v2\/product"}],"about":[{"href":"https:\/\/lemuria.it\/de\/wp-json\/wp\/v2\/types\/product"}],"replies":[{"embeddable":true,"href":"https:\/\/lemuria.it\/de\/wp-json\/wp\/v2\/comments?post=8730"}],"wp:featuredmedia":[{"embeddable":true,"href":"https:\/\/lemuria.it\/de\/wp-json\/wp\/v2\/media\/8731"}],"wp:attachment":[{"href":"https:\/\/lemuria.it\/de\/wp-json\/wp\/v2\/media?parent=8730"}],"wp:term":[{"taxonomy":"product_cat","embeddable":true,"href":"https:\/\/lemuria.it\/de\/wp-json\/wp\/v2\/product_cat?post=8730"},{"taxonomy":"product_tag","embeddable":true,"href":"https:\/\/lemuria.it\/de\/wp-json\/wp\/v2\/product_tag?post=8730"}],"curies":[{"name":"wp","href":"https:\/\/api.w.org\/{rel}","templated":true}]}}