{"id":8717,"date":"2015-06-22T17:01:35","date_gmt":"2015-06-22T15:01:35","guid":{"rendered":"https:\/\/www.lemuria.it\/?post_type=product&#038;p=8717"},"modified":"2022-01-08T11:13:53","modified_gmt":"2022-01-08T10:13:53","slug":"e-t-erisimo","status":"publish","type":"product","link":"https:\/\/lemuria.it\/de\/produkt\/et-erisimo\/","title":{"rendered":"UND ERISIMO"},"content":{"rendered":"<p><strong>PHYSIOLOGISCHE VALENZ<\/strong><\/p>\n<p>Die bl\u00fchende Spitze des Erysimus f\u00f6rdert die Funktionalit\u00e4t der oropharyngealen Schleimhaut und den Tonus der Stimme mit einer erweichenden und beruhigenden Wirkung. F\u00f6rdert die Funktionalit\u00e4t der oberen Atemwege.<\/p>\n<p>&nbsp;<\/p>\n<p><strong>ZUTATEN<\/strong><\/p>\n<p>Fruktose, Wasser, Erysimus (Sisymbrium officinale L.), Bl\u00fctenspitze, Extrakt (D:E=1=1). Dies ist ein 1:1 Gesamtextrakt in Fruktosel\u00f6sung 70%.<\/p>\n<p>&nbsp;<\/p>\n<p><strong>TIPPS F\u00dcR DEN GEBRAUCH<\/strong><\/p>\n<p>F\u00fcr eine korrekte Anwendung wird empfohlen, dreimal t\u00e4glich 20 Tropfen unabh\u00e4ngig von den Hauptmahlzeiten einzunehmen. Das Produkt kann pur eingenommen oder in Wasser verd\u00fcnnt werden.<\/p>\n<p>&nbsp;<\/p>\n<p><strong>VERPACKUNG:<br \/>\n<\/strong><\/p>\n<p>30 ml Flasche<\/p>","protected":false},"excerpt":{"rendered":"<p><strong>Erismus (Sisymbrium officinale L. Scop.)<br \/>\n<\/strong><\/p>\n<p>Die bl\u00fchende Spitze des Erysimus f\u00f6rdert die Funktionalit\u00e4t der oropharyngealen Schleimhaut und den Tonus der Stimme mit einer erweichenden und beruhigenden Wirkung. F\u00f6rdert die Funktionalit\u00e4t der oberen Atemwege.<\/p>\n<p><strong>VERPACKUNG:<br \/>\n<\/strong><\/p>\n<p>30 ml Flasche<\/p>\n<p><strong>PREIS:<\/strong><\/p>\n<p>\u20ac 13,00<\/p>\n<p>NAHRUNGSERG\u00c4NZUNGSMITTEL AUF BASIS VON PFLANZEN UND DERIVATEN<\/p>\n<p>Siehe das technische Datenblatt unten<\/p>","protected":false},"featured_media":8718,"comment_status":"open","ping_status":"closed","template":"","meta":{"_acf_changed":false},"product_cat":[62,82,84],"product_tag":[65,115,64],"acf":[],"_links":{"self":[{"href":"https:\/\/lemuria.it\/de\/wp-json\/wp\/v2\/product\/8717"}],"collection":[{"href":"https:\/\/lemuria.it\/de\/wp-json\/wp\/v2\/product"}],"about":[{"href":"https:\/\/lemuria.it\/de\/wp-json\/wp\/v2\/types\/product"}],"replies":[{"embeddable":true,"href":"https:\/\/lemuria.it\/de\/wp-json\/wp\/v2\/comments?post=8717"}],"wp:featuredmedia":[{"embeddable":true,"href":"https:\/\/lemuria.it\/de\/wp-json\/wp\/v2\/media\/8718"}],"wp:attachment":[{"href":"https:\/\/lemuria.it\/de\/wp-json\/wp\/v2\/media?parent=8717"}],"wp:term":[{"taxonomy":"product_cat","embeddable":true,"href":"https:\/\/lemuria.it\/de\/wp-json\/wp\/v2\/product_cat?post=8717"},{"taxonomy":"product_tag","embeddable":true,"href":"https:\/\/lemuria.it\/de\/wp-json\/wp\/v2\/product_tag?post=8717"}],"curies":[{"name":"wp","href":"https:\/\/api.w.org\/{rel}","templated":true}]}}